{"id":2023,"date":"2026-02-25T20:05:10","date_gmt":"2026-02-25T19:05:10","guid":{"rendered":"https:\/\/agora.xtec.cat\/escolarubioiors\/?page_id=2023"},"modified":"2026-05-05T13:05:58","modified_gmt":"2026-05-05T11:05:58","slug":"historia","status":"publish","type":"page","link":"https:\/\/agora.xtec.cat\/escolarubioiors\/historia\/","title":{"rendered":"Hist\u00f2ria"},"content":{"rendered":"<h5 style=\"text-align: justify;\"><strong>M\u00e9s de 100 anys teixint futur<\/strong><\/h5>\n<p style=\"text-align: justify;\" data-start=\"288\" data-end=\"591\">La nostra escola va comen\u00e7ar la seva activitat educativa l&#8217;octubre de 1924 en un espai diferent de l&#8217;actual. En aquell moment, l&#8217;escola es trobava en un altre edifici situat entre el carrer de Rafael Casanova i el cam\u00ed de l&#8217;Aigua Nova. Es tractava d&#8217;un edifici constru\u00eft per Pere Caselles i Tarrats.<\/p>\n<p style=\"text-align: justify;\" data-start=\"593\" data-end=\"872\">L&#8217;antiga escola es va construir per donar resposta a la demanda escolar existent en aquell moment i per tal d&#8217;acollir alumnat procedent d&#8217;altres escoles. Aquest primer edifici estava molt marcat pels trets arquitect\u00f2nics de l&#8217;\u00e8poca i es trobava dividit en dues parts sim\u00e8triques.<\/p>\n<p style=\"text-align: justify;\" data-start=\"874\" data-end=\"1230\">Amb el pas dels anys, per\u00f2, l&#8217;escola va anar quedant petita i l&#8217;edifici es va anar deteriorant. Tot i que es van dur a terme diverses modificacions, tant les fam\u00edlies com el professorat i l&#8217;ajuntament van pressionar perqu\u00e8 es constru\u00eds un nou edifici que pogu\u00e9s acollir l&#8217;Escola Rubi\u00f3 i Ors amb les condicions adequades i que es mantingu\u00e9s al mateix barri.<\/p>\n<p style=\"text-align: justify;\" data-start=\"1232\" data-end=\"1641\">Aix\u00ed doncs, l&#8217;any 1990, Josep Benedito, arquitecte en cap del Departament d&#8217;Ensenyament de la Generalitat, va confiar el projecte al tamb\u00e9 arquitecte Anton P\u00e0mies Martorell. El 7 de setembre de 1991 van comen\u00e7ar les obres del nou edifici i, despr\u00e9s de superar diversos obstacles, aquestes es van poder finalitzar el desembre de 1992. Finalment, el febrer de 1993 l&#8217;alumnat va comen\u00e7ar a ocupar les noves aules.<\/p>\n<p style=\"text-align: justify;\" data-start=\"1643\" data-end=\"1970\">Des d&#8217;aleshores, molts docents i alumnes han passat per aquesta escola. Una escola que dona vida al barri. Un barri que, en els darrers anys, ha canviat molt: s&#8217;han tancat botigues i el teixit social s&#8217;ha anat perdent. Tot i aix\u00f2, la nostra escola continua essent un punt de refer\u00e8ncia i un espai de conviv\u00e8ncia i aprenentatge.<\/p>\n<h5 style=\"text-align: justify;\" data-start=\"1643\" data-end=\"1970\">El centenari de l&#8217;escola<\/h5>\n<p style=\"text-align: justify;\" data-start=\"181\" data-end=\"529\">El curs <strong data-start=\"189\" data-end=\"202\">2024-2025<\/strong> l\u2019escola va celebrar el seu <strong data-start=\"231\" data-end=\"244\">centenari<\/strong>, va ser un curs d&#8217;all\u00f2 m\u00e9s especial. Sota el lema <strong data-start=\"364\" data-end=\"377\">\u00abFem RiO\u00bb<\/strong>, es van organitzar diferents activitats entorn de quatre grans eixos que defineixen la identitat de la nostra escola: <strong data-start=\"496\" data-end=\"528\">barri, fam\u00edlia, art i escola<\/strong>.<\/p>\n<p style=\"text-align: justify;\" data-start=\"531\" data-end=\"757\"><strong data-start=\"531\" data-end=\"544\">Fem barri<\/strong><br data-start=\"544\" data-end=\"547\" \/>Es va organitzar un vermut musical obert a tota la comunitat educativa i als ve\u00efns i ve\u00efnes del barri. Va ser una trobada festiva per compartir, conversar i gaudir plegats d\u2019un mat\u00ed ple de m\u00fasica i bon ambient.<\/p>\n<p style=\"text-align: justify;\"><img decoding=\"async\" src=\"https:\/\/imagenes.diaridetarragona.com\/files\/og_thumbnail\/uploads\/2025\/06\/05\/6840dd3ece26c.jpeg\" alt=\"Els assistents, de totes les edats, van poder gaudir d\u2019una jornada amb m\u00fasica i vermut.\" \/><\/p>\n<p style=\"text-align: justify;\" data-start=\"996\" data-end=\"1485\"><strong data-start=\"759\" data-end=\"774\">Fem fam\u00edlia<\/strong><br data-start=\"774\" data-end=\"777\" \/>L\u2019escola va obrir les seves portes un dissabte a tota la ciutadania de Reus. Tallers, jocs, inflables i un espectacle final van convertir el pati de l\u2019escola en un espai de conviv\u00e8ncia i diversi\u00f3 per a grans i petits.<\/p>\n<p style=\"text-align: justify;\" data-start=\"996\" data-end=\"1485\"><strong data-start=\"996\" data-end=\"1007\">Fem art<\/strong><br data-start=\"1007\" data-end=\"1010\" \/>Amb motiu del <strong data-start=\"1024\" data-end=\"1048\">Dia Mundial de l\u2019Art<\/strong>, l\u2019alumnat de l\u2019escola va fer una exposici\u00f3 itinerant sota el lema <em data-start=\"1448\" data-end=\"1484\">\u00abLa millor tend\u00e8ncia, el consum responsable\u00bb <\/em>que es va repartir per diversos aparadors de la <strong data-start=\"1136\" data-end=\"1165\">Uni\u00f3 de Botiguers de Reus<\/strong>, acostant aix\u00ed les creacions art\u00edstiques dels infants als carrers de la ciutat. Podeu consultar m\u00e9s informaci\u00f3 sobre aquesta exposici\u00f3 en aquesta mateixa p\u00e0gina web. A m\u00e9s, vinculat a aquest projecte, es va organitzar una segona exposici\u00f3 al <strong data-start=\"1408\" data-end=\"1434\">Mercat Central de Reus<\/strong> amb el t\u00edtol <em data-start=\"1448\" data-end=\"1484\">\u00abTu tamb\u00e9 tens una piscina a casa\u00bb<\/em>.<\/p>\n<p style=\"text-align: justify;\" data-start=\"996\" data-end=\"1485\"><img loading=\"lazy\" decoding=\"async\" class=\"\" src=\"https:\/\/reusdigital.cat\/sites\/default\/files\/styles\/responsive_full\/public\/expo-rubio-ors-escola-4.jpg?itok=lrubRrx9\" alt=\"De les aules al Mercat: conscienciar sobre el consum responsable | Reusdigital.cat diari de Reus. Not\u00edcies i actualitat del Camp de Tarragona\" width=\"232\" height=\"174\" \/>\u00a0 \u00a0<img loading=\"lazy\" decoding=\"async\" class=\"\" src=\"https:\/\/reusdigital.cat\/sites\/default\/files\/styles\/responsive_full\/public\/expo-rubio-ors-escola-2.jpg?itok=ZBkKYgV-\" alt=\"De les aules al Mercat: conscienciar sobre el consum responsable | Reusdigital.cat diari de Reus. Not\u00edcies i actualitat del Camp de Tarragona\" width=\"232\" height=\"174\" \/>\u00a0 \u00a0<img loading=\"lazy\" decoding=\"async\" class=\"\" src=\"https:\/\/reusdigital.cat\/sites\/default\/files\/styles\/responsive_full\/public\/expo-rubio-ors-escola.jpg?itok=Fn930yzY\" alt=\"De les aules al Mercat: conscienciar sobre el consum responsable | Reusdigital.cat diari de Reus. Not\u00edcies i actualitat del Camp de Tarragona\" width=\"233\" height=\"175\" \/><\/p>\n<p style=\"text-align: justify;\" data-start=\"996\" data-end=\"1485\"><strong data-start=\"1487\" data-end=\"1501\">Fem escola<\/strong><br data-start=\"1501\" data-end=\"1504\" \/>El dimecres <strong data-start=\"1516\" data-end=\"1538\">28 de maig de 2025<\/strong>, el <strong data-start=\"1543\" data-end=\"1561\">Teatre Fortuny<\/strong> es va omplir per celebrar l\u2019acte de cloenda del centenari de l\u2019Escola Rubi\u00f3 i Ors. Va ser un moment molt especial per a tota la comunitat educativa, amb actuacions musicals i de dansa, i amb parlaments breus per\u00f2 plens d\u2019emoci\u00f3 que van posar punt final a un any de celebraci\u00f3 compartida.<\/p>\n<p><a href=\"https:\/\/agora.xtec.cat\/escolarubioiors\/wp-content\/uploads\/usu2134\/2026\/03\/IMG_4621.jpg\"><img loading=\"lazy\" decoding=\"async\" class=\"size-large wp-image-2043\" src=\"https:\/\/agora.xtec.cat\/escolarubioiors\/wp-content\/uploads\/usu2134\/2026\/03\/IMG_4621-1024x682.jpg\" alt=\"\" width=\"1024\" height=\"682\" srcset=\"https:\/\/agora.xtec.cat\/escolarubioiors\/wp-content\/uploads\/usu2134\/2026\/03\/IMG_4621-1024x682.jpg 1024w, https:\/\/agora.xtec.cat\/escolarubioiors\/wp-content\/uploads\/usu2134\/2026\/03\/IMG_4621-300x200.jpg 300w, https:\/\/agora.xtec.cat\/escolarubioiors\/wp-content\/uploads\/usu2134\/2026\/03\/IMG_4621-768x511.jpg 768w, https:\/\/agora.xtec.cat\/escolarubioiors\/wp-content\/uploads\/usu2134\/2026\/03\/IMG_4621.jpg 1161w\" sizes=\"auto, (max-width: 1024px) 100vw, 1024px\" \/><\/a><\/p>\n<p><a href=\"https:\/\/agora.xtec.cat\/escolarubioiors\/wp-content\/uploads\/usu2134\/2026\/03\/IMG_4622.jpg\"><img loading=\"lazy\" decoding=\"async\" class=\"size-large wp-image-2044\" src=\"https:\/\/agora.xtec.cat\/escolarubioiors\/wp-content\/uploads\/usu2134\/2026\/03\/IMG_4622-1024x731.jpg\" alt=\"\" width=\"1024\" height=\"731\" srcset=\"https:\/\/agora.xtec.cat\/escolarubioiors\/wp-content\/uploads\/usu2134\/2026\/03\/IMG_4622-1024x731.jpg 1024w, https:\/\/agora.xtec.cat\/escolarubioiors\/wp-content\/uploads\/usu2134\/2026\/03\/IMG_4622-300x214.jpg 300w, https:\/\/agora.xtec.cat\/escolarubioiors\/wp-content\/uploads\/usu2134\/2026\/03\/IMG_4622-768x548.jpg 768w, https:\/\/agora.xtec.cat\/escolarubioiors\/wp-content\/uploads\/usu2134\/2026\/03\/IMG_4622.jpg 1056w\" sizes=\"auto, (max-width: 1024px) 100vw, 1024px\" \/><\/a><\/p>\n<p><a href=\"https:\/\/agora.xtec.cat\/escolarubioiors\/wp-content\/uploads\/usu2134\/2026\/03\/IMG_4623.jpg\"><img loading=\"lazy\" decoding=\"async\" class=\"size-large wp-image-2045\" src=\"https:\/\/agora.xtec.cat\/escolarubioiors\/wp-content\/uploads\/usu2134\/2026\/03\/IMG_4623-1024x731.jpg\" alt=\"\" width=\"1024\" height=\"731\" srcset=\"https:\/\/agora.xtec.cat\/escolarubioiors\/wp-content\/uploads\/usu2134\/2026\/03\/IMG_4623-1024x731.jpg 1024w, https:\/\/agora.xtec.cat\/escolarubioiors\/wp-content\/uploads\/usu2134\/2026\/03\/IMG_4623-300x214.jpg 300w, https:\/\/agora.xtec.cat\/escolarubioiors\/wp-content\/uploads\/usu2134\/2026\/03\/IMG_4623-768x548.jpg 768w, https:\/\/agora.xtec.cat\/escolarubioiors\/wp-content\/uploads\/usu2134\/2026\/03\/IMG_4623.jpg 1067w\" sizes=\"auto, (max-width: 1024px) 100vw, 1024px\" \/><\/a><\/p>\n<p style=\"text-align: justify;\" data-start=\"1851\" data-end=\"1962\">Podeu veure tot el que va ser aquesta celebraci\u00f3 dels nostres <strong data-start=\"1913\" data-end=\"1936\">100 anys d\u2019hist\u00f2ria<\/strong> en els seg\u00fcents enlla\u00e7os:<\/p>\n<p style=\"text-align: justify;\"><a href=\"https:\/\/reusdigital.cat\/noticies\/reus\/lescola-rubio-i-ors-de-reus-celebra-els-100-anys-amb-activitats-tot-el-barri\">https:\/\/reusdigital.cat\/noticies\/reus\/lescola-rubio-i-ors-de-reus-celebra-els-100-anys-amb-activitats-tot-el-barri<\/a><\/p>\n<p style=\"text-align: justify;\"><a href=\"https:\/\/www.diaridetarragona.com\/reus\/226254\/l-arxiu-municipal-de-reus-collabora-en-els-actes-de-celebracio-del-centenari-de-l-escola-rubio-i-ors-ce23410828.html\">https:\/\/www.diaridetarragona.com\/reus\/226254\/l-arxiu-municipal-de-reus-collabora-en-els-actes-de-celebracio-del-centenari-de-l-escola-rubio-i-ors-ce23410828.html<\/a><\/p>\n<p style=\"text-align: justify;\"><a href=\"https:\/\/www.diarimes.com\/ca\/reus\/250528\/l-escola-rubio-i-ors-segle-sent-cor-d-barri_180115.html\">https:\/\/www.diarimes.com\/ca\/reus\/250528\/l-escola-rubio-i-ors-segle-sent-cor-d-barri_180115.html<\/a><\/p>\n<p style=\"text-align: justify;\"><a href=\"https:\/\/www.laguiadereus.com\/centenari-de-lescola-rubio-i-ors\/\">https:\/\/www.laguiadereus.com\/centenari-de-lescola-rubio-i-ors\/<\/a><\/p>\n<p style=\"text-align: justify;\"><a href=\"https:\/\/www.diarimes.com\/ca\/reus\/250327\/l-escola-rubio-i-ors-reus-celebra-els-100-anys-recordant-primer-edifici_172694.html\">https:\/\/www.diarimes.com\/ca\/reus\/250327\/l-escola-rubio-i-ors-reus-celebra-els-100-anys-recordant-primer-edifici_172694.html<\/a><\/p>\n","protected":false},"excerpt":{"rendered":"<p>M\u00e9s de 100 anys teixint futur La nostra escola va comen\u00e7ar la seva activitat educativa l&#8217;octubre de 1924 en un espai diferent de l&#8217;actual. En aquell moment, l&#8217;escola es trobava en un altre edifici situat entre el carrer de Rafael Casanova i el cam\u00ed de l&#8217;Aigua Nova. Es tractava d&#8217;un edifici constru\u00eft per Pere Caselles [&hellip;]<\/p>\n","protected":false},"author":6,"featured_media":0,"parent":0,"menu_order":0,"comment_status":"closed","ping_status":"closed","template":"","meta":{"_bbp_topic_count":0,"_bbp_reply_count":0,"_bbp_total_topic_count":0,"_bbp_total_reply_count":0,"_bbp_voice_count":0,"_bbp_anonymous_reply_count":0,"_bbp_topic_count_hidden":0,"_bbp_reply_count_hidden":0,"_bbp_forum_subforum_count":0,"site-sidebar-layout":"default","site-content-layout":"","ast-site-content-layout":"default","site-content-style":"default","site-sidebar-style":"default","ast-global-header-display":"","ast-banner-title-visibility":"","ast-main-header-display":"","ast-hfb-above-header-display":"","ast-hfb-below-header-display":"","ast-hfb-mobile-header-display":"","site-post-title":"","ast-breadcrumbs-content":"","ast-featured-img":"","footer-sml-layout":"","theme-transparent-header-meta":"default","adv-header-id-meta":"","stick-header-meta":"","header-above-stick-meta":"","header-main-stick-meta":"","header-below-stick-meta":"","astra-migrate-meta-layouts":"set","ast-page-background-enabled":"default","ast-page-background-meta":{"desktop":{"background-color":"var(--ast-global-color-4)","background-image":"","background-repeat":"repeat","background-position":"center center","background-size":"auto","background-attachment":"scroll","background-type":"","background-media":"","overlay-type":"","overlay-color":"","overlay-opacity":"","overlay-gradient":""},"tablet":{"background-color":"","background-image":"","background-repeat":"repeat","background-position":"center center","background-size":"auto","background-attachment":"scroll","background-type":"","background-media":"","overlay-type":"","overlay-color":"","overlay-opacity":"","overlay-gradient":""},"mobile":{"background-color":"","background-image":"","background-repeat":"repeat","background-position":"center center","background-size":"auto","background-attachment":"scroll","background-type":"","background-media":"","overlay-type":"","overlay-color":"","overlay-opacity":"","overlay-gradient":""}},"ast-content-background-meta":{"desktop":{"background-color":"var(--ast-global-color-5)","background-image":"","background-repeat":"repeat","background-position":"center center","background-size":"auto","background-attachment":"scroll","background-type":"","background-media":"","overlay-type":"","overlay-color":"","overlay-opacity":"","overlay-gradient":""},"tablet":{"background-color":"var(--ast-global-color-5)","background-image":"","background-repeat":"repeat","background-position":"center center","background-size":"auto","background-attachment":"scroll","background-type":"","background-media":"","overlay-type":"","overlay-color":"","overlay-opacity":"","overlay-gradient":""},"mobile":{"background-color":"var(--ast-global-color-5)","background-image":"","background-repeat":"repeat","background-position":"center center","background-size":"auto","background-attachment":"scroll","background-type":"","background-media":"","overlay-type":"","overlay-color":"","overlay-opacity":"","overlay-gradient":""}},"footnotes":""},"class_list":["post-2023","page","type-page","status-publish","hentry"],"post_mailing_queue_ids":[],"_links":{"self":[{"href":"https:\/\/agora.xtec.cat\/escolarubioiors\/wp-json\/wp\/v2\/pages\/2023","targetHints":{"allow":["GET"]}}],"collection":[{"href":"https:\/\/agora.xtec.cat\/escolarubioiors\/wp-json\/wp\/v2\/pages"}],"about":[{"href":"https:\/\/agora.xtec.cat\/escolarubioiors\/wp-json\/wp\/v2\/types\/page"}],"author":[{"embeddable":true,"href":"https:\/\/agora.xtec.cat\/escolarubioiors\/wp-json\/wp\/v2\/users\/6"}],"replies":[{"embeddable":true,"href":"https:\/\/agora.xtec.cat\/escolarubioiors\/wp-json\/wp\/v2\/comments?post=2023"}],"version-history":[{"count":5,"href":"https:\/\/agora.xtec.cat\/escolarubioiors\/wp-json\/wp\/v2\/pages\/2023\/revisions"}],"predecessor-version":[{"id":2081,"href":"https:\/\/agora.xtec.cat\/escolarubioiors\/wp-json\/wp\/v2\/pages\/2023\/revisions\/2081"}],"wp:attachment":[{"href":"https:\/\/agora.xtec.cat\/escolarubioiors\/wp-json\/wp\/v2\/media?parent=2023"}],"curies":[{"name":"wp","href":"https:\/\/api.w.org\/{rel}","templated":true}]}}