{"id":1883,"date":"2025-11-30T13:48:43","date_gmt":"2025-11-30T12:48:43","guid":{"rendered":"https:\/\/agora.xtec.cat\/escolarubioiors\/?page_id=1883"},"modified":"2025-12-12T17:43:12","modified_gmt":"2025-12-12T16:43:12","slug":"premi-art","status":"publish","type":"page","link":"https:\/\/agora.xtec.cat\/escolarubioiors\/premi-art\/","title":{"rendered":"Premi Art"},"content":{"rendered":"<p style=\"text-align: justify;\"><strong>Premi Art: quan l\u2019art crea vincles, transforma i obre l\u2019escola al m\u00f3n<\/strong><\/p>\n<p style=\"text-align: justify;\">A l\u2019Escola Rubi\u00f3 i Ors creiem que l\u2019art no \u00e9s nom\u00e9s una assignatura: \u00e9s un llenguatge que connecta, que emociona i que obre portes. \u00c9s una manera de mirar el m\u00f3n i de dir-hi \u201cjo tamb\u00e9 en formo part\u201d. Per aix\u00f2, fa quatre anys vam iniciar una aventura que ja forma part de la nostra identitat: el Premi Art.<\/p>\n<p style=\"text-align: justify;\">Cada curs, 6\u00e8 investiga, crea, imagina i dona forma a projectes que uneixen disciplines i persones. Arquitectura, patrimoni, escultura, natura, comer\u00e7, dibuix, dansa\u2026 tot es converteix en una oportunitat per aprendre de veritat: escoltant, experimentant, expressant-se i col\u00b7laborant. De cada idea en neix un producte art\u00edstic, i de cada proc\u00e9s, una viv\u00e8ncia compartida. I el m\u00e9s bonic: tots aquests aprenentatges desembarquen en un acte obert a la ciutat, on l\u2019alumnat diu qui \u00e9s, qu\u00e8 ha descobert i qu\u00e8 vol aportar al m\u00f3n.<\/p>\n<p style=\"text-align: justify;\">El Premi Art neix d\u2019una mirada educativa que posa les arts al centre perqu\u00e8 s\u00f3n ponts, s\u00f3n veus i s\u00f3n oportunitats. En un entorn de gran diversitat cultural i ling\u00fc\u00edstica, l\u2019art esdev\u00e9 una eina poderosa per refor\u00e7ar la comunicaci\u00f3, la creativitat, el treball en equip i el sentiment de pertinen\u00e7a. Quan els infants creen, es reconeixen. Quan expliquen, es transformen. Quan comparteixen, esdevenen comunitat.<\/p>\n<p style=\"text-align: justify;\">Res d\u2019aix\u00f2 no seria possible sense la complicitat del nostre padr\u00ed, l\u2019artista cambrilenc David Callau, que des del primer dia dona vida al guard\u00f3 del Premi Art amb les seves mans i el seu cor.<\/p>\n<p style=\"text-align: justify;\">El Premi Art ja formen part de nosaltres. S\u00f3n una manera de celebrar qui som i d\u2019imaginar qui volem ser.<br \/>\nS\u00f3n un cam\u00ed que fem plegats: escola, alumnat, fam\u00edlies i ciutat.<\/p>\n<p style=\"text-align: justify;\">Us convidem a descobrir les quatre edicions del Premi Art i a compartir amb nosaltres aquesta mirada que transforma.<\/p>\n<p><img loading=\"lazy\" decoding=\"async\" class=\"aligncenter wp-image-1910\" src=\"https:\/\/agora.xtec.cat\/escolarubioiors\/wp-content\/uploads\/usu2134\/2025\/12\/IMG_5449-min-1024x768.jpg\" alt=\"\" width=\"700\" height=\"525\" srcset=\"https:\/\/agora.xtec.cat\/escolarubioiors\/wp-content\/uploads\/usu2134\/2025\/12\/IMG_5449-min-1024x768.jpg 1024w, https:\/\/agora.xtec.cat\/escolarubioiors\/wp-content\/uploads\/usu2134\/2025\/12\/IMG_5449-min-300x225.jpg 300w, https:\/\/agora.xtec.cat\/escolarubioiors\/wp-content\/uploads\/usu2134\/2025\/12\/IMG_5449-min-768x576.jpg 768w, https:\/\/agora.xtec.cat\/escolarubioiors\/wp-content\/uploads\/usu2134\/2025\/12\/IMG_5449-min-1536x1152.jpg 1536w, https:\/\/agora.xtec.cat\/escolarubioiors\/wp-content\/uploads\/usu2134\/2025\/12\/IMG_5449-min-2048x1536.jpg 2048w\" sizes=\"auto, (max-width: 700px) 100vw, 700px\" \/><\/p>\n<p>&nbsp;<\/p>\n<p>Podeu consultar les diferents edicions del Premi Art als seg\u00fcents enlla\u00e7os:<\/p>\n<p><a href=\"https:\/\/agora.xtec.cat\/escolarubioiors\/general\/presentacio-del-projecte-les-7-meravelles-de-reus\/\">Not\u00edcia I Premi Art<\/a><\/p>\n<p><a href=\"https:\/\/agora.xtec.cat\/escolarubioiors\/general\/petits-oasis-que-transformen-arquitectura-verda-al-ii-premi-art\/\">Not\u00edcia II Premi Art<\/a><\/p>\n<p><a href=\"https:\/\/agora.xtec.cat\/escolarubioiors\/general\/iii-premi-art\/\">Not\u00edcia III Premi Art<\/a><\/p>\n<p><a href=\"https:\/\/agora.xtec.cat\/escolarubioiors\/general\/un-homenatge-en-moviment-iv-premi-art\/\">Not\u00edcia IV Premi Art<\/a><\/p>\n","protected":false},"excerpt":{"rendered":"<p>Premi Art: quan l\u2019art crea vincles, transforma i obre l\u2019escola al m\u00f3n A l\u2019Escola Rubi\u00f3 i Ors creiem que l\u2019art no \u00e9s nom\u00e9s una assignatura: \u00e9s un llenguatge que connecta, que emociona i que obre portes. \u00c9s una manera de mirar el m\u00f3n i de dir-hi \u201cjo tamb\u00e9 en formo part\u201d. Per aix\u00f2, fa quatre [&hellip;]<\/p>\n","protected":false},"author":3,"featured_media":0,"parent":0,"menu_order":0,"comment_status":"closed","ping_status":"closed","template":"","meta":{"_bbp_topic_count":0,"_bbp_reply_count":0,"_bbp_total_topic_count":0,"_bbp_total_reply_count":0,"_bbp_voice_count":0,"_bbp_anonymous_reply_count":0,"_bbp_topic_count_hidden":0,"_bbp_reply_count_hidden":0,"_bbp_forum_subforum_count":0,"site-sidebar-layout":"default","site-content-layout":"","ast-site-content-layout":"default","site-content-style":"default","site-sidebar-style":"default","ast-global-header-display":"","ast-banner-title-visibility":"","ast-main-header-display":"","ast-hfb-above-header-display":"","ast-hfb-below-header-display":"","ast-hfb-mobile-header-display":"","site-post-title":"","ast-breadcrumbs-content":"","ast-featured-img":"","footer-sml-layout":"","theme-transparent-header-meta":"default","adv-header-id-meta":"","stick-header-meta":"","header-above-stick-meta":"","header-main-stick-meta":"","header-below-stick-meta":"","astra-migrate-meta-layouts":"set","ast-page-background-enabled":"default","ast-page-background-meta":{"desktop":{"background-color":"var(--ast-global-color-4)","background-image":"","background-repeat":"repeat","background-position":"center center","background-size":"auto","background-attachment":"scroll","background-type":"","background-media":"","overlay-type":"","overlay-color":"","overlay-opacity":"","overlay-gradient":""},"tablet":{"background-color":"","background-image":"","background-repeat":"repeat","background-position":"center center","background-size":"auto","background-attachment":"scroll","background-type":"","background-media":"","overlay-type":"","overlay-color":"","overlay-opacity":"","overlay-gradient":""},"mobile":{"background-color":"","background-image":"","background-repeat":"repeat","background-position":"center center","background-size":"auto","background-attachment":"scroll","background-type":"","background-media":"","overlay-type":"","overlay-color":"","overlay-opacity":"","overlay-gradient":""}},"ast-content-background-meta":{"desktop":{"background-color":"var(--ast-global-color-5)","background-image":"","background-repeat":"repeat","background-position":"center center","background-size":"auto","background-attachment":"scroll","background-type":"","background-media":"","overlay-type":"","overlay-color":"","overlay-opacity":"","overlay-gradient":""},"tablet":{"background-color":"var(--ast-global-color-5)","background-image":"","background-repeat":"repeat","background-position":"center center","background-size":"auto","background-attachment":"scroll","background-type":"","background-media":"","overlay-type":"","overlay-color":"","overlay-opacity":"","overlay-gradient":""},"mobile":{"background-color":"var(--ast-global-color-5)","background-image":"","background-repeat":"repeat","background-position":"center center","background-size":"auto","background-attachment":"scroll","background-type":"","background-media":"","overlay-type":"","overlay-color":"","overlay-opacity":"","overlay-gradient":""}},"footnotes":""},"class_list":["post-1883","page","type-page","status-publish","hentry"],"post_mailing_queue_ids":[],"_links":{"self":[{"href":"https:\/\/agora.xtec.cat\/escolarubioiors\/wp-json\/wp\/v2\/pages\/1883","targetHints":{"allow":["GET"]}}],"collection":[{"href":"https:\/\/agora.xtec.cat\/escolarubioiors\/wp-json\/wp\/v2\/pages"}],"about":[{"href":"https:\/\/agora.xtec.cat\/escolarubioiors\/wp-json\/wp\/v2\/types\/page"}],"author":[{"embeddable":true,"href":"https:\/\/agora.xtec.cat\/escolarubioiors\/wp-json\/wp\/v2\/users\/3"}],"replies":[{"embeddable":true,"href":"https:\/\/agora.xtec.cat\/escolarubioiors\/wp-json\/wp\/v2\/comments?post=1883"}],"version-history":[{"count":6,"href":"https:\/\/agora.xtec.cat\/escolarubioiors\/wp-json\/wp\/v2\/pages\/1883\/revisions"}],"predecessor-version":[{"id":1924,"href":"https:\/\/agora.xtec.cat\/escolarubioiors\/wp-json\/wp\/v2\/pages\/1883\/revisions\/1924"}],"wp:attachment":[{"href":"https:\/\/agora.xtec.cat\/escolarubioiors\/wp-json\/wp\/v2\/media?parent=1883"}],"curies":[{"name":"wp","href":"https:\/\/api.w.org\/{rel}","templated":true}]}}