{"id":1635,"date":"2025-03-26T12:24:33","date_gmt":"2025-03-26T11:24:33","guid":{"rendered":"https:\/\/agora.xtec.cat\/escolarubioiors\/?page_id=1635"},"modified":"2025-04-01T14:16:57","modified_gmt":"2025-04-01T12:16:57","slug":"aparador-saf-reus","status":"publish","type":"page","link":"https:\/\/agora.xtec.cat\/escolarubioiors\/dia-mundial-de-lart\/consum-responsable\/aparador-saf-reus\/","title":{"rendered":"Aparador SAF Reus"},"content":{"rendered":"<h2 style=\"text-align: center;\"><em><strong>La millor tend\u00e8ncia, el consum responsable<\/strong><\/em><\/h2>\n<p style=\"text-align: center;\"><img loading=\"lazy\" decoding=\"async\" class=\"aligncenter wp-image-1744\" src=\"https:\/\/agora.xtec.cat\/escolarubioiors\/wp-content\/uploads\/usu2134\/2025\/04\/142e3903-6b65-45cf-8fe5-4a2e74efa6a6-300x225.jpeg\" alt=\"\" width=\"500\" height=\"375\" srcset=\"https:\/\/agora.xtec.cat\/escolarubioiors\/wp-content\/uploads\/usu2134\/2025\/04\/142e3903-6b65-45cf-8fe5-4a2e74efa6a6-300x225.jpeg 300w, https:\/\/agora.xtec.cat\/escolarubioiors\/wp-content\/uploads\/usu2134\/2025\/04\/142e3903-6b65-45cf-8fe5-4a2e74efa6a6-1024x768.jpeg 1024w, https:\/\/agora.xtec.cat\/escolarubioiors\/wp-content\/uploads\/usu2134\/2025\/04\/142e3903-6b65-45cf-8fe5-4a2e74efa6a6-768x576.jpeg 768w, https:\/\/agora.xtec.cat\/escolarubioiors\/wp-content\/uploads\/usu2134\/2025\/04\/142e3903-6b65-45cf-8fe5-4a2e74efa6a6-1536x1152.jpeg 1536w, https:\/\/agora.xtec.cat\/escolarubioiors\/wp-content\/uploads\/usu2134\/2025\/04\/142e3903-6b65-45cf-8fe5-4a2e74efa6a6-200x150.jpeg 200w, https:\/\/agora.xtec.cat\/escolarubioiors\/wp-content\/uploads\/usu2134\/2025\/04\/142e3903-6b65-45cf-8fe5-4a2e74efa6a6.jpeg 1600w\" sizes=\"auto, (max-width: 500px) 100vw, 500px\" \/><\/p>\n<p><strong>T\u00cdTOL DE L&#8217;OBRA: <span style=\"font-weight: 400;\">Fils d\u2019aigua i quil\u00f2metres: Els n\u00fameros que vestim.<\/span><\/strong><\/p>\n<p style=\"text-align: justify;\"><strong>RESPONSABLES: <\/strong>Alumnat d&#8217;Intantil 3 i 6\u00e8.<\/p>\n<p style=\"text-align: justify;\"><strong>DESCRIPCI\u00d3 DE L&#8217;OBRA:\u00a0<\/strong><span style=\"font-weight: 400;\">D\u2019on ve la roba que ens posem cada dia? Quants quil\u00f2metres ha viatjat abans d\u2019arribar al nostre armari i quanta aigua s\u2019ha necessitat per fabricar-la? Aquesta obra neix de la voluntat de fer visible all\u00f2 que sovint ignorem: el llarg recorregut dels teixits des de les f\u00e0briques llunyanes fins a les nostres botigues. L\u2019obra convida a reflexionar sobre el cost ambiental i hum\u00e0 de la moda, una ind\u00fastria que consumeix rius sencers d\u2019aigua i travessa continents per vestir-se.<\/span><\/p>\n<h3 style=\"text-align: justify;\"><span style=\"color: #339966;\"><em><strong>Sabies qu\u00e8&#8230;<\/strong><\/em><\/span><\/h3>\n<p style=\"text-align: justify;\"><strong>Si parlem de l\u2019aigua per fer una samarreta s\u2019utilitzen 2700 litres d\u2019aigua dol\u00e7a, que \u00e9s el que una persona veu en dos anys i mig.<\/strong><\/p>\n<p><span style=\"text-decoration: underline;\"><strong>PROC\u00c9S DE CREACI\u00d3<\/strong><\/span><\/p>\n<p>&nbsp;<\/p>\n<p style=\"text-align: center;\"><a href=\"https:\/\/agora.xtec.cat\/escolarubioiors\/wp-content\/uploads\/usu2134\/2025\/03\/1.-Dibuixen-les-lletres-de-la-nostra-obra-dart.jpg\"><img loading=\"lazy\" decoding=\"async\" class=\"aligncenter wp-image-1722\" src=\"https:\/\/agora.xtec.cat\/escolarubioiors\/wp-content\/uploads\/usu2134\/2025\/03\/1.-Dibuixen-les-lletres-de-la-nostra-obra-dart-225x300.jpg\" alt=\"\" width=\"300\" height=\"400\" srcset=\"https:\/\/agora.xtec.cat\/escolarubioiors\/wp-content\/uploads\/usu2134\/2025\/03\/1.-Dibuixen-les-lletres-de-la-nostra-obra-dart-225x300.jpg 225w, https:\/\/agora.xtec.cat\/escolarubioiors\/wp-content\/uploads\/usu2134\/2025\/03\/1.-Dibuixen-les-lletres-de-la-nostra-obra-dart-768x1024.jpg 768w, https:\/\/agora.xtec.cat\/escolarubioiors\/wp-content\/uploads\/usu2134\/2025\/03\/1.-Dibuixen-les-lletres-de-la-nostra-obra-dart-1152x1536.jpg 1152w, https:\/\/agora.xtec.cat\/escolarubioiors\/wp-content\/uploads\/usu2134\/2025\/03\/1.-Dibuixen-les-lletres-de-la-nostra-obra-dart.jpg 1200w\" sizes=\"auto, (max-width: 300px) 100vw, 300px\" \/><\/a><sup>Dibuixen les lletres de la nostra obra d&#8217;art.<\/sup><\/p>\n<p style=\"text-align: center;\"><a href=\"https:\/\/agora.xtec.cat\/escolarubioiors\/wp-content\/uploads\/usu2134\/2025\/03\/2.-Estirant-la-tela-per-poder-fer-retalls-de-roba.jpg\"><img loading=\"lazy\" decoding=\"async\" class=\"aligncenter wp-image-1723\" src=\"https:\/\/agora.xtec.cat\/escolarubioiors\/wp-content\/uploads\/usu2134\/2025\/03\/2.-Estirant-la-tela-per-poder-fer-retalls-de-roba-225x300.jpg\" alt=\"\" width=\"300\" height=\"400\" srcset=\"https:\/\/agora.xtec.cat\/escolarubioiors\/wp-content\/uploads\/usu2134\/2025\/03\/2.-Estirant-la-tela-per-poder-fer-retalls-de-roba-225x300.jpg 225w, https:\/\/agora.xtec.cat\/escolarubioiors\/wp-content\/uploads\/usu2134\/2025\/03\/2.-Estirant-la-tela-per-poder-fer-retalls-de-roba-768x1024.jpg 768w, https:\/\/agora.xtec.cat\/escolarubioiors\/wp-content\/uploads\/usu2134\/2025\/03\/2.-Estirant-la-tela-per-poder-fer-retalls-de-roba-1152x1536.jpg 1152w, https:\/\/agora.xtec.cat\/escolarubioiors\/wp-content\/uploads\/usu2134\/2025\/03\/2.-Estirant-la-tela-per-poder-fer-retalls-de-roba.jpg 1200w\" sizes=\"auto, (max-width: 300px) 100vw, 300px\" \/><\/a><sup><em>Estirant la tela per poder fer retalls de roba.<\/em><\/sup><\/p>\n<p style=\"text-align: center;\"><a href=\"https:\/\/agora.xtec.cat\/escolarubioiors\/wp-content\/uploads\/usu2134\/2025\/03\/3.-Tallant-la-tela-per-cobrir-les-lletres.jpg\"><img loading=\"lazy\" decoding=\"async\" class=\"aligncenter wp-image-1724\" src=\"https:\/\/agora.xtec.cat\/escolarubioiors\/wp-content\/uploads\/usu2134\/2025\/03\/3.-Tallant-la-tela-per-cobrir-les-lletres-225x300.jpg\" alt=\"\" width=\"300\" height=\"400\" srcset=\"https:\/\/agora.xtec.cat\/escolarubioiors\/wp-content\/uploads\/usu2134\/2025\/03\/3.-Tallant-la-tela-per-cobrir-les-lletres-225x300.jpg 225w, https:\/\/agora.xtec.cat\/escolarubioiors\/wp-content\/uploads\/usu2134\/2025\/03\/3.-Tallant-la-tela-per-cobrir-les-lletres-768x1024.jpg 768w, https:\/\/agora.xtec.cat\/escolarubioiors\/wp-content\/uploads\/usu2134\/2025\/03\/3.-Tallant-la-tela-per-cobrir-les-lletres-1152x1536.jpg 1152w, https:\/\/agora.xtec.cat\/escolarubioiors\/wp-content\/uploads\/usu2134\/2025\/03\/3.-Tallant-la-tela-per-cobrir-les-lletres.jpg 1200w\" sizes=\"auto, (max-width: 300px) 100vw, 300px\" \/><\/a><em><sup>Tallant la tela per cobrir les lletres.<\/sup><\/em><\/p>\n<p style=\"text-align: center;\"><a href=\"https:\/\/agora.xtec.cat\/escolarubioiors\/wp-content\/uploads\/usu2134\/2025\/03\/4.-Confeccionant-la-lletra.jpg\"><img loading=\"lazy\" decoding=\"async\" class=\"aligncenter wp-image-1725\" src=\"https:\/\/agora.xtec.cat\/escolarubioiors\/wp-content\/uploads\/usu2134\/2025\/03\/4.-Confeccionant-la-lletra-225x300.jpg\" alt=\"\" width=\"300\" height=\"400\" srcset=\"https:\/\/agora.xtec.cat\/escolarubioiors\/wp-content\/uploads\/usu2134\/2025\/03\/4.-Confeccionant-la-lletra-225x300.jpg 225w, https:\/\/agora.xtec.cat\/escolarubioiors\/wp-content\/uploads\/usu2134\/2025\/03\/4.-Confeccionant-la-lletra-768x1024.jpg 768w, https:\/\/agora.xtec.cat\/escolarubioiors\/wp-content\/uploads\/usu2134\/2025\/03\/4.-Confeccionant-la-lletra-1152x1536.jpg 1152w, https:\/\/agora.xtec.cat\/escolarubioiors\/wp-content\/uploads\/usu2134\/2025\/03\/4.-Confeccionant-la-lletra.jpg 1200w\" sizes=\"auto, (max-width: 300px) 100vw, 300px\" \/><\/a><sup><em>Confeccionant la lletra.<\/em><\/sup><\/p>\n<p>&nbsp;<\/p>\n<p>Si vols con\u00e8ixer totes les instal\u00b7lacions, escaneja o clica aquest QR!:<\/p>\n<p><a href=\"https:\/\/view.genially.com\/67dad196c9d53250c96351c9\/guide-6e-i-i3-saf\" target=\"_blank\" rel=\"noopener\"><img loading=\"lazy\" decoding=\"async\" class=\"aligncenter size-medium wp-image-1712\" src=\"https:\/\/agora.xtec.cat\/escolarubioiors\/wp-content\/uploads\/usu2134\/2025\/03\/SAF-6e-i-i3-1-300x300.png\" alt=\"\" width=\"300\" height=\"300\" srcset=\"https:\/\/agora.xtec.cat\/escolarubioiors\/wp-content\/uploads\/usu2134\/2025\/03\/SAF-6e-i-i3-1-300x300.png 300w, https:\/\/agora.xtec.cat\/escolarubioiors\/wp-content\/uploads\/usu2134\/2025\/03\/SAF-6e-i-i3-1-150x150.png 150w, https:\/\/agora.xtec.cat\/escolarubioiors\/wp-content\/uploads\/usu2134\/2025\/03\/SAF-6e-i-i3-1.png 722w\" sizes=\"auto, (max-width: 300px) 100vw, 300px\" \/><\/a><\/p>\n","protected":false},"excerpt":{"rendered":"<p>La millor tend\u00e8ncia, el consum responsable T\u00cdTOL DE L&#8217;OBRA: Fils d\u2019aigua i quil\u00f2metres: Els n\u00fameros que vestim. RESPONSABLES: Alumnat d&#8217;Intantil 3 i 6\u00e8. DESCRIPCI\u00d3 DE L&#8217;OBRA:\u00a0D\u2019on ve la roba que ens posem cada dia? Quants quil\u00f2metres ha viatjat abans d\u2019arribar al nostre armari i quanta aigua s\u2019ha necessitat per fabricar-la? Aquesta obra neix de la [&hellip;]<\/p>\n","protected":false},"author":6,"featured_media":0,"parent":1619,"menu_order":7,"comment_status":"closed","ping_status":"closed","template":"page-templates\/side-menu.php","meta":{"_bbp_topic_count":0,"_bbp_reply_count":0,"_bbp_total_topic_count":0,"_bbp_total_reply_count":0,"_bbp_voice_count":0,"_bbp_anonymous_reply_count":0,"_bbp_topic_count_hidden":0,"_bbp_reply_count_hidden":0,"_bbp_forum_subforum_count":0,"site-sidebar-layout":"default","site-content-layout":"","ast-site-content-layout":"","site-content-style":"default","site-sidebar-style":"default","ast-global-header-display":"","ast-banner-title-visibility":"","ast-main-header-display":"","ast-hfb-above-header-display":"","ast-hfb-below-header-display":"","ast-hfb-mobile-header-display":"","site-post-title":"","ast-breadcrumbs-content":"","ast-featured-img":"","footer-sml-layout":"","theme-transparent-header-meta":"","adv-header-id-meta":"","stick-header-meta":"","header-above-stick-meta":"","header-main-stick-meta":"","header-below-stick-meta":"","astra-migrate-meta-layouts":"default","ast-page-background-enabled":"default","ast-page-background-meta":{"desktop":{"background-color":"var(--ast-global-color-4)","background-image":"","background-repeat":"repeat","background-position":"center center","background-size":"auto","background-attachment":"scroll","background-type":"","background-media":"","overlay-type":"","overlay-color":"","overlay-opacity":"","overlay-gradient":""},"tablet":{"background-color":"","background-image":"","background-repeat":"repeat","background-position":"center center","background-size":"auto","background-attachment":"scroll","background-type":"","background-media":"","overlay-type":"","overlay-color":"","overlay-opacity":"","overlay-gradient":""},"mobile":{"background-color":"","background-image":"","background-repeat":"repeat","background-position":"center center","background-size":"auto","background-attachment":"scroll","background-type":"","background-media":"","overlay-type":"","overlay-color":"","overlay-opacity":"","overlay-gradient":""}},"ast-content-background-meta":{"desktop":{"background-color":"var(--ast-global-color-5)","background-image":"","background-repeat":"repeat","background-position":"center center","background-size":"auto","background-attachment":"scroll","background-type":"","background-media":"","overlay-type":"","overlay-color":"","overlay-opacity":"","overlay-gradient":""},"tablet":{"background-color":"var(--ast-global-color-5)","background-image":"","background-repeat":"repeat","background-position":"center center","background-size":"auto","background-attachment":"scroll","background-type":"","background-media":"","overlay-type":"","overlay-color":"","overlay-opacity":"","overlay-gradient":""},"mobile":{"background-color":"var(--ast-global-color-5)","background-image":"","background-repeat":"repeat","background-position":"center center","background-size":"auto","background-attachment":"scroll","background-type":"","background-media":"","overlay-type":"","overlay-color":"","overlay-opacity":"","overlay-gradient":""}},"footnotes":""},"class_list":["post-1635","page","type-page","status-publish","hentry"],"post_mailing_queue_ids":[],"_links":{"self":[{"href":"https:\/\/agora.xtec.cat\/escolarubioiors\/wp-json\/wp\/v2\/pages\/1635","targetHints":{"allow":["GET"]}}],"collection":[{"href":"https:\/\/agora.xtec.cat\/escolarubioiors\/wp-json\/wp\/v2\/pages"}],"about":[{"href":"https:\/\/agora.xtec.cat\/escolarubioiors\/wp-json\/wp\/v2\/types\/page"}],"author":[{"embeddable":true,"href":"https:\/\/agora.xtec.cat\/escolarubioiors\/wp-json\/wp\/v2\/users\/6"}],"replies":[{"embeddable":true,"href":"https:\/\/agora.xtec.cat\/escolarubioiors\/wp-json\/wp\/v2\/comments?post=1635"}],"version-history":[{"count":6,"href":"https:\/\/agora.xtec.cat\/escolarubioiors\/wp-json\/wp\/v2\/pages\/1635\/revisions"}],"predecessor-version":[{"id":1745,"href":"https:\/\/agora.xtec.cat\/escolarubioiors\/wp-json\/wp\/v2\/pages\/1635\/revisions\/1745"}],"up":[{"embeddable":true,"href":"https:\/\/agora.xtec.cat\/escolarubioiors\/wp-json\/wp\/v2\/pages\/1619"}],"wp:attachment":[{"href":"https:\/\/agora.xtec.cat\/escolarubioiors\/wp-json\/wp\/v2\/media?parent=1635"}],"curies":[{"name":"wp","href":"https:\/\/api.w.org\/{rel}","templated":true}]}}