{"id":1632,"date":"2025-03-26T12:24:04","date_gmt":"2025-03-26T11:24:04","guid":{"rendered":"https:\/\/agora.xtec.cat\/escolarubioiors\/?page_id=1632"},"modified":"2025-04-01T14:14:34","modified_gmt":"2025-04-01T12:14:34","slug":"aparador-rockillos","status":"publish","type":"page","link":"https:\/\/agora.xtec.cat\/escolarubioiors\/dia-mundial-de-lart\/consum-responsable\/aparador-rockillos\/","title":{"rendered":"Aparador Rockillos"},"content":{"rendered":"<h2 style=\"text-align: center;\"><em><strong>La millor tend\u00e8ncia, el consum responsable<\/strong><\/em><\/h2>\n<p style=\"text-align: center;\"><img loading=\"lazy\" decoding=\"async\" class=\"aligncenter wp-image-1742\" src=\"https:\/\/agora.xtec.cat\/escolarubioiors\/wp-content\/uploads\/usu2134\/2025\/04\/WhatsApp-Image-2025-04-01-at-14.13.47-300x225.jpeg\" alt=\"\" width=\"500\" height=\"375\" srcset=\"https:\/\/agora.xtec.cat\/escolarubioiors\/wp-content\/uploads\/usu2134\/2025\/04\/WhatsApp-Image-2025-04-01-at-14.13.47-300x225.jpeg 300w, https:\/\/agora.xtec.cat\/escolarubioiors\/wp-content\/uploads\/usu2134\/2025\/04\/WhatsApp-Image-2025-04-01-at-14.13.47-1024x768.jpeg 1024w, https:\/\/agora.xtec.cat\/escolarubioiors\/wp-content\/uploads\/usu2134\/2025\/04\/WhatsApp-Image-2025-04-01-at-14.13.47-768x576.jpeg 768w, https:\/\/agora.xtec.cat\/escolarubioiors\/wp-content\/uploads\/usu2134\/2025\/04\/WhatsApp-Image-2025-04-01-at-14.13.47-200x150.jpeg 200w, https:\/\/agora.xtec.cat\/escolarubioiors\/wp-content\/uploads\/usu2134\/2025\/04\/WhatsApp-Image-2025-04-01-at-14.13.47.jpeg 1280w\" sizes=\"auto, (max-width: 500px) 100vw, 500px\" \/><\/p>\n<p><strong>T\u00cdTOL DE L&#8217;OBRA: <span style=\"font-weight: 400;\">&#8220;Eco-guitarra, sons que vesteixen&#8221;<\/span><\/strong><\/p>\n<p><strong>RESPONSABLES:\u00a0<\/strong>Alumnat d&#8217;Infantil 4 i 5\u00e8.<\/p>\n<p style=\"text-align: justify;\"><strong>DESCRIPCI\u00d3 DE L&#8217;OBRA: <span style=\"font-weight: 400;\">L&#8217;alumnat d&#8217;I4 i 5\u00e8 de prim\u00e0ria han constru\u00eft 2 guitarres el\u00e8ctriques amb material reciclat i roba, per guarnir l&#8217;aparador de la botiga Rockillos, fusionant el seu projecte de centre amb la l\u00ednia de la botiga.<\/span><\/strong><\/p>\n<h3><span style=\"color: #339966;\"><em><strong>Sabies qu\u00e8&#8230;<\/strong><\/em><\/span><\/h3>\n<p style=\"text-align: justify;\"><strong>La majoria de la roba que portem es fabrica en pa\u00efsos llunyans?<\/strong><\/p>\n<p style=\"text-align: justify;\"><strong>Aix\u00f2 \u00e9s perqu\u00e8 tenen lleis diferents a les nostres, que permeten pagar menys als seus treballadors i oferir-los pitjors condicions laborals. Aix\u00f2 fa que la roba que prov\u00e9 d&#8217;altres continents sigui m\u00e9s econ\u00f2mica que la produ\u00efda a Europa, i nosaltres la comprem sense tenir en compte les condicions en les quals ha estat creada.<\/strong><\/p>\n<p><span style=\"text-decoration: underline;\"><strong>PROC\u00c9S DE CREACI\u00d3<\/strong><\/span><\/p>\n<p style=\"text-align: center;\"><img loading=\"lazy\" decoding=\"async\" class=\"aligncenter wp-image-1716\" src=\"https:\/\/agora.xtec.cat\/escolarubioiors\/wp-content\/uploads\/usu2134\/2025\/03\/Captura-de-pantalla-2025-03-31-140550-300x225.png\" alt=\"\" width=\"300\" height=\"225\" srcset=\"https:\/\/agora.xtec.cat\/escolarubioiors\/wp-content\/uploads\/usu2134\/2025\/03\/Captura-de-pantalla-2025-03-31-140550-300x225.png 300w, https:\/\/agora.xtec.cat\/escolarubioiors\/wp-content\/uploads\/usu2134\/2025\/03\/Captura-de-pantalla-2025-03-31-140550-768x575.png 768w, https:\/\/agora.xtec.cat\/escolarubioiors\/wp-content\/uploads\/usu2134\/2025\/03\/Captura-de-pantalla-2025-03-31-140550-200x150.png 200w, https:\/\/agora.xtec.cat\/escolarubioiors\/wp-content\/uploads\/usu2134\/2025\/03\/Captura-de-pantalla-2025-03-31-140550.png 823w\" sizes=\"auto, (max-width: 300px) 100vw, 300px\" \/><span style=\"font-family: inherit; font-size: 1em;\"><em><sup>Alumnat de 5\u00e8 tallant l\u2019estructura de la guitarra el\u00e8ctrica.<\/sup><\/em><br \/>\n<\/span><\/p>\n<p style=\"text-align: center;\"><a href=\"https:\/\/agora.xtec.cat\/escolarubioiors\/wp-content\/uploads\/usu2134\/2025\/03\/IMG_1545.HEIC-scaled.jpg\"><img loading=\"lazy\" decoding=\"async\" class=\"aligncenter size-medium wp-image-1717\" src=\"https:\/\/agora.xtec.cat\/escolarubioiors\/wp-content\/uploads\/usu2134\/2025\/03\/IMG_1545.HEIC-300x225.jpg\" alt=\"\" width=\"300\" height=\"225\" srcset=\"https:\/\/agora.xtec.cat\/escolarubioiors\/wp-content\/uploads\/usu2134\/2025\/03\/IMG_1545.HEIC-300x225.jpg 300w, https:\/\/agora.xtec.cat\/escolarubioiors\/wp-content\/uploads\/usu2134\/2025\/03\/IMG_1545.HEIC-1024x768.jpg 1024w, https:\/\/agora.xtec.cat\/escolarubioiors\/wp-content\/uploads\/usu2134\/2025\/03\/IMG_1545.HEIC-768x576.jpg 768w, https:\/\/agora.xtec.cat\/escolarubioiors\/wp-content\/uploads\/usu2134\/2025\/03\/IMG_1545.HEIC-1536x1152.jpg 1536w, https:\/\/agora.xtec.cat\/escolarubioiors\/wp-content\/uploads\/usu2134\/2025\/03\/IMG_1545.HEIC-2048x1536.jpg 2048w, https:\/\/agora.xtec.cat\/escolarubioiors\/wp-content\/uploads\/usu2134\/2025\/03\/IMG_1545.HEIC-200x150.jpg 200w\" sizes=\"auto, (max-width: 300px) 100vw, 300px\" \/><\/a><em><sup>Alumne de 5\u00e8 donant volum a la guitarra amb tubs de paper higi\u00e8nic.<\/sup><\/em><\/p>\n<p style=\"text-align: center;\"><a href=\"https:\/\/agora.xtec.cat\/escolarubioiors\/wp-content\/uploads\/usu2134\/2025\/03\/IMG-20250326-WA0002.jpg\"><img loading=\"lazy\" decoding=\"async\" class=\"aligncenter size-medium wp-image-1718\" src=\"https:\/\/agora.xtec.cat\/escolarubioiors\/wp-content\/uploads\/usu2134\/2025\/03\/IMG-20250326-WA0002-300x225.jpg\" alt=\"\" width=\"300\" height=\"225\" srcset=\"https:\/\/agora.xtec.cat\/escolarubioiors\/wp-content\/uploads\/usu2134\/2025\/03\/IMG-20250326-WA0002-300x225.jpg 300w, https:\/\/agora.xtec.cat\/escolarubioiors\/wp-content\/uploads\/usu2134\/2025\/03\/IMG-20250326-WA0002-1024x768.jpg 1024w, https:\/\/agora.xtec.cat\/escolarubioiors\/wp-content\/uploads\/usu2134\/2025\/03\/IMG-20250326-WA0002-768x576.jpg 768w, https:\/\/agora.xtec.cat\/escolarubioiors\/wp-content\/uploads\/usu2134\/2025\/03\/IMG-20250326-WA0002-1536x1152.jpg 1536w, https:\/\/agora.xtec.cat\/escolarubioiors\/wp-content\/uploads\/usu2134\/2025\/03\/IMG-20250326-WA0002-200x150.jpg 200w, https:\/\/agora.xtec.cat\/escolarubioiors\/wp-content\/uploads\/usu2134\/2025\/03\/IMG-20250326-WA0002.jpg 2000w\" sizes=\"auto, (max-width: 300px) 100vw, 300px\" \/><\/a><em><sup>Nens i nenes d\u2019I4 vestint la guitarra amb retalls de roba reciclada.<\/sup><\/em><\/p>\n<p style=\"text-align: center;\"><a href=\"https:\/\/agora.xtec.cat\/escolarubioiors\/wp-content\/uploads\/usu2134\/2025\/03\/IMG_20250326_152243-1-scaled.jpg\"><img loading=\"lazy\" decoding=\"async\" class=\"aligncenter wp-image-1719\" src=\"https:\/\/agora.xtec.cat\/escolarubioiors\/wp-content\/uploads\/usu2134\/2025\/03\/IMG_20250326_152243-1-225x300.jpg\" alt=\"\" width=\"300\" height=\"400\" srcset=\"https:\/\/agora.xtec.cat\/escolarubioiors\/wp-content\/uploads\/usu2134\/2025\/03\/IMG_20250326_152243-1-225x300.jpg 225w, https:\/\/agora.xtec.cat\/escolarubioiors\/wp-content\/uploads\/usu2134\/2025\/03\/IMG_20250326_152243-1-768x1024.jpg 768w, https:\/\/agora.xtec.cat\/escolarubioiors\/wp-content\/uploads\/usu2134\/2025\/03\/IMG_20250326_152243-1-1152x1536.jpg 1152w, https:\/\/agora.xtec.cat\/escolarubioiors\/wp-content\/uploads\/usu2134\/2025\/03\/IMG_20250326_152243-1-1536x2048.jpg 1536w, https:\/\/agora.xtec.cat\/escolarubioiors\/wp-content\/uploads\/usu2134\/2025\/03\/IMG_20250326_152243-1-scaled.jpg 1920w\" sizes=\"auto, (max-width: 300px) 100vw, 300px\" \/><\/a><em><sup>Nens i nenes d\u2019I4 vestint la guitarra amb retalls de roba reciclada.<\/sup><\/em><\/p>\n<p>&nbsp;<\/p>\n<p>Si vols con\u00e8ixer totes les instal\u00b7lacions, escaneja o clica aquest QR!:<\/p>\n<p><a href=\"https:\/\/view.genially.com\/67e6844f0b622cdbbc51ae2d\/guide-5e-i-i4\" target=\"_blank\" rel=\"noopener\"><img loading=\"lazy\" decoding=\"async\" class=\"aligncenter size-medium wp-image-1720\" src=\"https:\/\/agora.xtec.cat\/escolarubioiors\/wp-content\/uploads\/usu2134\/2025\/03\/Rockillos-5e-i-i4-300x300.png\" alt=\"\" width=\"300\" height=\"300\" srcset=\"https:\/\/agora.xtec.cat\/escolarubioiors\/wp-content\/uploads\/usu2134\/2025\/03\/Rockillos-5e-i-i4-300x300.png 300w, https:\/\/agora.xtec.cat\/escolarubioiors\/wp-content\/uploads\/usu2134\/2025\/03\/Rockillos-5e-i-i4-150x150.png 150w, https:\/\/agora.xtec.cat\/escolarubioiors\/wp-content\/uploads\/usu2134\/2025\/03\/Rockillos-5e-i-i4.png 722w\" sizes=\"auto, (max-width: 300px) 100vw, 300px\" \/><\/a><\/p>\n","protected":false},"excerpt":{"rendered":"<p>La millor tend\u00e8ncia, el consum responsable T\u00cdTOL DE L&#8217;OBRA: &#8220;Eco-guitarra, sons que vesteixen&#8221; RESPONSABLES:\u00a0Alumnat d&#8217;Infantil 4 i 5\u00e8. DESCRIPCI\u00d3 DE L&#8217;OBRA: L&#8217;alumnat d&#8217;I4 i 5\u00e8 de prim\u00e0ria han constru\u00eft 2 guitarres el\u00e8ctriques amb material reciclat i roba, per guarnir l&#8217;aparador de la botiga Rockillos, fusionant el seu projecte de centre amb la l\u00ednia de la [&hellip;]<\/p>\n","protected":false},"author":6,"featured_media":0,"parent":1619,"menu_order":6,"comment_status":"closed","ping_status":"closed","template":"page-templates\/side-menu.php","meta":{"_bbp_topic_count":0,"_bbp_reply_count":0,"_bbp_total_topic_count":0,"_bbp_total_reply_count":0,"_bbp_voice_count":0,"_bbp_anonymous_reply_count":0,"_bbp_topic_count_hidden":0,"_bbp_reply_count_hidden":0,"_bbp_forum_subforum_count":0,"site-sidebar-layout":"default","site-content-layout":"","ast-site-content-layout":"","site-content-style":"default","site-sidebar-style":"default","ast-global-header-display":"","ast-banner-title-visibility":"","ast-main-header-display":"","ast-hfb-above-header-display":"","ast-hfb-below-header-display":"","ast-hfb-mobile-header-display":"","site-post-title":"","ast-breadcrumbs-content":"","ast-featured-img":"","footer-sml-layout":"","theme-transparent-header-meta":"","adv-header-id-meta":"","stick-header-meta":"","header-above-stick-meta":"","header-main-stick-meta":"","header-below-stick-meta":"","astra-migrate-meta-layouts":"default","ast-page-background-enabled":"default","ast-page-background-meta":{"desktop":{"background-color":"var(--ast-global-color-4)","background-image":"","background-repeat":"repeat","background-position":"center center","background-size":"auto","background-attachment":"scroll","background-type":"","background-media":"","overlay-type":"","overlay-color":"","overlay-opacity":"","overlay-gradient":""},"tablet":{"background-color":"","background-image":"","background-repeat":"repeat","background-position":"center center","background-size":"auto","background-attachment":"scroll","background-type":"","background-media":"","overlay-type":"","overlay-color":"","overlay-opacity":"","overlay-gradient":""},"mobile":{"background-color":"","background-image":"","background-repeat":"repeat","background-position":"center center","background-size":"auto","background-attachment":"scroll","background-type":"","background-media":"","overlay-type":"","overlay-color":"","overlay-opacity":"","overlay-gradient":""}},"ast-content-background-meta":{"desktop":{"background-color":"var(--ast-global-color-5)","background-image":"","background-repeat":"repeat","background-position":"center center","background-size":"auto","background-attachment":"scroll","background-type":"","background-media":"","overlay-type":"","overlay-color":"","overlay-opacity":"","overlay-gradient":""},"tablet":{"background-color":"var(--ast-global-color-5)","background-image":"","background-repeat":"repeat","background-position":"center center","background-size":"auto","background-attachment":"scroll","background-type":"","background-media":"","overlay-type":"","overlay-color":"","overlay-opacity":"","overlay-gradient":""},"mobile":{"background-color":"var(--ast-global-color-5)","background-image":"","background-repeat":"repeat","background-position":"center center","background-size":"auto","background-attachment":"scroll","background-type":"","background-media":"","overlay-type":"","overlay-color":"","overlay-opacity":"","overlay-gradient":""}},"footnotes":""},"class_list":["post-1632","page","type-page","status-publish","hentry"],"post_mailing_queue_ids":[],"_links":{"self":[{"href":"https:\/\/agora.xtec.cat\/escolarubioiors\/wp-json\/wp\/v2\/pages\/1632","targetHints":{"allow":["GET"]}}],"collection":[{"href":"https:\/\/agora.xtec.cat\/escolarubioiors\/wp-json\/wp\/v2\/pages"}],"about":[{"href":"https:\/\/agora.xtec.cat\/escolarubioiors\/wp-json\/wp\/v2\/types\/page"}],"author":[{"embeddable":true,"href":"https:\/\/agora.xtec.cat\/escolarubioiors\/wp-json\/wp\/v2\/users\/6"}],"replies":[{"embeddable":true,"href":"https:\/\/agora.xtec.cat\/escolarubioiors\/wp-json\/wp\/v2\/comments?post=1632"}],"version-history":[{"count":5,"href":"https:\/\/agora.xtec.cat\/escolarubioiors\/wp-json\/wp\/v2\/pages\/1632\/revisions"}],"predecessor-version":[{"id":1743,"href":"https:\/\/agora.xtec.cat\/escolarubioiors\/wp-json\/wp\/v2\/pages\/1632\/revisions\/1743"}],"up":[{"embeddable":true,"href":"https:\/\/agora.xtec.cat\/escolarubioiors\/wp-json\/wp\/v2\/pages\/1619"}],"wp:attachment":[{"href":"https:\/\/agora.xtec.cat\/escolarubioiors\/wp-json\/wp\/v2\/media?parent=1632"}],"curies":[{"name":"wp","href":"https:\/\/api.w.org\/{rel}","templated":true}]}}