{"id":1631,"date":"2025-03-26T12:24:13","date_gmt":"2025-03-26T11:24:13","guid":{"rendered":"https:\/\/agora.xtec.cat\/escolarubioiors\/?page_id=1631"},"modified":"2025-04-01T12:14:13","modified_gmt":"2025-04-01T10:14:13","slug":"aparador-bormar-motos","status":"publish","type":"page","link":"https:\/\/agora.xtec.cat\/escolarubioiors\/dia-mundial-de-lart\/consum-responsable\/aparador-bormar-motos\/","title":{"rendered":"Aparador Bormar Motos"},"content":{"rendered":"<h2 style=\"text-align: center;\"><em><strong>La millor tend\u00e8ncia, el consum responsable<\/strong><\/em><\/h2>\n<p style=\"text-align: center;\"><img loading=\"lazy\" decoding=\"async\" class=\"aligncenter wp-image-1731\" src=\"https:\/\/agora.xtec.cat\/escolarubioiors\/wp-content\/uploads\/usu2134\/2025\/04\/image3-min-300x225.jpeg\" alt=\"\" width=\"500\" height=\"375\" srcset=\"https:\/\/agora.xtec.cat\/escolarubioiors\/wp-content\/uploads\/usu2134\/2025\/04\/image3-min-300x225.jpeg 300w, https:\/\/agora.xtec.cat\/escolarubioiors\/wp-content\/uploads\/usu2134\/2025\/04\/image3-min-1024x768.jpeg 1024w, https:\/\/agora.xtec.cat\/escolarubioiors\/wp-content\/uploads\/usu2134\/2025\/04\/image3-min-768x576.jpeg 768w, https:\/\/agora.xtec.cat\/escolarubioiors\/wp-content\/uploads\/usu2134\/2025\/04\/image3-min-1536x1152.jpeg 1536w, https:\/\/agora.xtec.cat\/escolarubioiors\/wp-content\/uploads\/usu2134\/2025\/04\/image3-min-2048x1536.jpeg 2048w, https:\/\/agora.xtec.cat\/escolarubioiors\/wp-content\/uploads\/usu2134\/2025\/04\/image3-min-200x150.jpeg 200w\" sizes=\"auto, (max-width: 500px) 100vw, 500px\" \/><\/p>\n<p style=\"text-align: justify;\"><strong>T\u00cdTOL DE L&#8217;OBRA: <span style=\"font-weight: 400;\">&#8220;MotoVerda: Roda cap al futur&#8221;<\/span><\/strong><\/p>\n<p style=\"text-align: justify;\"><strong>RESPONSABLES: <\/strong>Alumnat de 4t.<\/p>\n<p style=\"text-align: justify;\"><strong>DESCRIPCI\u00d3 DE L&#8217;OBRA:\u00a0<\/strong><span style=\"font-weight: 400;\">La instal\u00b7laci\u00f3 art\u00edstica creada per l\u2019alumnat de 4t de prim\u00e0ria representa una moto feta amb materials reciclats i elements naturals. \u00c9s un s\u00edmbol de respecte pel medi ambient i del cam\u00ed cap a un futur m\u00e9s sostenible fent \u00fas dels vehicles el\u00e8ctrics.<\/span><\/p>\n<h3 style=\"text-align: justify;\"><span style=\"color: #339966;\"><em><strong>Sabies qu\u00e8&#8230;<\/strong><\/em><\/span><\/h3>\n<p><strong>El pes d\u2019una moto lleugera equival als quilograms de roba que gasta una fam\u00edlia en un any?<\/strong><\/p>\n<p><strong> Aproximadament uns 100kg. <\/strong><\/p>\n<p><strong>A Europa una persona consumeix 26 kg de roba a l&#8217;any, per tant, una fam\u00edlia de 4 membres consumeix 104 kg de roba a l&#8217;any.<\/strong><\/p>\n<p><span style=\"text-decoration: underline;\"><strong>PROC\u00c9S DE CREACI\u00d3<\/strong><\/span><\/p>\n<p style=\"text-align: center;\"><a href=\"https:\/\/agora.xtec.cat\/escolarubioiors\/wp-content\/uploads\/usu2134\/2025\/03\/foto-1-1-rotated.jpg\"><img loading=\"lazy\" decoding=\"async\" class=\"wp-image-1702 aligncenter\" src=\"https:\/\/agora.xtec.cat\/escolarubioiors\/wp-content\/uploads\/usu2134\/2025\/03\/foto-1-1-768x1024.jpg\" alt=\"\" width=\"300\" height=\"400\" srcset=\"https:\/\/agora.xtec.cat\/escolarubioiors\/wp-content\/uploads\/usu2134\/2025\/03\/foto-1-1-768x1024.jpg 768w, https:\/\/agora.xtec.cat\/escolarubioiors\/wp-content\/uploads\/usu2134\/2025\/03\/foto-1-1-225x300.jpg 225w, https:\/\/agora.xtec.cat\/escolarubioiors\/wp-content\/uploads\/usu2134\/2025\/03\/foto-1-1-1152x1536.jpg 1152w, https:\/\/agora.xtec.cat\/escolarubioiors\/wp-content\/uploads\/usu2134\/2025\/03\/foto-1-1-rotated.jpg 1512w\" sizes=\"auto, (max-width: 300px) 100vw, 300px\" \/><\/a><sup><em>Calquem i retallem les parts de la moto.<\/em><\/sup><\/p>\n<p style=\"text-align: center;\"><img loading=\"lazy\" decoding=\"async\" class=\"aligncenter wp-image-1701\" src=\"https:\/\/agora.xtec.cat\/escolarubioiors\/wp-content\/uploads\/usu2134\/2025\/03\/foto-2-2-768x1024.jpg\" alt=\"\" width=\"300\" height=\"400\" srcset=\"https:\/\/agora.xtec.cat\/escolarubioiors\/wp-content\/uploads\/usu2134\/2025\/03\/foto-2-2-768x1024.jpg 768w, https:\/\/agora.xtec.cat\/escolarubioiors\/wp-content\/uploads\/usu2134\/2025\/03\/foto-2-2-225x300.jpg 225w, https:\/\/agora.xtec.cat\/escolarubioiors\/wp-content\/uploads\/usu2134\/2025\/03\/foto-2-2-1152x1536.jpg 1152w, https:\/\/agora.xtec.cat\/escolarubioiors\/wp-content\/uploads\/usu2134\/2025\/03\/foto-2-2-1536x2048.jpg 1536w, https:\/\/agora.xtec.cat\/escolarubioiors\/wp-content\/uploads\/usu2134\/2025\/03\/foto-2-2-scaled.jpg 1920w\" sizes=\"auto, (max-width: 300px) 100vw, 300px\" \/><em><span style=\"font-family: inherit; font-size: 1em;\"><sup><span style=\"font-weight: 400;\">Enganxem retalls de diari amb una mescla de cola i aigua damunt de les parts.<\/span><\/sup><\/span><\/em><\/p>\n<p style=\"text-align: center;\"><a href=\"https:\/\/agora.xtec.cat\/escolarubioiors\/wp-content\/uploads\/usu2134\/2025\/03\/foto-3-1.jpg\"><img loading=\"lazy\" decoding=\"async\" class=\"wp-image-1700 aligncenter\" src=\"https:\/\/agora.xtec.cat\/escolarubioiors\/wp-content\/uploads\/usu2134\/2025\/03\/foto-3-1-768x1024.jpg\" alt=\"\" width=\"300\" height=\"400\" srcset=\"https:\/\/agora.xtec.cat\/escolarubioiors\/wp-content\/uploads\/usu2134\/2025\/03\/foto-3-1-768x1024.jpg 768w, https:\/\/agora.xtec.cat\/escolarubioiors\/wp-content\/uploads\/usu2134\/2025\/03\/foto-3-1-225x300.jpg 225w, https:\/\/agora.xtec.cat\/escolarubioiors\/wp-content\/uploads\/usu2134\/2025\/03\/foto-3-1-1152x1536.jpg 1152w, https:\/\/agora.xtec.cat\/escolarubioiors\/wp-content\/uploads\/usu2134\/2025\/03\/foto-3-1.jpg 1536w\" sizes=\"auto, (max-width: 300px) 100vw, 300px\" \/><\/a><em><sup><span style=\"font-weight: 400;\">Constru\u00efm la moto ajuntant les diferents parts.<\/span><\/sup><\/em><\/p>\n<p style=\"text-align: center;\"><a href=\"https:\/\/agora.xtec.cat\/escolarubioiors\/wp-content\/uploads\/usu2134\/2025\/03\/Foto-4-1.jpg\"><img loading=\"lazy\" decoding=\"async\" class=\"aligncenter wp-image-1699\" src=\"https:\/\/agora.xtec.cat\/escolarubioiors\/wp-content\/uploads\/usu2134\/2025\/03\/Foto-4-1-1024x768.jpg\" alt=\"\" width=\"300\" height=\"225\" srcset=\"https:\/\/agora.xtec.cat\/escolarubioiors\/wp-content\/uploads\/usu2134\/2025\/03\/Foto-4-1-1024x768.jpg 1024w, https:\/\/agora.xtec.cat\/escolarubioiors\/wp-content\/uploads\/usu2134\/2025\/03\/Foto-4-1-300x225.jpg 300w, https:\/\/agora.xtec.cat\/escolarubioiors\/wp-content\/uploads\/usu2134\/2025\/03\/Foto-4-1-768x576.jpg 768w, https:\/\/agora.xtec.cat\/escolarubioiors\/wp-content\/uploads\/usu2134\/2025\/03\/Foto-4-1-1536x1152.jpg 1536w, https:\/\/agora.xtec.cat\/escolarubioiors\/wp-content\/uploads\/usu2134\/2025\/03\/Foto-4-1-200x150.jpg 200w, https:\/\/agora.xtec.cat\/escolarubioiors\/wp-content\/uploads\/usu2134\/2025\/03\/Foto-4-1.jpg 2016w\" sizes=\"auto, (max-width: 300px) 100vw, 300px\" \/><\/a><span style=\"font-weight: 400;\"><em><sup>Afegim detalls fent \u00fas de m\u00e9s materials reciclats i elements naturals.<\/sup><\/em><\/span><\/p>\n<p>&nbsp;<\/p>\n<p>Si vols con\u00e8ixer totes les instal\u00b7lacions, escaneja o clica aquest QR!:<\/p>\n<p><a href=\"https:\/\/view.genially.com\/67e683e232c32ed01df43c81\/guide-4t\" target=\"_blank\" rel=\"noopener\"><img loading=\"lazy\" decoding=\"async\" class=\"aligncenter wp-image-1708 size-medium\" src=\"https:\/\/agora.xtec.cat\/escolarubioiors\/wp-content\/uploads\/usu2134\/2025\/03\/Bormar-motos-4t-300x300.png\" alt=\"\" width=\"300\" height=\"300\" srcset=\"https:\/\/agora.xtec.cat\/escolarubioiors\/wp-content\/uploads\/usu2134\/2025\/03\/Bormar-motos-4t-300x300.png 300w, https:\/\/agora.xtec.cat\/escolarubioiors\/wp-content\/uploads\/usu2134\/2025\/03\/Bormar-motos-4t-150x150.png 150w, https:\/\/agora.xtec.cat\/escolarubioiors\/wp-content\/uploads\/usu2134\/2025\/03\/Bormar-motos-4t.png 722w\" sizes=\"auto, (max-width: 300px) 100vw, 300px\" \/><\/a><\/p>\n","protected":false},"excerpt":{"rendered":"<p>La millor tend\u00e8ncia, el consum responsable T\u00cdTOL DE L&#8217;OBRA: &#8220;MotoVerda: Roda cap al futur&#8221; RESPONSABLES: Alumnat de 4t. DESCRIPCI\u00d3 DE L&#8217;OBRA:\u00a0La instal\u00b7laci\u00f3 art\u00edstica creada per l\u2019alumnat de 4t de prim\u00e0ria representa una moto feta amb materials reciclats i elements naturals. \u00c9s un s\u00edmbol de respecte pel medi ambient i del cam\u00ed cap a un futur [&hellip;]<\/p>\n","protected":false},"author":1,"featured_media":0,"parent":1619,"menu_order":5,"comment_status":"closed","ping_status":"closed","template":"page-templates\/side-menu.php","meta":{"_bbp_topic_count":0,"_bbp_reply_count":0,"_bbp_total_topic_count":0,"_bbp_total_reply_count":0,"_bbp_voice_count":0,"_bbp_anonymous_reply_count":0,"_bbp_topic_count_hidden":0,"_bbp_reply_count_hidden":0,"_bbp_forum_subforum_count":0,"site-sidebar-layout":"default","site-content-layout":"","ast-site-content-layout":"","site-content-style":"default","site-sidebar-style":"default","ast-global-header-display":"","ast-banner-title-visibility":"","ast-main-header-display":"","ast-hfb-above-header-display":"","ast-hfb-below-header-display":"","ast-hfb-mobile-header-display":"","site-post-title":"","ast-breadcrumbs-content":"","ast-featured-img":"","footer-sml-layout":"","theme-transparent-header-meta":"","adv-header-id-meta":"","stick-header-meta":"","header-above-stick-meta":"","header-main-stick-meta":"","header-below-stick-meta":"","astra-migrate-meta-layouts":"default","ast-page-background-enabled":"default","ast-page-background-meta":{"desktop":{"background-color":"var(--ast-global-color-4)","background-image":"","background-repeat":"repeat","background-position":"center center","background-size":"auto","background-attachment":"scroll","background-type":"","background-media":"","overlay-type":"","overlay-color":"","overlay-opacity":"","overlay-gradient":""},"tablet":{"background-color":"","background-image":"","background-repeat":"repeat","background-position":"center center","background-size":"auto","background-attachment":"scroll","background-type":"","background-media":"","overlay-type":"","overlay-color":"","overlay-opacity":"","overlay-gradient":""},"mobile":{"background-color":"","background-image":"","background-repeat":"repeat","background-position":"center center","background-size":"auto","background-attachment":"scroll","background-type":"","background-media":"","overlay-type":"","overlay-color":"","overlay-opacity":"","overlay-gradient":""}},"ast-content-background-meta":{"desktop":{"background-color":"var(--ast-global-color-5)","background-image":"","background-repeat":"repeat","background-position":"center center","background-size":"auto","background-attachment":"scroll","background-type":"","background-media":"","overlay-type":"","overlay-color":"","overlay-opacity":"","overlay-gradient":""},"tablet":{"background-color":"var(--ast-global-color-5)","background-image":"","background-repeat":"repeat","background-position":"center center","background-size":"auto","background-attachment":"scroll","background-type":"","background-media":"","overlay-type":"","overlay-color":"","overlay-opacity":"","overlay-gradient":""},"mobile":{"background-color":"var(--ast-global-color-5)","background-image":"","background-repeat":"repeat","background-position":"center center","background-size":"auto","background-attachment":"scroll","background-type":"","background-media":"","overlay-type":"","overlay-color":"","overlay-opacity":"","overlay-gradient":""}},"footnotes":""},"class_list":["post-1631","page","type-page","status-publish","hentry"],"post_mailing_queue_ids":[],"_links":{"self":[{"href":"https:\/\/agora.xtec.cat\/escolarubioiors\/wp-json\/wp\/v2\/pages\/1631","targetHints":{"allow":["GET"]}}],"collection":[{"href":"https:\/\/agora.xtec.cat\/escolarubioiors\/wp-json\/wp\/v2\/pages"}],"about":[{"href":"https:\/\/agora.xtec.cat\/escolarubioiors\/wp-json\/wp\/v2\/types\/page"}],"author":[{"embeddable":true,"href":"https:\/\/agora.xtec.cat\/escolarubioiors\/wp-json\/wp\/v2\/users\/1"}],"replies":[{"embeddable":true,"href":"https:\/\/agora.xtec.cat\/escolarubioiors\/wp-json\/wp\/v2\/comments?post=1631"}],"version-history":[{"count":6,"href":"https:\/\/agora.xtec.cat\/escolarubioiors\/wp-json\/wp\/v2\/pages\/1631\/revisions"}],"predecessor-version":[{"id":1733,"href":"https:\/\/agora.xtec.cat\/escolarubioiors\/wp-json\/wp\/v2\/pages\/1631\/revisions\/1733"}],"up":[{"embeddable":true,"href":"https:\/\/agora.xtec.cat\/escolarubioiors\/wp-json\/wp\/v2\/pages\/1619"}],"wp:attachment":[{"href":"https:\/\/agora.xtec.cat\/escolarubioiors\/wp-json\/wp\/v2\/media?parent=1631"}],"curies":[{"name":"wp","href":"https:\/\/api.w.org\/{rel}","templated":true}]}}