{"id":1626,"date":"2025-03-26T12:23:13","date_gmt":"2025-03-26T11:23:13","guid":{"rendered":"https:\/\/agora.xtec.cat\/escolarubioiors\/?page_id=1626"},"modified":"2025-04-01T14:10:22","modified_gmt":"2025-04-01T12:10:22","slug":"aparador-llibreria-gaudi","status":"publish","type":"page","link":"https:\/\/agora.xtec.cat\/escolarubioiors\/dia-mundial-de-lart\/consum-responsable\/aparador-llibreria-gaudi\/","title":{"rendered":"Aparador Llibreria Gaud\u00ed"},"content":{"rendered":"<h2 style=\"text-align: center;\"><em><strong>La millor tend\u00e8ncia, el consum responsable<\/strong><\/em><\/h2>\n<p style=\"text-align: center;\"><img loading=\"lazy\" decoding=\"async\" class=\"aligncenter wp-image-1739\" src=\"https:\/\/agora.xtec.cat\/escolarubioiors\/wp-content\/uploads\/usu2134\/2025\/04\/IMG_6365-min-300x225.jpeg\" alt=\"\" width=\"500\" height=\"375\" srcset=\"https:\/\/agora.xtec.cat\/escolarubioiors\/wp-content\/uploads\/usu2134\/2025\/04\/IMG_6365-min-300x225.jpeg 300w, https:\/\/agora.xtec.cat\/escolarubioiors\/wp-content\/uploads\/usu2134\/2025\/04\/IMG_6365-min-1024x768.jpeg 1024w, https:\/\/agora.xtec.cat\/escolarubioiors\/wp-content\/uploads\/usu2134\/2025\/04\/IMG_6365-min-768x576.jpeg 768w, https:\/\/agora.xtec.cat\/escolarubioiors\/wp-content\/uploads\/usu2134\/2025\/04\/IMG_6365-min-1536x1152.jpeg 1536w, https:\/\/agora.xtec.cat\/escolarubioiors\/wp-content\/uploads\/usu2134\/2025\/04\/IMG_6365-min-2048x1536.jpeg 2048w, https:\/\/agora.xtec.cat\/escolarubioiors\/wp-content\/uploads\/usu2134\/2025\/04\/IMG_6365-min-200x150.jpeg 200w\" sizes=\"auto, (max-width: 500px) 100vw, 500px\" \/><\/p>\n<p><strong>T\u00cdTOL DE L&#8217;OBRA: <span style=\"font-weight: 400;\">\u201cGaudim creant\u201d<\/span><\/strong><\/p>\n<p><strong>RESPONSABLES:\u00a0<\/strong>Alumnat de 2n.<\/p>\n<p><strong>DESCRIPCI\u00d3 DE L&#8217;OBRA:\u00a0<\/strong><span style=\"font-weight: 400;\">Interpretaci\u00f3 del logotip de l\u2019escola amb dues figures humanes elaborades amb material reciclat: cartr\u00f3, roba&#8230;<\/span><\/p>\n<p><span style=\"font-weight: 400;\">Aquestes figures porten uns llibres de lectura en representaci\u00f3 del gaudi de la mateixa.<\/span><\/p>\n<h3><span style=\"color: #339966;\"><em><strong>Sabies qu\u00e8&#8230;<\/strong><\/em><\/span><\/h3>\n<p style=\"text-align: justify;\"><strong>Sabies que amb roba reciclada i materials reciclats, podem fer moltes coses: manualitats, tallers\u2026<\/strong><\/p>\n<p style=\"text-align: justify;\"><strong>Tot aix\u00f2, ho podem realitzar amb fam\u00edlia, amics&#8230;<\/strong><\/p>\n<p style=\"text-align: justify;\"><strong>L\u2019alumnat \u00e9s molt conscient de que el reciclatge dels materials, propicia un gran benefici pel medi ambient.<\/strong><\/p>\n<p>&nbsp;<\/p>\n<p><span style=\"text-decoration: underline;\"><strong>PROC\u00c9S DE CREACI\u00d3<\/strong><\/span><\/p>\n<p style=\"text-align: center;\"><img loading=\"lazy\" decoding=\"async\" class=\"aligncenter wp-image-1685\" src=\"https:\/\/agora.xtec.cat\/escolarubioiors\/wp-content\/uploads\/usu2134\/2025\/03\/Foto-1-225x300.jpeg\" alt=\"\" width=\"300\" height=\"400\" srcset=\"https:\/\/agora.xtec.cat\/escolarubioiors\/wp-content\/uploads\/usu2134\/2025\/03\/Foto-1-225x300.jpeg 225w, https:\/\/agora.xtec.cat\/escolarubioiors\/wp-content\/uploads\/usu2134\/2025\/03\/Foto-1-768x1024.jpeg 768w, https:\/\/agora.xtec.cat\/escolarubioiors\/wp-content\/uploads\/usu2134\/2025\/03\/Foto-1-1152x1536.jpeg 1152w, https:\/\/agora.xtec.cat\/escolarubioiors\/wp-content\/uploads\/usu2134\/2025\/03\/Foto-1.jpeg 1530w\" sizes=\"auto, (max-width: 300px) 100vw, 300px\" \/><em><sup><span style=\"font-family: inherit;\">Dibuixem el logotip de l\u2019escola en forma de ninots.<\/span><\/sup><\/em><\/p>\n<p style=\"text-align: center;\"><a href=\"https:\/\/agora.xtec.cat\/escolarubioiors\/wp-content\/uploads\/usu2134\/2025\/03\/Foto-2.jpeg\"><img loading=\"lazy\" decoding=\"async\" class=\"aligncenter size-medium wp-image-1686\" src=\"https:\/\/agora.xtec.cat\/escolarubioiors\/wp-content\/uploads\/usu2134\/2025\/03\/Foto-2-300x225.jpeg\" alt=\"\" width=\"300\" height=\"225\" srcset=\"https:\/\/agora.xtec.cat\/escolarubioiors\/wp-content\/uploads\/usu2134\/2025\/03\/Foto-2-300x225.jpeg 300w, https:\/\/agora.xtec.cat\/escolarubioiors\/wp-content\/uploads\/usu2134\/2025\/03\/Foto-2-1024x768.jpeg 1024w, https:\/\/agora.xtec.cat\/escolarubioiors\/wp-content\/uploads\/usu2134\/2025\/03\/Foto-2-768x576.jpeg 768w, https:\/\/agora.xtec.cat\/escolarubioiors\/wp-content\/uploads\/usu2134\/2025\/03\/Foto-2-1536x1152.jpeg 1536w, https:\/\/agora.xtec.cat\/escolarubioiors\/wp-content\/uploads\/usu2134\/2025\/03\/Foto-2-200x150.jpeg 200w, https:\/\/agora.xtec.cat\/escolarubioiors\/wp-content\/uploads\/usu2134\/2025\/03\/Foto-2.jpeg 2040w\" sizes=\"auto, (max-width: 300px) 100vw, 300px\" \/><\/a><em><sup><span style=\"font-weight: 400;\">Elaborem les diferents extremitats.<\/span><\/sup><\/em><\/p>\n<p style=\"text-align: center;\"><a href=\"https:\/\/agora.xtec.cat\/escolarubioiors\/wp-content\/uploads\/usu2134\/2025\/03\/Foto-3.jpeg\"><img loading=\"lazy\" decoding=\"async\" class=\"aligncenter wp-image-1687\" src=\"https:\/\/agora.xtec.cat\/escolarubioiors\/wp-content\/uploads\/usu2134\/2025\/03\/Foto-3-225x300.jpeg\" alt=\"\" width=\"300\" height=\"400\" srcset=\"https:\/\/agora.xtec.cat\/escolarubioiors\/wp-content\/uploads\/usu2134\/2025\/03\/Foto-3-225x300.jpeg 225w, https:\/\/agora.xtec.cat\/escolarubioiors\/wp-content\/uploads\/usu2134\/2025\/03\/Foto-3-768x1024.jpeg 768w, https:\/\/agora.xtec.cat\/escolarubioiors\/wp-content\/uploads\/usu2134\/2025\/03\/Foto-3-1152x1536.jpeg 1152w, https:\/\/agora.xtec.cat\/escolarubioiors\/wp-content\/uploads\/usu2134\/2025\/03\/Foto-3.jpeg 1536w\" sizes=\"auto, (max-width: 300px) 100vw, 300px\" \/><\/a><em><sup><span style=\"font-weight: 400;\">Anem donant forma a les diferents figures.<\/span><\/sup><\/em><\/p>\n<p style=\"text-align: center;\"><a href=\"https:\/\/agora.xtec.cat\/escolarubioiors\/wp-content\/uploads\/usu2134\/2025\/03\/Foto-4-scaled.jpeg\"><br \/>\n<img loading=\"lazy\" decoding=\"async\" class=\"aligncenter wp-image-1688\" src=\"https:\/\/agora.xtec.cat\/escolarubioiors\/wp-content\/uploads\/usu2134\/2025\/03\/Foto-4-245x300.jpeg\" alt=\"\" width=\"300\" height=\"368\" srcset=\"https:\/\/agora.xtec.cat\/escolarubioiors\/wp-content\/uploads\/usu2134\/2025\/03\/Foto-4-245x300.jpeg 245w, https:\/\/agora.xtec.cat\/escolarubioiors\/wp-content\/uploads\/usu2134\/2025\/03\/Foto-4-836x1024.jpeg 836w, https:\/\/agora.xtec.cat\/escolarubioiors\/wp-content\/uploads\/usu2134\/2025\/03\/Foto-4-768x941.jpeg 768w, https:\/\/agora.xtec.cat\/escolarubioiors\/wp-content\/uploads\/usu2134\/2025\/03\/Foto-4-1254x1536.jpeg 1254w, https:\/\/agora.xtec.cat\/escolarubioiors\/wp-content\/uploads\/usu2134\/2025\/03\/Foto-4-1672x2048.jpeg 1672w\" sizes=\"auto, (max-width: 300px) 100vw, 300px\" \/><\/a><em><sup><span style=\"font-weight: 400;\">Realitzem els \u00faltims retocs per acabar de confeccionar les diferents figures.<\/span><\/sup><\/em><\/p>\n<p>&nbsp;<\/p>\n<p>Si vols con\u00e8ixer totes les instal\u00b7lacions, escaneja i clica aquest QR!:<\/p>\n<p><a href=\"https:\/\/view.genially.com\/67e6828d8d334919f463a9cd\/guide-2n\" target=\"_blank\" rel=\"noopener\"><img loading=\"lazy\" decoding=\"async\" class=\"aligncenter size-medium wp-image-1689\" src=\"https:\/\/agora.xtec.cat\/escolarubioiors\/wp-content\/uploads\/usu2134\/2025\/03\/Gaudi-2n-300x300.png\" alt=\"\" width=\"300\" height=\"300\" srcset=\"https:\/\/agora.xtec.cat\/escolarubioiors\/wp-content\/uploads\/usu2134\/2025\/03\/Gaudi-2n-300x300.png 300w, https:\/\/agora.xtec.cat\/escolarubioiors\/wp-content\/uploads\/usu2134\/2025\/03\/Gaudi-2n-150x150.png 150w, https:\/\/agora.xtec.cat\/escolarubioiors\/wp-content\/uploads\/usu2134\/2025\/03\/Gaudi-2n.png 722w\" sizes=\"auto, (max-width: 300px) 100vw, 300px\" \/><\/a><\/p>\n","protected":false},"excerpt":{"rendered":"<p>La millor tend\u00e8ncia, el consum responsable T\u00cdTOL DE L&#8217;OBRA: \u201cGaudim creant\u201d RESPONSABLES:\u00a0Alumnat de 2n. DESCRIPCI\u00d3 DE L&#8217;OBRA:\u00a0Interpretaci\u00f3 del logotip de l\u2019escola amb dues figures humanes elaborades amb material reciclat: cartr\u00f3, roba&#8230; Aquestes figures porten uns llibres de lectura en representaci\u00f3 del gaudi de la mateixa. Sabies qu\u00e8&#8230; Sabies que amb roba reciclada i materials reciclats, [&hellip;]<\/p>\n","protected":false},"author":1,"featured_media":0,"parent":1619,"menu_order":3,"comment_status":"closed","ping_status":"closed","template":"page-templates\/side-menu.php","meta":{"_bbp_topic_count":0,"_bbp_reply_count":0,"_bbp_total_topic_count":0,"_bbp_total_reply_count":0,"_bbp_voice_count":0,"_bbp_anonymous_reply_count":0,"_bbp_topic_count_hidden":0,"_bbp_reply_count_hidden":0,"_bbp_forum_subforum_count":0,"site-sidebar-layout":"default","site-content-layout":"","ast-site-content-layout":"","site-content-style":"default","site-sidebar-style":"default","ast-global-header-display":"","ast-banner-title-visibility":"","ast-main-header-display":"","ast-hfb-above-header-display":"","ast-hfb-below-header-display":"","ast-hfb-mobile-header-display":"","site-post-title":"","ast-breadcrumbs-content":"","ast-featured-img":"","footer-sml-layout":"","theme-transparent-header-meta":"","adv-header-id-meta":"","stick-header-meta":"","header-above-stick-meta":"","header-main-stick-meta":"","header-below-stick-meta":"","astra-migrate-meta-layouts":"default","ast-page-background-enabled":"default","ast-page-background-meta":{"desktop":{"background-color":"var(--ast-global-color-4)","background-image":"","background-repeat":"repeat","background-position":"center center","background-size":"auto","background-attachment":"scroll","background-type":"","background-media":"","overlay-type":"","overlay-color":"","overlay-opacity":"","overlay-gradient":""},"tablet":{"background-color":"","background-image":"","background-repeat":"repeat","background-position":"center center","background-size":"auto","background-attachment":"scroll","background-type":"","background-media":"","overlay-type":"","overlay-color":"","overlay-opacity":"","overlay-gradient":""},"mobile":{"background-color":"","background-image":"","background-repeat":"repeat","background-position":"center center","background-size":"auto","background-attachment":"scroll","background-type":"","background-media":"","overlay-type":"","overlay-color":"","overlay-opacity":"","overlay-gradient":""}},"ast-content-background-meta":{"desktop":{"background-color":"var(--ast-global-color-5)","background-image":"","background-repeat":"repeat","background-position":"center center","background-size":"auto","background-attachment":"scroll","background-type":"","background-media":"","overlay-type":"","overlay-color":"","overlay-opacity":"","overlay-gradient":""},"tablet":{"background-color":"var(--ast-global-color-5)","background-image":"","background-repeat":"repeat","background-position":"center center","background-size":"auto","background-attachment":"scroll","background-type":"","background-media":"","overlay-type":"","overlay-color":"","overlay-opacity":"","overlay-gradient":""},"mobile":{"background-color":"var(--ast-global-color-5)","background-image":"","background-repeat":"repeat","background-position":"center center","background-size":"auto","background-attachment":"scroll","background-type":"","background-media":"","overlay-type":"","overlay-color":"","overlay-opacity":"","overlay-gradient":""}},"footnotes":""},"class_list":["post-1626","page","type-page","status-publish","hentry"],"post_mailing_queue_ids":[],"_links":{"self":[{"href":"https:\/\/agora.xtec.cat\/escolarubioiors\/wp-json\/wp\/v2\/pages\/1626","targetHints":{"allow":["GET"]}}],"collection":[{"href":"https:\/\/agora.xtec.cat\/escolarubioiors\/wp-json\/wp\/v2\/pages"}],"about":[{"href":"https:\/\/agora.xtec.cat\/escolarubioiors\/wp-json\/wp\/v2\/types\/page"}],"author":[{"embeddable":true,"href":"https:\/\/agora.xtec.cat\/escolarubioiors\/wp-json\/wp\/v2\/users\/1"}],"replies":[{"embeddable":true,"href":"https:\/\/agora.xtec.cat\/escolarubioiors\/wp-json\/wp\/v2\/comments?post=1626"}],"version-history":[{"count":6,"href":"https:\/\/agora.xtec.cat\/escolarubioiors\/wp-json\/wp\/v2\/pages\/1626\/revisions"}],"predecessor-version":[{"id":1741,"href":"https:\/\/agora.xtec.cat\/escolarubioiors\/wp-json\/wp\/v2\/pages\/1626\/revisions\/1741"}],"up":[{"embeddable":true,"href":"https:\/\/agora.xtec.cat\/escolarubioiors\/wp-json\/wp\/v2\/pages\/1619"}],"wp:attachment":[{"href":"https:\/\/agora.xtec.cat\/escolarubioiors\/wp-json\/wp\/v2\/media?parent=1626"}],"curies":[{"name":"wp","href":"https:\/\/api.w.org\/{rel}","templated":true}]}}