{"id":1623,"date":"2025-03-26T12:22:11","date_gmt":"2025-03-26T11:22:11","guid":{"rendered":"https:\/\/agora.xtec.cat\/escolarubioiors\/?page_id=1623"},"modified":"2025-04-02T10:37:28","modified_gmt":"2025-04-02T08:37:28","slug":"aparador-abacus","status":"publish","type":"page","link":"https:\/\/agora.xtec.cat\/escolarubioiors\/dia-mundial-de-lart\/consum-responsable\/aparador-abacus\/","title":{"rendered":"Aparador Abacus"},"content":{"rendered":"<h2 style=\"text-align: center;\"><em><strong>La millor tend\u00e8ncia, el consum responsable<\/strong><\/em><\/h2>\n<p style=\"text-align: center;\"><img loading=\"lazy\" decoding=\"async\" class=\"aligncenter wp-image-1746\" src=\"https:\/\/agora.xtec.cat\/escolarubioiors\/wp-content\/uploads\/usu2134\/2025\/04\/WhatsApp-Image-2025-04-02-at-09.32.45-300x227.jpeg\" alt=\"\" width=\"500\" height=\"379\" srcset=\"https:\/\/agora.xtec.cat\/escolarubioiors\/wp-content\/uploads\/usu2134\/2025\/04\/WhatsApp-Image-2025-04-02-at-09.32.45-300x227.jpeg 300w, https:\/\/agora.xtec.cat\/escolarubioiors\/wp-content\/uploads\/usu2134\/2025\/04\/WhatsApp-Image-2025-04-02-at-09.32.45-1024x776.jpeg 1024w, https:\/\/agora.xtec.cat\/escolarubioiors\/wp-content\/uploads\/usu2134\/2025\/04\/WhatsApp-Image-2025-04-02-at-09.32.45-768x582.jpeg 768w, https:\/\/agora.xtec.cat\/escolarubioiors\/wp-content\/uploads\/usu2134\/2025\/04\/WhatsApp-Image-2025-04-02-at-09.32.45-1536x1164.jpeg 1536w, https:\/\/agora.xtec.cat\/escolarubioiors\/wp-content\/uploads\/usu2134\/2025\/04\/WhatsApp-Image-2025-04-02-at-09.32.45.jpeg 2048w\" sizes=\"auto, (max-width: 500px) 100vw, 500px\" \/><\/p>\n<p><strong>T\u00cdTOL DE L&#8217;OBRA:<\/strong> Conte sostenible.<\/p>\n<p><strong>RESPONSABLES:<\/strong> Alumnat d&#8217;Infantil 5.<\/p>\n<p style=\"text-align: justify;\"><strong>DESCRIPCI\u00d3 DE L&#8217;OBRA:<\/strong> L&#8217;alumnat<span style=\"font-weight: 400;\"> d\u2019I5 ha fet un conte, ja que el seu establiment \u00e9s una llibreria. El conte est\u00e0 elaborat amb material sostenible: robes, cartrons, oueres, punxa i llanes. Els infants han escollit un dels contes treballats al llarg del curs, el conte \u201cSom amics\u201d d\u2019Anabel Fernandez Rey. Han creat la portada i les imatges dels protagonistes del conte, els quals es fan preguntes sobre el consum responsable.<\/span><\/p>\n<h3><span style=\"color: #339966;\"><em><strong>Sabies qu\u00e8&#8230;<\/strong><\/em><\/span><\/h3>\n<p><strong>La producci\u00f3 t\u00e8xtil es responsable, aproximadament, del 20% de la contaminaci\u00f3 mundial de l\u2018aigua potable.<\/strong><\/p>\n<p><span style=\"text-decoration: underline;\"><strong>PROC\u00c9S DE CREACI\u00d3<\/strong><\/span><\/p>\n<p style=\"text-align: center;\"><img loading=\"lazy\" decoding=\"async\" class=\"aligncenter wp-image-1650\" title=\"Retallen la roba per les banderoles.\" src=\"https:\/\/agora.xtec.cat\/escolarubioiors\/wp-content\/uploads\/usu2134\/2025\/03\/FOTO1-227x300.jpg\" alt=\"\" width=\"300\" height=\"397\" srcset=\"https:\/\/agora.xtec.cat\/escolarubioiors\/wp-content\/uploads\/usu2134\/2025\/03\/FOTO1-227x300.jpg 227w, https:\/\/agora.xtec.cat\/escolarubioiors\/wp-content\/uploads\/usu2134\/2025\/03\/FOTO1-774x1024.jpg 774w, https:\/\/agora.xtec.cat\/escolarubioiors\/wp-content\/uploads\/usu2134\/2025\/03\/FOTO1-768x1015.jpg 768w, https:\/\/agora.xtec.cat\/escolarubioiors\/wp-content\/uploads\/usu2134\/2025\/03\/FOTO1-1162x1536.jpg 1162w, https:\/\/agora.xtec.cat\/escolarubioiors\/wp-content\/uploads\/usu2134\/2025\/03\/FOTO1.jpg 1170w\" sizes=\"auto, (max-width: 300px) 100vw, 300px\" \/><em><sup>Retallen la roba per les banderoles.<\/sup><\/em><\/p>\n<p style=\"text-align: center;\"><img loading=\"lazy\" decoding=\"async\" class=\"aligncenter wp-image-1651 size-medium\" src=\"https:\/\/agora.xtec.cat\/escolarubioiors\/wp-content\/uploads\/usu2134\/2025\/03\/FOTO-2-300x223.jpg\" alt=\"\" width=\"300\" height=\"223\" srcset=\"https:\/\/agora.xtec.cat\/escolarubioiors\/wp-content\/uploads\/usu2134\/2025\/03\/FOTO-2-300x223.jpg 300w, https:\/\/agora.xtec.cat\/escolarubioiors\/wp-content\/uploads\/usu2134\/2025\/03\/FOTO-2-1024x762.jpg 1024w, https:\/\/agora.xtec.cat\/escolarubioiors\/wp-content\/uploads\/usu2134\/2025\/03\/FOTO-2-768x571.jpg 768w, https:\/\/agora.xtec.cat\/escolarubioiors\/wp-content\/uploads\/usu2134\/2025\/03\/FOTO-2-200x150.jpg 200w, https:\/\/agora.xtec.cat\/escolarubioiors\/wp-content\/uploads\/usu2134\/2025\/03\/FOTO-2.jpg 1155w\" sizes=\"auto, (max-width: 300px) 100vw, 300px\" \/><em><sup>Cusen el t\u00edtol del conte.<\/sup><\/em><\/p>\n<p style=\"text-align: center;\"><img loading=\"lazy\" decoding=\"async\" class=\"aligncenter wp-image-1652\" src=\"https:\/\/agora.xtec.cat\/escolarubioiors\/wp-content\/uploads\/usu2134\/2025\/03\/FOTO3-227x300.jpg\" alt=\"\" width=\"300\" height=\"397\" srcset=\"https:\/\/agora.xtec.cat\/escolarubioiors\/wp-content\/uploads\/usu2134\/2025\/03\/FOTO3-227x300.jpg 227w, https:\/\/agora.xtec.cat\/escolarubioiors\/wp-content\/uploads\/usu2134\/2025\/03\/FOTO3-774x1024.jpg 774w, https:\/\/agora.xtec.cat\/escolarubioiors\/wp-content\/uploads\/usu2134\/2025\/03\/FOTO3-768x1015.jpg 768w, https:\/\/agora.xtec.cat\/escolarubioiors\/wp-content\/uploads\/usu2134\/2025\/03\/FOTO3-1162x1536.jpg 1162w, https:\/\/agora.xtec.cat\/escolarubioiors\/wp-content\/uploads\/usu2134\/2025\/03\/FOTO3.jpg 1170w\" sizes=\"auto, (max-width: 300px) 100vw, 300px\" \/><em><sup>Esquincen paper per elaborar la portada del conte.<\/sup><\/em><\/p>\n<p style=\"text-align: center;\"><img loading=\"lazy\" decoding=\"async\" class=\"aligncenter wp-image-1653 size-medium\" src=\"https:\/\/agora.xtec.cat\/escolarubioiors\/wp-content\/uploads\/usu2134\/2025\/03\/FOTO4-300x226.jpg\" alt=\"\" width=\"300\" height=\"226\" srcset=\"https:\/\/agora.xtec.cat\/escolarubioiors\/wp-content\/uploads\/usu2134\/2025\/03\/FOTO4-300x226.jpg 300w, https:\/\/agora.xtec.cat\/escolarubioiors\/wp-content\/uploads\/usu2134\/2025\/03\/FOTO4-1024x772.jpg 1024w, https:\/\/agora.xtec.cat\/escolarubioiors\/wp-content\/uploads\/usu2134\/2025\/03\/FOTO4-768x579.jpg 768w, https:\/\/agora.xtec.cat\/escolarubioiors\/wp-content\/uploads\/usu2134\/2025\/03\/FOTO4-200x150.jpg 200w, https:\/\/agora.xtec.cat\/escolarubioiors\/wp-content\/uploads\/usu2134\/2025\/03\/FOTO4.jpg 1156w\" sizes=\"auto, (max-width: 300px) 100vw, 300px\" \/><em><sup>Dibuixen els protagonistes del conte.<\/sup><\/em><\/p>\n<p>&nbsp;<\/p>\n<p>Si vols con\u00e8ixer totes les instal\u00b7lacions, escaneja o clica aquest QR!:<\/p>\n<p><a href=\"https:\/\/view.genially.com\/67e681370b622cdbbc4e19b6\/guide-i5\" target=\"_blank\" rel=\"noopener\"><img loading=\"lazy\" decoding=\"async\" class=\"aligncenter size-medium wp-image-1677\" src=\"https:\/\/agora.xtec.cat\/escolarubioiors\/wp-content\/uploads\/usu2134\/2025\/03\/Abacus-i5-300x300.png\" alt=\"\" width=\"300\" height=\"300\" srcset=\"https:\/\/agora.xtec.cat\/escolarubioiors\/wp-content\/uploads\/usu2134\/2025\/03\/Abacus-i5-300x300.png 300w, https:\/\/agora.xtec.cat\/escolarubioiors\/wp-content\/uploads\/usu2134\/2025\/03\/Abacus-i5-150x150.png 150w, https:\/\/agora.xtec.cat\/escolarubioiors\/wp-content\/uploads\/usu2134\/2025\/03\/Abacus-i5.png 722w\" sizes=\"auto, (max-width: 300px) 100vw, 300px\" \/><\/a><\/p>\n<p>&nbsp;<\/p>\n","protected":false},"excerpt":{"rendered":"<p>La millor tend\u00e8ncia, el consum responsable T\u00cdTOL DE L&#8217;OBRA: Conte sostenible. RESPONSABLES: Alumnat d&#8217;Infantil 5. DESCRIPCI\u00d3 DE L&#8217;OBRA: L&#8217;alumnat d\u2019I5 ha fet un conte, ja que el seu establiment \u00e9s una llibreria. El conte est\u00e0 elaborat amb material sostenible: robes, cartrons, oueres, punxa i llanes. Els infants han escollit un dels contes treballats al llarg [&hellip;]<\/p>\n","protected":false},"author":1,"featured_media":0,"parent":1619,"menu_order":1,"comment_status":"closed","ping_status":"closed","template":"page-templates\/side-menu.php","meta":{"_bbp_topic_count":0,"_bbp_reply_count":0,"_bbp_total_topic_count":0,"_bbp_total_reply_count":0,"_bbp_voice_count":0,"_bbp_anonymous_reply_count":0,"_bbp_topic_count_hidden":0,"_bbp_reply_count_hidden":0,"_bbp_forum_subforum_count":0,"site-sidebar-layout":"default","site-content-layout":"","ast-site-content-layout":"","site-content-style":"default","site-sidebar-style":"default","ast-global-header-display":"","ast-banner-title-visibility":"","ast-main-header-display":"","ast-hfb-above-header-display":"","ast-hfb-below-header-display":"","ast-hfb-mobile-header-display":"","site-post-title":"","ast-breadcrumbs-content":"","ast-featured-img":"","footer-sml-layout":"","theme-transparent-header-meta":"","adv-header-id-meta":"","stick-header-meta":"","header-above-stick-meta":"","header-main-stick-meta":"","header-below-stick-meta":"","astra-migrate-meta-layouts":"default","ast-page-background-enabled":"default","ast-page-background-meta":{"desktop":{"background-color":"var(--ast-global-color-4)","background-image":"","background-repeat":"repeat","background-position":"center center","background-size":"auto","background-attachment":"scroll","background-type":"","background-media":"","overlay-type":"","overlay-color":"","overlay-opacity":"","overlay-gradient":""},"tablet":{"background-color":"","background-image":"","background-repeat":"repeat","background-position":"center center","background-size":"auto","background-attachment":"scroll","background-type":"","background-media":"","overlay-type":"","overlay-color":"","overlay-opacity":"","overlay-gradient":""},"mobile":{"background-color":"","background-image":"","background-repeat":"repeat","background-position":"center center","background-size":"auto","background-attachment":"scroll","background-type":"","background-media":"","overlay-type":"","overlay-color":"","overlay-opacity":"","overlay-gradient":""}},"ast-content-background-meta":{"desktop":{"background-color":"var(--ast-global-color-5)","background-image":"","background-repeat":"repeat","background-position":"center center","background-size":"auto","background-attachment":"scroll","background-type":"","background-media":"","overlay-type":"","overlay-color":"","overlay-opacity":"","overlay-gradient":""},"tablet":{"background-color":"var(--ast-global-color-5)","background-image":"","background-repeat":"repeat","background-position":"center center","background-size":"auto","background-attachment":"scroll","background-type":"","background-media":"","overlay-type":"","overlay-color":"","overlay-opacity":"","overlay-gradient":""},"mobile":{"background-color":"var(--ast-global-color-5)","background-image":"","background-repeat":"repeat","background-position":"center center","background-size":"auto","background-attachment":"scroll","background-type":"","background-media":"","overlay-type":"","overlay-color":"","overlay-opacity":"","overlay-gradient":""}},"footnotes":""},"class_list":["post-1623","page","type-page","status-publish","hentry"],"post_mailing_queue_ids":[],"_links":{"self":[{"href":"https:\/\/agora.xtec.cat\/escolarubioiors\/wp-json\/wp\/v2\/pages\/1623","targetHints":{"allow":["GET"]}}],"collection":[{"href":"https:\/\/agora.xtec.cat\/escolarubioiors\/wp-json\/wp\/v2\/pages"}],"about":[{"href":"https:\/\/agora.xtec.cat\/escolarubioiors\/wp-json\/wp\/v2\/types\/page"}],"author":[{"embeddable":true,"href":"https:\/\/agora.xtec.cat\/escolarubioiors\/wp-json\/wp\/v2\/users\/1"}],"replies":[{"embeddable":true,"href":"https:\/\/agora.xtec.cat\/escolarubioiors\/wp-json\/wp\/v2\/comments?post=1623"}],"version-history":[{"count":7,"href":"https:\/\/agora.xtec.cat\/escolarubioiors\/wp-json\/wp\/v2\/pages\/1623\/revisions"}],"predecessor-version":[{"id":1748,"href":"https:\/\/agora.xtec.cat\/escolarubioiors\/wp-json\/wp\/v2\/pages\/1623\/revisions\/1748"}],"up":[{"embeddable":true,"href":"https:\/\/agora.xtec.cat\/escolarubioiors\/wp-json\/wp\/v2\/pages\/1619"}],"wp:attachment":[{"href":"https:\/\/agora.xtec.cat\/escolarubioiors\/wp-json\/wp\/v2\/media?parent=1623"}],"curies":[{"name":"wp","href":"https:\/\/api.w.org\/{rel}","templated":true}]}}