{"id":1218,"date":"2023-05-24T10:19:17","date_gmt":"2023-05-24T08:19:17","guid":{"rendered":"https:\/\/agora.xtec.cat\/escolarubioiors\/?page_id=1218"},"modified":"2023-06-16T13:06:02","modified_gmt":"2023-06-16T11:06:02","slug":"planificacio-i-seguiment","status":"publish","type":"page","link":"https:\/\/agora.xtec.cat\/escolarubioiors\/projecte-educatiu\/estrategia-digital-de-centre\/estrategia-digital\/planificacio-i-seguiment\/","title":{"rendered":"Planificaci\u00f3, avaluaci\u00f3 i seguiment"},"content":{"rendered":"<p>Entenem per planificaci\u00f3 l&#8217;organitzaci\u00f3 i seguiment d&#8217;aquelles actuacions destinades a assolir els objectius que h\u00e0gim determinat en l&#8217;apartat anterior. La planificaci\u00f3 \u00e9s una tasca necess\u00e0ria per aconseguir avan\u00e7ar cap als objectius que ens hem marcat i que es pot dur a terme dins la\u00a0<strong>Comissi\u00f3 d&#8217;Estrat\u00e8gia Digital de Centre.<\/strong><\/p>\n<p>Un cop es comen\u00e7a a implementar l&#8217;EDC \u00e9s molt important fer un seguiment de les activitats planificades. Existeixen moltes opcions per fer aquest seguiment i al nostre centre, primer es realitzar\u00e0 l&#8217;avaluaci\u00f3 de les activitats planificades i establir accions de millora.<\/p>\n<p>&nbsp;<\/p>\n<p><img loading=\"lazy\" decoding=\"async\" class=\"size-large aligncenter\" src=\"https:\/\/projectes.xtec.cat\/edc-suport\/wp-content\/uploads\/usu2435\/2021\/03\/edc6-768x444.jpg\" width=\"768\" height=\"444\" \/><\/p>\n<p>&nbsp;<\/p>\n<p><a href=\"https:\/\/agora.xtec.cat\/escolarubioiors\/wp-content\/uploads\/usu2134\/2023\/06\/Captura-de-pantalla-2023-06-02-130717.png\"><img loading=\"lazy\" decoding=\"async\" class=\"wp-image-1261 aligncenter\" src=\"https:\/\/agora.xtec.cat\/escolarubioiors\/wp-content\/uploads\/usu2134\/2023\/06\/Captura-de-pantalla-2023-06-02-130717.png\" alt=\"\" width=\"977\" height=\"691\" srcset=\"https:\/\/agora.xtec.cat\/escolarubioiors\/wp-content\/uploads\/usu2134\/2023\/06\/Captura-de-pantalla-2023-06-02-130717.png 850w, https:\/\/agora.xtec.cat\/escolarubioiors\/wp-content\/uploads\/usu2134\/2023\/06\/Captura-de-pantalla-2023-06-02-130717-300x212.png 300w, https:\/\/agora.xtec.cat\/escolarubioiors\/wp-content\/uploads\/usu2134\/2023\/06\/Captura-de-pantalla-2023-06-02-130717-768x543.png 768w\" sizes=\"auto, (max-width: 977px) 100vw, 977px\" \/><\/a><\/p>\n<p><a href=\"https:\/\/docs.google.com\/spreadsheets\/d\/1TwC9HYjxL3JBhXvUqUBNvIVZQlfSTnJVpk3AsDoQVg8\/edit\">OBJECTIUS I ACTIVITATS DE L\u2019ESTRAT\u00c8GIA DIGITAL DE CENTRE<\/a><\/p>\n","protected":false},"excerpt":{"rendered":"<p>Entenem per planificaci\u00f3 l&#8217;organitzaci\u00f3 i seguiment d&#8217;aquelles actuacions destinades a assolir els objectius que h\u00e0gim determinat en l&#8217;apartat anterior. La planificaci\u00f3 \u00e9s una tasca necess\u00e0ria per aconseguir avan\u00e7ar cap als objectius que ens hem marcat i que es pot dur a terme dins la\u00a0Comissi\u00f3 d&#8217;Estrat\u00e8gia Digital de Centre. Un cop es comen\u00e7a a implementar l&#8217;EDC [&hellip;]<\/p>\n","protected":false},"author":1,"featured_media":0,"parent":1164,"menu_order":0,"comment_status":"closed","ping_status":"closed","template":"","meta":{"_bbp_topic_count":0,"_bbp_reply_count":0,"_bbp_total_topic_count":0,"_bbp_total_reply_count":0,"_bbp_voice_count":0,"_bbp_anonymous_reply_count":0,"_bbp_topic_count_hidden":0,"_bbp_reply_count_hidden":0,"_bbp_forum_subforum_count":0,"site-sidebar-layout":"default","site-content-layout":"","ast-site-content-layout":"","site-content-style":"default","site-sidebar-style":"default","ast-global-header-display":"","ast-banner-title-visibility":"","ast-main-header-display":"","ast-hfb-above-header-display":"","ast-hfb-below-header-display":"","ast-hfb-mobile-header-display":"","site-post-title":"","ast-breadcrumbs-content":"","ast-featured-img":"","footer-sml-layout":"","theme-transparent-header-meta":"","adv-header-id-meta":"","stick-header-meta":"","header-above-stick-meta":"","header-main-stick-meta":"","header-below-stick-meta":"","astra-migrate-meta-layouts":"default","ast-page-background-enabled":"default","ast-page-background-meta":{"desktop":{"background-color":"var(--ast-global-color-4)","background-image":"","background-repeat":"repeat","background-position":"center center","background-size":"auto","background-attachment":"scroll","background-type":"","background-media":"","overlay-type":"","overlay-color":"","overlay-opacity":"","overlay-gradient":""},"tablet":{"background-color":"","background-image":"","background-repeat":"repeat","background-position":"center center","background-size":"auto","background-attachment":"scroll","background-type":"","background-media":"","overlay-type":"","overlay-color":"","overlay-opacity":"","overlay-gradient":""},"mobile":{"background-color":"","background-image":"","background-repeat":"repeat","background-position":"center center","background-size":"auto","background-attachment":"scroll","background-type":"","background-media":"","overlay-type":"","overlay-color":"","overlay-opacity":"","overlay-gradient":""}},"ast-content-background-meta":{"desktop":{"background-color":"var(--ast-global-color-5)","background-image":"","background-repeat":"repeat","background-position":"center center","background-size":"auto","background-attachment":"scroll","background-type":"","background-media":"","overlay-type":"","overlay-color":"","overlay-opacity":"","overlay-gradient":""},"tablet":{"background-color":"var(--ast-global-color-5)","background-image":"","background-repeat":"repeat","background-position":"center center","background-size":"auto","background-attachment":"scroll","background-type":"","background-media":"","overlay-type":"","overlay-color":"","overlay-opacity":"","overlay-gradient":""},"mobile":{"background-color":"var(--ast-global-color-5)","background-image":"","background-repeat":"repeat","background-position":"center center","background-size":"auto","background-attachment":"scroll","background-type":"","background-media":"","overlay-type":"","overlay-color":"","overlay-opacity":"","overlay-gradient":""}},"footnotes":""},"class_list":["post-1218","page","type-page","status-publish","hentry"],"post_mailing_queue_ids":[],"_links":{"self":[{"href":"https:\/\/agora.xtec.cat\/escolarubioiors\/wp-json\/wp\/v2\/pages\/1218","targetHints":{"allow":["GET"]}}],"collection":[{"href":"https:\/\/agora.xtec.cat\/escolarubioiors\/wp-json\/wp\/v2\/pages"}],"about":[{"href":"https:\/\/agora.xtec.cat\/escolarubioiors\/wp-json\/wp\/v2\/types\/page"}],"author":[{"embeddable":true,"href":"https:\/\/agora.xtec.cat\/escolarubioiors\/wp-json\/wp\/v2\/users\/1"}],"replies":[{"embeddable":true,"href":"https:\/\/agora.xtec.cat\/escolarubioiors\/wp-json\/wp\/v2\/comments?post=1218"}],"version-history":[{"count":3,"href":"https:\/\/agora.xtec.cat\/escolarubioiors\/wp-json\/wp\/v2\/pages\/1218\/revisions"}],"predecessor-version":[{"id":1291,"href":"https:\/\/agora.xtec.cat\/escolarubioiors\/wp-json\/wp\/v2\/pages\/1218\/revisions\/1291"}],"up":[{"embeddable":true,"href":"https:\/\/agora.xtec.cat\/escolarubioiors\/wp-json\/wp\/v2\/pages\/1164"}],"wp:attachment":[{"href":"https:\/\/agora.xtec.cat\/escolarubioiors\/wp-json\/wp\/v2\/media?parent=1218"}],"curies":[{"name":"wp","href":"https:\/\/api.w.org\/{rel}","templated":true}]}}