{"id":1152,"date":"2023-05-12T11:55:31","date_gmt":"2023-05-12T09:55:31","guid":{"rendered":"https:\/\/agora.xtec.cat\/escolarubioiors\/?page_id=1152"},"modified":"2026-03-06T19:08:53","modified_gmt":"2026-03-06T18:08:53","slug":"estrategia-digital-de-centre","status":"publish","type":"page","link":"https:\/\/agora.xtec.cat\/escolarubioiors\/projecte-educatiu\/estrategia-digital-de-centre\/","title":{"rendered":"Estrat\u00e8gia digital de centre"},"content":{"rendered":"<p style=\"text-align: justify;\"><span class=\"C9DxTc \">Tenint en compte l\u2019evoluci\u00f3 del context social i tecnol\u00f2gic, durant els darrers anys s&#8217;ha fet una aposta clara per la digitalitzaci\u00f3 i per la incorporaci\u00f3 de les tecnologies en els processos d&#8217;ensenyament-aprenentatge.\u00a0<\/span><span class=\"C9DxTc \">Les tecnologies formen part del nostre dia a dia i cal utilitzar-les amb criteri pedag\u00f2gic. L\u2019<\/span><span class=\"C9DxTc \">Estrat\u00e8gia Digital de Centre<\/span><span class=\"C9DxTc \">\u00a0(<\/span><span class=\"C9DxTc \">EDC<\/span><span class=\"C9DxTc \">) \u00e9s un document que recull totes les accions que es realitzen al centre, i les que es realitzaran a mitj\u00e0 termini, per aconseguir la m\u00e0xima compet\u00e8ncia digital de l\u2019alumnat, del professorat i del centre educatiu.<\/span><\/p>\n<p style=\"text-align: justify;\">Podeu consultar la nostra EDC fent clic a l&#8217;enlla\u00e7 <a href=\"https:\/\/sites.google.com\/view\/edcrubioiors\/inicio\">Estrat\u00e8gia digital de centre (EDC)<\/a>.<\/p>\n","protected":false},"excerpt":{"rendered":"<p>Tenint en compte l\u2019evoluci\u00f3 del context social i tecnol\u00f2gic, durant els darrers anys s&#8217;ha fet una aposta clara per la digitalitzaci\u00f3 i per la incorporaci\u00f3 de les tecnologies en els processos d&#8217;ensenyament-aprenentatge.\u00a0Les tecnologies formen part del nostre dia a dia i cal utilitzar-les amb criteri pedag\u00f2gic. L\u2019Estrat\u00e8gia Digital de Centre\u00a0(EDC) \u00e9s un document que recull [&hellip;]<\/p>\n","protected":false},"author":1,"featured_media":0,"parent":64,"menu_order":0,"comment_status":"closed","ping_status":"closed","template":"","meta":{"_bbp_topic_count":0,"_bbp_reply_count":0,"_bbp_total_topic_count":0,"_bbp_total_reply_count":0,"_bbp_voice_count":0,"_bbp_anonymous_reply_count":0,"_bbp_topic_count_hidden":0,"_bbp_reply_count_hidden":0,"_bbp_forum_subforum_count":0,"site-sidebar-layout":"default","site-content-layout":"","ast-site-content-layout":"default","site-content-style":"default","site-sidebar-style":"default","ast-global-header-display":"","ast-banner-title-visibility":"","ast-main-header-display":"","ast-hfb-above-header-display":"","ast-hfb-below-header-display":"","ast-hfb-mobile-header-display":"","site-post-title":"","ast-breadcrumbs-content":"","ast-featured-img":"","footer-sml-layout":"","theme-transparent-header-meta":"default","adv-header-id-meta":"","stick-header-meta":"","header-above-stick-meta":"","header-main-stick-meta":"","header-below-stick-meta":"","astra-migrate-meta-layouts":"set","ast-page-background-enabled":"default","ast-page-background-meta":{"desktop":{"background-color":"var(--ast-global-color-4)","background-image":"","background-repeat":"repeat","background-position":"center center","background-size":"auto","background-attachment":"scroll","background-type":"","background-media":"","overlay-type":"","overlay-color":"","overlay-opacity":"","overlay-gradient":""},"tablet":{"background-color":"","background-image":"","background-repeat":"repeat","background-position":"center center","background-size":"auto","background-attachment":"scroll","background-type":"","background-media":"","overlay-type":"","overlay-color":"","overlay-opacity":"","overlay-gradient":""},"mobile":{"background-color":"","background-image":"","background-repeat":"repeat","background-position":"center center","background-size":"auto","background-attachment":"scroll","background-type":"","background-media":"","overlay-type":"","overlay-color":"","overlay-opacity":"","overlay-gradient":""}},"ast-content-background-meta":{"desktop":{"background-color":"var(--ast-global-color-5)","background-image":"","background-repeat":"repeat","background-position":"center center","background-size":"auto","background-attachment":"scroll","background-type":"","background-media":"","overlay-type":"","overlay-color":"","overlay-opacity":"","overlay-gradient":""},"tablet":{"background-color":"var(--ast-global-color-5)","background-image":"","background-repeat":"repeat","background-position":"center center","background-size":"auto","background-attachment":"scroll","background-type":"","background-media":"","overlay-type":"","overlay-color":"","overlay-opacity":"","overlay-gradient":""},"mobile":{"background-color":"var(--ast-global-color-5)","background-image":"","background-repeat":"repeat","background-position":"center center","background-size":"auto","background-attachment":"scroll","background-type":"","background-media":"","overlay-type":"","overlay-color":"","overlay-opacity":"","overlay-gradient":""}},"footnotes":""},"class_list":["post-1152","page","type-page","status-publish","hentry"],"post_mailing_queue_ids":[],"_links":{"self":[{"href":"https:\/\/agora.xtec.cat\/escolarubioiors\/wp-json\/wp\/v2\/pages\/1152","targetHints":{"allow":["GET"]}}],"collection":[{"href":"https:\/\/agora.xtec.cat\/escolarubioiors\/wp-json\/wp\/v2\/pages"}],"about":[{"href":"https:\/\/agora.xtec.cat\/escolarubioiors\/wp-json\/wp\/v2\/types\/page"}],"author":[{"embeddable":true,"href":"https:\/\/agora.xtec.cat\/escolarubioiors\/wp-json\/wp\/v2\/users\/1"}],"replies":[{"embeddable":true,"href":"https:\/\/agora.xtec.cat\/escolarubioiors\/wp-json\/wp\/v2\/comments?post=1152"}],"version-history":[{"count":5,"href":"https:\/\/agora.xtec.cat\/escolarubioiors\/wp-json\/wp\/v2\/pages\/1152\/revisions"}],"predecessor-version":[{"id":2064,"href":"https:\/\/agora.xtec.cat\/escolarubioiors\/wp-json\/wp\/v2\/pages\/1152\/revisions\/2064"}],"up":[{"embeddable":true,"href":"https:\/\/agora.xtec.cat\/escolarubioiors\/wp-json\/wp\/v2\/pages\/64"}],"wp:attachment":[{"href":"https:\/\/agora.xtec.cat\/escolarubioiors\/wp-json\/wp\/v2\/media?parent=1152"}],"curies":[{"name":"wp","href":"https:\/\/api.w.org\/{rel}","templated":true}]}}