{"id":1105,"date":"2023-04-03T08:53:42","date_gmt":"2023-04-03T06:53:42","guid":{"rendered":"https:\/\/agora.xtec.cat\/escolarubioiors\/?page_id=1105"},"modified":"2026-03-06T19:17:52","modified_gmt":"2026-03-06T18:17:52","slug":"dia-mundial-de-lart","status":"publish","type":"page","link":"https:\/\/agora.xtec.cat\/escolarubioiors\/dia-mundial-de-lart\/","title":{"rendered":"Dia Mundial de l&#8217;ART"},"content":{"rendered":"<p data-start=\"96\" data-end=\"312\">La nostra escola aposta per <strong data-start=\"124\" data-end=\"184\">un projecte educatiu amb una forta pres\u00e8ncia de les arts<\/strong>. Per aquest motiu, cada any celebrem el <strong data-start=\"225\" data-end=\"249\">Dia Mundial de l\u2019Art<\/strong> amb un projecte art\u00edstic que implica tot l\u2019alumnat del centre.<\/p>\n<p data-start=\"314\" data-end=\"614\">Al llarg del curs, els infants participen en <strong data-start=\"359\" data-end=\"410\">processos de creaci\u00f3 i experimentaci\u00f3 art\u00edstica<\/strong> que culminen amb una mostra final que es presenta coincidint amb aquesta celebraci\u00f3. Cada any el projecte \u00e9s diferent i ens permet <strong data-start=\"542\" data-end=\"613\">explorar noves formes d\u2019expressi\u00f3, creativitat i treball col\u00b7lectiu<\/strong>.<\/p>\n<p data-start=\"616\" data-end=\"782\">El <strong data-start=\"619\" data-end=\"643\">Dia Mundial de l\u2019Art<\/strong> esdev\u00e9 aix\u00ed un moment especial per <strong data-start=\"679\" data-end=\"719\">compartir amb la comunitat educativa<\/strong> el talent, les idees i la mirada art\u00edstica del nostre alumnat.<\/p>\n","protected":false},"excerpt":{"rendered":"<p>La nostra escola aposta per un projecte educatiu amb una forta pres\u00e8ncia de les arts. Per aquest motiu, cada any celebrem el Dia Mundial de l\u2019Art amb un projecte art\u00edstic que implica tot l\u2019alumnat del centre. Al llarg del curs, els infants participen en processos de creaci\u00f3 i experimentaci\u00f3 art\u00edstica que culminen amb una mostra [&hellip;]<\/p>\n","protected":false},"author":3,"featured_media":0,"parent":0,"menu_order":0,"comment_status":"closed","ping_status":"closed","template":"","meta":{"_bbp_topic_count":0,"_bbp_reply_count":0,"_bbp_total_topic_count":0,"_bbp_total_reply_count":0,"_bbp_voice_count":0,"_bbp_anonymous_reply_count":0,"_bbp_topic_count_hidden":0,"_bbp_reply_count_hidden":0,"_bbp_forum_subforum_count":0,"site-sidebar-layout":"default","site-content-layout":"","ast-site-content-layout":"default","site-content-style":"default","site-sidebar-style":"default","ast-global-header-display":"","ast-banner-title-visibility":"","ast-main-header-display":"","ast-hfb-above-header-display":"","ast-hfb-below-header-display":"","ast-hfb-mobile-header-display":"","site-post-title":"","ast-breadcrumbs-content":"","ast-featured-img":"","footer-sml-layout":"","theme-transparent-header-meta":"default","adv-header-id-meta":"","stick-header-meta":"","header-above-stick-meta":"","header-main-stick-meta":"","header-below-stick-meta":"","astra-migrate-meta-layouts":"set","ast-page-background-enabled":"default","ast-page-background-meta":{"desktop":{"background-color":"var(--ast-global-color-4)","background-image":"","background-repeat":"repeat","background-position":"center center","background-size":"auto","background-attachment":"scroll","background-type":"","background-media":"","overlay-type":"","overlay-color":"","overlay-opacity":"","overlay-gradient":""},"tablet":{"background-color":"","background-image":"","background-repeat":"repeat","background-position":"center center","background-size":"auto","background-attachment":"scroll","background-type":"","background-media":"","overlay-type":"","overlay-color":"","overlay-opacity":"","overlay-gradient":""},"mobile":{"background-color":"","background-image":"","background-repeat":"repeat","background-position":"center center","background-size":"auto","background-attachment":"scroll","background-type":"","background-media":"","overlay-type":"","overlay-color":"","overlay-opacity":"","overlay-gradient":""}},"ast-content-background-meta":{"desktop":{"background-color":"var(--ast-global-color-5)","background-image":"","background-repeat":"repeat","background-position":"center center","background-size":"auto","background-attachment":"scroll","background-type":"","background-media":"","overlay-type":"","overlay-color":"","overlay-opacity":"","overlay-gradient":""},"tablet":{"background-color":"var(--ast-global-color-5)","background-image":"","background-repeat":"repeat","background-position":"center center","background-size":"auto","background-attachment":"scroll","background-type":"","background-media":"","overlay-type":"","overlay-color":"","overlay-opacity":"","overlay-gradient":""},"mobile":{"background-color":"var(--ast-global-color-5)","background-image":"","background-repeat":"repeat","background-position":"center center","background-size":"auto","background-attachment":"scroll","background-type":"","background-media":"","overlay-type":"","overlay-color":"","overlay-opacity":"","overlay-gradient":""}},"footnotes":""},"class_list":["post-1105","page","type-page","status-publish","hentry"],"post_mailing_queue_ids":[],"_links":{"self":[{"href":"https:\/\/agora.xtec.cat\/escolarubioiors\/wp-json\/wp\/v2\/pages\/1105","targetHints":{"allow":["GET"]}}],"collection":[{"href":"https:\/\/agora.xtec.cat\/escolarubioiors\/wp-json\/wp\/v2\/pages"}],"about":[{"href":"https:\/\/agora.xtec.cat\/escolarubioiors\/wp-json\/wp\/v2\/types\/page"}],"author":[{"embeddable":true,"href":"https:\/\/agora.xtec.cat\/escolarubioiors\/wp-json\/wp\/v2\/users\/3"}],"replies":[{"embeddable":true,"href":"https:\/\/agora.xtec.cat\/escolarubioiors\/wp-json\/wp\/v2\/comments?post=1105"}],"version-history":[{"count":2,"href":"https:\/\/agora.xtec.cat\/escolarubioiors\/wp-json\/wp\/v2\/pages\/1105\/revisions"}],"predecessor-version":[{"id":2069,"href":"https:\/\/agora.xtec.cat\/escolarubioiors\/wp-json\/wp\/v2\/pages\/1105\/revisions\/2069"}],"wp:attachment":[{"href":"https:\/\/agora.xtec.cat\/escolarubioiors\/wp-json\/wp\/v2\/media?parent=1105"}],"curies":[{"name":"wp","href":"https:\/\/api.w.org\/{rel}","templated":true}]}}