{"id":1099,"date":"2023-04-03T08:44:58","date_gmt":"2023-04-03T06:44:58","guid":{"rendered":"https:\/\/agora.xtec.cat\/escolarubioiors\/?page_id=1099"},"modified":"2025-03-26T11:03:58","modified_gmt":"2025-03-26T10:03:58","slug":"llavors","status":"publish","type":"page","link":"https:\/\/agora.xtec.cat\/escolarubioiors\/dia-mundial-de-lart\/llavors\/","title":{"rendered":"LLAVORS&#8230;"},"content":{"rendered":"<pre><em><strong>                                               <iframe loading=\"lazy\" src=\"\/\/www.youtube.com\/embed\/Ls8FRoNjtT0\" width=\"560\" height=\"314\" allowfullscreen=\"allowfullscreen\"><\/iframe> ______ <\/strong><\/em><\/pre>\n<pre><em><strong>\r\n18\/04\/2023<\/strong><\/em>\r\n\r\n<\/pre>\n<p>Impacte medi\u00e0tic de l&#8217;espectacle: som portada en dues publicacions de premsa.<\/p>\n<p><a href=\"https:\/\/agora.xtec.cat\/escolarubioiors\/wp-content\/uploads\/usu2134\/2023\/04\/Colorful-Photo-Rainbow-Facebook-Cover.png\"><img loading=\"lazy\" decoding=\"async\" class=\"aligncenter wp-image-1139\" src=\"https:\/\/agora.xtec.cat\/escolarubioiors\/wp-content\/uploads\/usu2134\/2023\/04\/Colorful-Photo-Rainbow-Facebook-Cover-1024x577.png\" alt=\"\" width=\"786\" height=\"443\" srcset=\"https:\/\/agora.xtec.cat\/escolarubioiors\/wp-content\/uploads\/usu2134\/2023\/04\/Colorful-Photo-Rainbow-Facebook-Cover-1024x577.png 1024w, https:\/\/agora.xtec.cat\/escolarubioiors\/wp-content\/uploads\/usu2134\/2023\/04\/Colorful-Photo-Rainbow-Facebook-Cover-300x169.png 300w, https:\/\/agora.xtec.cat\/escolarubioiors\/wp-content\/uploads\/usu2134\/2023\/04\/Colorful-Photo-Rainbow-Facebook-Cover-768x433.png 768w, https:\/\/agora.xtec.cat\/escolarubioiors\/wp-content\/uploads\/usu2134\/2023\/04\/Colorful-Photo-Rainbow-Facebook-Cover-1536x865.png 1536w, https:\/\/agora.xtec.cat\/escolarubioiors\/wp-content\/uploads\/usu2134\/2023\/04\/Colorful-Photo-Rainbow-Facebook-Cover.png 1640w\" sizes=\"auto, (max-width: 786px) 100vw, 786px\" \/><\/a><em><strong><br \/>\n__________<br \/>\n<\/strong><\/em><\/p>\n<pre><em><strong>\r\n17\/04\/2023<\/strong><\/em>\r\n\r\n<\/pre>\n<p>Realitzaci\u00f3 de l&#8217;espectacle<strong> LLAVORS&#8230;<\/strong> a la Pla\u00e7a del Mercadal amb una gran assist\u00e8ncia i impacte als mitjans.<\/p>\n<p style=\"text-align: center;\"><iframe loading=\"lazy\" src=\"\/\/www.youtube.com\/embed\/Ls8FRoNjtT0\" width=\"560\" height=\"314\" allowfullscreen=\"allowfullscreen\"><\/iframe><\/p>\n<p>&nbsp;<\/p>\n<p><a href=\"http:\/\/https:\/\/youtu.be\/Ls8FRoNjtT0\">Espectacle LLAVORS&#8230;<\/a><\/p>\n<p>&nbsp;<\/p>\n<pre><em><strong>\r\n__________ <\/strong><\/em><\/pre>\n<pre><em><strong>\r\n17\/04\/2023<\/strong><\/em>\r\n\r\n<\/pre>\n<p>Entrega institucional per part de l&#8217;Escola Rubi\u00f3 i Ors del &#8220;Manifest per una ciutat m\u00e9s verda i amb m\u00e9s vida&#8221;.<\/p>\n<p><strong><a href=\"https:\/\/drive.google.com\/file\/d\/1QE7cohSsIoQitpbFRj380GoA6CJz0ydN\/view?usp=sharing\" target=\"_blank\" rel=\"noopener\">ENLLA\u00c7 al MANIFEST\u00a0<\/a><\/strong><em>(Escola Rubi\u00f3 i Ors)<\/em><\/p>\n<p><a href=\"https:\/\/drive.google.com\/file\/d\/1QE7cohSsIoQitpbFRj380GoA6CJz0ydN\/view?usp=sharing\" target=\"_blank\" rel=\"noopener\"><img loading=\"lazy\" decoding=\"async\" class=\"aligncenter wp-image-1124 size-large\" src=\"https:\/\/agora.xtec.cat\/escolarubioiors\/wp-content\/uploads\/usu2134\/2023\/04\/MANIFEST-PER\u20262-e1681684564475-1024x701.png\" alt=\"\" width=\"1024\" height=\"701\" srcset=\"https:\/\/agora.xtec.cat\/escolarubioiors\/wp-content\/uploads\/usu2134\/2023\/04\/MANIFEST-PER\u20262-e1681684564475-1024x701.png 1024w, https:\/\/agora.xtec.cat\/escolarubioiors\/wp-content\/uploads\/usu2134\/2023\/04\/MANIFEST-PER\u20262-e1681684564475-300x205.png 300w, https:\/\/agora.xtec.cat\/escolarubioiors\/wp-content\/uploads\/usu2134\/2023\/04\/MANIFEST-PER\u20262-e1681684564475-768x526.png 768w, https:\/\/agora.xtec.cat\/escolarubioiors\/wp-content\/uploads\/usu2134\/2023\/04\/MANIFEST-PER\u20262-e1681684564475-1536x1052.png 1536w, https:\/\/agora.xtec.cat\/escolarubioiors\/wp-content\/uploads\/usu2134\/2023\/04\/MANIFEST-PER\u20262-e1681684564475-2048x1403.png 2048w\" sizes=\"auto, (max-width: 1024px) 100vw, 1024px\" \/><\/a><\/p>\n<p><strong><a href=\"https:\/\/drive.google.com\/file\/d\/12VX4oT6RHVtXi4ot1jukm0hCL9CzTqhG\/view?usp=sharing\" target=\"_blank\" rel=\"noopener\">AGRA\u00cfMENTS<\/a><\/strong><\/p>\n<pre><em><strong>__________\r\n\r\n12\/04\/2023<\/strong><\/em>\r\n\r\n<\/pre>\n<p>Dimecres 12 d&#8217;abril de 2023, el diari digital reusdigital.cat publica un article en relaci\u00f3 amb la performance Llavors, Art &#8220;per un Reus m\u00e9s verd&#8221; des de l&#8217;escola Rubi\u00f3 i Ors.<\/p>\n<p><strong><a href=\"https:\/\/www.reusdigital.cat\/noticia\/98630\/performance-mercadal-escola-rubio-i-ors-reus#.ZDbqvFscjds.whatsapp\" target=\"_blank\" rel=\"noopener\">ENLLA\u00c7 a la Not\u00edcia <\/a><\/strong><em>(<a href=\"https:\/\/www.reusdigital.cat\" target=\"_blank\" rel=\"noopener\">reusdigital.cat<\/a>)<\/em><\/p>\n<pre><em><strong>\r\n<a href=\"https:\/\/www.reusdigital.cat\/noticia\/98630\/performance-mercadal-escola-rubio-i-ors-reus#.ZDbqvFscjds.whatsapp\" target=\"_blank\" rel=\"noopener\"><img loading=\"lazy\" decoding=\"async\" class=\"aligncenter wp-image-1121\" src=\"https:\/\/agora.xtec.cat\/escolarubioiors\/wp-content\/uploads\/usu2134\/2023\/04\/rd-1024x958.png\" alt=\"\" width=\"400\" height=\"374\" srcset=\"https:\/\/agora.xtec.cat\/escolarubioiors\/wp-content\/uploads\/usu2134\/2023\/04\/rd-1024x958.png 1024w, https:\/\/agora.xtec.cat\/escolarubioiors\/wp-content\/uploads\/usu2134\/2023\/04\/rd-300x281.png 300w, https:\/\/agora.xtec.cat\/escolarubioiors\/wp-content\/uploads\/usu2134\/2023\/04\/rd-768x718.png 768w, https:\/\/agora.xtec.cat\/escolarubioiors\/wp-content\/uploads\/usu2134\/2023\/04\/rd.png 1210w\" sizes=\"auto, (max-width: 400px) 100vw, 400px\" \/><\/a>__________\r\n\r\n12\/04\/2023<\/strong><\/em>\r\n\r\n<\/pre>\n<p>Dimecres 12 d&#8217;abril de 2023, La GUIA de REUS fa ress\u00f2 de l&#8217;espectacle \u00b4Llavors&#8230;\u00b4 qu\u00e8 es dur\u00e0 a terme el 17 d&#8217;abril.<\/p>\n<p><strong><a href=\"https:\/\/www.laguiadereus.com\/espectacle-llavors-el-17-d-abril\/\" target=\"_blank\" rel=\"noopener\">ENLLA\u00c7 a la Not\u00edcia <\/a><\/strong><em>(La GUIA de REUS)<\/em><\/p>\n<p>&nbsp;<\/p>\n<p><a href=\"https:\/\/www.laguiadereus.com\/espectacle-llavors-el-17-d-abril\/\" target=\"_blank\" rel=\"noopener\"><img loading=\"lazy\" decoding=\"async\" class=\"aligncenter wp-image-1120\" src=\"https:\/\/agora.xtec.cat\/escolarubioiors\/wp-content\/uploads\/usu2134\/2023\/04\/GdR-1024x983.png\" alt=\"\" width=\"330\" height=\"317\" srcset=\"https:\/\/agora.xtec.cat\/escolarubioiors\/wp-content\/uploads\/usu2134\/2023\/04\/GdR-1024x983.png 1024w, https:\/\/agora.xtec.cat\/escolarubioiors\/wp-content\/uploads\/usu2134\/2023\/04\/GdR-300x288.png 300w, https:\/\/agora.xtec.cat\/escolarubioiors\/wp-content\/uploads\/usu2134\/2023\/04\/GdR-768x737.png 768w, https:\/\/agora.xtec.cat\/escolarubioiors\/wp-content\/uploads\/usu2134\/2023\/04\/GdR.png 1104w\" sizes=\"auto, (max-width: 330px) 100vw, 330px\" \/><\/a><\/p>\n<pre><em><strong>__________\r\n\r\n11\/04\/2023<\/strong><\/em>\r\n\r\n<\/pre>\n<p>Dimarts 11 d&#8217;abril de 2023, el Diari de Tarragona proposa l&#8217;espectacle Llavors&#8230; a la seva agenda.<\/p>\n<p><strong><a href=\"https:\/\/drive.google.com\/file\/d\/1tZs5P1UaEiTFgYjWm8-H90mklsnhuzNM\/view?usp=sharing\" target=\"_blank\" rel=\"noopener\">ENLLA\u00c7 a la p\u00e0gina\u00a0<\/a><\/strong><em>(Diari de Tarragona)<\/em><\/p>\n<p>&nbsp;<\/p>\n<p><a href=\"https:\/\/drive.google.com\/file\/d\/1pqzPZn4KwFJYJ16Y70pbxXnj9Y6oa4g5\/view?usp=sharing\" target=\"_blank\" rel=\"noopener\"><img loading=\"lazy\" decoding=\"async\" class=\"aligncenter wp-image-1119\" src=\"https:\/\/agora.xtec.cat\/escolarubioiors\/wp-content\/uploads\/usu2134\/2023\/04\/DdT.png\" alt=\"\" width=\"300\" height=\"308\" srcset=\"https:\/\/agora.xtec.cat\/escolarubioiors\/wp-content\/uploads\/usu2134\/2023\/04\/DdT.png 852w, https:\/\/agora.xtec.cat\/escolarubioiors\/wp-content\/uploads\/usu2134\/2023\/04\/DdT-292x300.png 292w, https:\/\/agora.xtec.cat\/escolarubioiors\/wp-content\/uploads\/usu2134\/2023\/04\/DdT-768x790.png 768w\" sizes=\"auto, (max-width: 300px) 100vw, 300px\" \/><\/a><\/p>\n<p>&nbsp;<\/p>\n<pre><em><strong>__________\r\n\r\n04\/04\/2023<\/strong><\/em>\r\n\r\n<\/pre>\n<p>Dimarts 4 d&#8217;abril de 2023, #LaFurgo amb Miquel Llaberia del programa Carrer Major visita l&#8217;Escola Rubi\u00f3 i Ors per saber-ne m\u00e9s sobre l&#8217;espectacle Llavors&#8230;<\/p>\n<p><strong><a href=\"https:\/\/rctgn.cat\/podcast\/programes\/carrer-major-tarragona\/la-furgo\/directe-espectacle-llavors-de-lescola-rubio-i-ors\/\" target=\"_blank\" rel=\"noopener\">ENLLA\u00c7 a la Not\u00edcia <\/a><\/strong><em>(R\u00e0dio Ciutat de Tarragona)<\/em><\/p>\n<p>&nbsp;<\/p>\n<p style=\"text-align: center;\">\u00a0<iframe loading=\"lazy\" title=\"YouTube video player\" src=\"https:\/\/www.youtube.com\/embed\/pAvB1ctw7gU\" width=\"560\" height=\"315\" frameborder=\"0\" allowfullscreen=\"allowfullscreen\"><\/iframe><\/p>\n","protected":false},"excerpt":{"rendered":"<p>______ 18\/04\/2023 Impacte medi\u00e0tic de l&#8217;espectacle: som portada en dues publicacions de premsa. __________ 17\/04\/2023 Realitzaci\u00f3 de l&#8217;espectacle LLAVORS&#8230; a la Pla\u00e7a del Mercadal amb una gran assist\u00e8ncia i impacte als mitjans. &nbsp; Espectacle LLAVORS&#8230; &nbsp; __________ 17\/04\/2023 Entrega institucional per part de l&#8217;Escola Rubi\u00f3 i Ors del &#8220;Manifest per una ciutat m\u00e9s verda i [&hellip;]<\/p>\n","protected":false},"author":3,"featured_media":0,"parent":1105,"menu_order":0,"comment_status":"closed","ping_status":"closed","template":"page-templates\/side-menu.php","meta":{"_bbp_topic_count":0,"_bbp_reply_count":0,"_bbp_total_topic_count":0,"_bbp_total_reply_count":0,"_bbp_voice_count":0,"_bbp_anonymous_reply_count":0,"_bbp_topic_count_hidden":0,"_bbp_reply_count_hidden":0,"_bbp_forum_subforum_count":0,"site-sidebar-layout":"default","site-content-layout":"","ast-site-content-layout":"","site-content-style":"default","site-sidebar-style":"default","ast-global-header-display":"","ast-banner-title-visibility":"","ast-main-header-display":"","ast-hfb-above-header-display":"","ast-hfb-below-header-display":"","ast-hfb-mobile-header-display":"","site-post-title":"","ast-breadcrumbs-content":"","ast-featured-img":"","footer-sml-layout":"","theme-transparent-header-meta":"","adv-header-id-meta":"","stick-header-meta":"","header-above-stick-meta":"","header-main-stick-meta":"","header-below-stick-meta":"","astra-migrate-meta-layouts":"default","ast-page-background-enabled":"default","ast-page-background-meta":{"desktop":{"background-color":"var(--ast-global-color-4)","background-image":"","background-repeat":"repeat","background-position":"center center","background-size":"auto","background-attachment":"scroll","background-type":"","background-media":"","overlay-type":"","overlay-color":"","overlay-opacity":"","overlay-gradient":""},"tablet":{"background-color":"","background-image":"","background-repeat":"repeat","background-position":"center center","background-size":"auto","background-attachment":"scroll","background-type":"","background-media":"","overlay-type":"","overlay-color":"","overlay-opacity":"","overlay-gradient":""},"mobile":{"background-color":"","background-image":"","background-repeat":"repeat","background-position":"center center","background-size":"auto","background-attachment":"scroll","background-type":"","background-media":"","overlay-type":"","overlay-color":"","overlay-opacity":"","overlay-gradient":""}},"ast-content-background-meta":{"desktop":{"background-color":"var(--ast-global-color-5)","background-image":"","background-repeat":"repeat","background-position":"center center","background-size":"auto","background-attachment":"scroll","background-type":"","background-media":"","overlay-type":"","overlay-color":"","overlay-opacity":"","overlay-gradient":""},"tablet":{"background-color":"var(--ast-global-color-5)","background-image":"","background-repeat":"repeat","background-position":"center center","background-size":"auto","background-attachment":"scroll","background-type":"","background-media":"","overlay-type":"","overlay-color":"","overlay-opacity":"","overlay-gradient":""},"mobile":{"background-color":"var(--ast-global-color-5)","background-image":"","background-repeat":"repeat","background-position":"center center","background-size":"auto","background-attachment":"scroll","background-type":"","background-media":"","overlay-type":"","overlay-color":"","overlay-opacity":"","overlay-gradient":""}},"footnotes":""},"class_list":["post-1099","page","type-page","status-publish","hentry"],"post_mailing_queue_ids":[],"_links":{"self":[{"href":"https:\/\/agora.xtec.cat\/escolarubioiors\/wp-json\/wp\/v2\/pages\/1099","targetHints":{"allow":["GET"]}}],"collection":[{"href":"https:\/\/agora.xtec.cat\/escolarubioiors\/wp-json\/wp\/v2\/pages"}],"about":[{"href":"https:\/\/agora.xtec.cat\/escolarubioiors\/wp-json\/wp\/v2\/types\/page"}],"author":[{"embeddable":true,"href":"https:\/\/agora.xtec.cat\/escolarubioiors\/wp-json\/wp\/v2\/users\/3"}],"replies":[{"embeddable":true,"href":"https:\/\/agora.xtec.cat\/escolarubioiors\/wp-json\/wp\/v2\/comments?post=1099"}],"version-history":[{"count":5,"href":"https:\/\/agora.xtec.cat\/escolarubioiors\/wp-json\/wp\/v2\/pages\/1099\/revisions"}],"predecessor-version":[{"id":1618,"href":"https:\/\/agora.xtec.cat\/escolarubioiors\/wp-json\/wp\/v2\/pages\/1099\/revisions\/1618"}],"up":[{"embeddable":true,"href":"https:\/\/agora.xtec.cat\/escolarubioiors\/wp-json\/wp\/v2\/pages\/1105"}],"wp:attachment":[{"href":"https:\/\/agora.xtec.cat\/escolarubioiors\/wp-json\/wp\/v2\/media?parent=1099"}],"curies":[{"name":"wp","href":"https:\/\/api.w.org\/{rel}","templated":true}]}}