{"id":64,"date":"2014-09-18T12:39:08","date_gmt":"2014-09-18T11:39:08","guid":{"rendered":"http:\/\/agora.xtec.cat\/escolarubendario\/?page_id=64"},"modified":"2023-04-27T08:16:47","modified_gmt":"2023-04-27T06:16:47","slug":"projecte-educatiu","status":"publish","type":"page","link":"https:\/\/agora.xtec.cat\/escolarubendario\/projecte-educatiu\/","title":{"rendered":"Projecte educatiu"},"content":{"rendered":"<p>&nbsp;<\/p>\n<p>L\u2019Escola \u00a0Rub\u00e9n Dar\u00edo, som una escola arrelada al nostre entorn\u00a0 on :<\/p>\n<ul>\n<li>\u00c9s important el\u00a0\u00a0respecte per tota ideologia, amb una actitud tolerant, fomentant\u00a0\u00a0els valors d&#8217;una bona conviv\u00e8ncia.<\/li>\n<li>El Catal\u00e0\u00a0\u00e9s llengua d\u2019aprenentatge i\u00a0 relaci\u00f3,\u00a0dins d\u2019un marc pluriling\u00fce.<\/li>\n<li>Es vetlla\u00a0 pel tracte personalitzat tenint en compte el ritme evolutiu\u00a0 i capacitats de cadasc\u00fa,\u00a0 implicant als alumnes en el seu proc\u00e9s. Es fomenta l\u2019esperit cr\u00edtic, l\u2019actitud curiosa, la comunicaci\u00f3 entre iguals&#8230;<\/li>\n<li>S&#8217;ent\u00e9n l\u2019educaci\u00f3 com un proc\u00e9s d\u2019integral de la persona, on cadasc\u00fa pot desenvolupar les seves capacitats cognitives, f\u00edsiques, socials, art\u00edstiques&#8230;<\/li>\n<li>\u00c9s important el reconeixement amb valor de cadascuna de les realitats que ens donen en el nostre entorn, fomentant aquells valors que faciliten la conviv\u00e8ncia: la toler\u00e0ncia,\u00a0 la responsabilitat, l\u2019esfor\u00e7 personal,\u00a0 la cooperaci\u00f3,&#8230;<\/li>\n<li>Fomentem\u00a0 el tracte igualitari entre els infants<\/li>\n<li>Potenciem el r\u00e8gim participatiu de tota la comunitat educativa.<\/li>\n<\/ul>\n<p><span class=\"ng-scope\"><span class=\"ng-scope\">PILARS PEDAG\u00d2GICS \/ BASES DEL MODEL EDUCATIU:<\/span><\/span><\/p>\n<p>L&#8217;actuaci\u00f3 de l&#8217;equip de mestres es dirigeix cap a la consecuci\u00f3 de donar a cada nen i nena un tracte individualitzat , que s&#8217;adapti al seu ritme evolutiu i que tregui el m\u00e0xim profit de les seves\u00a0 capacitats intel\u00b7lectuals i personals.<\/p>\n<p>L&#8217;escola \u00e9s activa\u00a0 i inclusiva. Basem el nostre treball en el comprom\u00eds de fomentar per part de l&#8217;alumne una actitud curiosa, cr\u00edtica i investigadora i especialment en l\u2019 autoavaluaci\u00f3 de la seva evoluci\u00f3 respecte el seu aprenentatge i creixement personal.<\/p>\n<p>Treballem perqu\u00e8 l&#8217;alumne conegui les seves capacitats i compet\u00e8ncies i com les pot treballar per millorar-les amb l\u2019 ajut dels i les mestres. Creiem molt important crear l\u2019 expectativa d&#8217;arribar a l&#8217;\u00e8xit personal i a aconseguir ser conscients\u00a0 de les fites aconseguides, ja que aix\u00f2 motivar\u00e0 l&#8217;aprenentatge participatiu i assegurar\u00e0 d\u2019 altres aspectes de la personalitat com poden ser l&#8217;equilibri emocional, l&#8217; autoestima i la confian\u00e7a en si mateix.<\/p>\n<p><span class=\"ng-scope\"><span class=\"ng-scope\">OBJECTIUS EDUCATIUS PRIORITARIS:<\/span><\/span><\/p>\n<ul type=\"disc\">\n<li>Aconseguir la formaci\u00f3 integral dels nostres alumnes en els aspectes de: coneixements, conviv\u00e8ncia, formaci\u00f3 en humanitats i educaci\u00f3 f\u00edsica i de salut.<\/li>\n<li>Posar en pr\u00e0ctica una did\u00e0ctica que contempli la diversitat i que permeti atendre les capacitats individuals.<\/li>\n<li>Assolir compet\u00e8ncia comunicativa plena, en el llenguatge oral en les tres lleng\u00fces, com a mitj\u00e0 de realitzaci\u00f3 personal i social<\/li>\n<li>Arribar a aconseguir un clima d\u2019autonomia, de respecte, estudi, treball i gust per la lectura.<\/li>\n<li>Aconseguir que tot l&#8217;alumnat assoleixi les m\u00e0ximes habilitats i capacitats respecte a les compet\u00e8ncies b\u00e0siques i tenint en compte la diversitat de nivells.<\/li>\n<li>Orientar individualment als pares i alumnes que realitzen l\u2019 \u00faltim curs\u00a0 del Cicle Superior de Prim\u00e0ria, per tal d \u2019aconseguir una bona incorporaci\u00f3 a\u00a0 l\u2019E.S.O.<\/li>\n<\/ul>\n<p><span class=\"ng-scope\"><span class=\"ng-scope\">CRITERIS D\u2019ORGANITZACI\u00d3 PEDAG\u00d2GICA:<\/span><\/span><\/p>\n<ul>\n<li>Aules multigrau a l&#8217;etapa d&#8217;Educaci\u00f3 Infantil<\/li>\n<li>Treball per racons a totes les lleng\u00fces (catal\u00e0, castell\u00e0 i angl\u00e8s) i matem\u00e0tiques a Prim\u00e0ria<\/li>\n<li>Treball per projectes a medi natural, social i cultural<\/li>\n<li>Codoc\u00e8ncia<\/li>\n<li>Espais de treball amb diferents propostes a Prim\u00e0ria: cuina, costura, tecnologia i tinkering<\/li>\n<li>Projecte de biblioteca escolar i de gust per la lectura.<\/li>\n<li>Coordinaci\u00f3 amb els Casals i altres entitats de l\u2019entorn.<\/li>\n<li>Hores setmanals per a cercles restauratius i converses liter\u00e0ries.<\/li>\n<\/ul>\n<p><span class=\"ng-scope\"><span class=\"ng-scope\">PROJECTES I ACTIVITATS DESTACADES DEL CENTRE:<\/span><\/span><\/p>\n<ul>\n<li>Projecte de biblioteca escolar i de gust per la lectura.<\/li>\n<li>Estrategia Digital de Centre<\/li>\n<li>Xarxa de Compet\u00e8ncies B\u00e0siques<\/li>\n<li>Coordinaci\u00f3 Llars Infants<\/li>\n<li>Cant\u00e0nia<\/li>\n<li>Grup de Coral<\/li>\n<li>Pla Catal\u00e0 de l\u2019Esport<\/li>\n<li>Piscina a Can Ricart ( C Inicial i 6\u00e8)<\/li>\n<li>Projecte \u00c8xit<\/li>\n<li>Projecte Patrimonia\u2019m<\/li>\n<li>Projectes d\u2019acci\u00f3 Tutorial<\/li>\n<\/ul>\n<p><span class=\"ng-scope\"><span class=\"ng-scope\">\u00c0MBITS DE PARTICIPACI\u00d3 I COL\u00b7LABORACI\u00d3:<\/span><\/span><\/p>\n<ul>\n<li>Participaci\u00f3 en les activitats del Districte ( Mar de Jocs, Joc perdut, Jocs Florals,&#8230;)<\/li>\n<li>Coordinaci\u00f3 amb els casals i entitats del barri.<\/li>\n<li>Coordinaci\u00f3 amb escoles Bressol i\u00a0 Instituts de la zona<\/li>\n<li>Col\u00b7laboraci\u00f3\u00a0 amb el\u00a0 MUHBA en el projecte Patrimonia\u2019m<\/li>\n<li>Col\u00b7laboraci\u00f3 amb l \u2019Escola de M\u00fasics (Coral)<\/li>\n<li>Piscina Can Ricart a 1r, 2n i 6\u00e8<\/li>\n<li>Foment de la Participaci\u00f3 de les fam\u00edlies \u00a0de l\u2019escola (setmana cultural, xerrades, pas a l\u2019ESO, &#8230;)<\/li>\n<li>Participaci\u00f3 dels alumnes mitjan\u00e7ant les Assemblees de Delegats de Classe.<\/li>\n<li>Pla de Barris<\/li>\n<li>Acollida estades formatives<\/li>\n<li>Activitats extraescolars amb AECV i Pla de Barris.<\/li>\n<\/ul>\n<p>&nbsp;<\/p>\n<p>&nbsp;<\/p>\n<p>&nbsp;<\/p>\n","protected":false},"excerpt":{"rendered":"<p>&nbsp; L\u2019Escola \u00a0Rub\u00e9n Dar\u00edo, som una escola arrelada al nostre entorn\u00a0 on : \u00c9s important el\u00a0\u00a0respecte per tota ideologia, amb una actitud tolerant, fomentant\u00a0\u00a0els valors d&#8217;una bona conviv\u00e8ncia. El Catal\u00e0\u00a0\u00e9s llengua d\u2019aprenentatge i\u00a0 relaci\u00f3,\u00a0dins d\u2019un marc pluriling\u00fce. Es vetlla\u00a0 pel tracte personalitzat tenint en compte el ritme evolutiu\u00a0 i capacitats de cadasc\u00fa,\u00a0 implicant als alumnes [&hellip;]<\/p>\n","protected":false},"author":1,"featured_media":0,"parent":0,"menu_order":0,"comment_status":"closed","ping_status":"closed","template":"page-templates\/side-menu.php","meta":{"_bbp_topic_count":0,"_bbp_reply_count":0,"_bbp_total_topic_count":0,"_bbp_total_reply_count":0,"_bbp_voice_count":0,"_bbp_anonymous_reply_count":0,"_bbp_topic_count_hidden":0,"_bbp_reply_count_hidden":0,"_bbp_forum_subforum_count":0,"site-sidebar-layout":"default","site-content-layout":"","ast-site-content-layout":"","site-content-style":"default","site-sidebar-style":"default","ast-global-header-display":"","ast-banner-title-visibility":"","ast-main-header-display":"","ast-hfb-above-header-display":"","ast-hfb-below-header-display":"","ast-hfb-mobile-header-display":"","site-post-title":"","ast-breadcrumbs-content":"","ast-featured-img":"","footer-sml-layout":"","theme-transparent-header-meta":"","adv-header-id-meta":"","stick-header-meta":"","header-above-stick-meta":"","header-main-stick-meta":"","header-below-stick-meta":"","astra-migrate-meta-layouts":"default","ast-page-background-enabled":"default","ast-page-background-meta":{"desktop":{"background-color":"var(--ast-global-color-4)","background-image":"","background-repeat":"repeat","background-position":"center center","background-size":"auto","background-attachment":"scroll","background-type":"","background-media":"","overlay-type":"","overlay-color":"","overlay-opacity":"","overlay-gradient":""},"tablet":{"background-color":"","background-image":"","background-repeat":"repeat","background-position":"center center","background-size":"auto","background-attachment":"scroll","background-type":"","background-media":"","overlay-type":"","overlay-color":"","overlay-opacity":"","overlay-gradient":""},"mobile":{"background-color":"","background-image":"","background-repeat":"repeat","background-position":"center center","background-size":"auto","background-attachment":"scroll","background-type":"","background-media":"","overlay-type":"","overlay-color":"","overlay-opacity":"","overlay-gradient":""}},"ast-content-background-meta":{"desktop":{"background-color":"var(--ast-global-color-5)","background-image":"","background-repeat":"repeat","background-position":"center center","background-size":"auto","background-attachment":"scroll","background-type":"","background-media":"","overlay-type":"","overlay-color":"","overlay-opacity":"","overlay-gradient":""},"tablet":{"background-color":"var(--ast-global-color-5)","background-image":"","background-repeat":"repeat","background-position":"center center","background-size":"auto","background-attachment":"scroll","background-type":"","background-media":"","overlay-type":"","overlay-color":"","overlay-opacity":"","overlay-gradient":""},"mobile":{"background-color":"var(--ast-global-color-5)","background-image":"","background-repeat":"repeat","background-position":"center center","background-size":"auto","background-attachment":"scroll","background-type":"","background-media":"","overlay-type":"","overlay-color":"","overlay-opacity":"","overlay-gradient":""}},"footnotes":""},"class_list":["post-64","page","type-page","status-publish","hentry"],"post_mailing_queue_ids":[],"_links":{"self":[{"href":"https:\/\/agora.xtec.cat\/escolarubendario\/wp-json\/wp\/v2\/pages\/64","targetHints":{"allow":["GET"]}}],"collection":[{"href":"https:\/\/agora.xtec.cat\/escolarubendario\/wp-json\/wp\/v2\/pages"}],"about":[{"href":"https:\/\/agora.xtec.cat\/escolarubendario\/wp-json\/wp\/v2\/types\/page"}],"author":[{"embeddable":true,"href":"https:\/\/agora.xtec.cat\/escolarubendario\/wp-json\/wp\/v2\/users\/1"}],"replies":[{"embeddable":true,"href":"https:\/\/agora.xtec.cat\/escolarubendario\/wp-json\/wp\/v2\/comments?post=64"}],"version-history":[{"count":3,"href":"https:\/\/agora.xtec.cat\/escolarubendario\/wp-json\/wp\/v2\/pages\/64\/revisions"}],"predecessor-version":[{"id":3372,"href":"https:\/\/agora.xtec.cat\/escolarubendario\/wp-json\/wp\/v2\/pages\/64\/revisions\/3372"}],"wp:attachment":[{"href":"https:\/\/agora.xtec.cat\/escolarubendario\/wp-json\/wp\/v2\/media?parent=64"}],"curies":[{"name":"wp","href":"https:\/\/api.w.org\/{rel}","templated":true}]}}