{"id":950,"date":"2018-11-08T22:55:57","date_gmt":"2018-11-08T21:55:57","guid":{"rendered":"http:\/\/agora.xtec.cat\/escolarosercapdevila-terrassa\/?page_id=950"},"modified":"2025-12-11T10:41:30","modified_gmt":"2025-12-11T09:41:30","slug":"horaris-datencio","status":"publish","type":"page","link":"https:\/\/agora.xtec.cat\/escolarosercapdevila-terrassa\/curs-actual-19-20\/horaris-datencio\/","title":{"rendered":"Horaris d&#8217;atenci\u00f3"},"content":{"rendered":"<p><span style=\"color: #008080;\"><strong>Equip directiu<\/strong><\/span><\/p>\n<p>Directora (N\u00faria Gil): dilluns de 15:ooh a 16:30h. Fora d&#8217;aquest horari, visites concertades amb cita pr\u00e8via sempre que sigui possible.<\/p>\n<p>Cap d&#8217;estudis (Jordi Soler): dimecres de 11:30h a 12:30h. Fora d&#8217;aquest horari, visites concertades amb cita pr\u00e8via.<\/p>\n<p>Secret\u00e0ria (Laia Borrego): dimarts de 09:ooh a 10:30h. Fora d&#8217;aquest horari, visites concertades amb cita pr\u00e8via.<\/p>\n<p>&nbsp;<\/p>\n<p><span style=\"color: #008080;\"><strong>Administrativa<\/strong><\/span><\/p>\n<p>L\u00eddia Fern\u00e1ndez: de dilluns a divendres de 09:00h a 16:30 h.<\/p>\n<p>&nbsp;<\/p>\n<p><span style=\"color: #008080;\"><strong>Tutories<\/strong><\/span><\/p>\n<p>Per consultar l&#8217;horari dels tutors i tutores del centre cal anar al men\u00fa general i seleccionar el curs corresponent.<\/p>\n<p><a href=\"https:\/\/agora.xtec.cat\/escolarosercapdevila-terrassa\/wp-content\/uploads\/usu1730\/2020\/03\/Horari-setembre.jpg\"><img loading=\"lazy\" decoding=\"async\" class=\"aligncenter wp-image-2135\" src=\"https:\/\/agora.xtec.cat\/escolarosercapdevila-terrassa\/wp-content\/uploads\/usu1730\/2020\/03\/Horari-setembre.jpg\" alt=\"\" width=\"385\" height=\"245\" srcset=\"https:\/\/agora.xtec.cat\/escolarosercapdevila-terrassa\/wp-content\/uploads\/usu1730\/2020\/03\/Horari-setembre.jpg 518w, https:\/\/agora.xtec.cat\/escolarosercapdevila-terrassa\/wp-content\/uploads\/usu1730\/2020\/03\/Horari-setembre-300x191.jpg 300w\" sizes=\"auto, (max-width: 385px) 100vw, 385px\" \/><\/a><\/p>\n<p>&nbsp;<\/p>\n","protected":false},"excerpt":{"rendered":"<p>Equip directiu Directora (N\u00faria Gil): dilluns de 15:ooh a 16:30h. Fora d&#8217;aquest horari, visites concertades amb cita pr\u00e8via sempre que sigui possible. Cap d&#8217;estudis (Jordi Soler): dimecres de 11:30h a 12:30h. Fora d&#8217;aquest horari, visites concertades amb cita pr\u00e8via. Secret\u00e0ria (Laia Borrego): dimarts de 09:ooh a 10:30h. Fora d&#8217;aquest horari, visites concertades amb cita pr\u00e8via. [&hellip;]<\/p>\n","protected":false},"author":1,"featured_media":0,"parent":1483,"menu_order":50,"comment_status":"closed","ping_status":"closed","template":"","meta":{"_bbp_topic_count":0,"_bbp_reply_count":0,"_bbp_total_topic_count":0,"_bbp_total_reply_count":0,"_bbp_voice_count":0,"_bbp_anonymous_reply_count":0,"_bbp_topic_count_hidden":0,"_bbp_reply_count_hidden":0,"_bbp_forum_subforum_count":0,"site-sidebar-layout":"default","site-content-layout":"","ast-site-content-layout":"default","site-content-style":"default","site-sidebar-style":"default","ast-global-header-display":"","ast-banner-title-visibility":"","ast-main-header-display":"","ast-hfb-above-header-display":"","ast-hfb-below-header-display":"","ast-hfb-mobile-header-display":"","site-post-title":"","ast-breadcrumbs-content":"","ast-featured-img":"","footer-sml-layout":"","theme-transparent-header-meta":"default","adv-header-id-meta":"","stick-header-meta":"","header-above-stick-meta":"","header-main-stick-meta":"","header-below-stick-meta":"","astra-migrate-meta-layouts":"set","ast-page-background-enabled":"default","ast-page-background-meta":{"desktop":{"background-color":"var(--ast-global-color-4)","background-image":"","background-repeat":"repeat","background-position":"center center","background-size":"auto","background-attachment":"scroll","background-type":"","background-media":"","overlay-type":"","overlay-color":"","overlay-opacity":"","overlay-gradient":""},"tablet":{"background-color":"","background-image":"","background-repeat":"repeat","background-position":"center center","background-size":"auto","background-attachment":"scroll","background-type":"","background-media":"","overlay-type":"","overlay-color":"","overlay-opacity":"","overlay-gradient":""},"mobile":{"background-color":"","background-image":"","background-repeat":"repeat","background-position":"center center","background-size":"auto","background-attachment":"scroll","background-type":"","background-media":"","overlay-type":"","overlay-color":"","overlay-opacity":"","overlay-gradient":""}},"ast-content-background-meta":{"desktop":{"background-color":"var(--ast-global-color-5)","background-image":"","background-repeat":"repeat","background-position":"center center","background-size":"auto","background-attachment":"scroll","background-type":"","background-media":"","overlay-type":"","overlay-color":"","overlay-opacity":"","overlay-gradient":""},"tablet":{"background-color":"var(--ast-global-color-5)","background-image":"","background-repeat":"repeat","background-position":"center center","background-size":"auto","background-attachment":"scroll","background-type":"","background-media":"","overlay-type":"","overlay-color":"","overlay-opacity":"","overlay-gradient":""},"mobile":{"background-color":"var(--ast-global-color-5)","background-image":"","background-repeat":"repeat","background-position":"center center","background-size":"auto","background-attachment":"scroll","background-type":"","background-media":"","overlay-type":"","overlay-color":"","overlay-opacity":"","overlay-gradient":""}},"footnotes":""},"class_list":["post-950","page","type-page","status-publish","hentry"],"post_mailing_queue_ids":[],"_links":{"self":[{"href":"https:\/\/agora.xtec.cat\/escolarosercapdevila-terrassa\/wp-json\/wp\/v2\/pages\/950","targetHints":{"allow":["GET"]}}],"collection":[{"href":"https:\/\/agora.xtec.cat\/escolarosercapdevila-terrassa\/wp-json\/wp\/v2\/pages"}],"about":[{"href":"https:\/\/agora.xtec.cat\/escolarosercapdevila-terrassa\/wp-json\/wp\/v2\/types\/page"}],"author":[{"embeddable":true,"href":"https:\/\/agora.xtec.cat\/escolarosercapdevila-terrassa\/wp-json\/wp\/v2\/users\/1"}],"replies":[{"embeddable":true,"href":"https:\/\/agora.xtec.cat\/escolarosercapdevila-terrassa\/wp-json\/wp\/v2\/comments?post=950"}],"version-history":[{"count":6,"href":"https:\/\/agora.xtec.cat\/escolarosercapdevila-terrassa\/wp-json\/wp\/v2\/pages\/950\/revisions"}],"predecessor-version":[{"id":15958,"href":"https:\/\/agora.xtec.cat\/escolarosercapdevila-terrassa\/wp-json\/wp\/v2\/pages\/950\/revisions\/15958"}],"up":[{"embeddable":true,"href":"https:\/\/agora.xtec.cat\/escolarosercapdevila-terrassa\/wp-json\/wp\/v2\/pages\/1483"}],"wp:attachment":[{"href":"https:\/\/agora.xtec.cat\/escolarosercapdevila-terrassa\/wp-json\/wp\/v2\/media?parent=950"}],"curies":[{"name":"wp","href":"https:\/\/api.w.org\/{rel}","templated":true}]}}