{"id":73,"date":"2014-09-18T14:01:51","date_gmt":"2014-09-18T13:01:51","guid":{"rendered":"http:\/\/agora.xtec.cat\/escolarosercapdevila-terrassa\/?page_id=73"},"modified":"2026-02-26T10:46:14","modified_gmt":"2026-02-26T09:46:14","slug":"menjador-escolar","status":"publish","type":"page","link":"https:\/\/agora.xtec.cat\/escolarosercapdevila-terrassa\/serveis\/menjador-escolar\/","title":{"rendered":"Menjador escolar"},"content":{"rendered":"<p><a href=\"https:\/\/agora.xtec.cat\/escolarosercapdevila-terrassa\/wp-content\/uploads\/usu1730\/2023\/09\/images-2.png\"><img loading=\"lazy\" decoding=\"async\" class=\"size-medium wp-image-14460 aligncenter\" src=\"https:\/\/agora.xtec.cat\/escolarosercapdevila-terrassa\/wp-content\/uploads\/usu1730\/2023\/09\/images-2-300x104.png\" alt=\"\" width=\"300\" height=\"104\" srcset=\"https:\/\/agora.xtec.cat\/escolarosercapdevila-terrassa\/wp-content\/uploads\/usu1730\/2023\/09\/images-2-300x104.png 300w, https:\/\/agora.xtec.cat\/escolarosercapdevila-terrassa\/wp-content\/uploads\/usu1730\/2023\/09\/images-2.png 381w\" sizes=\"auto, (max-width: 300px) 100vw, 300px\" \/><\/a><\/p>\n<p>&nbsp;<\/p>\n<p>L&#8217;empresa Mediterr\u00e1nea de C\u00e1tering gestiona el projecte Espai Migdia a l&#8217;escola.<\/p>\n<p>El menjador escolar funciona de 12:30 a 15:00 hores.<\/p>\n<p>&nbsp;<\/p>\n<p>A continuaci\u00f3 trobareu els enlla\u00e7os a la normativa del servie de menjador, la fitxa d&#8217;inscripci\u00f3 per donar-vos d&#8217;alta i una guia d&#8217;\u00fas de la seva web\/app.<\/p>\n<p><a href=\"https:\/\/agora.xtec.cat\/escolarosercapdevila-terrassa\/wp-content\/uploads\/usu1730\/2026\/02\/28-Informacio-Administrativa-Menjador-25-26.pdf\">Informaci\u00f3 Administrativa Menjador 25-26<\/a><\/p>\n<p><a href=\"https:\/\/agora.xtec.cat\/escolarosercapdevila-terrassa\/wp-content\/uploads\/usu1730\/2026\/02\/16D2A-Fitxa-Inscripcio-2025-2026.pdf\">Fitxa Inscripci\u00f3 2025-2026<\/a><\/p>\n<p><a href=\"https:\/\/agora.xtec.cat\/escolarosercapdevila-terrassa\/wp-content\/uploads\/usu1730\/2023\/09\/Manual-IARA-Terrasa-App.pdf\">Manual IARA &#8211; Terrasa &#8211; App<\/a><\/p>\n<p>A m\u00e9s a m\u00e9s, us deixem 3 tel\u00e8fons d&#8217;inter\u00e8s del servei de menjador, recordeu fer-los servir nom\u00e9s en horari laboral:<\/p>\n<ol>\n<li>Tel\u00e8fon per poder contactar amb el Jose (coordinador de menjador) i amb la Mayka (cuinera): 610614699. <strong>Atenci\u00f3 a les fam\u00edlies a partir de les 11:00 hores.<\/strong><\/li>\n<li>Per posar-vos en contacte amb administraci\u00f3 de Mediterr\u00e1nea i tamb\u00e9 per parlar sobre les beques podeu trucar als seg\u00fcents tel\u00e8fons: Neus: 697570739, Jou: 672401853<\/li>\n<\/ol>\n","protected":false},"excerpt":{"rendered":"<p>&nbsp; L&#8217;empresa Mediterr\u00e1nea de C\u00e1tering gestiona el projecte Espai Migdia a l&#8217;escola. El menjador escolar funciona de 12:30 a 15:00 hores. &nbsp; A continuaci\u00f3 trobareu els enlla\u00e7os a la normativa del servie de menjador, la fitxa d&#8217;inscripci\u00f3 per donar-vos d&#8217;alta i una guia d&#8217;\u00fas de la seva web\/app. Informaci\u00f3 Administrativa Menjador 25-26 Fitxa Inscripci\u00f3 2025-2026 [&hellip;]<\/p>\n","protected":false},"author":1,"featured_media":0,"parent":66,"menu_order":10,"comment_status":"closed","ping_status":"closed","template":"","meta":{"_bbp_topic_count":0,"_bbp_reply_count":0,"_bbp_total_topic_count":0,"_bbp_total_reply_count":0,"_bbp_voice_count":0,"_bbp_anonymous_reply_count":0,"_bbp_topic_count_hidden":0,"_bbp_reply_count_hidden":0,"_bbp_forum_subforum_count":0,"site-sidebar-layout":"default","site-content-layout":"","ast-site-content-layout":"default","site-content-style":"default","site-sidebar-style":"default","ast-global-header-display":"","ast-banner-title-visibility":"","ast-main-header-display":"","ast-hfb-above-header-display":"","ast-hfb-below-header-display":"","ast-hfb-mobile-header-display":"","site-post-title":"","ast-breadcrumbs-content":"","ast-featured-img":"","footer-sml-layout":"","theme-transparent-header-meta":"default","adv-header-id-meta":"","stick-header-meta":"","header-above-stick-meta":"","header-main-stick-meta":"","header-below-stick-meta":"","astra-migrate-meta-layouts":"set","ast-page-background-enabled":"default","ast-page-background-meta":{"desktop":{"background-color":"var(--ast-global-color-4)","background-image":"","background-repeat":"repeat","background-position":"center center","background-size":"auto","background-attachment":"scroll","background-type":"","background-media":"","overlay-type":"","overlay-color":"","overlay-opacity":"","overlay-gradient":""},"tablet":{"background-color":"","background-image":"","background-repeat":"repeat","background-position":"center center","background-size":"auto","background-attachment":"scroll","background-type":"","background-media":"","overlay-type":"","overlay-color":"","overlay-opacity":"","overlay-gradient":""},"mobile":{"background-color":"","background-image":"","background-repeat":"repeat","background-position":"center center","background-size":"auto","background-attachment":"scroll","background-type":"","background-media":"","overlay-type":"","overlay-color":"","overlay-opacity":"","overlay-gradient":""}},"ast-content-background-meta":{"desktop":{"background-color":"var(--ast-global-color-5)","background-image":"","background-repeat":"repeat","background-position":"center center","background-size":"auto","background-attachment":"scroll","background-type":"","background-media":"","overlay-type":"","overlay-color":"","overlay-opacity":"","overlay-gradient":""},"tablet":{"background-color":"var(--ast-global-color-5)","background-image":"","background-repeat":"repeat","background-position":"center center","background-size":"auto","background-attachment":"scroll","background-type":"","background-media":"","overlay-type":"","overlay-color":"","overlay-opacity":"","overlay-gradient":""},"mobile":{"background-color":"var(--ast-global-color-5)","background-image":"","background-repeat":"repeat","background-position":"center center","background-size":"auto","background-attachment":"scroll","background-type":"","background-media":"","overlay-type":"","overlay-color":"","overlay-opacity":"","overlay-gradient":""}},"footnotes":""},"class_list":["post-73","page","type-page","status-publish","hentry"],"post_mailing_queue_ids":[],"_links":{"self":[{"href":"https:\/\/agora.xtec.cat\/escolarosercapdevila-terrassa\/wp-json\/wp\/v2\/pages\/73","targetHints":{"allow":["GET"]}}],"collection":[{"href":"https:\/\/agora.xtec.cat\/escolarosercapdevila-terrassa\/wp-json\/wp\/v2\/pages"}],"about":[{"href":"https:\/\/agora.xtec.cat\/escolarosercapdevila-terrassa\/wp-json\/wp\/v2\/types\/page"}],"author":[{"embeddable":true,"href":"https:\/\/agora.xtec.cat\/escolarosercapdevila-terrassa\/wp-json\/wp\/v2\/users\/1"}],"replies":[{"embeddable":true,"href":"https:\/\/agora.xtec.cat\/escolarosercapdevila-terrassa\/wp-json\/wp\/v2\/comments?post=73"}],"version-history":[{"count":8,"href":"https:\/\/agora.xtec.cat\/escolarosercapdevila-terrassa\/wp-json\/wp\/v2\/pages\/73\/revisions"}],"predecessor-version":[{"id":16096,"href":"https:\/\/agora.xtec.cat\/escolarosercapdevila-terrassa\/wp-json\/wp\/v2\/pages\/73\/revisions\/16096"}],"up":[{"embeddable":true,"href":"https:\/\/agora.xtec.cat\/escolarosercapdevila-terrassa\/wp-json\/wp\/v2\/pages\/66"}],"wp:attachment":[{"href":"https:\/\/agora.xtec.cat\/escolarosercapdevila-terrassa\/wp-json\/wp\/v2\/media?parent=73"}],"curies":[{"name":"wp","href":"https:\/\/api.w.org\/{rel}","templated":true}]}}