{"id":38,"date":"2014-09-18T12:34:08","date_gmt":"2014-09-18T11:34:08","guid":{"rendered":"http:\/\/agora.xtec.cat\/escolarosercapdevila-terrassa\/?page_id=38"},"modified":"2026-02-23T16:03:13","modified_gmt":"2026-02-23T15:03:13","slug":"salut","status":"publish","type":"page","link":"https:\/\/agora.xtec.cat\/escolarosercapdevila-terrassa\/lescola\/salut\/","title":{"rendered":"Salut"},"content":{"rendered":"<ul>\n<li><strong>Medicaments<img loading=\"lazy\" decoding=\"async\" class=\"wp-image-558 alignleft\" src=\"http:\/\/agora.xtec.cat\/escolarosercapdevila-terrassa\/wp-content\/uploads\/usu1730\/2014\/09\/foto_recepta.jpg\" alt=\"\" width=\"307\" height=\"172\" srcset=\"https:\/\/agora.xtec.cat\/escolarosercapdevila-terrassa\/wp-content\/uploads\/usu1730\/2014\/09\/foto_recepta.jpg 470w, https:\/\/agora.xtec.cat\/escolarosercapdevila-terrassa\/wp-content\/uploads\/usu1730\/2014\/09\/foto_recepta-300x168.jpg 300w\" sizes=\"auto, (max-width: 307px) 100vw, 307px\" \/><\/strong><\/li>\n<\/ul>\n<p>Recordeu que la normativa impedeix el suministrament de medicaments als nens i nenes, si no disposem de la recepta m\u00e8dica pertinent, on s&#8217;especifiqui dosi i horari d&#8217;administraci\u00f3.<\/p>\n<p>&nbsp;<\/p>\n<p>Per poder donar medicaci\u00f3 haurem de disposar de:<\/p>\n<p><img loading=\"lazy\" decoding=\"async\" class=\"wp-image-559 alignleft\" src=\"http:\/\/agora.xtec.cat\/escolarosercapdevila-terrassa\/wp-content\/uploads\/usu1730\/2014\/09\/recepta_electr_nica.jpg\" alt=\"\" width=\"346\" height=\"173\" srcset=\"https:\/\/agora.xtec.cat\/escolarosercapdevila-terrassa\/wp-content\/uploads\/usu1730\/2014\/09\/recepta_electr_nica.jpg 700w, https:\/\/agora.xtec.cat\/escolarosercapdevila-terrassa\/wp-content\/uploads\/usu1730\/2014\/09\/recepta_electr_nica-300x150.jpg 300w\" sizes=\"auto, (max-width: 346px) 100vw, 346px\" \/>&#8211;\u00a0La <strong>medicaci\u00f3<\/strong> que proporcionar\u00e0 la fam\u00edlia.<br \/>\n&#8211; La <strong>recepta<\/strong> m\u00e8dica.<\/p>\n<p>&#8211; <strong>L&#8217;autoritzaci\u00f3<\/strong> signada per la mare, pare o tutor legal.<\/p>\n<p>&nbsp;<\/p>\n<p>&nbsp;<\/p>\n<p>&nbsp;<\/p>\n<ul>\n<li><strong>Al\u00b7l\u00e8rgies o malalties cr\u00f2niques<\/strong><\/li>\n<\/ul>\n<p>Cal que la fam\u00edlia aporti al centre la documentaci\u00f3 seg\u00fcent:<\/p>\n<p>&#8211; Informe m\u00e8dic on s\u2019especifiqui la descripci\u00f3 de les actuacions en cas d\u2019emerg\u00e8ncia, es detallin les necessitats i les atencions que calen a l&#8217;infant i hi consti els tel\u00e8fons dels referents sanitaris.<\/p>\n<p>\u2013 Autoritzaci\u00f3 signada on s\u2019autoritzi els i les docents del centre educatiu per administrar la medicaci\u00f3 corresponent, si escau.<\/p>\n<ul>\n<li><strong>Par\u00e0sits.<\/strong><\/li>\n<\/ul>\n<p>Els par\u00e0sits m\u00e9s habituals a l&#8217;escola s\u00f3n els polls.<\/p>\n<p>En el cas que es detectin par\u00e0sits l&#8217;escola informar\u00e0 la fam\u00edlia afectada i a la resta de fam\u00edlies del grup classe per poder dur a terme la desparassitaci\u00f3 pertinent. Una vegada s&#8217;hagi fet el tractament es recomana \u00a0que l&#8217;infant romangui a casa un parell de dies per acabar de fer net.<\/p>\n<p>Aix\u00ed mateix, us recomanem revisions peri\u00f2diques per evitar reinfeccions.<\/p>\n<p>Teniu m\u00e9s informaci\u00f3 sobre els polls en aquest article publicat a la nostra web: <a href=\"http:\/\/agora.xtec.cat\/escolarosercapdevila-terrassa\/general\/els-polls\/\">&#8220;Els polls&#8221;<\/a><\/p>\n<ul>\n<li><strong>Administraci\u00f3 del paracetamol.<\/strong><\/li>\n<\/ul>\n<p>Per a donar parecetamol als alumnes de l&#8217;Escola en cas de necessitat per forta pujada de temperatura cal omplir l&#8217;autoritzaci\u00f3 corresponent que us faran arribar les tutores i els tutors en la reuni\u00f3 d&#8217;inici de curs.<\/p>\n<p>&nbsp;<\/p>\n","protected":false},"excerpt":{"rendered":"<p>Medicaments Recordeu que la normativa impedeix el suministrament de medicaments als nens i nenes, si no disposem de la recepta m\u00e8dica pertinent, on s&#8217;especifiqui dosi i horari d&#8217;administraci\u00f3. &nbsp; Per poder donar medicaci\u00f3 haurem de disposar de: &#8211;\u00a0La medicaci\u00f3 que proporcionar\u00e0 la fam\u00edlia. &#8211; La recepta m\u00e8dica. &#8211; L&#8217;autoritzaci\u00f3 signada per la mare, pare o [&hellip;]<\/p>\n","protected":false},"author":1,"featured_media":0,"parent":22,"menu_order":50,"comment_status":"closed","ping_status":"closed","template":"","meta":{"_bbp_topic_count":0,"_bbp_reply_count":0,"_bbp_total_topic_count":0,"_bbp_total_reply_count":0,"_bbp_voice_count":0,"_bbp_anonymous_reply_count":0,"_bbp_topic_count_hidden":0,"_bbp_reply_count_hidden":0,"_bbp_forum_subforum_count":0,"site-sidebar-layout":"default","site-content-layout":"","ast-site-content-layout":"default","site-content-style":"default","site-sidebar-style":"default","ast-global-header-display":"","ast-banner-title-visibility":"","ast-main-header-display":"","ast-hfb-above-header-display":"","ast-hfb-below-header-display":"","ast-hfb-mobile-header-display":"","site-post-title":"","ast-breadcrumbs-content":"","ast-featured-img":"","footer-sml-layout":"","theme-transparent-header-meta":"default","adv-header-id-meta":"","stick-header-meta":"","header-above-stick-meta":"","header-main-stick-meta":"","header-below-stick-meta":"","astra-migrate-meta-layouts":"set","ast-page-background-enabled":"default","ast-page-background-meta":{"desktop":{"background-color":"var(--ast-global-color-4)","background-image":"","background-repeat":"repeat","background-position":"center center","background-size":"auto","background-attachment":"scroll","background-type":"","background-media":"","overlay-type":"","overlay-color":"","overlay-opacity":"","overlay-gradient":""},"tablet":{"background-color":"","background-image":"","background-repeat":"repeat","background-position":"center center","background-size":"auto","background-attachment":"scroll","background-type":"","background-media":"","overlay-type":"","overlay-color":"","overlay-opacity":"","overlay-gradient":""},"mobile":{"background-color":"","background-image":"","background-repeat":"repeat","background-position":"center center","background-size":"auto","background-attachment":"scroll","background-type":"","background-media":"","overlay-type":"","overlay-color":"","overlay-opacity":"","overlay-gradient":""}},"ast-content-background-meta":{"desktop":{"background-color":"var(--ast-global-color-5)","background-image":"","background-repeat":"repeat","background-position":"center center","background-size":"auto","background-attachment":"scroll","background-type":"","background-media":"","overlay-type":"","overlay-color":"","overlay-opacity":"","overlay-gradient":""},"tablet":{"background-color":"var(--ast-global-color-5)","background-image":"","background-repeat":"repeat","background-position":"center center","background-size":"auto","background-attachment":"scroll","background-type":"","background-media":"","overlay-type":"","overlay-color":"","overlay-opacity":"","overlay-gradient":""},"mobile":{"background-color":"var(--ast-global-color-5)","background-image":"","background-repeat":"repeat","background-position":"center center","background-size":"auto","background-attachment":"scroll","background-type":"","background-media":"","overlay-type":"","overlay-color":"","overlay-opacity":"","overlay-gradient":""}},"footnotes":""},"class_list":["post-38","page","type-page","status-publish","hentry"],"post_mailing_queue_ids":[],"_links":{"self":[{"href":"https:\/\/agora.xtec.cat\/escolarosercapdevila-terrassa\/wp-json\/wp\/v2\/pages\/38","targetHints":{"allow":["GET"]}}],"collection":[{"href":"https:\/\/agora.xtec.cat\/escolarosercapdevila-terrassa\/wp-json\/wp\/v2\/pages"}],"about":[{"href":"https:\/\/agora.xtec.cat\/escolarosercapdevila-terrassa\/wp-json\/wp\/v2\/types\/page"}],"author":[{"embeddable":true,"href":"https:\/\/agora.xtec.cat\/escolarosercapdevila-terrassa\/wp-json\/wp\/v2\/users\/1"}],"replies":[{"embeddable":true,"href":"https:\/\/agora.xtec.cat\/escolarosercapdevila-terrassa\/wp-json\/wp\/v2\/comments?post=38"}],"version-history":[{"count":7,"href":"https:\/\/agora.xtec.cat\/escolarosercapdevila-terrassa\/wp-json\/wp\/v2\/pages\/38\/revisions"}],"predecessor-version":[{"id":16050,"href":"https:\/\/agora.xtec.cat\/escolarosercapdevila-terrassa\/wp-json\/wp\/v2\/pages\/38\/revisions\/16050"}],"up":[{"embeddable":true,"href":"https:\/\/agora.xtec.cat\/escolarosercapdevila-terrassa\/wp-json\/wp\/v2\/pages\/22"}],"wp:attachment":[{"href":"https:\/\/agora.xtec.cat\/escolarosercapdevila-terrassa\/wp-json\/wp\/v2\/media?parent=38"}],"curies":[{"name":"wp","href":"https:\/\/api.w.org\/{rel}","templated":true}]}}