{"id":32,"date":"2014-09-18T12:31:33","date_gmt":"2014-09-18T11:31:33","guid":{"rendered":"http:\/\/agora.xtec.cat\/escolarosercapdevila-terrassa\/?page_id=32"},"modified":"2025-09-30T09:00:09","modified_gmt":"2025-09-30T07:00:09","slug":"calendari-del-curs","status":"publish","type":"page","link":"https:\/\/agora.xtec.cat\/escolarosercapdevila-terrassa\/curs-actual-19-20\/calendari-del-curs\/","title":{"rendered":"Calendari del curs 25-26"},"content":{"rendered":"<p>En aquest document podeu trobar el calendari del curs 2025-2026: <a href=\"https:\/\/agora.xtec.cat\/escolarosercapdevila-terrassa\/wp-content\/uploads\/usu1730\/2025\/09\/Calendari-curs-2025-2026.pdf\">Calendari curs 2025-2026<\/a><\/p>\n<table style=\"height: 468px; width: 962px;\" width=\"1052\">\n<tbody>\n<tr style=\"height: 79px;\">\n<td style=\"width: 956.03125px; background-color: #aadbf2; text-align: center; height: 79px;\" colspan=\"3\">\n<h1><span style=\"color: #000000;\">CURS 2025-2026<\/span><\/h1>\n<\/td>\n<\/tr>\n<tr style=\"height: 59px;\">\n<td style=\"width: 314.234375px; text-align: center; height: 59px;\">\n<h2>1r TRIMESTRE<\/h2>\n<p>8 de setembre a 19 de desembre de 2025<\/td>\n<td style=\"width: 303.03125px; text-align: center; height: 59px;\">\n<h2>2n TRIMESTRE<\/h2>\n<p>8 de gener a 27 de mar\u00e7 de 2026<\/td>\n<td style=\"width: 334.765625px; text-align: center; height: 59px;\">\n<h2>3r TRIMESTRE<\/h2>\n<p>7 d&#8217;abril a 19 de juny de 2026<\/td>\n<\/tr>\n<tr style=\"height: 330px;\">\n<td style=\"width: 314.234375px; text-align: center; height: 330px;\"><strong>INICI DE CURS:<\/strong> 9 de setembre de 2024<\/p>\n<p><strong>FESTIU:<\/strong> 11 de setembre<\/p>\n<p><strong>LLIURE DISPOSICI\u00d3:<\/strong> 10 d&#8217;octubre de 2025<\/p>\n<p style=\"padding-left: 40px;\"><strong>LLIURE DISPOSICI\u00d3:<\/strong> 3 de novembre de 2025<\/p>\n<p style=\"padding-left: 40px;\"><strong>LLIURE DISPOSICI\u00d3:<\/strong> 5 de desembre de 2025<\/p>\n<p><strong>FESTIU:<\/strong> 8 de desembre de 2023<\/p>\n<p><strong>JORNADA COMPACTADA:<\/strong> 19 de desembre de 2025<\/p>\n<p><strong>VACANCES DE NADAL:<\/strong> del 20 de desembre de 2025 al 7 de gener de 2026\u00a0 (ambd\u00f3s inclosos)<\/td>\n<td style=\"width: 303.03125px; text-align: center; height: 330px;\">&nbsp;<\/p>\n<p><strong>LLIURE DISPOSICI\u00d3:<\/strong> 16 de febrer de 2025<\/p>\n<p><strong>VACANCES DE SETMANA SANTA:<\/strong> del 28 de mar\u00e7 al 6 d&#8217;abril de 2026 (ambd\u00f3s inclosos)<\/td>\n<td style=\"width: 334.765625px; text-align: center; height: 330px;\"><strong>LLIURE DISPOSICI\u00d3: <\/strong>30 d&#8217;abril de 2026<\/p>\n<p><strong>FESTIU: <\/strong>1 de maig de 2026<\/p>\n<p><strong>LLIURE DISPOSICI\u00d3: 25<\/strong>\u00a0d&#8217;abril de 2026<\/p>\n<p><strong>JORNADA COMPACTADA:<\/strong> del 8 al 19 de juny de 2026 (ambd\u00f3s inclosos)<\/p>\n<p><strong>FINAL DE CURS:<\/strong> 19 de juny de 2026<\/p>\n<p><strong>VACANCES D&#8217;ESTIU:<\/strong> a partir del 20 de juny de 2026<\/td>\n<\/tr>\n<\/tbody>\n<\/table>\n<p>L\u2019<b>horari lectiu<\/b> del centre \u00e9s de 9:00 a 12:30 i de 15:00 a 16:30.<\/p>\n<p>Els dies de <strong>jornada compactada<\/strong> l&#8217;horari \u00e9s de 09:00h a 13:00h (l&#8217;alumnat que utilitza el servei de menjador surt a les 15:00h.)<\/p>\n<p>Pels alumnes que inicien l\u2019escolaritzaci\u00f3 a I3 s\u2019organitza un breu <strong>per\u00edode d\u2019adaptaci\u00f3<\/strong> des del 8 fins al 20 de setembre que suposa una certa modificaci\u00f3 dels horaris dels primers dies de classe i que es fa saber a les fam\u00edlies en les reunions pr\u00e8vies corresponents.<\/p>\n<p>&nbsp;<\/p>\n<p><a href=\"https:\/\/agora.xtec.cat\/escolarosercapdevila-terrassa\/wp-content\/uploads\/usu1730\/2020\/03\/image.jpg\"><img loading=\"lazy\" decoding=\"async\" class=\"aligncenter wp-image-2131\" src=\"https:\/\/agora.xtec.cat\/escolarosercapdevila-terrassa\/wp-content\/uploads\/usu1730\/2020\/03\/image.jpg\" alt=\"\" width=\"456\" height=\"342\" srcset=\"https:\/\/agora.xtec.cat\/escolarosercapdevila-terrassa\/wp-content\/uploads\/usu1730\/2020\/03\/image.jpg 630w, https:\/\/agora.xtec.cat\/escolarosercapdevila-terrassa\/wp-content\/uploads\/usu1730\/2020\/03\/image-300x225.jpg 300w, https:\/\/agora.xtec.cat\/escolarosercapdevila-terrassa\/wp-content\/uploads\/usu1730\/2020\/03\/image-200x150.jpg 200w\" sizes=\"auto, (max-width: 456px) 100vw, 456px\" \/><\/a><\/p>\n","protected":false},"excerpt":{"rendered":"<p>En aquest document podeu trobar el calendari del curs 2025-2026: Calendari curs 2025-2026 CURS 2025-2026 1r TRIMESTRE 8 de setembre a 19 de desembre de 2025 2n TRIMESTRE 8 de gener a 27 de mar\u00e7 de 2026 3r TRIMESTRE 7 d&#8217;abril a 19 de juny de 2026 INICI DE CURS: 9 de setembre de 2024 [&hellip;]<\/p>\n","protected":false},"author":1,"featured_media":0,"parent":1483,"menu_order":30,"comment_status":"closed","ping_status":"closed","template":"page-templates\/side-menu.php","meta":{"_bbp_topic_count":0,"_bbp_reply_count":0,"_bbp_total_topic_count":0,"_bbp_total_reply_count":0,"_bbp_voice_count":0,"_bbp_anonymous_reply_count":0,"_bbp_topic_count_hidden":0,"_bbp_reply_count_hidden":0,"_bbp_forum_subforum_count":0,"site-sidebar-layout":"default","site-content-layout":"","ast-site-content-layout":"","site-content-style":"default","site-sidebar-style":"default","ast-global-header-display":"","ast-banner-title-visibility":"","ast-main-header-display":"","ast-hfb-above-header-display":"","ast-hfb-below-header-display":"","ast-hfb-mobile-header-display":"","site-post-title":"","ast-breadcrumbs-content":"","ast-featured-img":"","footer-sml-layout":"","theme-transparent-header-meta":"","adv-header-id-meta":"","stick-header-meta":"","header-above-stick-meta":"","header-main-stick-meta":"","header-below-stick-meta":"","astra-migrate-meta-layouts":"default","ast-page-background-enabled":"default","ast-page-background-meta":{"desktop":{"background-color":"var(--ast-global-color-4)","background-image":"","background-repeat":"repeat","background-position":"center center","background-size":"auto","background-attachment":"scroll","background-type":"","background-media":"","overlay-type":"","overlay-color":"","overlay-opacity":"","overlay-gradient":""},"tablet":{"background-color":"","background-image":"","background-repeat":"repeat","background-position":"center center","background-size":"auto","background-attachment":"scroll","background-type":"","background-media":"","overlay-type":"","overlay-color":"","overlay-opacity":"","overlay-gradient":""},"mobile":{"background-color":"","background-image":"","background-repeat":"repeat","background-position":"center center","background-size":"auto","background-attachment":"scroll","background-type":"","background-media":"","overlay-type":"","overlay-color":"","overlay-opacity":"","overlay-gradient":""}},"ast-content-background-meta":{"desktop":{"background-color":"var(--ast-global-color-5)","background-image":"","background-repeat":"repeat","background-position":"center center","background-size":"auto","background-attachment":"scroll","background-type":"","background-media":"","overlay-type":"","overlay-color":"","overlay-opacity":"","overlay-gradient":""},"tablet":{"background-color":"var(--ast-global-color-5)","background-image":"","background-repeat":"repeat","background-position":"center center","background-size":"auto","background-attachment":"scroll","background-type":"","background-media":"","overlay-type":"","overlay-color":"","overlay-opacity":"","overlay-gradient":""},"mobile":{"background-color":"var(--ast-global-color-5)","background-image":"","background-repeat":"repeat","background-position":"center center","background-size":"auto","background-attachment":"scroll","background-type":"","background-media":"","overlay-type":"","overlay-color":"","overlay-opacity":"","overlay-gradient":""}},"footnotes":""},"class_list":["post-32","page","type-page","status-publish","hentry"],"post_mailing_queue_ids":[],"_links":{"self":[{"href":"https:\/\/agora.xtec.cat\/escolarosercapdevila-terrassa\/wp-json\/wp\/v2\/pages\/32","targetHints":{"allow":["GET"]}}],"collection":[{"href":"https:\/\/agora.xtec.cat\/escolarosercapdevila-terrassa\/wp-json\/wp\/v2\/pages"}],"about":[{"href":"https:\/\/agora.xtec.cat\/escolarosercapdevila-terrassa\/wp-json\/wp\/v2\/types\/page"}],"author":[{"embeddable":true,"href":"https:\/\/agora.xtec.cat\/escolarosercapdevila-terrassa\/wp-json\/wp\/v2\/users\/1"}],"replies":[{"embeddable":true,"href":"https:\/\/agora.xtec.cat\/escolarosercapdevila-terrassa\/wp-json\/wp\/v2\/comments?post=32"}],"version-history":[{"count":7,"href":"https:\/\/agora.xtec.cat\/escolarosercapdevila-terrassa\/wp-json\/wp\/v2\/pages\/32\/revisions"}],"predecessor-version":[{"id":15725,"href":"https:\/\/agora.xtec.cat\/escolarosercapdevila-terrassa\/wp-json\/wp\/v2\/pages\/32\/revisions\/15725"}],"up":[{"embeddable":true,"href":"https:\/\/agora.xtec.cat\/escolarosercapdevila-terrassa\/wp-json\/wp\/v2\/pages\/1483"}],"wp:attachment":[{"href":"https:\/\/agora.xtec.cat\/escolarosercapdevila-terrassa\/wp-json\/wp\/v2\/media?parent=32"}],"curies":[{"name":"wp","href":"https:\/\/api.w.org\/{rel}","templated":true}]}}