{"id":28,"date":"2014-09-18T12:29:35","date_gmt":"2014-09-18T11:29:35","guid":{"rendered":"http:\/\/agora.xtec.cat\/escolarosercapdevila-terrassa\/?page_id=28"},"modified":"2025-12-11T10:37:26","modified_gmt":"2025-12-11T09:37:26","slug":"consell-escolar","status":"publish","type":"page","link":"https:\/\/agora.xtec.cat\/escolarosercapdevila-terrassa\/curs-actual-19-20\/consell-escolar\/","title":{"rendered":"Consell escolar"},"content":{"rendered":"<p>El Consell Escolar del centre est\u00e0 format per:<\/p>\n<p><span style=\"color: #008080;\"><strong>Equip directiu:<\/strong><\/span> N\u00faria Gil, Jordi Soler i Laia Borrego.<\/p>\n<p><span style=\"color: #008080;\"><strong>Sector mestres:<\/strong> <\/span>Laia Carn\u00e9, Soraya Torres, Meritxell Camps, Patri Riera, Berta Cot i N\u00faria Tena.<\/p>\n<p><span style=\"color: #008080;\"><strong>Personal Administraci\u00f3 i Serveis: <\/strong><span style=\"color: #000000;\">Josep Macias.<\/span><\/span><\/p>\n<p><span style=\"color: #008080;\"><strong>Personal d&#8217;Atenci\u00f3 Educativa: <\/strong><span style=\"color: #000000;\">Cristina G\u00e1lvez<\/span><\/span><\/p>\n<p><span style=\"color: #99cc00;\"><strong><span style=\"color: #008080;\">Representant AFA:<\/span><\/strong><span style=\"color: #000000;\"> Laura Fabra.<\/span><\/span><\/p>\n<p><span style=\"color: #99cc00;\"><strong><span style=\"color: #008080;\">Sector fam\u00edlies: <\/span><\/strong><span style=\"color: #000000;\">Esther Arnelas, S\u00f2nia Jover, S\u00f2nia Romero, Isa Campos, Cristina<\/span><br \/>\n<span style=\"color: #000000;\">Mu\u00f1oz, Meryme Lqamh.<\/span><\/span><\/p>\n<p><span style=\"color: #99cc00;\"><strong><span style=\"color: #008080;\">Ajuntament:<\/span><\/strong><\/span> <span style=\"color: #000000;\">Meritxell Garrig\u00f3s<\/span><\/p>\n<p><a href=\"https:\/\/agora.xtec.cat\/escolarosercapdevila-terrassa\/wp-content\/uploads\/usu1730\/2020\/03\/La-Sadeta-i-Escola-Garv\u00ed-300x160.jpg\"><img loading=\"lazy\" decoding=\"async\" class=\"aligncenter size-full wp-image-2127\" src=\"https:\/\/agora.xtec.cat\/escolarosercapdevila-terrassa\/wp-content\/uploads\/usu1730\/2020\/03\/La-Sadeta-i-Escola-Garv\u00ed-300x160.jpg\" alt=\"\" width=\"300\" height=\"160\" \/><\/a><\/p>\n","protected":false},"excerpt":{"rendered":"<p>El Consell Escolar del centre est\u00e0 format per: Equip directiu: N\u00faria Gil, Jordi Soler i Laia Borrego. Sector mestres: Laia Carn\u00e9, Soraya Torres, Meritxell Camps, Patri Riera, Berta Cot i N\u00faria Tena. Personal Administraci\u00f3 i Serveis: Josep Macias. Personal d&#8217;Atenci\u00f3 Educativa: Cristina G\u00e1lvez Representant AFA: Laura Fabra. Sector fam\u00edlies: Esther Arnelas, S\u00f2nia Jover, S\u00f2nia Romero, [&hellip;]<\/p>\n","protected":false},"author":1,"featured_media":0,"parent":1483,"menu_order":20,"comment_status":"closed","ping_status":"closed","template":"","meta":{"_bbp_topic_count":0,"_bbp_reply_count":0,"_bbp_total_topic_count":0,"_bbp_total_reply_count":0,"_bbp_voice_count":0,"_bbp_anonymous_reply_count":0,"_bbp_topic_count_hidden":0,"_bbp_reply_count_hidden":0,"_bbp_forum_subforum_count":0,"site-sidebar-layout":"default","site-content-layout":"","ast-site-content-layout":"default","site-content-style":"default","site-sidebar-style":"default","ast-global-header-display":"","ast-banner-title-visibility":"","ast-main-header-display":"","ast-hfb-above-header-display":"","ast-hfb-below-header-display":"","ast-hfb-mobile-header-display":"","site-post-title":"","ast-breadcrumbs-content":"","ast-featured-img":"","footer-sml-layout":"","theme-transparent-header-meta":"default","adv-header-id-meta":"","stick-header-meta":"","header-above-stick-meta":"","header-main-stick-meta":"","header-below-stick-meta":"","astra-migrate-meta-layouts":"set","ast-page-background-enabled":"default","ast-page-background-meta":{"desktop":{"background-color":"var(--ast-global-color-4)","background-image":"","background-repeat":"repeat","background-position":"center center","background-size":"auto","background-attachment":"scroll","background-type":"","background-media":"","overlay-type":"","overlay-color":"","overlay-opacity":"","overlay-gradient":""},"tablet":{"background-color":"","background-image":"","background-repeat":"repeat","background-position":"center center","background-size":"auto","background-attachment":"scroll","background-type":"","background-media":"","overlay-type":"","overlay-color":"","overlay-opacity":"","overlay-gradient":""},"mobile":{"background-color":"","background-image":"","background-repeat":"repeat","background-position":"center center","background-size":"auto","background-attachment":"scroll","background-type":"","background-media":"","overlay-type":"","overlay-color":"","overlay-opacity":"","overlay-gradient":""}},"ast-content-background-meta":{"desktop":{"background-color":"var(--ast-global-color-5)","background-image":"","background-repeat":"repeat","background-position":"center center","background-size":"auto","background-attachment":"scroll","background-type":"","background-media":"","overlay-type":"","overlay-color":"","overlay-opacity":"","overlay-gradient":""},"tablet":{"background-color":"var(--ast-global-color-5)","background-image":"","background-repeat":"repeat","background-position":"center center","background-size":"auto","background-attachment":"scroll","background-type":"","background-media":"","overlay-type":"","overlay-color":"","overlay-opacity":"","overlay-gradient":""},"mobile":{"background-color":"var(--ast-global-color-5)","background-image":"","background-repeat":"repeat","background-position":"center center","background-size":"auto","background-attachment":"scroll","background-type":"","background-media":"","overlay-type":"","overlay-color":"","overlay-opacity":"","overlay-gradient":""}},"footnotes":""},"class_list":["post-28","page","type-page","status-publish","hentry"],"post_mailing_queue_ids":[],"_links":{"self":[{"href":"https:\/\/agora.xtec.cat\/escolarosercapdevila-terrassa\/wp-json\/wp\/v2\/pages\/28","targetHints":{"allow":["GET"]}}],"collection":[{"href":"https:\/\/agora.xtec.cat\/escolarosercapdevila-terrassa\/wp-json\/wp\/v2\/pages"}],"about":[{"href":"https:\/\/agora.xtec.cat\/escolarosercapdevila-terrassa\/wp-json\/wp\/v2\/types\/page"}],"author":[{"embeddable":true,"href":"https:\/\/agora.xtec.cat\/escolarosercapdevila-terrassa\/wp-json\/wp\/v2\/users\/1"}],"replies":[{"embeddable":true,"href":"https:\/\/agora.xtec.cat\/escolarosercapdevila-terrassa\/wp-json\/wp\/v2\/comments?post=28"}],"version-history":[{"count":7,"href":"https:\/\/agora.xtec.cat\/escolarosercapdevila-terrassa\/wp-json\/wp\/v2\/pages\/28\/revisions"}],"predecessor-version":[{"id":15954,"href":"https:\/\/agora.xtec.cat\/escolarosercapdevila-terrassa\/wp-json\/wp\/v2\/pages\/28\/revisions\/15954"}],"up":[{"embeddable":true,"href":"https:\/\/agora.xtec.cat\/escolarosercapdevila-terrassa\/wp-json\/wp\/v2\/pages\/1483"}],"wp:attachment":[{"href":"https:\/\/agora.xtec.cat\/escolarosercapdevila-terrassa\/wp-json\/wp\/v2\/media?parent=28"}],"curies":[{"name":"wp","href":"https:\/\/api.w.org\/{rel}","templated":true}]}}