{"id":26,"date":"2014-09-18T12:24:32","date_gmt":"2014-09-18T11:24:32","guid":{"rendered":"http:\/\/agora.xtec.cat\/escolarosercapdevila-terrassa\/?page_id=26"},"modified":"2020-04-02T11:00:26","modified_gmt":"2020-04-02T09:00:26","slug":"historia","status":"publish","type":"page","link":"https:\/\/agora.xtec.cat\/escolarosercapdevila-terrassa\/lescola\/historia\/","title":{"rendered":"Hist\u00f2ria"},"content":{"rendered":"<p><strong>Inicis de l&#8217;escola<\/strong><\/p>\n<p>La nostra escola va comen\u00e7ar el curs <strong>2006-2007<\/strong>. En aquell moment \u00e9rem 12 nens i nenes, i 2 mestres, com que encara no ten\u00edem edifici propi, vam estar acollits a una escola ve\u00efna.<\/p>\n<p><strong>Primer edifici<\/strong><\/p>\n<p>El curs seg\u00fcent vam cr\u00e9ixer una mica i ja compt\u00e0vem amb m\u00e9s grups d\u2019infants i mestres. A mig curs, el 25 de mar\u00e7 del 2008, vam estrenar la primera edificaci\u00f3 de la nostra l\u2019escola.<\/p>\n<p>El curs seg\u00fcent vam fer una nova passa, ampliant l\u2019equip de mestres i tamb\u00e9 d\u2019infants.<\/p>\n<p><strong>Segon edifici<\/strong><\/p>\n<p>L\u2019any 2009-2010 vam estrenar l\u2019edifici nou de prim\u00e0ria, amb aix\u00f2 aconsegu\u00edem moltes m\u00e9s aules, i molts m\u00e9s mestres.<\/p>\n<p>En acabar el curs 2014-15 aquell\u00a0alumnat\u00a0que havia comen\u00e7at feia 9 anys P3 va finalitzar 6\u00e8 i va ser la primera promoci\u00f3 de la nostra escola.<\/p>\n<p><strong>Actualitat<\/strong><\/p>\n<p>Des d\u2019aquell 2006 la nostra escola ha crescut molt, tant a nivell d\u2019edifici i instal\u00b7lacions, com a nivell pedag\u00f2gic i hum\u00e0 apostant sempre per la innovaci\u00f3 educativa com a pedra angular.<\/p>\n<p>L\u2019ess\u00e8ncia de la nostra escola segueix sent la mateixa: l\u2019aposta per compartir el creixement, millora i educaci\u00f3 dels nostres alumnes.<\/p>\n<p>Aquesta tasca la fem reconeixent el proc\u00e9s d\u2019aprenentatge de les persones de la nostra Comunitat Educativa, les necessitats per cr\u00e9ixer i ser feli\u00e7, de manera equilibrada, atenent a les emocions i sentiments de cada individu.<\/p>\n<p>Aix\u00ed doncs, benvinguts i benvingudes a l\u2019Escola Roser Capdevila de Terrassa!<\/p>\n\n<p>&nbsp;<\/p>\n<p><a href=\"https:\/\/agora.xtec.cat\/escolarosercapdevila-terrassa\/wp-content\/uploads\/usu1730\/2020\/03\/unnamed-1.jpg\"><img loading=\"lazy\" decoding=\"async\" class=\"aligncenter size-full wp-image-2145\" src=\"https:\/\/agora.xtec.cat\/escolarosercapdevila-terrassa\/wp-content\/uploads\/usu1730\/2020\/03\/unnamed-1.jpg\" alt=\"\" width=\"318\" height=\"196\" srcset=\"https:\/\/agora.xtec.cat\/escolarosercapdevila-terrassa\/wp-content\/uploads\/usu1730\/2020\/03\/unnamed-1.jpg 318w, https:\/\/agora.xtec.cat\/escolarosercapdevila-terrassa\/wp-content\/uploads\/usu1730\/2020\/03\/unnamed-1-300x185.jpg 300w\" sizes=\"auto, (max-width: 318px) 100vw, 318px\" \/><\/a><\/p>\n","protected":false},"excerpt":{"rendered":"<p>Inicis de l&#8217;escola La nostra escola va comen\u00e7ar el curs 2006-2007. En aquell moment \u00e9rem 12 nens i nenes, i 2 mestres, com que encara no ten\u00edem edifici propi, vam estar acollits a una escola ve\u00efna. Primer edifici El curs seg\u00fcent vam cr\u00e9ixer una mica i ja compt\u00e0vem amb m\u00e9s grups d\u2019infants i mestres. A [&hellip;]<\/p>\n","protected":false},"author":1,"featured_media":0,"parent":22,"menu_order":20,"comment_status":"closed","ping_status":"closed","template":"page-templates\/side-menu.php","meta":{"_bbp_topic_count":0,"_bbp_reply_count":0,"_bbp_total_topic_count":0,"_bbp_total_reply_count":0,"_bbp_voice_count":0,"_bbp_anonymous_reply_count":0,"_bbp_topic_count_hidden":0,"_bbp_reply_count_hidden":0,"_bbp_forum_subforum_count":0,"site-sidebar-layout":"default","site-content-layout":"","ast-site-content-layout":"","site-content-style":"default","site-sidebar-style":"default","ast-global-header-display":"","ast-banner-title-visibility":"","ast-main-header-display":"","ast-hfb-above-header-display":"","ast-hfb-below-header-display":"","ast-hfb-mobile-header-display":"","site-post-title":"","ast-breadcrumbs-content":"","ast-featured-img":"","footer-sml-layout":"","theme-transparent-header-meta":"","adv-header-id-meta":"","stick-header-meta":"","header-above-stick-meta":"","header-main-stick-meta":"","header-below-stick-meta":"","astra-migrate-meta-layouts":"default","ast-page-background-enabled":"default","ast-page-background-meta":{"desktop":{"background-color":"var(--ast-global-color-4)","background-image":"","background-repeat":"repeat","background-position":"center center","background-size":"auto","background-attachment":"scroll","background-type":"","background-media":"","overlay-type":"","overlay-color":"","overlay-opacity":"","overlay-gradient":""},"tablet":{"background-color":"","background-image":"","background-repeat":"repeat","background-position":"center center","background-size":"auto","background-attachment":"scroll","background-type":"","background-media":"","overlay-type":"","overlay-color":"","overlay-opacity":"","overlay-gradient":""},"mobile":{"background-color":"","background-image":"","background-repeat":"repeat","background-position":"center center","background-size":"auto","background-attachment":"scroll","background-type":"","background-media":"","overlay-type":"","overlay-color":"","overlay-opacity":"","overlay-gradient":""}},"ast-content-background-meta":{"desktop":{"background-color":"var(--ast-global-color-5)","background-image":"","background-repeat":"repeat","background-position":"center center","background-size":"auto","background-attachment":"scroll","background-type":"","background-media":"","overlay-type":"","overlay-color":"","overlay-opacity":"","overlay-gradient":""},"tablet":{"background-color":"var(--ast-global-color-5)","background-image":"","background-repeat":"repeat","background-position":"center center","background-size":"auto","background-attachment":"scroll","background-type":"","background-media":"","overlay-type":"","overlay-color":"","overlay-opacity":"","overlay-gradient":""},"mobile":{"background-color":"var(--ast-global-color-5)","background-image":"","background-repeat":"repeat","background-position":"center center","background-size":"auto","background-attachment":"scroll","background-type":"","background-media":"","overlay-type":"","overlay-color":"","overlay-opacity":"","overlay-gradient":""}},"footnotes":""},"class_list":["post-26","page","type-page","status-publish","hentry"],"post_mailing_queue_ids":[],"_links":{"self":[{"href":"https:\/\/agora.xtec.cat\/escolarosercapdevila-terrassa\/wp-json\/wp\/v2\/pages\/26","targetHints":{"allow":["GET"]}}],"collection":[{"href":"https:\/\/agora.xtec.cat\/escolarosercapdevila-terrassa\/wp-json\/wp\/v2\/pages"}],"about":[{"href":"https:\/\/agora.xtec.cat\/escolarosercapdevila-terrassa\/wp-json\/wp\/v2\/types\/page"}],"author":[{"embeddable":true,"href":"https:\/\/agora.xtec.cat\/escolarosercapdevila-terrassa\/wp-json\/wp\/v2\/users\/1"}],"replies":[{"embeddable":true,"href":"https:\/\/agora.xtec.cat\/escolarosercapdevila-terrassa\/wp-json\/wp\/v2\/comments?post=26"}],"version-history":[{"count":3,"href":"https:\/\/agora.xtec.cat\/escolarosercapdevila-terrassa\/wp-json\/wp\/v2\/pages\/26\/revisions"}],"predecessor-version":[{"id":2239,"href":"https:\/\/agora.xtec.cat\/escolarosercapdevila-terrassa\/wp-json\/wp\/v2\/pages\/26\/revisions\/2239"}],"up":[{"embeddable":true,"href":"https:\/\/agora.xtec.cat\/escolarosercapdevila-terrassa\/wp-json\/wp\/v2\/pages\/22"}],"wp:attachment":[{"href":"https:\/\/agora.xtec.cat\/escolarosercapdevila-terrassa\/wp-json\/wp\/v2\/media?parent=26"}],"curies":[{"name":"wp","href":"https:\/\/api.w.org\/{rel}","templated":true}]}}