{"id":1833,"date":"2020-01-31T01:29:00","date_gmt":"2020-01-31T00:29:00","guid":{"rendered":"http:\/\/agora.xtec.cat\/escolarosercapdevila-terrassa\/?page_id=1833"},"modified":"2026-02-23T16:12:40","modified_gmt":"2026-02-23T15:12:40","slug":"estructura-organitzativa","status":"publish","type":"page","link":"https:\/\/agora.xtec.cat\/escolarosercapdevila-terrassa\/lescola\/estructura-organitzativa\/","title":{"rendered":"Estructura organitzativa"},"content":{"rendered":"<p>Us expliquem l&#8217;estructura organitzativa que seguim a l&#8217;escola:<\/p>\n<ul>\n<li><strong>Consell escolar:<\/strong> format per l&#8217;equip directiu, representants de mestres, representants de les fam\u00edlies, representants de l&#8217;Ampa, representat de l&#8217;ajuntament i representant del personal d&#8217;administraci\u00f3 i serveis.<\/li>\n<li><strong>Equip directiu<\/strong>: format per la directora del centre, el cap d&#8217;estudis i la secret\u00e0ria.<\/li>\n<li><strong>Claustre:<\/strong> format per tots els mestres de l&#8217;escola.<\/li>\n<li><strong>Comunitat pedag\u00f2gica:<\/strong> format per l&#8217;equip directiu i les coordinadores de comunitat.<\/li>\n<li><strong>Comunitats educatives:<\/strong> formats per les mestres que intervenen en les diferents comunitats (petits, mitjans i grans).<\/li>\n<li><strong>Nivells:<\/strong> formats per les mestres que intervenen en el mateix nivell educatiu.<\/li>\n<li><strong>Comissions:<\/strong> format pels mestres que formen part de les seg\u00fcents comissions:\n<ul>\n<li>Biblioteca<\/li>\n<li>Pati<\/li>\n<li>Benestar emocional i inclusi\u00f3<\/li>\n<li>Digital<\/li>\n<li>Escola verda<\/li>\n<\/ul>\n<\/li>\n<li><strong>Coordinacions:<\/strong> a t\u00edtol individual i personal a l&#8217;escola comptem amb les seg\u00fcents coordinacions:\n<ul>\n<li>LIC: llengua i cohesi\u00f3.<\/li>\n<li>Riscos laborals.<\/li>\n<li>TIC: tecnologies de la inform\u00e0tica i la comunicaci\u00f3.<\/li>\n<li>Montessori.<\/li>\n<li>Alumnat en pr\u00e0ctiques.<\/li>\n<li>Enlla\u00e7 sindical.<\/li>\n<\/ul>\n<\/li>\n<li><strong>PAS:<\/strong> format pel conserge de l&#8217;escola i l&#8217;administrativa.<\/li>\n<li><strong>PAE:\u00a0<\/strong>Educadora social<\/li>\n<li><strong>TEEI (T\u00e8cnic\/a especialista educaci\u00f3 infantil)<\/strong><\/li>\n<\/ul>\n<h2 style=\"text-align: center;\"><strong>ENTRE TOTS I TOTES FEM ESCOLA!!<\/strong><\/h2>\n<p>&nbsp;<\/p>\n","protected":false},"excerpt":{"rendered":"<p>Us expliquem l&#8217;estructura organitzativa que seguim a l&#8217;escola: Consell escolar: format per l&#8217;equip directiu, representants de mestres, representants de les fam\u00edlies, representants de l&#8217;Ampa, representat de l&#8217;ajuntament i representant del personal d&#8217;administraci\u00f3 i serveis. Equip directiu: format per la directora del centre, el cap d&#8217;estudis i la secret\u00e0ria. Claustre: format per tots els mestres de [&hellip;]<\/p>\n","protected":false},"author":1,"featured_media":0,"parent":22,"menu_order":41,"comment_status":"closed","ping_status":"closed","template":"","meta":{"_bbp_topic_count":0,"_bbp_reply_count":0,"_bbp_total_topic_count":0,"_bbp_total_reply_count":0,"_bbp_voice_count":0,"_bbp_anonymous_reply_count":0,"_bbp_topic_count_hidden":0,"_bbp_reply_count_hidden":0,"_bbp_forum_subforum_count":0,"site-sidebar-layout":"default","site-content-layout":"","ast-site-content-layout":"default","site-content-style":"default","site-sidebar-style":"default","ast-global-header-display":"","ast-banner-title-visibility":"","ast-main-header-display":"","ast-hfb-above-header-display":"","ast-hfb-below-header-display":"","ast-hfb-mobile-header-display":"","site-post-title":"","ast-breadcrumbs-content":"","ast-featured-img":"","footer-sml-layout":"","theme-transparent-header-meta":"default","adv-header-id-meta":"","stick-header-meta":"","header-above-stick-meta":"","header-main-stick-meta":"","header-below-stick-meta":"","astra-migrate-meta-layouts":"set","ast-page-background-enabled":"default","ast-page-background-meta":{"desktop":{"background-color":"var(--ast-global-color-4)","background-image":"","background-repeat":"repeat","background-position":"center center","background-size":"auto","background-attachment":"scroll","background-type":"","background-media":"","overlay-type":"","overlay-color":"","overlay-opacity":"","overlay-gradient":""},"tablet":{"background-color":"","background-image":"","background-repeat":"repeat","background-position":"center center","background-size":"auto","background-attachment":"scroll","background-type":"","background-media":"","overlay-type":"","overlay-color":"","overlay-opacity":"","overlay-gradient":""},"mobile":{"background-color":"","background-image":"","background-repeat":"repeat","background-position":"center center","background-size":"auto","background-attachment":"scroll","background-type":"","background-media":"","overlay-type":"","overlay-color":"","overlay-opacity":"","overlay-gradient":""}},"ast-content-background-meta":{"desktop":{"background-color":"var(--ast-global-color-5)","background-image":"","background-repeat":"repeat","background-position":"center center","background-size":"auto","background-attachment":"scroll","background-type":"","background-media":"","overlay-type":"","overlay-color":"","overlay-opacity":"","overlay-gradient":""},"tablet":{"background-color":"var(--ast-global-color-5)","background-image":"","background-repeat":"repeat","background-position":"center center","background-size":"auto","background-attachment":"scroll","background-type":"","background-media":"","overlay-type":"","overlay-color":"","overlay-opacity":"","overlay-gradient":""},"mobile":{"background-color":"var(--ast-global-color-5)","background-image":"","background-repeat":"repeat","background-position":"center center","background-size":"auto","background-attachment":"scroll","background-type":"","background-media":"","overlay-type":"","overlay-color":"","overlay-opacity":"","overlay-gradient":""}},"footnotes":""},"class_list":["post-1833","page","type-page","status-publish","hentry"],"post_mailing_queue_ids":[],"_links":{"self":[{"href":"https:\/\/agora.xtec.cat\/escolarosercapdevila-terrassa\/wp-json\/wp\/v2\/pages\/1833","targetHints":{"allow":["GET"]}}],"collection":[{"href":"https:\/\/agora.xtec.cat\/escolarosercapdevila-terrassa\/wp-json\/wp\/v2\/pages"}],"about":[{"href":"https:\/\/agora.xtec.cat\/escolarosercapdevila-terrassa\/wp-json\/wp\/v2\/types\/page"}],"author":[{"embeddable":true,"href":"https:\/\/agora.xtec.cat\/escolarosercapdevila-terrassa\/wp-json\/wp\/v2\/users\/1"}],"replies":[{"embeddable":true,"href":"https:\/\/agora.xtec.cat\/escolarosercapdevila-terrassa\/wp-json\/wp\/v2\/comments?post=1833"}],"version-history":[{"count":5,"href":"https:\/\/agora.xtec.cat\/escolarosercapdevila-terrassa\/wp-json\/wp\/v2\/pages\/1833\/revisions"}],"predecessor-version":[{"id":16052,"href":"https:\/\/agora.xtec.cat\/escolarosercapdevila-terrassa\/wp-json\/wp\/v2\/pages\/1833\/revisions\/16052"}],"up":[{"embeddable":true,"href":"https:\/\/agora.xtec.cat\/escolarosercapdevila-terrassa\/wp-json\/wp\/v2\/pages\/22"}],"wp:attachment":[{"href":"https:\/\/agora.xtec.cat\/escolarosercapdevila-terrassa\/wp-json\/wp\/v2\/media?parent=1833"}],"curies":[{"name":"wp","href":"https:\/\/api.w.org\/{rel}","templated":true}]}}