{"id":16236,"date":"2026-03-26T15:24:08","date_gmt":"2026-03-26T14:24:08","guid":{"rendered":"https:\/\/agora.xtec.cat\/escolarosercapdevila-terrassa\/?page_id=16236"},"modified":"2026-03-26T15:25:01","modified_gmt":"2026-03-26T14:25:01","slug":"erasmus-cete-mediazoom","status":"publish","type":"page","link":"https:\/\/agora.xtec.cat\/escolarosercapdevila-terrassa\/erasmus-cete-mediazoom\/","title":{"rendered":"ERASMUS CETE+ MEDIAZOOM"},"content":{"rendered":"<p>Aquest curs\u00a0 23-24 l\u2019escola Roser Capdevila\u00a0\u00a0forma part de l\u2019equip de treball\u00a0<b>Mediazoom<\/b>\u00a0del Projecte Erasmus CETE+ 23.<\/p>\n<p><b>El projecte CETE+<\/b>\u00a0\u00e9s un\u00a0<i>Consorci Europeu per a la Transformaci\u00f3 Educativa<\/i>\u00a0emmarcat en una acreditaci\u00f3 Erasmus+ KA120, coordinat pel Departament d\u2019Educaci\u00f3 de la Generalitat de Catalunya .<\/p>\n<p>El projecte CETE+ \u00e9s un projecte de 7 anys implementat en el marc del nou programa Erasmus+ gr\u00e0cies a l\u2019acreditaci\u00f3 en l\u2019\u00e0mbit de l\u2019educaci\u00f3 escolar aconseguida pel Departament d\u2019Educaci\u00f3.<\/p>\n<p>Lidera el projecte la Direcci\u00f3 d\u2019Innovaci\u00f3, Digitalitzaci\u00f3, Curr\u00edculum i Lleng\u00fces a trav\u00e9s de la Subdirecci\u00f3 General de Lleng\u00fces.<\/p>\n<p>L\u2019objectiu del nostre microconsorci \u00e9s fomentar la millora en l\u2019aprenentatge de l\u2019alumnat i en els centres educatius que hi participem.<\/p>\n<p><b>El microconsorci\u00a0<\/b><b><i>MediaZoom. Educaci\u00f3 medi\u00e0tica i pensament cr\u00edtic,\u00a0<\/i><\/b>pret\u00e9n:<\/p>\n<ul>\n<li>Incidir en la<b>\u00a0millora de la compet\u00e8ncia digital i comunicativa de l\u2019alumnat i dels docents<\/b><\/li>\n<li>Compartir experi\u00e8ncies que fomentin l\u2019<b>educaci\u00f3 medi\u00e0tica i el pensament cr\u00edtic\u00a0<\/b>de forma transversal en diferents \u00e0rees curriculars.<\/li>\n<\/ul>\n<p>Els seus objectius s\u00f3n:<\/p>\n<ul>\n<li>Col\u00b7laborar en el desenvolupament de la\u00a0<b>compet\u00e8ncia digital i comunicativa de docents i alumnat.<\/b><\/li>\n<li>Potenciar l\u2019\u00fas de les\u00a0<b>tecnologies digitals de comunicaci\u00f3 audiovisual<\/b><\/li>\n<li>Desenvolupar l\u2019<b>educaci\u00f3 medi\u00e0tica\u00a0<\/b>i el\u00a0<b>pensament cr\u00edtic<\/b>\u00a0de l\u2019alumnat<\/li>\n<\/ul>\n<p>Afavorir la creaci\u00f3 de\u00a0<b>xarxes de col\u00b7laboraci\u00f3 i d\u2019intercanvi d\u2019experi\u00e8ncies\u00a0<\/b>entre docents i alumnat d\u2019altres centres que afavoreixin processos de millora.<\/p>\n","protected":false},"excerpt":{"rendered":"<p>Aquest curs\u00a0 23-24 l\u2019escola Roser Capdevila\u00a0\u00a0forma part de l\u2019equip de treball\u00a0Mediazoom\u00a0del Projecte Erasmus CETE+ 23. El projecte CETE+\u00a0\u00e9s un\u00a0Consorci Europeu per a la Transformaci\u00f3 Educativa\u00a0emmarcat en una acreditaci\u00f3 Erasmus+ KA120, coordinat pel Departament d\u2019Educaci\u00f3 de la Generalitat de Catalunya . El projecte CETE+ \u00e9s un projecte de 7 anys implementat en el marc del nou [&hellip;]<\/p>\n","protected":false},"author":46,"featured_media":0,"parent":0,"menu_order":0,"comment_status":"closed","ping_status":"closed","template":"","meta":{"_bbp_topic_count":0,"_bbp_reply_count":0,"_bbp_total_topic_count":0,"_bbp_total_reply_count":0,"_bbp_voice_count":0,"_bbp_anonymous_reply_count":0,"_bbp_topic_count_hidden":0,"_bbp_reply_count_hidden":0,"_bbp_forum_subforum_count":0,"site-sidebar-layout":"default","site-content-layout":"","ast-site-content-layout":"default","site-content-style":"default","site-sidebar-style":"default","ast-global-header-display":"","ast-banner-title-visibility":"","ast-main-header-display":"","ast-hfb-above-header-display":"","ast-hfb-below-header-display":"","ast-hfb-mobile-header-display":"","site-post-title":"","ast-breadcrumbs-content":"","ast-featured-img":"","footer-sml-layout":"","theme-transparent-header-meta":"default","adv-header-id-meta":"","stick-header-meta":"","header-above-stick-meta":"","header-main-stick-meta":"","header-below-stick-meta":"","astra-migrate-meta-layouts":"set","ast-page-background-enabled":"default","ast-page-background-meta":{"desktop":{"background-color":"var(--ast-global-color-4)","background-image":"","background-repeat":"repeat","background-position":"center center","background-size":"auto","background-attachment":"scroll","background-type":"","background-media":"","overlay-type":"","overlay-color":"","overlay-opacity":"","overlay-gradient":""},"tablet":{"background-color":"","background-image":"","background-repeat":"repeat","background-position":"center center","background-size":"auto","background-attachment":"scroll","background-type":"","background-media":"","overlay-type":"","overlay-color":"","overlay-opacity":"","overlay-gradient":""},"mobile":{"background-color":"","background-image":"","background-repeat":"repeat","background-position":"center center","background-size":"auto","background-attachment":"scroll","background-type":"","background-media":"","overlay-type":"","overlay-color":"","overlay-opacity":"","overlay-gradient":""}},"ast-content-background-meta":{"desktop":{"background-color":"var(--ast-global-color-5)","background-image":"","background-repeat":"repeat","background-position":"center center","background-size":"auto","background-attachment":"scroll","background-type":"","background-media":"","overlay-type":"","overlay-color":"","overlay-opacity":"","overlay-gradient":""},"tablet":{"background-color":"var(--ast-global-color-5)","background-image":"","background-repeat":"repeat","background-position":"center center","background-size":"auto","background-attachment":"scroll","background-type":"","background-media":"","overlay-type":"","overlay-color":"","overlay-opacity":"","overlay-gradient":""},"mobile":{"background-color":"var(--ast-global-color-5)","background-image":"","background-repeat":"repeat","background-position":"center center","background-size":"auto","background-attachment":"scroll","background-type":"","background-media":"","overlay-type":"","overlay-color":"","overlay-opacity":"","overlay-gradient":""}},"footnotes":""},"class_list":["post-16236","page","type-page","status-publish","hentry"],"post_mailing_queue_ids":[],"_links":{"self":[{"href":"https:\/\/agora.xtec.cat\/escolarosercapdevila-terrassa\/wp-json\/wp\/v2\/pages\/16236","targetHints":{"allow":["GET"]}}],"collection":[{"href":"https:\/\/agora.xtec.cat\/escolarosercapdevila-terrassa\/wp-json\/wp\/v2\/pages"}],"about":[{"href":"https:\/\/agora.xtec.cat\/escolarosercapdevila-terrassa\/wp-json\/wp\/v2\/types\/page"}],"author":[{"embeddable":true,"href":"https:\/\/agora.xtec.cat\/escolarosercapdevila-terrassa\/wp-json\/wp\/v2\/users\/46"}],"replies":[{"embeddable":true,"href":"https:\/\/agora.xtec.cat\/escolarosercapdevila-terrassa\/wp-json\/wp\/v2\/comments?post=16236"}],"version-history":[{"count":2,"href":"https:\/\/agora.xtec.cat\/escolarosercapdevila-terrassa\/wp-json\/wp\/v2\/pages\/16236\/revisions"}],"predecessor-version":[{"id":16240,"href":"https:\/\/agora.xtec.cat\/escolarosercapdevila-terrassa\/wp-json\/wp\/v2\/pages\/16236\/revisions\/16240"}],"wp:attachment":[{"href":"https:\/\/agora.xtec.cat\/escolarosercapdevila-terrassa\/wp-json\/wp\/v2\/media?parent=16236"}],"curies":[{"name":"wp","href":"https:\/\/api.w.org\/{rel}","templated":true}]}}