{"id":1477,"date":"2019-10-31T15:14:50","date_gmt":"2019-10-31T14:14:50","guid":{"rendered":"http:\/\/agora.xtec.cat\/escolarosercapdevila-terrassa\/?page_id=1477"},"modified":"2024-05-28T16:09:35","modified_gmt":"2024-05-28T14:09:35","slug":"ambients-de-treball","status":"publish","type":"page","link":"https:\/\/agora.xtec.cat\/escolarosercapdevila-terrassa\/projecte-educatiu\/principis-pedagogics\/ambients-de-treball\/","title":{"rendered":"Ambients"},"content":{"rendered":"<p>El treball per ambients forma part de la nostra metodologia i manera de veure l&#8217;educaci\u00f3. Forma part del nostre ideari i \u00e9s un dels pilars fonamentals de l&#8217;escola Roser Capdevila, juntament amb el treball per projectes.<\/p>\n<p>Entenem els ambients com una manera d&#8217;entendre els processos d&#8217;aprenentatge dels infants basada en el <strong>respecte<\/strong>, la <strong>confian\u00e7a<\/strong> la <strong>llibertat<\/strong> i la <strong>circulaci\u00f3<\/strong>.<\/p>\n<p><em>Els ambients d&#8217;aprenentatge representen una organitzaci\u00f3 on l&#8217;alumne es converteix en el constructor del seu propi aprenentatge a partir del joc, la investigaci\u00f3 i les relacions amb els companys, tot explorant l&#8217;espai amb llibertat segons els seus interessos i motivacions. \u00c9s l&#8217;alumne qui pren les decisions i busca les seves pr\u00f2pies estrat\u00e8gies per trobar les solucions davant reptes i situacions que s\u00a1anir\u00e0 trobant. El mestre es presenta com un guia i observador.<\/em><\/p>\n<p>Els ambients s\u00f3n, doncs,\u00a0<span style=\"font-weight: 400;\">espais f\u00edsics preparats conscientment perqu\u00e8 l\u2019aprenentatge es doni a\u00a0<\/span><span style=\"font-weight: 400;\">partir de l\u2019exploraci\u00f3 i la investigaci\u00f3 aut\u00f2noma dels nens i nenes. <\/span><\/p>\n<p><a href=\"https:\/\/agora.xtec.cat\/escolarosercapdevila-terrassa\/wp-content\/uploads\/usu1730\/2020\/03\/IMG_4255.jpg\"><img loading=\"lazy\" decoding=\"async\" class=\"aligncenter wp-image-2113\" src=\"https:\/\/agora.xtec.cat\/escolarosercapdevila-terrassa\/wp-content\/uploads\/usu1730\/2020\/03\/IMG_4255.jpg\" alt=\"\" width=\"585\" height=\"391\" srcset=\"https:\/\/agora.xtec.cat\/escolarosercapdevila-terrassa\/wp-content\/uploads\/usu1730\/2020\/03\/IMG_4255.jpg 1344w, https:\/\/agora.xtec.cat\/escolarosercapdevila-terrassa\/wp-content\/uploads\/usu1730\/2020\/03\/IMG_4255-300x200.jpg 300w, https:\/\/agora.xtec.cat\/escolarosercapdevila-terrassa\/wp-content\/uploads\/usu1730\/2020\/03\/IMG_4255-768x513.jpg 768w, https:\/\/agora.xtec.cat\/escolarosercapdevila-terrassa\/wp-content\/uploads\/usu1730\/2020\/03\/IMG_4255-1024x683.jpg 1024w\" sizes=\"auto, (max-width: 585px) 100vw, 585px\" \/><\/a><\/p>\n<p>Us deixem un petit v\u00eddeo resum del treball per ambients a l&#8217;escola i una presentaci\u00f3 on expliquem que s\u00f3n per nosaltres els ambients:<\/p>\n<p><a href=\"https:\/\/photos.app.goo.gl\/trNdzDzMopu92HtD9\">V\u00cdDEO AMBIENTS ESCOLA<\/a><\/p>\n<p><a href=\"https:\/\/agora.xtec.cat\/escolarosercapdevila-terrassa\/wp-content\/uploads\/usu1730\/2024\/05\/Els-nostres-ambients-web_compressed.pdf\">ELS NOSTRES AMBIENTS<\/a><\/p>\n<p>&nbsp;<\/p>\n","protected":false},"excerpt":{"rendered":"<p>El treball per ambients forma part de la nostra metodologia i manera de veure l&#8217;educaci\u00f3. Forma part del nostre ideari i \u00e9s un dels pilars fonamentals de l&#8217;escola Roser Capdevila, juntament amb el treball per projectes. Entenem els ambients com una manera d&#8217;entendre els processos d&#8217;aprenentatge dels infants basada en el respecte, la confian\u00e7a la [&hellip;]<\/p>\n","protected":false},"author":1,"featured_media":0,"parent":593,"menu_order":10,"comment_status":"closed","ping_status":"closed","template":"page-templates\/side-menu.php","meta":{"_bbp_topic_count":0,"_bbp_reply_count":0,"_bbp_total_topic_count":0,"_bbp_total_reply_count":0,"_bbp_voice_count":0,"_bbp_anonymous_reply_count":0,"_bbp_topic_count_hidden":0,"_bbp_reply_count_hidden":0,"_bbp_forum_subforum_count":0,"site-sidebar-layout":"default","site-content-layout":"","ast-site-content-layout":"","site-content-style":"default","site-sidebar-style":"default","ast-global-header-display":"","ast-banner-title-visibility":"","ast-main-header-display":"","ast-hfb-above-header-display":"","ast-hfb-below-header-display":"","ast-hfb-mobile-header-display":"","site-post-title":"","ast-breadcrumbs-content":"","ast-featured-img":"","footer-sml-layout":"","theme-transparent-header-meta":"","adv-header-id-meta":"","stick-header-meta":"","header-above-stick-meta":"","header-main-stick-meta":"","header-below-stick-meta":"","astra-migrate-meta-layouts":"default","ast-page-background-enabled":"default","ast-page-background-meta":{"desktop":{"background-color":"var(--ast-global-color-4)","background-image":"","background-repeat":"repeat","background-position":"center center","background-size":"auto","background-attachment":"scroll","background-type":"","background-media":"","overlay-type":"","overlay-color":"","overlay-opacity":"","overlay-gradient":""},"tablet":{"background-color":"","background-image":"","background-repeat":"repeat","background-position":"center center","background-size":"auto","background-attachment":"scroll","background-type":"","background-media":"","overlay-type":"","overlay-color":"","overlay-opacity":"","overlay-gradient":""},"mobile":{"background-color":"","background-image":"","background-repeat":"repeat","background-position":"center center","background-size":"auto","background-attachment":"scroll","background-type":"","background-media":"","overlay-type":"","overlay-color":"","overlay-opacity":"","overlay-gradient":""}},"ast-content-background-meta":{"desktop":{"background-color":"var(--ast-global-color-5)","background-image":"","background-repeat":"repeat","background-position":"center center","background-size":"auto","background-attachment":"scroll","background-type":"","background-media":"","overlay-type":"","overlay-color":"","overlay-opacity":"","overlay-gradient":""},"tablet":{"background-color":"var(--ast-global-color-5)","background-image":"","background-repeat":"repeat","background-position":"center center","background-size":"auto","background-attachment":"scroll","background-type":"","background-media":"","overlay-type":"","overlay-color":"","overlay-opacity":"","overlay-gradient":""},"mobile":{"background-color":"var(--ast-global-color-5)","background-image":"","background-repeat":"repeat","background-position":"center center","background-size":"auto","background-attachment":"scroll","background-type":"","background-media":"","overlay-type":"","overlay-color":"","overlay-opacity":"","overlay-gradient":""}},"footnotes":""},"class_list":["post-1477","page","type-page","status-publish","hentry"],"post_mailing_queue_ids":[],"_links":{"self":[{"href":"https:\/\/agora.xtec.cat\/escolarosercapdevila-terrassa\/wp-json\/wp\/v2\/pages\/1477","targetHints":{"allow":["GET"]}}],"collection":[{"href":"https:\/\/agora.xtec.cat\/escolarosercapdevila-terrassa\/wp-json\/wp\/v2\/pages"}],"about":[{"href":"https:\/\/agora.xtec.cat\/escolarosercapdevila-terrassa\/wp-json\/wp\/v2\/types\/page"}],"author":[{"embeddable":true,"href":"https:\/\/agora.xtec.cat\/escolarosercapdevila-terrassa\/wp-json\/wp\/v2\/users\/1"}],"replies":[{"embeddable":true,"href":"https:\/\/agora.xtec.cat\/escolarosercapdevila-terrassa\/wp-json\/wp\/v2\/comments?post=1477"}],"version-history":[{"count":5,"href":"https:\/\/agora.xtec.cat\/escolarosercapdevila-terrassa\/wp-json\/wp\/v2\/pages\/1477\/revisions"}],"predecessor-version":[{"id":15187,"href":"https:\/\/agora.xtec.cat\/escolarosercapdevila-terrassa\/wp-json\/wp\/v2\/pages\/1477\/revisions\/15187"}],"up":[{"embeddable":true,"href":"https:\/\/agora.xtec.cat\/escolarosercapdevila-terrassa\/wp-json\/wp\/v2\/pages\/593"}],"wp:attachment":[{"href":"https:\/\/agora.xtec.cat\/escolarosercapdevila-terrassa\/wp-json\/wp\/v2\/media?parent=1477"}],"curies":[{"name":"wp","href":"https:\/\/api.w.org\/{rel}","templated":true}]}}