{"id":14155,"date":"2023-05-17T13:35:47","date_gmt":"2023-05-17T11:35:47","guid":{"rendered":"https:\/\/agora.xtec.cat\/escolarosercapdevila-terrassa\/?page_id=14155"},"modified":"2023-06-05T21:53:53","modified_gmt":"2023-06-05T19:53:53","slug":"objectius","status":"publish","type":"page","link":"https:\/\/agora.xtec.cat\/escolarosercapdevila-terrassa\/projecte-educatiu\/estrategia-digital-de-centre\/part-estrategica\/objectius\/","title":{"rendered":"Objectius"},"content":{"rendered":"<p dir=\"ltr\">Una vegada feta la diagnosi es va fer un buidatge dels punts forts i febles de l&#8217;escola i vam redactar els seg\u00fcents objectius a assolir:<\/p>\n<ul>\n<li dir=\"ltr\"><span data-sheets-value=\"{&quot;1&quot;:2,&quot;2&quot;:&quot;Millorar la Compet\u00e8ncia Digital Docent per tal que es pugui assolir de forma \u00f2ptima la compet\u00e8ncia digital al centre&quot;}\" data-sheets-userformat=\"{&quot;2&quot;:43839,&quot;3&quot;:{&quot;1&quot;:0},&quot;4&quot;:{&quot;1&quot;:3,&quot;3&quot;:2},&quot;5&quot;:{&quot;1&quot;:[{&quot;1&quot;:2,&quot;2&quot;:0,&quot;5&quot;:{&quot;1&quot;:2,&quot;2&quot;:13421772}},{&quot;1&quot;:0,&quot;2&quot;:0,&quot;3&quot;:3},{&quot;1&quot;:1,&quot;2&quot;:0,&quot;4&quot;:2}]},&quot;6&quot;:{&quot;1&quot;:[{&quot;1&quot;:2,&quot;2&quot;:0,&quot;5&quot;:{&quot;1&quot;:2,&quot;2&quot;:13421772}},{&quot;1&quot;:0,&quot;2&quot;:0,&quot;3&quot;:3},{&quot;1&quot;:1,&quot;2&quot;:0,&quot;4&quot;:2}]},&quot;7&quot;:{&quot;1&quot;:[{&quot;1&quot;:2,&quot;2&quot;:0,&quot;5&quot;:{&quot;1&quot;:2,&quot;2&quot;:13421772}},{&quot;1&quot;:0,&quot;2&quot;:0,&quot;3&quot;:3},{&quot;1&quot;:1,&quot;2&quot;:0,&quot;4&quot;:2}]},&quot;8&quot;:{&quot;1&quot;:[{&quot;1&quot;:2,&quot;2&quot;:0,&quot;5&quot;:{&quot;1&quot;:2,&quot;2&quot;:13421772}},{&quot;1&quot;:0,&quot;2&quot;:0,&quot;3&quot;:3},{&quot;1&quot;:1,&quot;2&quot;:0,&quot;4&quot;:2}]},&quot;11&quot;:4,&quot;12&quot;:0,&quot;14&quot;:{&quot;1&quot;:2,&quot;2&quot;:10027263},&quot;16&quot;:14,&quot;18&quot;:1}\">Millorar la Compet\u00e8ncia Digital Docent per tal que es pugui assolir de forma \u00f2ptima la compet\u00e8ncia digital al centre<\/span><\/li>\n<li dir=\"ltr\"><span data-sheets-value=\"{&quot;1&quot;:2,&quot;2&quot;:&quot;Assolir la Compet\u00e8ncia Digital de l'Alumnat segons el nou Curr\u00edculum &quot;}\" data-sheets-userformat=\"{&quot;2&quot;:47935,&quot;3&quot;:{&quot;1&quot;:0},&quot;4&quot;:{&quot;1&quot;:3,&quot;3&quot;:2},&quot;5&quot;:{&quot;1&quot;:[{&quot;1&quot;:2,&quot;2&quot;:0,&quot;5&quot;:{&quot;1&quot;:2,&quot;2&quot;:13421772}},{&quot;1&quot;:0,&quot;2&quot;:0,&quot;3&quot;:3},{&quot;1&quot;:1,&quot;2&quot;:0,&quot;4&quot;:2}]},&quot;6&quot;:{&quot;1&quot;:[{&quot;1&quot;:2,&quot;2&quot;:0,&quot;5&quot;:{&quot;1&quot;:2,&quot;2&quot;:13421772}},{&quot;1&quot;:0,&quot;2&quot;:0,&quot;3&quot;:3},{&quot;1&quot;:1,&quot;2&quot;:0,&quot;4&quot;:2}]},&quot;7&quot;:{&quot;1&quot;:[{&quot;1&quot;:2,&quot;2&quot;:0,&quot;5&quot;:{&quot;1&quot;:2,&quot;2&quot;:13421772}},{&quot;1&quot;:0,&quot;2&quot;:0,&quot;3&quot;:3},{&quot;1&quot;:1,&quot;2&quot;:0,&quot;4&quot;:2}]},&quot;8&quot;:{&quot;1&quot;:[{&quot;1&quot;:2,&quot;2&quot;:0,&quot;5&quot;:{&quot;1&quot;:2,&quot;2&quot;:13421772}},{&quot;1&quot;:0,&quot;2&quot;:0,&quot;3&quot;:3},{&quot;1&quot;:1,&quot;2&quot;:0,&quot;4&quot;:2}]},&quot;11&quot;:4,&quot;12&quot;:0,&quot;14&quot;:{&quot;1&quot;:2,&quot;2&quot;:10027263},&quot;15&quot;:&quot;Arial&quot;,&quot;16&quot;:14,&quot;18&quot;:1}\">Assolir la Compet\u00e8ncia Digital de l&#8217;Alumnat segons el nou Curr\u00edculum <\/span><\/li>\n<li dir=\"ltr\"><span data-sheets-value=\"{&quot;1&quot;:2,&quot;2&quot;:&quot;Millorar la projecci\u00f3 cap a l'exterior del centre&quot;}\" data-sheets-userformat=\"{&quot;2&quot;:47935,&quot;3&quot;:{&quot;1&quot;:0},&quot;4&quot;:{&quot;1&quot;:3,&quot;3&quot;:2},&quot;5&quot;:{&quot;1&quot;:[{&quot;1&quot;:2,&quot;2&quot;:0,&quot;5&quot;:{&quot;1&quot;:2,&quot;2&quot;:13421772}},{&quot;1&quot;:0,&quot;2&quot;:0,&quot;3&quot;:3},{&quot;1&quot;:1,&quot;2&quot;:0,&quot;4&quot;:2}]},&quot;6&quot;:{&quot;1&quot;:[{&quot;1&quot;:2,&quot;2&quot;:0,&quot;5&quot;:{&quot;1&quot;:2,&quot;2&quot;:13421772}},{&quot;1&quot;:0,&quot;2&quot;:0,&quot;3&quot;:3},{&quot;1&quot;:1,&quot;2&quot;:0,&quot;4&quot;:2}]},&quot;7&quot;:{&quot;1&quot;:[{&quot;1&quot;:2,&quot;2&quot;:0,&quot;5&quot;:{&quot;1&quot;:2,&quot;2&quot;:13421772}},{&quot;1&quot;:0,&quot;2&quot;:0,&quot;3&quot;:3},{&quot;1&quot;:1,&quot;2&quot;:0,&quot;4&quot;:2}]},&quot;8&quot;:{&quot;1&quot;:[{&quot;1&quot;:2,&quot;2&quot;:0,&quot;5&quot;:{&quot;1&quot;:2,&quot;2&quot;:13421772}},{&quot;1&quot;:0,&quot;2&quot;:0,&quot;3&quot;:3},{&quot;1&quot;:1,&quot;2&quot;:0,&quot;4&quot;:2}]},&quot;11&quot;:4,&quot;12&quot;:0,&quot;14&quot;:{&quot;1&quot;:2,&quot;2&quot;:10027263},&quot;15&quot;:&quot;Arial&quot;,&quot;16&quot;:14,&quot;18&quot;:1}\">Millorar la projecci\u00f3 cap a l&#8217;exterior del centre<\/span><\/li>\n<\/ul>\n","protected":false},"excerpt":{"rendered":"<p>Una vegada feta la diagnosi es va fer un buidatge dels punts forts i febles de l&#8217;escola i vam redactar els seg\u00fcents objectius a assolir: Millorar la Compet\u00e8ncia Digital Docent per tal que es pugui assolir de forma \u00f2ptima la compet\u00e8ncia digital al centre Assolir la Compet\u00e8ncia Digital de l&#8217;Alumnat segons el nou Curr\u00edculum Millorar [&hellip;]<\/p>\n","protected":false},"author":46,"featured_media":0,"parent":12609,"menu_order":2,"comment_status":"closed","ping_status":"closed","template":"page-templates\/side-menu.php","meta":{"_bbp_topic_count":0,"_bbp_reply_count":0,"_bbp_total_topic_count":0,"_bbp_total_reply_count":0,"_bbp_voice_count":0,"_bbp_anonymous_reply_count":0,"_bbp_topic_count_hidden":0,"_bbp_reply_count_hidden":0,"_bbp_forum_subforum_count":0,"site-sidebar-layout":"default","site-content-layout":"","ast-site-content-layout":"","site-content-style":"default","site-sidebar-style":"default","ast-global-header-display":"","ast-banner-title-visibility":"","ast-main-header-display":"","ast-hfb-above-header-display":"","ast-hfb-below-header-display":"","ast-hfb-mobile-header-display":"","site-post-title":"","ast-breadcrumbs-content":"","ast-featured-img":"","footer-sml-layout":"","theme-transparent-header-meta":"","adv-header-id-meta":"","stick-header-meta":"","header-above-stick-meta":"","header-main-stick-meta":"","header-below-stick-meta":"","astra-migrate-meta-layouts":"default","ast-page-background-enabled":"default","ast-page-background-meta":{"desktop":{"background-color":"var(--ast-global-color-4)","background-image":"","background-repeat":"repeat","background-position":"center center","background-size":"auto","background-attachment":"scroll","background-type":"","background-media":"","overlay-type":"","overlay-color":"","overlay-opacity":"","overlay-gradient":""},"tablet":{"background-color":"","background-image":"","background-repeat":"repeat","background-position":"center center","background-size":"auto","background-attachment":"scroll","background-type":"","background-media":"","overlay-type":"","overlay-color":"","overlay-opacity":"","overlay-gradient":""},"mobile":{"background-color":"","background-image":"","background-repeat":"repeat","background-position":"center center","background-size":"auto","background-attachment":"scroll","background-type":"","background-media":"","overlay-type":"","overlay-color":"","overlay-opacity":"","overlay-gradient":""}},"ast-content-background-meta":{"desktop":{"background-color":"var(--ast-global-color-5)","background-image":"","background-repeat":"repeat","background-position":"center center","background-size":"auto","background-attachment":"scroll","background-type":"","background-media":"","overlay-type":"","overlay-color":"","overlay-opacity":"","overlay-gradient":""},"tablet":{"background-color":"var(--ast-global-color-5)","background-image":"","background-repeat":"repeat","background-position":"center center","background-size":"auto","background-attachment":"scroll","background-type":"","background-media":"","overlay-type":"","overlay-color":"","overlay-opacity":"","overlay-gradient":""},"mobile":{"background-color":"var(--ast-global-color-5)","background-image":"","background-repeat":"repeat","background-position":"center center","background-size":"auto","background-attachment":"scroll","background-type":"","background-media":"","overlay-type":"","overlay-color":"","overlay-opacity":"","overlay-gradient":""}},"footnotes":""},"class_list":["post-14155","page","type-page","status-publish","hentry"],"post_mailing_queue_ids":[],"_links":{"self":[{"href":"https:\/\/agora.xtec.cat\/escolarosercapdevila-terrassa\/wp-json\/wp\/v2\/pages\/14155","targetHints":{"allow":["GET"]}}],"collection":[{"href":"https:\/\/agora.xtec.cat\/escolarosercapdevila-terrassa\/wp-json\/wp\/v2\/pages"}],"about":[{"href":"https:\/\/agora.xtec.cat\/escolarosercapdevila-terrassa\/wp-json\/wp\/v2\/types\/page"}],"author":[{"embeddable":true,"href":"https:\/\/agora.xtec.cat\/escolarosercapdevila-terrassa\/wp-json\/wp\/v2\/users\/46"}],"replies":[{"embeddable":true,"href":"https:\/\/agora.xtec.cat\/escolarosercapdevila-terrassa\/wp-json\/wp\/v2\/comments?post=14155"}],"version-history":[{"count":2,"href":"https:\/\/agora.xtec.cat\/escolarosercapdevila-terrassa\/wp-json\/wp\/v2\/pages\/14155\/revisions"}],"predecessor-version":[{"id":14170,"href":"https:\/\/agora.xtec.cat\/escolarosercapdevila-terrassa\/wp-json\/wp\/v2\/pages\/14155\/revisions\/14170"}],"up":[{"embeddable":true,"href":"https:\/\/agora.xtec.cat\/escolarosercapdevila-terrassa\/wp-json\/wp\/v2\/pages\/12609"}],"wp:attachment":[{"href":"https:\/\/agora.xtec.cat\/escolarosercapdevila-terrassa\/wp-json\/wp\/v2\/media?parent=14155"}],"curies":[{"name":"wp","href":"https:\/\/api.w.org\/{rel}","templated":true}]}}