{"id":12609,"date":"2022-09-29T13:12:24","date_gmt":"2022-09-29T11:12:24","guid":{"rendered":"https:\/\/agora.xtec.cat\/escolarosercapdevila-terrassa\/?page_id=12609"},"modified":"2023-06-05T21:52:04","modified_gmt":"2023-06-05T19:52:04","slug":"part-estrategica","status":"publish","type":"page","link":"https:\/\/agora.xtec.cat\/escolarosercapdevila-terrassa\/projecte-educatiu\/estrategia-digital-de-centre\/part-estrategica\/","title":{"rendered":"Part estrat\u00e8gica"},"content":{"rendered":"<blockquote><p>Seguint les indicacions del document definici\u00f3 de l\u2019EDC, s\u2019ha estructurat aquesta part en 5 fases.<\/p><\/blockquote>\n<ul>\n<li><a href=\"https:\/\/agora.xtec.cat\/escolarosercapdevila-terrassa\/projecte-educatiu\/estrategia-digital-de-centre\/part-estrategica\/diagnosi\/\" target=\"_blank\" rel=\"noopener\">Diagnosi<\/a><\/li>\n<li><a href=\"https:\/\/agora.xtec.cat\/escolarosercapdevila-terrassa\/projecte-educatiu\/estrategia-digital-de-centre\/part-estrategica\/objectius\/\" target=\"_blank\" rel=\"noopener\">Determinaci\u00f3 d&#8217;objectius<\/a><\/li>\n<li>Planificaci\u00f3 i seguiment d&#8217;activitats<\/li>\n<li>Temporitzaci\u00f3<\/li>\n<li>Avaluaci\u00f3<\/li>\n<\/ul>\n<p><a href=\"https:\/\/agora.xtec.cat\/escolarosercapdevila-terrassa\/wp-content\/uploads\/usu1730\/2023\/06\/Segell-Logos-Pagina-Horitzontal.jpg\"><img loading=\"lazy\" decoding=\"async\" class=\"aligncenter  wp-image-14263\" src=\"https:\/\/agora.xtec.cat\/escolarosercapdevila-terrassa\/wp-content\/uploads\/usu1730\/2023\/06\/Segell-Logos-Pagina-Horitzontal-300x40.jpg\" alt=\"\" width=\"405\" height=\"54\" srcset=\"https:\/\/agora.xtec.cat\/escolarosercapdevila-terrassa\/wp-content\/uploads\/usu1730\/2023\/06\/Segell-Logos-Pagina-Horitzontal-300x40.jpg 300w, https:\/\/agora.xtec.cat\/escolarosercapdevila-terrassa\/wp-content\/uploads\/usu1730\/2023\/06\/Segell-Logos-Pagina-Horitzontal-1024x137.jpg 1024w, https:\/\/agora.xtec.cat\/escolarosercapdevila-terrassa\/wp-content\/uploads\/usu1730\/2023\/06\/Segell-Logos-Pagina-Horitzontal-768x102.jpg 768w, https:\/\/agora.xtec.cat\/escolarosercapdevila-terrassa\/wp-content\/uploads\/usu1730\/2023\/06\/Segell-Logos-Pagina-Horitzontal-1536x205.jpg 1536w, https:\/\/agora.xtec.cat\/escolarosercapdevila-terrassa\/wp-content\/uploads\/usu1730\/2023\/06\/Segell-Logos-Pagina-Horitzontal-2048x273.jpg 2048w\" sizes=\"auto, (max-width: 405px) 100vw, 405px\" \/><\/a><\/p>\n<p dir=\"ltr\">\n","protected":false},"excerpt":{"rendered":"<p>Seguint les indicacions del document definici\u00f3 de l\u2019EDC, s\u2019ha estructurat aquesta part en 5 fases. Diagnosi Determinaci\u00f3 d&#8217;objectius Planificaci\u00f3 i seguiment d&#8217;activitats Temporitzaci\u00f3 Avaluaci\u00f3<\/p>\n","protected":false},"author":46,"featured_media":0,"parent":12605,"menu_order":76,"comment_status":"closed","ping_status":"closed","template":"page-templates\/side-menu.php","meta":{"_bbp_topic_count":0,"_bbp_reply_count":0,"_bbp_total_topic_count":0,"_bbp_total_reply_count":0,"_bbp_voice_count":0,"_bbp_anonymous_reply_count":0,"_bbp_topic_count_hidden":0,"_bbp_reply_count_hidden":0,"_bbp_forum_subforum_count":0,"site-sidebar-layout":"default","site-content-layout":"","ast-site-content-layout":"","site-content-style":"default","site-sidebar-style":"default","ast-global-header-display":"","ast-banner-title-visibility":"","ast-main-header-display":"","ast-hfb-above-header-display":"","ast-hfb-below-header-display":"","ast-hfb-mobile-header-display":"","site-post-title":"","ast-breadcrumbs-content":"","ast-featured-img":"","footer-sml-layout":"","theme-transparent-header-meta":"","adv-header-id-meta":"","stick-header-meta":"","header-above-stick-meta":"","header-main-stick-meta":"","header-below-stick-meta":"","astra-migrate-meta-layouts":"default","ast-page-background-enabled":"default","ast-page-background-meta":{"desktop":{"background-color":"var(--ast-global-color-4)","background-image":"","background-repeat":"repeat","background-position":"center center","background-size":"auto","background-attachment":"scroll","background-type":"","background-media":"","overlay-type":"","overlay-color":"","overlay-opacity":"","overlay-gradient":""},"tablet":{"background-color":"","background-image":"","background-repeat":"repeat","background-position":"center center","background-size":"auto","background-attachment":"scroll","background-type":"","background-media":"","overlay-type":"","overlay-color":"","overlay-opacity":"","overlay-gradient":""},"mobile":{"background-color":"","background-image":"","background-repeat":"repeat","background-position":"center center","background-size":"auto","background-attachment":"scroll","background-type":"","background-media":"","overlay-type":"","overlay-color":"","overlay-opacity":"","overlay-gradient":""}},"ast-content-background-meta":{"desktop":{"background-color":"var(--ast-global-color-5)","background-image":"","background-repeat":"repeat","background-position":"center center","background-size":"auto","background-attachment":"scroll","background-type":"","background-media":"","overlay-type":"","overlay-color":"","overlay-opacity":"","overlay-gradient":""},"tablet":{"background-color":"var(--ast-global-color-5)","background-image":"","background-repeat":"repeat","background-position":"center center","background-size":"auto","background-attachment":"scroll","background-type":"","background-media":"","overlay-type":"","overlay-color":"","overlay-opacity":"","overlay-gradient":""},"mobile":{"background-color":"var(--ast-global-color-5)","background-image":"","background-repeat":"repeat","background-position":"center center","background-size":"auto","background-attachment":"scroll","background-type":"","background-media":"","overlay-type":"","overlay-color":"","overlay-opacity":"","overlay-gradient":""}},"footnotes":""},"class_list":["post-12609","page","type-page","status-publish","hentry"],"post_mailing_queue_ids":[],"_links":{"self":[{"href":"https:\/\/agora.xtec.cat\/escolarosercapdevila-terrassa\/wp-json\/wp\/v2\/pages\/12609","targetHints":{"allow":["GET"]}}],"collection":[{"href":"https:\/\/agora.xtec.cat\/escolarosercapdevila-terrassa\/wp-json\/wp\/v2\/pages"}],"about":[{"href":"https:\/\/agora.xtec.cat\/escolarosercapdevila-terrassa\/wp-json\/wp\/v2\/types\/page"}],"author":[{"embeddable":true,"href":"https:\/\/agora.xtec.cat\/escolarosercapdevila-terrassa\/wp-json\/wp\/v2\/users\/46"}],"replies":[{"embeddable":true,"href":"https:\/\/agora.xtec.cat\/escolarosercapdevila-terrassa\/wp-json\/wp\/v2\/comments?post=12609"}],"version-history":[{"count":4,"href":"https:\/\/agora.xtec.cat\/escolarosercapdevila-terrassa\/wp-json\/wp\/v2\/pages\/12609\/revisions"}],"predecessor-version":[{"id":14265,"href":"https:\/\/agora.xtec.cat\/escolarosercapdevila-terrassa\/wp-json\/wp\/v2\/pages\/12609\/revisions\/14265"}],"up":[{"embeddable":true,"href":"https:\/\/agora.xtec.cat\/escolarosercapdevila-terrassa\/wp-json\/wp\/v2\/pages\/12605"}],"wp:attachment":[{"href":"https:\/\/agora.xtec.cat\/escolarosercapdevila-terrassa\/wp-json\/wp\/v2\/media?parent=12609"}],"curies":[{"name":"wp","href":"https:\/\/api.w.org\/{rel}","templated":true}]}}