{"id":1249,"date":"2019-02-20T20:43:39","date_gmt":"2019-02-20T19:43:39","guid":{"rendered":"http:\/\/agora.xtec.cat\/escolarosercapdevila-terrassa\/?page_id=1249"},"modified":"2022-06-30T09:55:16","modified_gmt":"2022-06-30T07:55:16","slug":"projecte-linguistic","status":"publish","type":"page","link":"https:\/\/agora.xtec.cat\/escolarosercapdevila-terrassa\/projecte-educatiu\/projecte-linguistic\/","title":{"rendered":"Projecte ling\u00fc\u00edstic"},"content":{"rendered":"<p class=\"p1\">El document de Projecte Ling\u00fc\u00edstic de Centre (PLC) que presentem est\u00e0 emmarcat dins el projecte d\u2019escola i el projecte de direcci\u00f3. Sorgeix de la necessitat de recollir i pautar totes les actuacions relacionades amb la llengua que es volen tenir en compte a la nostra escola.<\/p>\n<p class=\"p1\">El PLC s\u2019emmarca en els seg\u00fcents objectius explicitats en l\u2019\u00e0mbit de lleng\u00fces del decret dels nous curr\u00edculums:<\/p>\n<p class=\"p2\">1. Dominar el catal\u00e0, llengua vehicular, de cohesi\u00f3 i d\u2019aprenentatge<\/p>\n<p class=\"p2\">2. Dominar el castell\u00e0.<\/p>\n<p class=\"p2\">3. Con\u00e8ixer l\u2019angl\u00e8s com a llengua estrangera.<\/p>\n<p class=\"p2\">4. Refor\u00e7ar els elements comuns de les lleng\u00fces i evitar-ne les repeticions.<\/p>\n<p class=\"p1\">5. Tenir una actitud oberta, respectar les lleng\u00fces i cultures de l\u2019entorn i interessar-s\u2019hi.<\/p>\n<p>Podeu veure tot el projecte ling\u00fc\u00edstic aqu\u00ed:<\/p>\n<p><a href=\"https:\/\/agora.xtec.cat\/escolarosercapdevila-terrassa\/wp-content\/uploads\/usu1730\/2022\/06\/PLC-ROSER-CAPDEVILA-.docx-1.pdf\">PLC ROSER CAPDEVILA .docx (1)<\/a><\/p>\n<p><a href=\"https:\/\/agora.xtec.cat\/escolarosercapdevila-terrassa\/wp-content\/uploads\/usu1730\/2020\/04\/chats-forum-300x258-300x258.jpg\"><img loading=\"lazy\" decoding=\"async\" class=\"aligncenter size-full wp-image-2243\" src=\"https:\/\/agora.xtec.cat\/escolarosercapdevila-terrassa\/wp-content\/uploads\/usu1730\/2020\/04\/chats-forum-300x258-300x258.jpg\" alt=\"\" width=\"300\" height=\"258\" \/><\/a><\/p>\n","protected":false},"excerpt":{"rendered":"<p>El document de Projecte Ling\u00fc\u00edstic de Centre (PLC) que presentem est\u00e0 emmarcat dins el projecte d\u2019escola i el projecte de direcci\u00f3. Sorgeix de la necessitat de recollir i pautar totes les actuacions relacionades amb la llengua que es volen tenir en compte a la nostra escola. El PLC s\u2019emmarca en els seg\u00fcents objectius explicitats en [&hellip;]<\/p>\n","protected":false},"author":1,"featured_media":0,"parent":64,"menu_order":35,"comment_status":"closed","ping_status":"closed","template":"page-templates\/side-menu.php","meta":{"_bbp_topic_count":0,"_bbp_reply_count":0,"_bbp_total_topic_count":0,"_bbp_total_reply_count":0,"_bbp_voice_count":0,"_bbp_anonymous_reply_count":0,"_bbp_topic_count_hidden":0,"_bbp_reply_count_hidden":0,"_bbp_forum_subforum_count":0,"site-sidebar-layout":"default","site-content-layout":"","ast-site-content-layout":"","site-content-style":"default","site-sidebar-style":"default","ast-global-header-display":"","ast-banner-title-visibility":"","ast-main-header-display":"","ast-hfb-above-header-display":"","ast-hfb-below-header-display":"","ast-hfb-mobile-header-display":"","site-post-title":"","ast-breadcrumbs-content":"","ast-featured-img":"","footer-sml-layout":"","theme-transparent-header-meta":"","adv-header-id-meta":"","stick-header-meta":"","header-above-stick-meta":"","header-main-stick-meta":"","header-below-stick-meta":"","astra-migrate-meta-layouts":"default","ast-page-background-enabled":"default","ast-page-background-meta":{"desktop":{"background-color":"var(--ast-global-color-4)","background-image":"","background-repeat":"repeat","background-position":"center center","background-size":"auto","background-attachment":"scroll","background-type":"","background-media":"","overlay-type":"","overlay-color":"","overlay-opacity":"","overlay-gradient":""},"tablet":{"background-color":"","background-image":"","background-repeat":"repeat","background-position":"center center","background-size":"auto","background-attachment":"scroll","background-type":"","background-media":"","overlay-type":"","overlay-color":"","overlay-opacity":"","overlay-gradient":""},"mobile":{"background-color":"","background-image":"","background-repeat":"repeat","background-position":"center center","background-size":"auto","background-attachment":"scroll","background-type":"","background-media":"","overlay-type":"","overlay-color":"","overlay-opacity":"","overlay-gradient":""}},"ast-content-background-meta":{"desktop":{"background-color":"var(--ast-global-color-5)","background-image":"","background-repeat":"repeat","background-position":"center center","background-size":"auto","background-attachment":"scroll","background-type":"","background-media":"","overlay-type":"","overlay-color":"","overlay-opacity":"","overlay-gradient":""},"tablet":{"background-color":"var(--ast-global-color-5)","background-image":"","background-repeat":"repeat","background-position":"center center","background-size":"auto","background-attachment":"scroll","background-type":"","background-media":"","overlay-type":"","overlay-color":"","overlay-opacity":"","overlay-gradient":""},"mobile":{"background-color":"var(--ast-global-color-5)","background-image":"","background-repeat":"repeat","background-position":"center center","background-size":"auto","background-attachment":"scroll","background-type":"","background-media":"","overlay-type":"","overlay-color":"","overlay-opacity":"","overlay-gradient":""}},"footnotes":""},"class_list":["post-1249","page","type-page","status-publish","hentry"],"post_mailing_queue_ids":[],"_links":{"self":[{"href":"https:\/\/agora.xtec.cat\/escolarosercapdevila-terrassa\/wp-json\/wp\/v2\/pages\/1249","targetHints":{"allow":["GET"]}}],"collection":[{"href":"https:\/\/agora.xtec.cat\/escolarosercapdevila-terrassa\/wp-json\/wp\/v2\/pages"}],"about":[{"href":"https:\/\/agora.xtec.cat\/escolarosercapdevila-terrassa\/wp-json\/wp\/v2\/types\/page"}],"author":[{"embeddable":true,"href":"https:\/\/agora.xtec.cat\/escolarosercapdevila-terrassa\/wp-json\/wp\/v2\/users\/1"}],"replies":[{"embeddable":true,"href":"https:\/\/agora.xtec.cat\/escolarosercapdevila-terrassa\/wp-json\/wp\/v2\/comments?post=1249"}],"version-history":[{"count":3,"href":"https:\/\/agora.xtec.cat\/escolarosercapdevila-terrassa\/wp-json\/wp\/v2\/pages\/1249\/revisions"}],"predecessor-version":[{"id":12571,"href":"https:\/\/agora.xtec.cat\/escolarosercapdevila-terrassa\/wp-json\/wp\/v2\/pages\/1249\/revisions\/12571"}],"up":[{"embeddable":true,"href":"https:\/\/agora.xtec.cat\/escolarosercapdevila-terrassa\/wp-json\/wp\/v2\/pages\/64"}],"wp:attachment":[{"href":"https:\/\/agora.xtec.cat\/escolarosercapdevila-terrassa\/wp-json\/wp\/v2\/media?parent=1249"}],"curies":[{"name":"wp","href":"https:\/\/api.w.org\/{rel}","templated":true}]}}