{"id":11666,"date":"2022-04-06T19:38:30","date_gmt":"2022-04-06T17:38:30","guid":{"rendered":"https:\/\/agora.xtec.cat\/escolarosercapdevila-terrassa\/?page_id=11666"},"modified":"2023-04-17T16:28:08","modified_gmt":"2023-04-17T14:28:08","slug":"consell-de-savies-i-savis","status":"publish","type":"page","link":"https:\/\/agora.xtec.cat\/escolarosercapdevila-terrassa\/projecte-educatiu\/pla-de-convivencia\/consell-de-savies-i-savis\/","title":{"rendered":"Consell de s\u00e0vies i savis"},"content":{"rendered":"<p>En aquest apartat trobareu un recull de les reunions i accions que es duen a terme al consell de s\u00e0vies i savis.<\/p>\n<p>Curs 2022-2023<\/p>\n<p>1-. <a href=\"https:\/\/agora.xtec.cat\/escolarosercapdevila-terrassa\/wp-content\/uploads\/usu1730\/2023\/02\/consell-de-savies-i-savis_15-02-23.pdf\">consell de s\u00e0vies i savis_15-02-23<\/a><\/p>\n<p>2-. <a href=\"https:\/\/agora.xtec.cat\/escolarosercapdevila-terrassa\/wp-content\/uploads\/usu1730\/2023\/02\/consell-de-savies-i-savis_21-02-23.pdf\">consell de s\u00e0vies i savis_21-02-23<\/a><\/p>\n<p>3-. V\u00eddeo <a href=\"https:\/\/youtu.be\/IqQNKupVgEo\">Inici pla de millora de patis_17-04-23<\/a><\/p>\n<p>&nbsp;<\/p>\n<p>&nbsp;<\/p>\n","protected":false},"excerpt":{"rendered":"<p>En aquest apartat trobareu un recull de les reunions i accions que es duen a terme al consell de s\u00e0vies i savis. Curs 2022-2023 1-. consell de s\u00e0vies i savis_15-02-23 2-. consell de s\u00e0vies i savis_21-02-23 3-. V\u00eddeo Inici pla de millora de patis_17-04-23 &nbsp; &nbsp;<\/p>\n","protected":false},"author":46,"featured_media":0,"parent":532,"menu_order":26,"comment_status":"closed","ping_status":"closed","template":"page-templates\/side-menu.php","meta":{"_bbp_topic_count":0,"_bbp_reply_count":0,"_bbp_total_topic_count":0,"_bbp_total_reply_count":0,"_bbp_voice_count":0,"_bbp_anonymous_reply_count":0,"_bbp_topic_count_hidden":0,"_bbp_reply_count_hidden":0,"_bbp_forum_subforum_count":0,"site-sidebar-layout":"default","site-content-layout":"","ast-site-content-layout":"","site-content-style":"default","site-sidebar-style":"default","ast-global-header-display":"","ast-banner-title-visibility":"","ast-main-header-display":"","ast-hfb-above-header-display":"","ast-hfb-below-header-display":"","ast-hfb-mobile-header-display":"","site-post-title":"","ast-breadcrumbs-content":"","ast-featured-img":"","footer-sml-layout":"","theme-transparent-header-meta":"","adv-header-id-meta":"","stick-header-meta":"","header-above-stick-meta":"","header-main-stick-meta":"","header-below-stick-meta":"","astra-migrate-meta-layouts":"default","ast-page-background-enabled":"default","ast-page-background-meta":{"desktop":{"background-color":"var(--ast-global-color-4)","background-image":"","background-repeat":"repeat","background-position":"center center","background-size":"auto","background-attachment":"scroll","background-type":"","background-media":"","overlay-type":"","overlay-color":"","overlay-opacity":"","overlay-gradient":""},"tablet":{"background-color":"","background-image":"","background-repeat":"repeat","background-position":"center center","background-size":"auto","background-attachment":"scroll","background-type":"","background-media":"","overlay-type":"","overlay-color":"","overlay-opacity":"","overlay-gradient":""},"mobile":{"background-color":"","background-image":"","background-repeat":"repeat","background-position":"center center","background-size":"auto","background-attachment":"scroll","background-type":"","background-media":"","overlay-type":"","overlay-color":"","overlay-opacity":"","overlay-gradient":""}},"ast-content-background-meta":{"desktop":{"background-color":"var(--ast-global-color-5)","background-image":"","background-repeat":"repeat","background-position":"center center","background-size":"auto","background-attachment":"scroll","background-type":"","background-media":"","overlay-type":"","overlay-color":"","overlay-opacity":"","overlay-gradient":""},"tablet":{"background-color":"var(--ast-global-color-5)","background-image":"","background-repeat":"repeat","background-position":"center center","background-size":"auto","background-attachment":"scroll","background-type":"","background-media":"","overlay-type":"","overlay-color":"","overlay-opacity":"","overlay-gradient":""},"mobile":{"background-color":"var(--ast-global-color-5)","background-image":"","background-repeat":"repeat","background-position":"center center","background-size":"auto","background-attachment":"scroll","background-type":"","background-media":"","overlay-type":"","overlay-color":"","overlay-opacity":"","overlay-gradient":""}},"footnotes":""},"class_list":["post-11666","page","type-page","status-publish","hentry"],"post_mailing_queue_ids":[],"_links":{"self":[{"href":"https:\/\/agora.xtec.cat\/escolarosercapdevila-terrassa\/wp-json\/wp\/v2\/pages\/11666","targetHints":{"allow":["GET"]}}],"collection":[{"href":"https:\/\/agora.xtec.cat\/escolarosercapdevila-terrassa\/wp-json\/wp\/v2\/pages"}],"about":[{"href":"https:\/\/agora.xtec.cat\/escolarosercapdevila-terrassa\/wp-json\/wp\/v2\/types\/page"}],"author":[{"embeddable":true,"href":"https:\/\/agora.xtec.cat\/escolarosercapdevila-terrassa\/wp-json\/wp\/v2\/users\/46"}],"replies":[{"embeddable":true,"href":"https:\/\/agora.xtec.cat\/escolarosercapdevila-terrassa\/wp-json\/wp\/v2\/comments?post=11666"}],"version-history":[{"count":3,"href":"https:\/\/agora.xtec.cat\/escolarosercapdevila-terrassa\/wp-json\/wp\/v2\/pages\/11666\/revisions"}],"predecessor-version":[{"id":14068,"href":"https:\/\/agora.xtec.cat\/escolarosercapdevila-terrassa\/wp-json\/wp\/v2\/pages\/11666\/revisions\/14068"}],"up":[{"embeddable":true,"href":"https:\/\/agora.xtec.cat\/escolarosercapdevila-terrassa\/wp-json\/wp\/v2\/pages\/532"}],"wp:attachment":[{"href":"https:\/\/agora.xtec.cat\/escolarosercapdevila-terrassa\/wp-json\/wp\/v2\/media?parent=11666"}],"curies":[{"name":"wp","href":"https:\/\/api.w.org\/{rel}","templated":true}]}}