{"id":10587,"date":"2021-12-08T19:07:14","date_gmt":"2021-12-08T18:07:14","guid":{"rendered":"https:\/\/agora.xtec.cat\/escolarosercapdevila-terrassa\/?page_id=10587"},"modified":"2026-02-23T15:59:28","modified_gmt":"2026-02-23T14:59:28","slug":"esmorzar-saludable","status":"publish","type":"page","link":"https:\/\/agora.xtec.cat\/escolarosercapdevila-terrassa\/projecte-educatiu\/esmorzar-saludable\/","title":{"rendered":"Esmorzar saludable"},"content":{"rendered":"<p>A l&#8217;escola esmorzem a l&#8217;aula tranquil\u00b7lament per tal de fer un esmorzar m\u00e9s saludable.<\/p>\n<p>Us demanem la vostra col\u00b7laboraci\u00f3 en aquesta tasca portant l&#8217;esmorzar en un tupper reutilitzable.<\/p>\n<p>Tamb\u00e9 volem que els nostres infants mengin fruita, un petit entrep\u00e0, galetes, embotit&#8230; Aqu\u00ed teniu algunes idees:<\/p>\n<p>&nbsp;<\/p>\n<p><a href=\"https:\/\/agora.xtec.cat\/escolarosercapdevila-terrassa\/wp-content\/uploads\/usu1730\/2021\/12\/Esmorzars-saludables-2.jpg\">\u00a0 \u00a0 \u00a0 \u00a0<\/a><a href=\"https:\/\/agora.xtec.cat\/escolarosercapdevila-terrassa\/wp-content\/uploads\/usu1730\/2021\/12\/Esmorzars-saludables-e1771858595678.jpg\"><img loading=\"lazy\" decoding=\"async\" class=\"wp-image-10589 size-medium alignleft\" src=\"https:\/\/agora.xtec.cat\/escolarosercapdevila-terrassa\/wp-content\/uploads\/usu1730\/2021\/12\/Esmorzars-saludables-e1771858595678-300x300.jpg\" alt=\"\" width=\"300\" height=\"300\" srcset=\"https:\/\/agora.xtec.cat\/escolarosercapdevila-terrassa\/wp-content\/uploads\/usu1730\/2021\/12\/Esmorzars-saludables-e1771858595678-300x300.jpg 300w, https:\/\/agora.xtec.cat\/escolarosercapdevila-terrassa\/wp-content\/uploads\/usu1730\/2021\/12\/Esmorzars-saludables-e1771858595678-150x150.jpg 150w, https:\/\/agora.xtec.cat\/escolarosercapdevila-terrassa\/wp-content\/uploads\/usu1730\/2021\/12\/Esmorzars-saludables-e1771858595678.jpg 374w\" sizes=\"auto, (max-width: 300px) 100vw, 300px\" \/><\/a><\/p>\n<p>&nbsp;<\/p>\n<p>&nbsp;<\/p>\n<p>&nbsp;<\/p>\n<p><a href=\"https:\/\/agora.xtec.cat\/escolarosercapdevila-terrassa\/wp-content\/uploads\/usu1730\/2026\/02\/esmorzar-1.jpg\"><img loading=\"lazy\" decoding=\"async\" class=\"wp-image-16048 alignright\" src=\"https:\/\/agora.xtec.cat\/escolarosercapdevila-terrassa\/wp-content\/uploads\/usu1730\/2026\/02\/esmorzar-1-300x102.jpg\" alt=\"\" width=\"397\" height=\"135\" srcset=\"https:\/\/agora.xtec.cat\/escolarosercapdevila-terrassa\/wp-content\/uploads\/usu1730\/2026\/02\/esmorzar-1-300x102.jpg 300w, https:\/\/agora.xtec.cat\/escolarosercapdevila-terrassa\/wp-content\/uploads\/usu1730\/2026\/02\/esmorzar-1.jpg 385w\" sizes=\"auto, (max-width: 397px) 100vw, 397px\" \/><\/a><\/p>\n<p>&nbsp;<\/p>\n<p>&nbsp;<\/p>\n<p>&nbsp;<\/p>\n<p>&nbsp;<\/p>\n<p>Us deixem alguns links amb refer\u00e8ncies importants per fer de l&#8217;esmorzar un \u00e0pat m\u00e9s saludable a l&#8217;escola:<\/p>\n<p><a href=\"https:\/\/catalunyacuina.com\/salut\/15-esmorzars-mes-bons-saludables-que-pots-preparar\">https:\/\/catalunyacuina.com\/salut\/15-esmorzars-mes-bons-saludables-que-pots-preparar<\/a><\/p>\n<p><a href=\"https:\/\/www.bioecoactual.com\/ca\/2019\/09\/04\/esmorzars-saludables-per-portar-lescola\/\">https:\/\/www.bioecoactual.com\/ca\/2019\/09\/04\/esmorzars-saludables-per-portar-lescola\/<\/a><\/p>\n<p><a href=\"https:\/\/youtu.be\/Mk6Pf15xPFs\">https:\/\/youtu.be\/Mk6Pf15xPFs<\/a><\/p>\n","protected":false},"excerpt":{"rendered":"<p>A l&#8217;escola esmorzem a l&#8217;aula tranquil\u00b7lament per tal de fer un esmorzar m\u00e9s saludable. Us demanem la vostra col\u00b7laboraci\u00f3 en aquesta tasca portant l&#8217;esmorzar en un tupper reutilitzable. Tamb\u00e9 volem que els nostres infants mengin fruita, un petit entrep\u00e0, galetes, embotit&#8230; Aqu\u00ed teniu algunes idees: &nbsp; \u00a0 \u00a0 \u00a0 \u00a0 &nbsp; &nbsp; &nbsp; &nbsp; &nbsp; [&hellip;]<\/p>\n","protected":false},"author":46,"featured_media":0,"parent":64,"menu_order":85,"comment_status":"closed","ping_status":"closed","template":"","meta":{"_bbp_topic_count":0,"_bbp_reply_count":0,"_bbp_total_topic_count":0,"_bbp_total_reply_count":0,"_bbp_voice_count":0,"_bbp_anonymous_reply_count":0,"_bbp_topic_count_hidden":0,"_bbp_reply_count_hidden":0,"_bbp_forum_subforum_count":0,"site-sidebar-layout":"default","site-content-layout":"","ast-site-content-layout":"default","site-content-style":"default","site-sidebar-style":"default","ast-global-header-display":"","ast-banner-title-visibility":"","ast-main-header-display":"","ast-hfb-above-header-display":"","ast-hfb-below-header-display":"","ast-hfb-mobile-header-display":"","site-post-title":"","ast-breadcrumbs-content":"","ast-featured-img":"","footer-sml-layout":"","theme-transparent-header-meta":"default","adv-header-id-meta":"","stick-header-meta":"","header-above-stick-meta":"","header-main-stick-meta":"","header-below-stick-meta":"","astra-migrate-meta-layouts":"set","ast-page-background-enabled":"default","ast-page-background-meta":{"desktop":{"background-color":"var(--ast-global-color-4)","background-image":"","background-repeat":"repeat","background-position":"center center","background-size":"auto","background-attachment":"scroll","background-type":"","background-media":"","overlay-type":"","overlay-color":"","overlay-opacity":"","overlay-gradient":""},"tablet":{"background-color":"","background-image":"","background-repeat":"repeat","background-position":"center center","background-size":"auto","background-attachment":"scroll","background-type":"","background-media":"","overlay-type":"","overlay-color":"","overlay-opacity":"","overlay-gradient":""},"mobile":{"background-color":"","background-image":"","background-repeat":"repeat","background-position":"center center","background-size":"auto","background-attachment":"scroll","background-type":"","background-media":"","overlay-type":"","overlay-color":"","overlay-opacity":"","overlay-gradient":""}},"ast-content-background-meta":{"desktop":{"background-color":"var(--ast-global-color-5)","background-image":"","background-repeat":"repeat","background-position":"center center","background-size":"auto","background-attachment":"scroll","background-type":"","background-media":"","overlay-type":"","overlay-color":"","overlay-opacity":"","overlay-gradient":""},"tablet":{"background-color":"var(--ast-global-color-5)","background-image":"","background-repeat":"repeat","background-position":"center center","background-size":"auto","background-attachment":"scroll","background-type":"","background-media":"","overlay-type":"","overlay-color":"","overlay-opacity":"","overlay-gradient":""},"mobile":{"background-color":"var(--ast-global-color-5)","background-image":"","background-repeat":"repeat","background-position":"center center","background-size":"auto","background-attachment":"scroll","background-type":"","background-media":"","overlay-type":"","overlay-color":"","overlay-opacity":"","overlay-gradient":""}},"footnotes":""},"class_list":["post-10587","page","type-page","status-publish","hentry"],"post_mailing_queue_ids":[],"_links":{"self":[{"href":"https:\/\/agora.xtec.cat\/escolarosercapdevila-terrassa\/wp-json\/wp\/v2\/pages\/10587","targetHints":{"allow":["GET"]}}],"collection":[{"href":"https:\/\/agora.xtec.cat\/escolarosercapdevila-terrassa\/wp-json\/wp\/v2\/pages"}],"about":[{"href":"https:\/\/agora.xtec.cat\/escolarosercapdevila-terrassa\/wp-json\/wp\/v2\/types\/page"}],"author":[{"embeddable":true,"href":"https:\/\/agora.xtec.cat\/escolarosercapdevila-terrassa\/wp-json\/wp\/v2\/users\/46"}],"replies":[{"embeddable":true,"href":"https:\/\/agora.xtec.cat\/escolarosercapdevila-terrassa\/wp-json\/wp\/v2\/comments?post=10587"}],"version-history":[{"count":2,"href":"https:\/\/agora.xtec.cat\/escolarosercapdevila-terrassa\/wp-json\/wp\/v2\/pages\/10587\/revisions"}],"predecessor-version":[{"id":16049,"href":"https:\/\/agora.xtec.cat\/escolarosercapdevila-terrassa\/wp-json\/wp\/v2\/pages\/10587\/revisions\/16049"}],"up":[{"embeddable":true,"href":"https:\/\/agora.xtec.cat\/escolarosercapdevila-terrassa\/wp-json\/wp\/v2\/pages\/64"}],"wp:attachment":[{"href":"https:\/\/agora.xtec.cat\/escolarosercapdevila-terrassa\/wp-json\/wp\/v2\/media?parent=10587"}],"curies":[{"name":"wp","href":"https:\/\/api.w.org\/{rel}","templated":true}]}}