{"id":700,"date":"2019-01-31T12:54:22","date_gmt":"2019-01-31T11:54:22","guid":{"rendered":"http:\/\/agora.xtec.cat\/escolarosaoriol\/?page_id=700"},"modified":"2025-11-05T12:14:36","modified_gmt":"2025-11-05T11:14:36","slug":"ampa","status":"publish","type":"page","link":"https:\/\/agora.xtec.cat\/escolarosaoriol\/serveis\/ampa\/","title":{"rendered":"AFA"},"content":{"rendered":"<p>L&#8217;Associaci\u00f3 de fam\u00edlies dels alumnes de l&#8217;Escola Rosa Oriol \u00e9s una entitat sense \u00e0nim de lucre, creada per col\u00b7laborar estretament amb l&#8217;Escola, amb l&#8217;objectiu d&#8217;aconseguir un ensenyament de qualitat pels nostres infants.<\/p>\n<p>Totes les fam\u00edlies d&#8217;alumnes de l&#8217;escola que ho desitgin poden ser membres de l&#8217;AFA. Amb la col\u00b7laboraci\u00f3 de tots, fem possible que a l&#8217;Escola es puguin fer activitats que surten del curr\u00edculum establert. Aix\u00f2 permet que els nostres fills i filles gaudeixin d&#8217;unes activitats que els aporten nous coneixements i experi\u00e8ncies i que disposin de recursos que sense l&#8217;aportaci\u00f3 de l&#8217;AFA no serien possibles.<\/p>\n<p>QU\u00c8 FEM?<\/p>\n<ul>\n<li>Serveis: Acollida Matinal i Activitats extraescolars<\/li>\n<li>Col\u00b7laboraci\u00f3 escola i fam\u00edlies<\/li>\n<li>Xerrades<\/li>\n<\/ul>\n<p>ON ENS POTS TROBAR?<\/p>\n<p><img loading=\"lazy\" decoding=\"async\" class=\"aligncenter wp-image-9078 size-large\" src=\"https:\/\/agora.xtec.cat\/escolarosaoriol\/wp-content\/uploads\/usu876\/2025\/11\/AFA-1-1-1024x947.png\" alt=\"\" width=\"1024\" height=\"947\" srcset=\"https:\/\/agora.xtec.cat\/escolarosaoriol\/wp-content\/uploads\/usu876\/2025\/11\/AFA-1-1-1024x947.png 1024w, https:\/\/agora.xtec.cat\/escolarosaoriol\/wp-content\/uploads\/usu876\/2025\/11\/AFA-1-1-300x277.png 300w, https:\/\/agora.xtec.cat\/escolarosaoriol\/wp-content\/uploads\/usu876\/2025\/11\/AFA-1-1-768x710.png 768w, https:\/\/agora.xtec.cat\/escolarosaoriol\/wp-content\/uploads\/usu876\/2025\/11\/AFA-1-1-1536x1420.png 1536w, https:\/\/agora.xtec.cat\/escolarosaoriol\/wp-content\/uploads\/usu876\/2025\/11\/AFA-1-1-2048x1893.png 2048w\" sizes=\"auto, (max-width: 1024px) 100vw, 1024px\" \/><\/p>\n","protected":false},"excerpt":{"rendered":"<p>L&#8217;Associaci\u00f3 de fam\u00edlies dels alumnes de l&#8217;Escola Rosa Oriol \u00e9s una entitat sense \u00e0nim de lucre, creada per col\u00b7laborar estretament amb l&#8217;Escola, amb l&#8217;objectiu d&#8217;aconseguir un ensenyament de qualitat pels nostres infants. Totes les fam\u00edlies d&#8217;alumnes de l&#8217;escola que ho desitgin poden ser membres de l&#8217;AFA. Amb la col\u00b7laboraci\u00f3 de tots, fem possible que a [&hellip;]<\/p>\n","protected":false},"author":1,"featured_media":0,"parent":66,"menu_order":0,"comment_status":"closed","ping_status":"closed","template":"","meta":{"_bbp_topic_count":0,"_bbp_reply_count":0,"_bbp_total_topic_count":0,"_bbp_total_reply_count":0,"_bbp_voice_count":0,"_bbp_anonymous_reply_count":0,"_bbp_topic_count_hidden":0,"_bbp_reply_count_hidden":0,"_bbp_forum_subforum_count":0,"site-sidebar-layout":"default","site-content-layout":"","ast-site-content-layout":"default","site-content-style":"default","site-sidebar-style":"default","ast-global-header-display":"","ast-banner-title-visibility":"","ast-main-header-display":"","ast-hfb-above-header-display":"","ast-hfb-below-header-display":"","ast-hfb-mobile-header-display":"","site-post-title":"","ast-breadcrumbs-content":"","ast-featured-img":"","footer-sml-layout":"","theme-transparent-header-meta":"default","adv-header-id-meta":"","stick-header-meta":"","header-above-stick-meta":"","header-main-stick-meta":"","header-below-stick-meta":"","astra-migrate-meta-layouts":"set","ast-page-background-enabled":"default","ast-page-background-meta":{"desktop":{"background-color":"var(--ast-global-color-4)","background-image":"","background-repeat":"repeat","background-position":"center center","background-size":"auto","background-attachment":"scroll","background-type":"","background-media":"","overlay-type":"","overlay-color":"","overlay-opacity":"","overlay-gradient":""},"tablet":{"background-color":"","background-image":"","background-repeat":"repeat","background-position":"center center","background-size":"auto","background-attachment":"scroll","background-type":"","background-media":"","overlay-type":"","overlay-color":"","overlay-opacity":"","overlay-gradient":""},"mobile":{"background-color":"","background-image":"","background-repeat":"repeat","background-position":"center center","background-size":"auto","background-attachment":"scroll","background-type":"","background-media":"","overlay-type":"","overlay-color":"","overlay-opacity":"","overlay-gradient":""}},"ast-content-background-meta":{"desktop":{"background-color":"var(--ast-global-color-5)","background-image":"","background-repeat":"repeat","background-position":"center center","background-size":"auto","background-attachment":"scroll","background-type":"","background-media":"","overlay-type":"","overlay-color":"","overlay-opacity":"","overlay-gradient":""},"tablet":{"background-color":"var(--ast-global-color-5)","background-image":"","background-repeat":"repeat","background-position":"center center","background-size":"auto","background-attachment":"scroll","background-type":"","background-media":"","overlay-type":"","overlay-color":"","overlay-opacity":"","overlay-gradient":""},"mobile":{"background-color":"var(--ast-global-color-5)","background-image":"","background-repeat":"repeat","background-position":"center center","background-size":"auto","background-attachment":"scroll","background-type":"","background-media":"","overlay-type":"","overlay-color":"","overlay-opacity":"","overlay-gradient":""}},"footnotes":""},"class_list":["post-700","page","type-page","status-publish","hentry"],"post_mailing_queue_ids":[],"_links":{"self":[{"href":"https:\/\/agora.xtec.cat\/escolarosaoriol\/wp-json\/wp\/v2\/pages\/700","targetHints":{"allow":["GET"]}}],"collection":[{"href":"https:\/\/agora.xtec.cat\/escolarosaoriol\/wp-json\/wp\/v2\/pages"}],"about":[{"href":"https:\/\/agora.xtec.cat\/escolarosaoriol\/wp-json\/wp\/v2\/types\/page"}],"author":[{"embeddable":true,"href":"https:\/\/agora.xtec.cat\/escolarosaoriol\/wp-json\/wp\/v2\/users\/1"}],"replies":[{"embeddable":true,"href":"https:\/\/agora.xtec.cat\/escolarosaoriol\/wp-json\/wp\/v2\/comments?post=700"}],"version-history":[{"count":7,"href":"https:\/\/agora.xtec.cat\/escolarosaoriol\/wp-json\/wp\/v2\/pages\/700\/revisions"}],"predecessor-version":[{"id":9080,"href":"https:\/\/agora.xtec.cat\/escolarosaoriol\/wp-json\/wp\/v2\/pages\/700\/revisions\/9080"}],"up":[{"embeddable":true,"href":"https:\/\/agora.xtec.cat\/escolarosaoriol\/wp-json\/wp\/v2\/pages\/66"}],"wp:attachment":[{"href":"https:\/\/agora.xtec.cat\/escolarosaoriol\/wp-json\/wp\/v2\/media?parent=700"}],"curies":[{"name":"wp","href":"https:\/\/api.w.org\/{rel}","templated":true}]}}