{"id":36,"date":"2014-09-18T12:33:11","date_gmt":"2014-09-18T11:33:11","guid":{"rendered":"http:\/\/agora.xtec.cat\/escolarosaoriol\/?page_id=36"},"modified":"2025-11-07T11:28:57","modified_gmt":"2025-11-07T10:28:57","slug":"material-escolar","status":"publish","type":"page","link":"https:\/\/agora.xtec.cat\/escolarosaoriol\/lescola\/material-escolar\/","title":{"rendered":"Material escolar, llibres\/material associat i sortides"},"content":{"rendered":"<p><strong>Informaci\u00f3 del pagament de la quota de material i sortides\u00a0<\/strong><\/p>\n<p style=\"text-align: justify;\">Per tal de donar les m\u00e0ximes facilitats els pagaments de la quota de material i les sortides es podran fer via internet o des de l\u2019aplicaci\u00f3 m\u00f2bil.<\/p>\n<p style=\"text-align: justify;\">D\u2019aquesta manera l\u2019escola i les fam\u00edlies disposen de tot el control ja que no cal donar comprovants conforme s\u2019han fet els pagaments perqu\u00e8 el sistema informa en temps real de l\u2019estat de qualsevol pagament.<\/p>\n<p style=\"text-align: justify;\">Una vegada s&#8217;ha fet la matriculaci\u00f3, rebreu la confirmaci\u00f3 juntament amb el codi d&#8217;usuari de la TPV.<\/p>\n<p style=\"text-align: justify;\"><span style=\"text-decoration: underline;\">Quota de material:<\/span><\/p>\n<ul style=\"text-align: justify;\">\n<li>Alumnes Educaci\u00f3 Infantil (I3,I4 i I5)&#8230;&#8230;&#8230;&#8230;&#8230;&#8230;&#8230;&#8230;&#8230;&#8230;&#8230;&#8230;&#8230;110\u20ac<\/li>\n<li>Alumnes de prim\u00e0ria&#8230;&#8230;&#8230;&#8230;&#8230;&#8230;&#8230;&#8230;&#8230;&#8230;&#8230;&#8230;&#8230;&#8230;&#8230;&#8230;&#8230;&#8230;&#8230;&#8230;&#8230;&#8230;.70\u20ac<\/li>\n<\/ul>\n<p>Es poden utilitzar<b><u>\u00a0els vals escolars\u00a0<\/u><\/b>per pagar una part del material. Us adjuntem l&#8217;enlla\u00e7\u00a0<a href=\"https:\/\/www.valescolar.cat\/\" target=\"_blank\" rel=\"noopener\" data-saferedirecturl=\"https:\/\/www.google.com\/url?q=https:\/\/www.valescolar.cat\/&amp;source=gmail&amp;ust=1720092665864000&amp;usg=AOvVaw2b7NghfhLEmpZEByrs9ExC\">https:\/\/www.<wbr \/>valescolar.cat\/<\/a>\u00a0on explica en qu\u00e8 consisteixen aquests vals i com activar-los. Com a fam\u00edlia podeu decidir si els cediu a l&#8217;escola o, en cas que us els vulgueu quedar per comprar altres materials, se us activar\u00e0 el preu total del material que correspon a 70\u20ac.<\/p>\n<p><span style=\"text-decoration: underline;\">Quota llibres, quaderns, llic\u00e8ncies i material associat:<\/span><\/p>\n<ul style=\"text-align: justify;\">\n<li>Llibres de text. De 1r a 6\u00e8 hi ha llibres\/quaderns subvencionats pel programa PFIDE (Programa per Fomentar la Igualtat De l&#8217;acc\u00e9s a l&#8217;Educaci\u00f3) de l&#8217;Ajuntament de Lli\u00e7\u00e0 d&#8217;Amunt<\/li>\n<li><a style=\"font-family: inherit; font-size: 1em;\" href=\"https:\/\/drive.google.com\/file\/d\/1DXNwVW4NdAPAQOL5mcSXNZwIbMLthM2V\/view?usp=sharing\" target=\"_blank\" rel=\"noopener\">2025-26 Llistat llibres<\/a><\/li>\n<\/ul>\n<p><span style=\"text-decoration: underline;\">Quota sortides i col\u00f2nies:<\/span><\/p>\n<ul>\n<li>Es fa un primer pagament de 50\u20ac a l&#8217;inici de curs. Aquest pagament engloba les activitats culturals de tot el curs i una sortida de cada nivell.<\/li>\n<li>I un segon pagament entre Febrer i Mar\u00e7 que engloba sortides del segon i tercer trimestre (preu a concretar segons les sortides de cada nivell)<\/li>\n<li>Les col\u00f2nies estan establertes a cada final de cicle. Us informarem a inici de curs.<\/li>\n<\/ul>\n<p>&nbsp;<\/p>\n<p style=\"text-align: justify;\"><strong><u>Opcions per fer el pagament <\/u><\/strong><\/p>\n<p style=\"text-align: justify;\"><strong><u>Per Internet:<\/u><\/strong><\/p>\n<ol style=\"text-align: justify;\">\n<li>Cliqueu la icona de TPV ESCOLA<\/li>\n<\/ol>\n<p style=\"text-align: justify;\"><a href=\"https:\/\/tpvescola.com\/\" target=\"_blank\" rel=\"noopener noreferrer\">https:\/\/tpvescola.com\/<\/a><\/p>\n<ol style=\"text-align: justify;\">\n<li>Seleccioneu el municipi i la vostra escola<\/li>\n<\/ol>\n<ol style=\"text-align: justify;\" start=\"4\">\n<li>Us demanar\u00e0 un nom d\u2019usuari i una contrasenya. El nom d\u2019usuari \u00e9s el codi de 8 d\u00edgits que est\u00e0 impr\u00e8s junt amb el nom, a la targeta que us ha proporcionat l\u2019escola. La contrasenya \u00e9s inicialment zx1234 (en min\u00fascules), us la podeu canviar si voleu.<\/li>\n<li>Seleccioneu els conceptes. Fent clic al bot\u00f3 <em>Pagar<\/em> accedireu a la p\u00e0gina de validaci\u00f3 banc\u00e0ria. Heu de posar les dades de la vostra targeta de cr\u00e8dit o d\u00e8bit i seguir les instruccions en pantalla. La transacci\u00f3 es processa en un entorn segur.<\/li>\n<li>Un cop validada la vostra operaci\u00f3 rebreu un mail amb el justificant del pagament.<\/li>\n<li>No cal entregar el justificant a l\u2019escola<\/li>\n<\/ol>\n<p style=\"text-align: justify;\"><strong><u>M\u00f2bil:<\/u><\/strong><\/p>\n<p style=\"text-align: justify;\">\u00c9s MOLT RECOMANABLE baixar-se l\u2019app de TPVEscola a Google Play i App Store.\u00a0 Es poden fer tots els pagaments de l\u2019escola de forma r\u00e0pida i senzilla.\u00a0 Per fer-la servir nom\u00e9s heu de posar el codi personal (el de la targeta del vostre fill\/a)\u00a0 i la contrasenya que utilitzeu quan us connecteu al TPV virtual.<\/p>\n<p style=\"text-align: justify;\"><strong>Per a qualsevol dubte poseu-vos en contacte amb secretaria o administraci\u00f3.<\/strong><\/p>\n<p style=\"text-align: justify;\">\n","protected":false},"excerpt":{"rendered":"<p>Informaci\u00f3 del pagament de la quota de material i sortides\u00a0 Per tal de donar les m\u00e0ximes facilitats els pagaments de la quota de material i les sortides es podran fer via internet o des de l\u2019aplicaci\u00f3 m\u00f2bil. D\u2019aquesta manera l\u2019escola i les fam\u00edlies disposen de tot el control ja que no cal donar comprovants conforme [&hellip;]<\/p>\n","protected":false},"author":1,"featured_media":0,"parent":22,"menu_order":7,"comment_status":"closed","ping_status":"closed","template":"","meta":{"_bbp_topic_count":0,"_bbp_reply_count":0,"_bbp_total_topic_count":0,"_bbp_total_reply_count":0,"_bbp_voice_count":0,"_bbp_anonymous_reply_count":0,"_bbp_topic_count_hidden":0,"_bbp_reply_count_hidden":0,"_bbp_forum_subforum_count":0,"site-sidebar-layout":"default","site-content-layout":"","ast-site-content-layout":"default","site-content-style":"default","site-sidebar-style":"default","ast-global-header-display":"","ast-banner-title-visibility":"","ast-main-header-display":"","ast-hfb-above-header-display":"","ast-hfb-below-header-display":"","ast-hfb-mobile-header-display":"","site-post-title":"","ast-breadcrumbs-content":"","ast-featured-img":"","footer-sml-layout":"","theme-transparent-header-meta":"default","adv-header-id-meta":"","stick-header-meta":"","header-above-stick-meta":"","header-main-stick-meta":"","header-below-stick-meta":"","astra-migrate-meta-layouts":"set","ast-page-background-enabled":"default","ast-page-background-meta":{"desktop":{"background-color":"var(--ast-global-color-4)","background-image":"","background-repeat":"repeat","background-position":"center center","background-size":"auto","background-attachment":"scroll","background-type":"","background-media":"","overlay-type":"","overlay-color":"","overlay-opacity":"","overlay-gradient":""},"tablet":{"background-color":"","background-image":"","background-repeat":"repeat","background-position":"center center","background-size":"auto","background-attachment":"scroll","background-type":"","background-media":"","overlay-type":"","overlay-color":"","overlay-opacity":"","overlay-gradient":""},"mobile":{"background-color":"","background-image":"","background-repeat":"repeat","background-position":"center center","background-size":"auto","background-attachment":"scroll","background-type":"","background-media":"","overlay-type":"","overlay-color":"","overlay-opacity":"","overlay-gradient":""}},"ast-content-background-meta":{"desktop":{"background-color":"var(--ast-global-color-5)","background-image":"","background-repeat":"repeat","background-position":"center center","background-size":"auto","background-attachment":"scroll","background-type":"","background-media":"","overlay-type":"","overlay-color":"","overlay-opacity":"","overlay-gradient":""},"tablet":{"background-color":"var(--ast-global-color-5)","background-image":"","background-repeat":"repeat","background-position":"center center","background-size":"auto","background-attachment":"scroll","background-type":"","background-media":"","overlay-type":"","overlay-color":"","overlay-opacity":"","overlay-gradient":""},"mobile":{"background-color":"var(--ast-global-color-5)","background-image":"","background-repeat":"repeat","background-position":"center center","background-size":"auto","background-attachment":"scroll","background-type":"","background-media":"","overlay-type":"","overlay-color":"","overlay-opacity":"","overlay-gradient":""}},"footnotes":""},"class_list":["post-36","page","type-page","status-publish","hentry"],"post_mailing_queue_ids":[],"_links":{"self":[{"href":"https:\/\/agora.xtec.cat\/escolarosaoriol\/wp-json\/wp\/v2\/pages\/36","targetHints":{"allow":["GET"]}}],"collection":[{"href":"https:\/\/agora.xtec.cat\/escolarosaoriol\/wp-json\/wp\/v2\/pages"}],"about":[{"href":"https:\/\/agora.xtec.cat\/escolarosaoriol\/wp-json\/wp\/v2\/types\/page"}],"author":[{"embeddable":true,"href":"https:\/\/agora.xtec.cat\/escolarosaoriol\/wp-json\/wp\/v2\/users\/1"}],"replies":[{"embeddable":true,"href":"https:\/\/agora.xtec.cat\/escolarosaoriol\/wp-json\/wp\/v2\/comments?post=36"}],"version-history":[{"count":7,"href":"https:\/\/agora.xtec.cat\/escolarosaoriol\/wp-json\/wp\/v2\/pages\/36\/revisions"}],"predecessor-version":[{"id":9162,"href":"https:\/\/agora.xtec.cat\/escolarosaoriol\/wp-json\/wp\/v2\/pages\/36\/revisions\/9162"}],"up":[{"embeddable":true,"href":"https:\/\/agora.xtec.cat\/escolarosaoriol\/wp-json\/wp\/v2\/pages\/22"}],"wp:attachment":[{"href":"https:\/\/agora.xtec.cat\/escolarosaoriol\/wp-json\/wp\/v2\/media?parent=36"}],"curies":[{"name":"wp","href":"https:\/\/api.w.org\/{rel}","templated":true}]}}