{"id":26,"date":"2014-09-18T12:24:32","date_gmt":"2014-09-18T11:24:32","guid":{"rendered":"http:\/\/agora.xtec.cat\/escolarosaoriol\/?page_id=26"},"modified":"2019-03-11T11:49:56","modified_gmt":"2019-03-11T10:49:56","slug":"historia","status":"publish","type":"page","link":"https:\/\/agora.xtec.cat\/escolarosaoriol\/lescola\/historia\/","title":{"rendered":"Hist\u00f2ria"},"content":{"rendered":"<p style=\"text-align: justify;\">L&#8217;escola Rosa Oriol Anguera va obrir les portes el curs 2004-2005 al barri de Ca l&#8217;Artigues. El nom vol ser un homenatge i un record a la gran mestra i gran persona que fou <strong>Rosa Oriol<\/strong> <strong>Anguera,<\/strong> que exerc\u00ed a Lli\u00e7\u00e0 d&#8217;Amunt entre els anys 1946-1966.<\/p>\n<p style=\"text-align: justify;\">Rosa Oriol Anguera va n\u00e9ixer a Linyola (Pla d&#8217;Urgell) l&#8217;any 1896 i va estudiar a l&#8217;escola Normal de Magisteri de Barcelona els anys en qu\u00e8 la pedagogia catalana s&#8217;impregnava dels coneixements de la doctora i pedagoga Maria Montessori. Els seus cursets a Barcelona van deixar una profunda empremta en la manera d&#8217;ensenyar de la Rosa que al llarg de la seva traject\u00f2ria professional va desenvolupar la seva pedagogia activa. Va exercir el seu mestratge fins que als 70 anys es va jubilar.<\/p>\n<p style=\"text-align: justify;\">Quan l&#8217;escola obr\u00ed les portes no hi havia un edifici i comen\u00e7\u00e0 la seva traject\u00f2ria amb 2 m\u00f2duls prefabricats atenent alumnes d&#8217;educaci\u00f3 infantil amb un equip de 4 mestres, una conserge i dues monitores de menjador.<\/p>\n<p style=\"text-align: justify;\">El curs 2005-2006, el centre obre tota la l\u00ednia educativa d&#8217;infantil i prim\u00e0ria.arran de les demandes d&#8217;ampliaci\u00f3 de places escolars per la saturaci\u00f3 de les escoles Pa\u00efsos Catalans, Sant Baldiri i Miquel Mart\u00ed i Pol de la nostra poblaci\u00f3.<\/p>\n<p style=\"text-align: justify;\">El curs 2007-2008, l&#8217;escola estren\u00e0 un nou edifici de tres plantes dotat d&#8217;aulari per atendre dues l\u00ednies d&#8217;escolaritzaci\u00f3 i amb\u00a0 espais espec\u00edfics per Aula d&#8217;Angl\u00e8s, Aula d&#8217;Experiments, Aula d&#8217;Inform\u00e0tica, Aula de M\u00fasica, Biblioteca, Cuina, Gimn\u00e0s, Hort, Menjador, Psicomotricitat i Vestuaris.<\/p>\n<p>&nbsp;<\/p>\n","protected":false},"excerpt":{"rendered":"<p>L&#8217;escola Rosa Oriol Anguera va obrir les portes el curs 2004-2005 al barri de Ca l&#8217;Artigues. El nom vol ser un homenatge i un record a la gran mestra i gran persona que fou Rosa Oriol Anguera, que exerc\u00ed a Lli\u00e7\u00e0 d&#8217;Amunt entre els anys 1946-1966. Rosa Oriol Anguera va n\u00e9ixer a Linyola (Pla d&#8217;Urgell) [&hellip;]<\/p>\n","protected":false},"author":1,"featured_media":0,"parent":22,"menu_order":3,"comment_status":"closed","ping_status":"closed","template":"page-templates\/side-menu.php","meta":{"_bbp_topic_count":0,"_bbp_reply_count":0,"_bbp_total_topic_count":0,"_bbp_total_reply_count":0,"_bbp_voice_count":0,"_bbp_anonymous_reply_count":0,"_bbp_topic_count_hidden":0,"_bbp_reply_count_hidden":0,"_bbp_forum_subforum_count":0,"site-sidebar-layout":"default","site-content-layout":"","ast-site-content-layout":"","site-content-style":"default","site-sidebar-style":"default","ast-global-header-display":"","ast-banner-title-visibility":"","ast-main-header-display":"","ast-hfb-above-header-display":"","ast-hfb-below-header-display":"","ast-hfb-mobile-header-display":"","site-post-title":"","ast-breadcrumbs-content":"","ast-featured-img":"","footer-sml-layout":"","theme-transparent-header-meta":"","adv-header-id-meta":"","stick-header-meta":"","header-above-stick-meta":"","header-main-stick-meta":"","header-below-stick-meta":"","astra-migrate-meta-layouts":"default","ast-page-background-enabled":"default","ast-page-background-meta":{"desktop":{"background-color":"var(--ast-global-color-4)","background-image":"","background-repeat":"repeat","background-position":"center center","background-size":"auto","background-attachment":"scroll","background-type":"","background-media":"","overlay-type":"","overlay-color":"","overlay-opacity":"","overlay-gradient":""},"tablet":{"background-color":"","background-image":"","background-repeat":"repeat","background-position":"center center","background-size":"auto","background-attachment":"scroll","background-type":"","background-media":"","overlay-type":"","overlay-color":"","overlay-opacity":"","overlay-gradient":""},"mobile":{"background-color":"","background-image":"","background-repeat":"repeat","background-position":"center center","background-size":"auto","background-attachment":"scroll","background-type":"","background-media":"","overlay-type":"","overlay-color":"","overlay-opacity":"","overlay-gradient":""}},"ast-content-background-meta":{"desktop":{"background-color":"var(--ast-global-color-5)","background-image":"","background-repeat":"repeat","background-position":"center center","background-size":"auto","background-attachment":"scroll","background-type":"","background-media":"","overlay-type":"","overlay-color":"","overlay-opacity":"","overlay-gradient":""},"tablet":{"background-color":"var(--ast-global-color-5)","background-image":"","background-repeat":"repeat","background-position":"center center","background-size":"auto","background-attachment":"scroll","background-type":"","background-media":"","overlay-type":"","overlay-color":"","overlay-opacity":"","overlay-gradient":""},"mobile":{"background-color":"var(--ast-global-color-5)","background-image":"","background-repeat":"repeat","background-position":"center center","background-size":"auto","background-attachment":"scroll","background-type":"","background-media":"","overlay-type":"","overlay-color":"","overlay-opacity":"","overlay-gradient":""}},"footnotes":""},"class_list":["post-26","page","type-page","status-publish","hentry"],"post_mailing_queue_ids":[],"_links":{"self":[{"href":"https:\/\/agora.xtec.cat\/escolarosaoriol\/wp-json\/wp\/v2\/pages\/26","targetHints":{"allow":["GET"]}}],"collection":[{"href":"https:\/\/agora.xtec.cat\/escolarosaoriol\/wp-json\/wp\/v2\/pages"}],"about":[{"href":"https:\/\/agora.xtec.cat\/escolarosaoriol\/wp-json\/wp\/v2\/types\/page"}],"author":[{"embeddable":true,"href":"https:\/\/agora.xtec.cat\/escolarosaoriol\/wp-json\/wp\/v2\/users\/1"}],"replies":[{"embeddable":true,"href":"https:\/\/agora.xtec.cat\/escolarosaoriol\/wp-json\/wp\/v2\/comments?post=26"}],"version-history":[{"count":4,"href":"https:\/\/agora.xtec.cat\/escolarosaoriol\/wp-json\/wp\/v2\/pages\/26\/revisions"}],"predecessor-version":[{"id":1152,"href":"https:\/\/agora.xtec.cat\/escolarosaoriol\/wp-json\/wp\/v2\/pages\/26\/revisions\/1152"}],"up":[{"embeddable":true,"href":"https:\/\/agora.xtec.cat\/escolarosaoriol\/wp-json\/wp\/v2\/pages\/22"}],"wp:attachment":[{"href":"https:\/\/agora.xtec.cat\/escolarosaoriol\/wp-json\/wp\/v2\/media?parent=26"}],"curies":[{"name":"wp","href":"https:\/\/api.w.org\/{rel}","templated":true}]}}