{"id":798,"date":"2020-01-25T21:02:15","date_gmt":"2020-01-25T20:02:15","guid":{"rendered":"https:\/\/agora.xtec.cat\/escolarosacampa\/?page_id=798"},"modified":"2020-02-26T10:41:18","modified_gmt":"2020-02-26T09:41:18","slug":"llocs-especifics-estructurals","status":"publish","type":"page","link":"https:\/\/agora.xtec.cat\/escolarosacampa\/documents\/llocs-especifics-estructurals\/","title":{"rendered":"Llocs espec\u00edfics estructurals"},"content":{"rendered":"<p style=\"text-align: justify;\">Els darrers cursos s&#8217;han demanat dos llocs de treball espec\u00edfics, el perfil d&#8217;Atenci\u00f3 a la Diversitat i el perfil de Metodologies amb Enfocament Globalitzat. Aquests llocs es caracteritzen per tenir atribu\u00efdes a m\u00e9s de les funcions docents gen\u00e8riques, funcions espec\u00edfiques derivades del Projecte Educatiu i del Projecte de Direcci\u00f3.<\/p>\n<p style=\"text-align: justify;\">ATENCI\u00d3 A LA DIVERSITAT DE L&#8217;ALUMNAT\u00a0 <a href=\"https:\/\/agora.xtec.cat\/escolarosacampa\/wp-content\/uploads\/usu1985\/2020\/02\/Perfil-dAtenci\u00f3-a-la-Diversitat.pdf\" target=\"_blank\" rel=\"noopener noreferrer\"><em>&gt;<\/em><\/a><\/p>\n<p style=\"text-align: justify;\">METODOLOGIES AMB ENFOCAMENT GLOBALITZAT\u00a0 <a href=\"https:\/\/agora.xtec.cat\/escolarosacampa\/wp-content\/uploads\/usu1985\/2020\/02\/Perfil-de-metodologies-enfocament-globalitzat.pdf\" target=\"_blank\" rel=\"noopener noreferrer\"><em>&gt;<\/em><\/a><\/p>\n<p>&nbsp;<\/p>\n","protected":false},"excerpt":{"rendered":"<p>Els darrers cursos s&#8217;han demanat dos llocs de treball espec\u00edfics, el perfil d&#8217;Atenci\u00f3 a la Diversitat i el perfil de [&hellip;]<\/p>\n","protected":false},"author":1,"featured_media":0,"parent":632,"menu_order":6,"comment_status":"closed","ping_status":"closed","template":"page-templates\/side-menu.php","meta":{"site-sidebar-layout":"default","site-content-layout":"","ast-site-content-layout":"","site-content-style":"default","site-sidebar-style":"default","ast-global-header-display":"","ast-banner-title-visibility":"","ast-main-header-display":"","ast-hfb-above-header-display":"","ast-hfb-below-header-display":"","ast-hfb-mobile-header-display":"","site-post-title":"","ast-breadcrumbs-content":"","ast-featured-img":"","footer-sml-layout":"","theme-transparent-header-meta":"","adv-header-id-meta":"","stick-header-meta":"","header-above-stick-meta":"","header-main-stick-meta":"","header-below-stick-meta":"","astra-migrate-meta-layouts":"default","ast-page-background-enabled":"default","ast-page-background-meta":{"desktop":{"background-color":"var(--ast-global-color-4)","background-image":"","background-repeat":"repeat","background-position":"center center","background-size":"auto","background-attachment":"scroll","background-type":"","background-media":"","overlay-type":"","overlay-color":"","overlay-opacity":"","overlay-gradient":""},"tablet":{"background-color":"","background-image":"","background-repeat":"repeat","background-position":"center center","background-size":"auto","background-attachment":"scroll","background-type":"","background-media":"","overlay-type":"","overlay-color":"","overlay-opacity":"","overlay-gradient":""},"mobile":{"background-color":"","background-image":"","background-repeat":"repeat","background-position":"center center","background-size":"auto","background-attachment":"scroll","background-type":"","background-media":"","overlay-type":"","overlay-color":"","overlay-opacity":"","overlay-gradient":""}},"ast-content-background-meta":{"desktop":{"background-color":"var(--ast-global-color-5)","background-image":"","background-repeat":"repeat","background-position":"center center","background-size":"auto","background-attachment":"scroll","background-type":"","background-media":"","overlay-type":"","overlay-color":"","overlay-opacity":"","overlay-gradient":""},"tablet":{"background-color":"var(--ast-global-color-5)","background-image":"","background-repeat":"repeat","background-position":"center center","background-size":"auto","background-attachment":"scroll","background-type":"","background-media":"","overlay-type":"","overlay-color":"","overlay-opacity":"","overlay-gradient":""},"mobile":{"background-color":"var(--ast-global-color-5)","background-image":"","background-repeat":"repeat","background-position":"center center","background-size":"auto","background-attachment":"scroll","background-type":"","background-media":"","overlay-type":"","overlay-color":"","overlay-opacity":"","overlay-gradient":""}},"footnotes":""},"class_list":["post-798","page","type-page","status-publish","hentry"],"post_mailing_queue_ids":[],"_links":{"self":[{"href":"https:\/\/agora.xtec.cat\/escolarosacampa\/wp-json\/wp\/v2\/pages\/798","targetHints":{"allow":["GET"]}}],"collection":[{"href":"https:\/\/agora.xtec.cat\/escolarosacampa\/wp-json\/wp\/v2\/pages"}],"about":[{"href":"https:\/\/agora.xtec.cat\/escolarosacampa\/wp-json\/wp\/v2\/types\/page"}],"author":[{"embeddable":true,"href":"https:\/\/agora.xtec.cat\/escolarosacampa\/wp-json\/wp\/v2\/users\/1"}],"replies":[{"embeddable":true,"href":"https:\/\/agora.xtec.cat\/escolarosacampa\/wp-json\/wp\/v2\/comments?post=798"}],"version-history":[{"count":3,"href":"https:\/\/agora.xtec.cat\/escolarosacampa\/wp-json\/wp\/v2\/pages\/798\/revisions"}],"predecessor-version":[{"id":852,"href":"https:\/\/agora.xtec.cat\/escolarosacampa\/wp-json\/wp\/v2\/pages\/798\/revisions\/852"}],"up":[{"embeddable":true,"href":"https:\/\/agora.xtec.cat\/escolarosacampa\/wp-json\/wp\/v2\/pages\/632"}],"wp:attachment":[{"href":"https:\/\/agora.xtec.cat\/escolarosacampa\/wp-json\/wp\/v2\/media?parent=798"}],"curies":[{"name":"wp","href":"https:\/\/api.w.org\/{rel}","templated":true}]}}