{"id":73,"date":"2014-09-18T14:01:51","date_gmt":"2014-09-18T12:01:51","guid":{"rendered":"http:\/\/agora.xtec.cat\/escolarosacampa\/?page_id=73"},"modified":"2025-07-03T17:55:13","modified_gmt":"2025-07-03T15:55:13","slug":"menjador-escolar","status":"publish","type":"page","link":"https:\/\/agora.xtec.cat\/escolarosacampa\/serveis\/menjador-escolar\/","title":{"rendered":"Menjador escolar"},"content":{"rendered":"\n<div class=\"wp-block-columns alignwide are-vertically-aligned-top is-layout-flex wp-container-core-columns-is-layout-1 wp-block-columns-is-layout-flex\" style=\"border-style:none;border-width:0px;border-radius:0px;margin-top:0;margin-bottom:0;padding-top:0;padding-right:var(--wp--preset--spacing--50);padding-bottom:0;padding-left:var(--wp--preset--spacing--50)\">\n<div class=\"wp-block-column is-vertically-aligned-top is-layout-flow wp-block-column-is-layout-flow\">\n<figure class=\"wp-block-image aligncenter size-full is-resized\"><a href=\"https:\/\/agora.xtec.cat\/escolarosacampa\/wp-content\/uploads\/usu1985\/2024\/12\/Pla-de-Funcionament-del-MENJADOR-ESCOLAR-2024.pdf\" target=\"_blank\" rel=\"noreferrer noopener\"><img loading=\"lazy\" decoding=\"async\" width=\"515\" height=\"713\" src=\"https:\/\/agora.xtec.cat\/escolarosacampa\/wp-content\/uploads\/usu1985\/2025\/02\/pla-menjador-1.jpg\" alt=\"\" class=\"wp-image-3126\" style=\"width:293px;height:auto\" srcset=\"https:\/\/agora.xtec.cat\/escolarosacampa\/wp-content\/uploads\/usu1985\/2025\/02\/pla-menjador-1.jpg 515w, https:\/\/agora.xtec.cat\/escolarosacampa\/wp-content\/uploads\/usu1985\/2025\/02\/pla-menjador-1-217x300.jpg 217w\" sizes=\"auto, (max-width: 515px) 100vw, 515px\" \/><\/a><\/figure>\n<\/div>\n\n\n\n<div class=\"wp-block-column is-layout-flow wp-block-column-is-layout-flow\">\n<figure class=\"wp-block-image aligncenter size-full is-resized\"><a href=\"https:\/\/agora.xtec.cat\/escolarosacampa\/wp-content\/uploads\/usu1985\/2025\/04\/Article-menjador.pdf\" target=\"_blank\" rel=\"noreferrer noopener\"><img loading=\"lazy\" decoding=\"async\" width=\"656\" height=\"767\" src=\"https:\/\/agora.xtec.cat\/escolarosacampa\/wp-content\/uploads\/usu1985\/2025\/04\/portada-areticle-menjador.png\" alt=\"\" class=\"wp-image-3366\" style=\"width:263px;height:auto\" srcset=\"https:\/\/agora.xtec.cat\/escolarosacampa\/wp-content\/uploads\/usu1985\/2025\/04\/portada-areticle-menjador.png 656w, https:\/\/agora.xtec.cat\/escolarosacampa\/wp-content\/uploads\/usu1985\/2025\/04\/portada-areticle-menjador-257x300.png 257w\" sizes=\"auto, (max-width: 656px) 100vw, 656px\" \/><\/a><\/figure>\n<\/div>\n\n\n\n<div class=\"wp-block-column is-vertically-aligned-top is-layout-flow wp-block-column-is-layout-flow\">\n<p><\/p>\n\n\n\n<p>Des del curs 2024 &#8211; 2025 l&#8217;escola disposa de cuina pr\u00f2pia.<\/p>\n\n\n\n<p class=\"has-text-align-left\">El menjador escolar est\u00e0 completament integrat en el funcionament de l\u2019escola. Di\u00e0riament es queden al voltant de 60 infants a dinar i tamb\u00e9 alguns mestres.<\/p>\n\n\n\n<p>La gesti\u00f3 del menjador est\u00e0 compartida entre l\u2019AFA (gesti\u00f3 econ\u00f2mica i organitzativa) i l\u2019equip directiu de l\u2019escola (l\u00ednia pedag\u00f2gica).<\/p>\n\n\n\n<p>L&#8217;horari del servei \u00e9s de 13h a 15h de dilluns a divendres.<\/p>\n<\/div>\n<\/div>\n\n\n\n<div class=\"wp-block-columns is-layout-flex wp-container-core-columns-is-layout-2 wp-block-columns-is-layout-flex\">\n<div class=\"wp-block-column is-layout-flow wp-block-column-is-layout-flow\">\n<div data-wp-interactive=\"core\/file\" class=\"wp-block-file\"><object data-wp-bind--hidden=\"!state.hasPdfPreview\" hidden class=\"wp-block-file__embed\" data=\"https:\/\/agora.xtec.cat\/escolarosacampa\/wp-content\/uploads\/usu1985\/2025\/04\/20241129-Montferrer-i-Castellbo-Escola-Rosa-Campa-REV.pdf\" type=\"application\/pdf\" style=\"width:100%;height:600px\" aria-label=\"Incrustaci\u00f3 del fitxer 20241129-Montferrer-i-Castellbo-Escola-Rosa-Campa-REV.\"><\/object><a id=\"wp-block-file--media-26baf755-1d6e-4afd-8dc1-3e0d13edb030\" href=\"https:\/\/agora.xtec.cat\/escolarosacampa\/wp-content\/uploads\/usu1985\/2025\/04\/20241129-Montferrer-i-Castellbo-Escola-Rosa-Campa-REV.pdf\">20241129-Montferrer-i-Castellbo-Escola-Rosa-Campa-REV<\/a><a href=\"https:\/\/agora.xtec.cat\/escolarosacampa\/wp-content\/uploads\/usu1985\/2025\/04\/20241129-Montferrer-i-Castellbo-Escola-Rosa-Campa-REV.pdf\" class=\"wp-block-file__button wp-element-button\" download aria-describedby=\"wp-block-file--media-26baf755-1d6e-4afd-8dc1-3e0d13edb030\">Baixa<\/a><\/div>\n<\/div>\n\n\n\n<div class=\"wp-block-column is-layout-flow wp-block-column-is-layout-flow\">\n<div data-wp-interactive=\"core\/file\" class=\"wp-block-file\"><object data-wp-bind--hidden=\"!state.hasPdfPreview\" hidden class=\"wp-block-file__embed\" data=\"https:\/\/agora.xtec.cat\/escolarosacampa\/wp-content\/uploads\/usu1985\/2025\/04\/20250320-Montferrer-i-Castellbo-Escola-Rosa-Campa-SEG.pdf\" type=\"application\/pdf\" style=\"width:100%;height:600px\" aria-label=\"Incrustaci\u00f3 del fitxer 20250320-Montferrer-i-Castellbo-Escola-Rosa-Campa-SEG.\"><\/object><a id=\"wp-block-file--media-9e9ff53b-ef09-492b-b0f6-4213b18ea57a\" href=\"https:\/\/agora.xtec.cat\/escolarosacampa\/wp-content\/uploads\/usu1985\/2025\/04\/20250320-Montferrer-i-Castellbo-Escola-Rosa-Campa-SEG.pdf\">20250320-Montferrer-i-Castellbo-Escola-Rosa-Campa-SEG<\/a><a href=\"https:\/\/agora.xtec.cat\/escolarosacampa\/wp-content\/uploads\/usu1985\/2025\/04\/20250320-Montferrer-i-Castellbo-Escola-Rosa-Campa-SEG.pdf\" class=\"wp-block-file__button wp-element-button\" download aria-describedby=\"wp-block-file--media-9e9ff53b-ef09-492b-b0f6-4213b18ea57a\">Baixa<\/a><\/div>\n<\/div>\n\n\n\n<div class=\"wp-block-column is-layout-flow wp-block-column-is-layout-flow\">\n<div data-wp-interactive=\"core\/file\" class=\"wp-block-file\"><object data-wp-bind--hidden=\"!state.hasPdfPreview\" hidden class=\"wp-block-file__embed\" data=\"https:\/\/agora.xtec.cat\/escolarosacampa\/wp-content\/uploads\/usu1985\/2025\/07\/20250625-Montferrer-Rosa-Campa-Informe-valoracio-sensorial-final.pdf\" type=\"application\/pdf\" style=\"width:100%;height:600px\" aria-label=\"Incrustaci\u00f3 del fitxer 20250625-Montferrer Rosa Camp\u00e0 - Informe valoraci\u00f3 sensorial - final.\"><\/object><a id=\"wp-block-file--media-615f2193-dd80-4289-88fd-e7557280dfa0\" href=\"https:\/\/agora.xtec.cat\/escolarosacampa\/wp-content\/uploads\/usu1985\/2025\/07\/20250625-Montferrer-Rosa-Campa-Informe-valoracio-sensorial-final.pdf\">20250625-Montferrer Rosa Camp\u00e0 &#8211; Informe valoraci\u00f3 sensorial &#8211; final<\/a><a href=\"https:\/\/agora.xtec.cat\/escolarosacampa\/wp-content\/uploads\/usu1985\/2025\/07\/20250625-Montferrer-Rosa-Campa-Informe-valoracio-sensorial-final.pdf\" class=\"wp-block-file__button wp-element-button\" download aria-describedby=\"wp-block-file--media-615f2193-dd80-4289-88fd-e7557280dfa0\">Baixa<\/a><\/div>\n<\/div>\n<\/div>\n","protected":false},"excerpt":{"rendered":"<p>Des del curs 2024 &#8211; 2025 l&#8217;escola disposa de cuina pr\u00f2pia. El menjador escolar est\u00e0 completament integrat en el funcionament [&hellip;]<\/p>\n","protected":false},"author":1,"featured_media":0,"parent":66,"menu_order":1,"comment_status":"closed","ping_status":"closed","template":"","meta":{"site-sidebar-layout":"default","site-content-layout":"","ast-site-content-layout":"default","site-content-style":"default","site-sidebar-style":"unboxed","ast-global-header-display":"","ast-banner-title-visibility":"","ast-main-header-display":"","ast-hfb-above-header-display":"","ast-hfb-below-header-display":"","ast-hfb-mobile-header-display":"","site-post-title":"","ast-breadcrumbs-content":"","ast-featured-img":"","footer-sml-layout":"","theme-transparent-header-meta":"","adv-header-id-meta":"","stick-header-meta":"","header-above-stick-meta":"","header-main-stick-meta":"","header-below-stick-meta":"","astra-migrate-meta-layouts":"set","ast-page-background-enabled":"default","ast-page-background-meta":{"desktop":{"background-color":"var(--ast-global-color-4)","background-image":"","background-repeat":"repeat","background-position":"center center","background-size":"auto","background-attachment":"scroll","background-type":"","background-media":"","overlay-type":"","overlay-color":"","overlay-opacity":"","overlay-gradient":""},"tablet":{"background-color":"","background-image":"","background-repeat":"repeat","background-position":"center center","background-size":"auto","background-attachment":"scroll","background-type":"","background-media":"","overlay-type":"","overlay-color":"","overlay-opacity":"","overlay-gradient":""},"mobile":{"background-color":"","background-image":"","background-repeat":"repeat","background-position":"center center","background-size":"auto","background-attachment":"scroll","background-type":"","background-media":"","overlay-type":"","overlay-color":"","overlay-opacity":"","overlay-gradient":""}},"ast-content-background-meta":{"desktop":{"background-color":"var(--ast-global-color-5)","background-image":"","background-repeat":"repeat","background-position":"center center","background-size":"auto","background-attachment":"scroll","background-type":"","background-media":"","overlay-type":"","overlay-color":"","overlay-opacity":"","overlay-gradient":""},"tablet":{"background-color":"var(--ast-global-color-5)","background-image":"","background-repeat":"repeat","background-position":"center center","background-size":"auto","background-attachment":"scroll","background-type":"","background-media":"","overlay-type":"","overlay-color":"","overlay-opacity":"","overlay-gradient":""},"mobile":{"background-color":"var(--ast-global-color-5)","background-image":"","background-repeat":"repeat","background-position":"center center","background-size":"auto","background-attachment":"scroll","background-type":"","background-media":"","overlay-type":"","overlay-color":"","overlay-opacity":"","overlay-gradient":""}},"footnotes":""},"class_list":["post-73","page","type-page","status-publish","hentry"],"post_mailing_queue_ids":[],"_links":{"self":[{"href":"https:\/\/agora.xtec.cat\/escolarosacampa\/wp-json\/wp\/v2\/pages\/73","targetHints":{"allow":["GET"]}}],"collection":[{"href":"https:\/\/agora.xtec.cat\/escolarosacampa\/wp-json\/wp\/v2\/pages"}],"about":[{"href":"https:\/\/agora.xtec.cat\/escolarosacampa\/wp-json\/wp\/v2\/types\/page"}],"author":[{"embeddable":true,"href":"https:\/\/agora.xtec.cat\/escolarosacampa\/wp-json\/wp\/v2\/users\/1"}],"replies":[{"embeddable":true,"href":"https:\/\/agora.xtec.cat\/escolarosacampa\/wp-json\/wp\/v2\/comments?post=73"}],"version-history":[{"count":6,"href":"https:\/\/agora.xtec.cat\/escolarosacampa\/wp-json\/wp\/v2\/pages\/73\/revisions"}],"predecessor-version":[{"id":3486,"href":"https:\/\/agora.xtec.cat\/escolarosacampa\/wp-json\/wp\/v2\/pages\/73\/revisions\/3486"}],"up":[{"embeddable":true,"href":"https:\/\/agora.xtec.cat\/escolarosacampa\/wp-json\/wp\/v2\/pages\/66"}],"wp:attachment":[{"href":"https:\/\/agora.xtec.cat\/escolarosacampa\/wp-json\/wp\/v2\/media?parent=73"}],"curies":[{"name":"wp","href":"https:\/\/api.w.org\/{rel}","templated":true}]}}