{"id":665,"date":"2019-03-12T11:32:38","date_gmt":"2019-03-12T10:32:38","guid":{"rendered":"https:\/\/agora.xtec.cat\/escolarosacampa\/?page_id=665"},"modified":"2019-12-10T12:24:13","modified_gmt":"2019-12-10T11:24:13","slug":"acompanyament-educatiu","status":"publish","type":"page","link":"https:\/\/agora.xtec.cat\/escolarosacampa\/serveis\/acompanyament-educatiu\/","title":{"rendered":"Acompanyament educatiu"},"content":{"rendered":"<p>El Programa d\u2019acompanyament educatiu \u00e9s una iniciativa per contribuir a millorar l\u2019\u00e8xit educatiu dels infants refor\u00e7ant i complementant la funci\u00f3 educativa de la fam\u00edlia i de l\u2019escola acompanyant els infants en la realitzaci\u00f3 de tasques escolars i en l&#8217;adquisici\u00f3 d&#8217;estrat\u00e8gies d\u2019estudi i d\u2019aprenentatge tot promovent habilitats i compet\u00e8ncies per potenciar la seva autonomia i la capacitat d&#8217;aprendre a aprendre.<\/p>\n<p>S\u2019adre\u00e7a als infants d&#8217;Educaci\u00f3 Prim\u00e0ria de Cicle Mitj\u00e0 i Cicle Superior que necessitin un acompanyament educatiu en temps extraescolar.<\/p>\n<p>Es vol atendre tan a estudiants que necessiten suport i orientaci\u00f3 per a la realitzaci\u00f3 de les tasques escolars, com a aquells amb dificultats per disposar d\u2019un acompanyament extraescolar per part de la fam\u00edlia (dificultats per conciliar la vida laboral i la vida familiar, etc.).<\/p>\n","protected":false},"excerpt":{"rendered":"<p>El Programa d\u2019acompanyament educatiu \u00e9s una iniciativa per contribuir a millorar l\u2019\u00e8xit educatiu dels infants refor\u00e7ant i complementant la funci\u00f3 [&hellip;]<\/p>\n","protected":false},"author":1,"featured_media":0,"parent":66,"menu_order":3,"comment_status":"closed","ping_status":"closed","template":"page-templates\/side-menu.php","meta":{"site-sidebar-layout":"default","site-content-layout":"","ast-site-content-layout":"","site-content-style":"default","site-sidebar-style":"default","ast-global-header-display":"","ast-banner-title-visibility":"","ast-main-header-display":"","ast-hfb-above-header-display":"","ast-hfb-below-header-display":"","ast-hfb-mobile-header-display":"","site-post-title":"","ast-breadcrumbs-content":"","ast-featured-img":"","footer-sml-layout":"","theme-transparent-header-meta":"","adv-header-id-meta":"","stick-header-meta":"","header-above-stick-meta":"","header-main-stick-meta":"","header-below-stick-meta":"","astra-migrate-meta-layouts":"default","ast-page-background-enabled":"default","ast-page-background-meta":{"desktop":{"background-color":"var(--ast-global-color-4)","background-image":"","background-repeat":"repeat","background-position":"center center","background-size":"auto","background-attachment":"scroll","background-type":"","background-media":"","overlay-type":"","overlay-color":"","overlay-opacity":"","overlay-gradient":""},"tablet":{"background-color":"","background-image":"","background-repeat":"repeat","background-position":"center center","background-size":"auto","background-attachment":"scroll","background-type":"","background-media":"","overlay-type":"","overlay-color":"","overlay-opacity":"","overlay-gradient":""},"mobile":{"background-color":"","background-image":"","background-repeat":"repeat","background-position":"center center","background-size":"auto","background-attachment":"scroll","background-type":"","background-media":"","overlay-type":"","overlay-color":"","overlay-opacity":"","overlay-gradient":""}},"ast-content-background-meta":{"desktop":{"background-color":"var(--ast-global-color-5)","background-image":"","background-repeat":"repeat","background-position":"center center","background-size":"auto","background-attachment":"scroll","background-type":"","background-media":"","overlay-type":"","overlay-color":"","overlay-opacity":"","overlay-gradient":""},"tablet":{"background-color":"var(--ast-global-color-5)","background-image":"","background-repeat":"repeat","background-position":"center center","background-size":"auto","background-attachment":"scroll","background-type":"","background-media":"","overlay-type":"","overlay-color":"","overlay-opacity":"","overlay-gradient":""},"mobile":{"background-color":"var(--ast-global-color-5)","background-image":"","background-repeat":"repeat","background-position":"center center","background-size":"auto","background-attachment":"scroll","background-type":"","background-media":"","overlay-type":"","overlay-color":"","overlay-opacity":"","overlay-gradient":""}},"footnotes":""},"class_list":["post-665","page","type-page","status-publish","hentry"],"post_mailing_queue_ids":[],"_links":{"self":[{"href":"https:\/\/agora.xtec.cat\/escolarosacampa\/wp-json\/wp\/v2\/pages\/665","targetHints":{"allow":["GET"]}}],"collection":[{"href":"https:\/\/agora.xtec.cat\/escolarosacampa\/wp-json\/wp\/v2\/pages"}],"about":[{"href":"https:\/\/agora.xtec.cat\/escolarosacampa\/wp-json\/wp\/v2\/types\/page"}],"author":[{"embeddable":true,"href":"https:\/\/agora.xtec.cat\/escolarosacampa\/wp-json\/wp\/v2\/users\/1"}],"replies":[{"embeddable":true,"href":"https:\/\/agora.xtec.cat\/escolarosacampa\/wp-json\/wp\/v2\/comments?post=665"}],"version-history":[{"count":2,"href":"https:\/\/agora.xtec.cat\/escolarosacampa\/wp-json\/wp\/v2\/pages\/665\/revisions"}],"predecessor-version":[{"id":787,"href":"https:\/\/agora.xtec.cat\/escolarosacampa\/wp-json\/wp\/v2\/pages\/665\/revisions\/787"}],"up":[{"embeddable":true,"href":"https:\/\/agora.xtec.cat\/escolarosacampa\/wp-json\/wp\/v2\/pages\/66"}],"wp:attachment":[{"href":"https:\/\/agora.xtec.cat\/escolarosacampa\/wp-json\/wp\/v2\/media?parent=665"}],"curies":[{"name":"wp","href":"https:\/\/api.w.org\/{rel}","templated":true}]}}