{"id":599,"date":"2019-03-12T09:03:58","date_gmt":"2019-03-12T08:03:58","guid":{"rendered":"https:\/\/agora.xtec.cat\/escolarosacampa\/?page_id=599"},"modified":"2020-01-25T21:12:04","modified_gmt":"2020-01-25T20:12:04","slug":"lescola-folk","status":"publish","type":"page","link":"https:\/\/agora.xtec.cat\/escolarosacampa\/projectes-descola\/lescola-folk\/","title":{"rendered":"L&#8217;Escola Folk"},"content":{"rendered":"<p style=\"text-align: justify;\">L\u2019Escola Folk del Pirineu &#8211; Tallers d\u2019Ars\u00e8guel\u00a0\u00e9s un centre estable dedicat a\u00a0la formaci\u00f3 i la promoci\u00f3 de la m\u00fasica i la dansa d\u2019arrel tradicional a les comarques del Pirineu.<\/p>\n<p style=\"text-align: justify;\">Professors\/es de m\u00fasica venen al centre per tal d\u2019oferir classes de diferents instruments musicals.<\/p>\n<p style=\"text-align: justify;\">L\u2019Escola Folk est\u00e0 gestionada per l\u2019Associaci\u00f3 Cultural per a la Tradici\u00f3 Musical TRAM, en conveni amb la Direcci\u00f3 General de Cultura Popular i Associacionisme Cultural, l&#8217;Ajuntament d\u2019Ars\u00e8guel i la Fundaci\u00f3 P\u00fablica Institut d\u2019Estudis Ilerdencs, de la Diputaci\u00f3 de Lleida.<\/p>\n","protected":false},"excerpt":{"rendered":"<p>L\u2019Escola Folk del Pirineu &#8211; Tallers d\u2019Ars\u00e8guel\u00a0\u00e9s un centre estable dedicat a\u00a0la formaci\u00f3 i la promoci\u00f3 de la m\u00fasica i [&hellip;]<\/p>\n","protected":false},"author":1,"featured_media":0,"parent":585,"menu_order":7,"comment_status":"closed","ping_status":"closed","template":"page-templates\/side-menu.php","meta":{"site-sidebar-layout":"default","site-content-layout":"","ast-site-content-layout":"","site-content-style":"default","site-sidebar-style":"default","ast-global-header-display":"","ast-banner-title-visibility":"","ast-main-header-display":"","ast-hfb-above-header-display":"","ast-hfb-below-header-display":"","ast-hfb-mobile-header-display":"","site-post-title":"","ast-breadcrumbs-content":"","ast-featured-img":"","footer-sml-layout":"","theme-transparent-header-meta":"","adv-header-id-meta":"","stick-header-meta":"","header-above-stick-meta":"","header-main-stick-meta":"","header-below-stick-meta":"","astra-migrate-meta-layouts":"default","ast-page-background-enabled":"default","ast-page-background-meta":{"desktop":{"background-color":"var(--ast-global-color-4)","background-image":"","background-repeat":"repeat","background-position":"center center","background-size":"auto","background-attachment":"scroll","background-type":"","background-media":"","overlay-type":"","overlay-color":"","overlay-opacity":"","overlay-gradient":""},"tablet":{"background-color":"","background-image":"","background-repeat":"repeat","background-position":"center center","background-size":"auto","background-attachment":"scroll","background-type":"","background-media":"","overlay-type":"","overlay-color":"","overlay-opacity":"","overlay-gradient":""},"mobile":{"background-color":"","background-image":"","background-repeat":"repeat","background-position":"center center","background-size":"auto","background-attachment":"scroll","background-type":"","background-media":"","overlay-type":"","overlay-color":"","overlay-opacity":"","overlay-gradient":""}},"ast-content-background-meta":{"desktop":{"background-color":"var(--ast-global-color-5)","background-image":"","background-repeat":"repeat","background-position":"center center","background-size":"auto","background-attachment":"scroll","background-type":"","background-media":"","overlay-type":"","overlay-color":"","overlay-opacity":"","overlay-gradient":""},"tablet":{"background-color":"var(--ast-global-color-5)","background-image":"","background-repeat":"repeat","background-position":"center center","background-size":"auto","background-attachment":"scroll","background-type":"","background-media":"","overlay-type":"","overlay-color":"","overlay-opacity":"","overlay-gradient":""},"mobile":{"background-color":"var(--ast-global-color-5)","background-image":"","background-repeat":"repeat","background-position":"center center","background-size":"auto","background-attachment":"scroll","background-type":"","background-media":"","overlay-type":"","overlay-color":"","overlay-opacity":"","overlay-gradient":""}},"footnotes":""},"class_list":["post-599","page","type-page","status-publish","hentry"],"post_mailing_queue_ids":[],"_links":{"self":[{"href":"https:\/\/agora.xtec.cat\/escolarosacampa\/wp-json\/wp\/v2\/pages\/599","targetHints":{"allow":["GET"]}}],"collection":[{"href":"https:\/\/agora.xtec.cat\/escolarosacampa\/wp-json\/wp\/v2\/pages"}],"about":[{"href":"https:\/\/agora.xtec.cat\/escolarosacampa\/wp-json\/wp\/v2\/types\/page"}],"author":[{"embeddable":true,"href":"https:\/\/agora.xtec.cat\/escolarosacampa\/wp-json\/wp\/v2\/users\/1"}],"replies":[{"embeddable":true,"href":"https:\/\/agora.xtec.cat\/escolarosacampa\/wp-json\/wp\/v2\/comments?post=599"}],"version-history":[{"count":3,"href":"https:\/\/agora.xtec.cat\/escolarosacampa\/wp-json\/wp\/v2\/pages\/599\/revisions"}],"predecessor-version":[{"id":813,"href":"https:\/\/agora.xtec.cat\/escolarosacampa\/wp-json\/wp\/v2\/pages\/599\/revisions\/813"}],"up":[{"embeddable":true,"href":"https:\/\/agora.xtec.cat\/escolarosacampa\/wp-json\/wp\/v2\/pages\/585"}],"wp:attachment":[{"href":"https:\/\/agora.xtec.cat\/escolarosacampa\/wp-json\/wp\/v2\/media?parent=599"}],"curies":[{"name":"wp","href":"https:\/\/api.w.org\/{rel}","templated":true}]}}