{"id":593,"date":"2019-03-12T09:02:16","date_gmt":"2019-03-12T08:02:16","guid":{"rendered":"https:\/\/agora.xtec.cat\/escolarosacampa\/?page_id=593"},"modified":"2020-03-23T13:00:34","modified_gmt":"2020-03-23T12:00:34","slug":"corrandescola","status":"publish","type":"page","link":"https:\/\/agora.xtec.cat\/escolarosacampa\/projectes-descola\/corrandescola\/","title":{"rendered":"La Glosa a l&#8217;Escola"},"content":{"rendered":"<p style=\"text-align: justify;\">El projecte de la Glosa a l\u2019Escola es va comen\u00e7ar a desenvolupar el curs 2012-2013 i tracta d\u2019introduir la can\u00e7\u00f3 improvisada dins l\u2019educaci\u00f3 prim\u00e0ria. Es treballa a Cicle Superior a l\u2019\u00e0rea de llengua catalana i a l\u2019\u00e0rea de m\u00fasica.<\/p>\n<p style=\"text-align: justify;\">A trav\u00e9s d\u2019aquest projecte es pret\u00e9n desenvolupar especialment la compet\u00e8ncia comunicativa ling\u00fc\u00edstica, l\u2019art\u00edstica i cultural, la d\u2019autonomia i iniciativa personal i la social i ciutadana.<\/p>\n<p><a href=\"https:\/\/agora.xtec.cat\/escolarosacampa\/wp-content\/uploads\/usu1985\/2020\/03\/Optimized-P6072433.jpg\"><img loading=\"lazy\" decoding=\"async\" class=\"aligncenter wp-image-1090 \" src=\"https:\/\/agora.xtec.cat\/escolarosacampa\/wp-content\/uploads\/usu1985\/2020\/03\/Optimized-P6072433.jpg\" alt=\"\" width=\"761\" height=\"571\" srcset=\"https:\/\/agora.xtec.cat\/escolarosacampa\/wp-content\/uploads\/usu1985\/2020\/03\/Optimized-P6072433.jpg 1200w, https:\/\/agora.xtec.cat\/escolarosacampa\/wp-content\/uploads\/usu1985\/2020\/03\/Optimized-P6072433-300x225.jpg 300w, https:\/\/agora.xtec.cat\/escolarosacampa\/wp-content\/uploads\/usu1985\/2020\/03\/Optimized-P6072433-768x576.jpg 768w, https:\/\/agora.xtec.cat\/escolarosacampa\/wp-content\/uploads\/usu1985\/2020\/03\/Optimized-P6072433-1024x768.jpg 1024w, https:\/\/agora.xtec.cat\/escolarosacampa\/wp-content\/uploads\/usu1985\/2020\/03\/Optimized-P6072433-200x150.jpg 200w\" sizes=\"auto, (max-width: 761px) 100vw, 761px\" \/><\/a><\/p>\n","protected":false},"excerpt":{"rendered":"<p>El projecte de la Glosa a l\u2019Escola es va comen\u00e7ar a desenvolupar el curs 2012-2013 i tracta d\u2019introduir la can\u00e7\u00f3 [&hellip;]<\/p>\n","protected":false},"author":1,"featured_media":0,"parent":585,"menu_order":4,"comment_status":"closed","ping_status":"closed","template":"page-templates\/side-menu.php","meta":{"site-sidebar-layout":"default","site-content-layout":"","ast-site-content-layout":"","site-content-style":"default","site-sidebar-style":"default","ast-global-header-display":"","ast-banner-title-visibility":"","ast-main-header-display":"","ast-hfb-above-header-display":"","ast-hfb-below-header-display":"","ast-hfb-mobile-header-display":"","site-post-title":"","ast-breadcrumbs-content":"","ast-featured-img":"","footer-sml-layout":"","theme-transparent-header-meta":"","adv-header-id-meta":"","stick-header-meta":"","header-above-stick-meta":"","header-main-stick-meta":"","header-below-stick-meta":"","astra-migrate-meta-layouts":"default","ast-page-background-enabled":"default","ast-page-background-meta":{"desktop":{"background-color":"var(--ast-global-color-4)","background-image":"","background-repeat":"repeat","background-position":"center center","background-size":"auto","background-attachment":"scroll","background-type":"","background-media":"","overlay-type":"","overlay-color":"","overlay-opacity":"","overlay-gradient":""},"tablet":{"background-color":"","background-image":"","background-repeat":"repeat","background-position":"center center","background-size":"auto","background-attachment":"scroll","background-type":"","background-media":"","overlay-type":"","overlay-color":"","overlay-opacity":"","overlay-gradient":""},"mobile":{"background-color":"","background-image":"","background-repeat":"repeat","background-position":"center center","background-size":"auto","background-attachment":"scroll","background-type":"","background-media":"","overlay-type":"","overlay-color":"","overlay-opacity":"","overlay-gradient":""}},"ast-content-background-meta":{"desktop":{"background-color":"var(--ast-global-color-5)","background-image":"","background-repeat":"repeat","background-position":"center center","background-size":"auto","background-attachment":"scroll","background-type":"","background-media":"","overlay-type":"","overlay-color":"","overlay-opacity":"","overlay-gradient":""},"tablet":{"background-color":"var(--ast-global-color-5)","background-image":"","background-repeat":"repeat","background-position":"center center","background-size":"auto","background-attachment":"scroll","background-type":"","background-media":"","overlay-type":"","overlay-color":"","overlay-opacity":"","overlay-gradient":""},"mobile":{"background-color":"var(--ast-global-color-5)","background-image":"","background-repeat":"repeat","background-position":"center center","background-size":"auto","background-attachment":"scroll","background-type":"","background-media":"","overlay-type":"","overlay-color":"","overlay-opacity":"","overlay-gradient":""}},"footnotes":""},"class_list":["post-593","page","type-page","status-publish","hentry"],"post_mailing_queue_ids":[],"_links":{"self":[{"href":"https:\/\/agora.xtec.cat\/escolarosacampa\/wp-json\/wp\/v2\/pages\/593","targetHints":{"allow":["GET"]}}],"collection":[{"href":"https:\/\/agora.xtec.cat\/escolarosacampa\/wp-json\/wp\/v2\/pages"}],"about":[{"href":"https:\/\/agora.xtec.cat\/escolarosacampa\/wp-json\/wp\/v2\/types\/page"}],"author":[{"embeddable":true,"href":"https:\/\/agora.xtec.cat\/escolarosacampa\/wp-json\/wp\/v2\/users\/1"}],"replies":[{"embeddable":true,"href":"https:\/\/agora.xtec.cat\/escolarosacampa\/wp-json\/wp\/v2\/comments?post=593"}],"version-history":[{"count":3,"href":"https:\/\/agora.xtec.cat\/escolarosacampa\/wp-json\/wp\/v2\/pages\/593\/revisions"}],"predecessor-version":[{"id":1091,"href":"https:\/\/agora.xtec.cat\/escolarosacampa\/wp-json\/wp\/v2\/pages\/593\/revisions\/1091"}],"up":[{"embeddable":true,"href":"https:\/\/agora.xtec.cat\/escolarosacampa\/wp-json\/wp\/v2\/pages\/585"}],"wp:attachment":[{"href":"https:\/\/agora.xtec.cat\/escolarosacampa\/wp-json\/wp\/v2\/media?parent=593"}],"curies":[{"name":"wp","href":"https:\/\/api.w.org\/{rel}","templated":true}]}}