{"id":589,"date":"2019-03-12T09:01:10","date_gmt":"2019-03-12T08:01:10","guid":{"rendered":"https:\/\/agora.xtec.cat\/escolarosacampa\/?page_id=589"},"modified":"2020-01-25T21:10:00","modified_gmt":"2020-01-25T20:10:00","slug":"lescola-adopta-un-monument","status":"publish","type":"page","link":"https:\/\/agora.xtec.cat\/escolarosacampa\/projectes-descola\/lescola-adopta-un-monument\/","title":{"rendered":"L&#8217;Escola Adopta un Monument"},"content":{"rendered":"<p style=\"text-align: justify;\">El projecte es va iniciar el curs 2011-2012 amb l&#8217;objectiu de dinamitzar i promoure el coneixement del patrimoni hist\u00f2ric i arqueol\u00f2gic del nostre entorn, sovint poc conegut per\u00f2 amb un pes social molt significatiu, i potenciar el coneixement de l\u2019entorn local, estimulant la gesti\u00f3 i conservaci\u00f3 del patrimoni del municipi tot prenent consci\u00e8ncia del seu valor.<\/p>\n<p style=\"text-align: justify;\">El projecte es va desenvolupar gr\u00e0cies al treball conjunt i la col\u00b7laboraci\u00f3 continuada de la UB, el Cda de la Noguera, el Bisbat d&#8217;Urgell i el CCAU.<\/p>\n<p style=\"text-align: justify;\">El monument escollit va ser l\u2019<strong>esgl\u00e9sia de la Mare de D\u00e9u de la Trobada<\/strong>, monument emblem\u00e0tic del municipi i que ajuda a entendre la hist\u00f2ria i els costums del nostre poble, Montferrer.<\/p>\n","protected":false},"excerpt":{"rendered":"<p>El projecte es va iniciar el curs 2011-2012 amb l&#8217;objectiu de dinamitzar i promoure el coneixement del patrimoni hist\u00f2ric i [&hellip;]<\/p>\n","protected":false},"author":1,"featured_media":0,"parent":585,"menu_order":2,"comment_status":"closed","ping_status":"closed","template":"page-templates\/side-menu.php","meta":{"site-sidebar-layout":"default","site-content-layout":"","ast-site-content-layout":"","site-content-style":"default","site-sidebar-style":"default","ast-global-header-display":"","ast-banner-title-visibility":"","ast-main-header-display":"","ast-hfb-above-header-display":"","ast-hfb-below-header-display":"","ast-hfb-mobile-header-display":"","site-post-title":"","ast-breadcrumbs-content":"","ast-featured-img":"","footer-sml-layout":"","theme-transparent-header-meta":"","adv-header-id-meta":"","stick-header-meta":"","header-above-stick-meta":"","header-main-stick-meta":"","header-below-stick-meta":"","astra-migrate-meta-layouts":"default","ast-page-background-enabled":"default","ast-page-background-meta":{"desktop":{"background-color":"var(--ast-global-color-4)","background-image":"","background-repeat":"repeat","background-position":"center center","background-size":"auto","background-attachment":"scroll","background-type":"","background-media":"","overlay-type":"","overlay-color":"","overlay-opacity":"","overlay-gradient":""},"tablet":{"background-color":"","background-image":"","background-repeat":"repeat","background-position":"center center","background-size":"auto","background-attachment":"scroll","background-type":"","background-media":"","overlay-type":"","overlay-color":"","overlay-opacity":"","overlay-gradient":""},"mobile":{"background-color":"","background-image":"","background-repeat":"repeat","background-position":"center center","background-size":"auto","background-attachment":"scroll","background-type":"","background-media":"","overlay-type":"","overlay-color":"","overlay-opacity":"","overlay-gradient":""}},"ast-content-background-meta":{"desktop":{"background-color":"var(--ast-global-color-5)","background-image":"","background-repeat":"repeat","background-position":"center center","background-size":"auto","background-attachment":"scroll","background-type":"","background-media":"","overlay-type":"","overlay-color":"","overlay-opacity":"","overlay-gradient":""},"tablet":{"background-color":"var(--ast-global-color-5)","background-image":"","background-repeat":"repeat","background-position":"center center","background-size":"auto","background-attachment":"scroll","background-type":"","background-media":"","overlay-type":"","overlay-color":"","overlay-opacity":"","overlay-gradient":""},"mobile":{"background-color":"var(--ast-global-color-5)","background-image":"","background-repeat":"repeat","background-position":"center center","background-size":"auto","background-attachment":"scroll","background-type":"","background-media":"","overlay-type":"","overlay-color":"","overlay-opacity":"","overlay-gradient":""}},"footnotes":""},"class_list":["post-589","page","type-page","status-publish","hentry"],"post_mailing_queue_ids":[],"_links":{"self":[{"href":"https:\/\/agora.xtec.cat\/escolarosacampa\/wp-json\/wp\/v2\/pages\/589","targetHints":{"allow":["GET"]}}],"collection":[{"href":"https:\/\/agora.xtec.cat\/escolarosacampa\/wp-json\/wp\/v2\/pages"}],"about":[{"href":"https:\/\/agora.xtec.cat\/escolarosacampa\/wp-json\/wp\/v2\/types\/page"}],"author":[{"embeddable":true,"href":"https:\/\/agora.xtec.cat\/escolarosacampa\/wp-json\/wp\/v2\/users\/1"}],"replies":[{"embeddable":true,"href":"https:\/\/agora.xtec.cat\/escolarosacampa\/wp-json\/wp\/v2\/comments?post=589"}],"version-history":[{"count":3,"href":"https:\/\/agora.xtec.cat\/escolarosacampa\/wp-json\/wp\/v2\/pages\/589\/revisions"}],"predecessor-version":[{"id":809,"href":"https:\/\/agora.xtec.cat\/escolarosacampa\/wp-json\/wp\/v2\/pages\/589\/revisions\/809"}],"up":[{"embeddable":true,"href":"https:\/\/agora.xtec.cat\/escolarosacampa\/wp-json\/wp\/v2\/pages\/585"}],"wp:attachment":[{"href":"https:\/\/agora.xtec.cat\/escolarosacampa\/wp-json\/wp\/v2\/media?parent=589"}],"curies":[{"name":"wp","href":"https:\/\/api.w.org\/{rel}","templated":true}]}}