{"id":28,"date":"2014-09-18T12:29:35","date_gmt":"2014-09-18T10:29:35","guid":{"rendered":"http:\/\/agora.xtec.cat\/escolarosacampa\/?page_id=28"},"modified":"2020-01-25T21:08:33","modified_gmt":"2020-01-25T20:08:33","slug":"consell-escolar","status":"publish","type":"page","link":"https:\/\/agora.xtec.cat\/escolarosacampa\/lescola\/consell-escolar\/","title":{"rendered":"Consell escolar"},"content":{"rendered":"<p style=\"text-align: justify;\">El Consell Escolar \u00e9s el m\u00e0xim \u00f2rgan de govern col\u00b7legiat de l\u2019escola on es troben representats tots els sectors de la comunitat educativa: 3 representants de les fam\u00edlies, 2 representants dels mestres, 1 representat de l\u2019Ajuntament, 1 representant de l&#8217;AMPA i l&#8217;equip directiu de l&#8217;escola (la Directora, que actua com a presidenta del Consell, la Cap d&#8217;Estudis i la Secret\u00e0ria).<\/p>\n<p style=\"text-align: justify;\">Es reuneix com a m\u00ednim un cop per trimestre en sessi\u00f3 ordin\u00e0ria i \u00e9s un espai de di\u00e0leg i presa de decisions on es procura que sempre hi hagi el m\u00e0xim consens entre les diferents parts.<\/p>\n<p style=\"text-align: justify;\">Entre les seves funcions hi ha, per exemple, aprovar el Projecte Educatiu de Centre, acordar els dies de lliure disposici\u00f3 del calendari, donar el vist-i-plau per obrir places estructurals al centre o la d\u2019aprovar la Programaci\u00f3 General Anual, entre moltes d\u2019altres. En aquest <a href=\"http:\/\/ensenyament.gencat.cat\/ca\/arees-actuacio\/centres-serveis-educatius\/centres\/consells-escolars-centres\/centres-publics\/\" target=\"_blank\" rel=\"noopener noreferrer\">enlla\u00e7<\/a> teniu un breu resum de les seves funcions i funcionament.<\/p>\n<p style=\"text-align: justify;\">Les comissions que depenen del consell s\u00f3n l&#8217;econ\u00f2mica i la de conviv\u00e8ncia.<\/p>\n<p style=\"text-align: justify;\">Actualment la composici\u00f3 del Consell Escolar \u00e9s la seg\u00fcent:<\/p>\n<p style=\"text-align: justify;\">Representants de fam\u00edlies: Montse Gil, J\u00e8ssica Garc\u00eda i Maria Ant\u00f2nia Balart<\/p>\n<p style=\"text-align: justify;\">Presidenta de l\u2019Ampa: Gemma Ribot<\/p>\n<p style=\"text-align: justify;\">Representants de l\u2019equip docent: Maria Espuga, Joel L\u00f3pez i Laia Zurita<\/p>\n<p style=\"text-align: justify;\">Representants de l\u2019Ajuntament: Ana Mateo i Pili Novoa<\/p>\n<p style=\"text-align: justify;\">Equip Directiu: Maria Rodr\u00edguez, Irene Espar\u00f3 i N\u00faria Rubio<\/p>\n<p style=\"text-align: justify;\">\n<p style=\"text-align: justify;\">Si voleu fer arribar qualsevol dubte, suggeriment o proposta per a que sigui debatuda al Consell Escolar, podeu fer-la arribar als vostres representants.<\/p>\n","protected":false},"excerpt":{"rendered":"<p>El Consell Escolar \u00e9s el m\u00e0xim \u00f2rgan de govern col\u00b7legiat de l\u2019escola on es troben representats tots els sectors de [&hellip;]<\/p>\n","protected":false},"author":3,"featured_media":0,"parent":22,"menu_order":4,"comment_status":"closed","ping_status":"closed","template":"page-templates\/side-menu.php","meta":{"site-sidebar-layout":"default","site-content-layout":"","ast-site-content-layout":"","site-content-style":"default","site-sidebar-style":"default","ast-global-header-display":"","ast-banner-title-visibility":"","ast-main-header-display":"","ast-hfb-above-header-display":"","ast-hfb-below-header-display":"","ast-hfb-mobile-header-display":"","site-post-title":"","ast-breadcrumbs-content":"","ast-featured-img":"","footer-sml-layout":"","theme-transparent-header-meta":"","adv-header-id-meta":"","stick-header-meta":"","header-above-stick-meta":"","header-main-stick-meta":"","header-below-stick-meta":"","astra-migrate-meta-layouts":"default","ast-page-background-enabled":"default","ast-page-background-meta":{"desktop":{"background-color":"var(--ast-global-color-4)","background-image":"","background-repeat":"repeat","background-position":"center center","background-size":"auto","background-attachment":"scroll","background-type":"","background-media":"","overlay-type":"","overlay-color":"","overlay-opacity":"","overlay-gradient":""},"tablet":{"background-color":"","background-image":"","background-repeat":"repeat","background-position":"center center","background-size":"auto","background-attachment":"scroll","background-type":"","background-media":"","overlay-type":"","overlay-color":"","overlay-opacity":"","overlay-gradient":""},"mobile":{"background-color":"","background-image":"","background-repeat":"repeat","background-position":"center center","background-size":"auto","background-attachment":"scroll","background-type":"","background-media":"","overlay-type":"","overlay-color":"","overlay-opacity":"","overlay-gradient":""}},"ast-content-background-meta":{"desktop":{"background-color":"var(--ast-global-color-5)","background-image":"","background-repeat":"repeat","background-position":"center center","background-size":"auto","background-attachment":"scroll","background-type":"","background-media":"","overlay-type":"","overlay-color":"","overlay-opacity":"","overlay-gradient":""},"tablet":{"background-color":"var(--ast-global-color-5)","background-image":"","background-repeat":"repeat","background-position":"center center","background-size":"auto","background-attachment":"scroll","background-type":"","background-media":"","overlay-type":"","overlay-color":"","overlay-opacity":"","overlay-gradient":""},"mobile":{"background-color":"var(--ast-global-color-5)","background-image":"","background-repeat":"repeat","background-position":"center center","background-size":"auto","background-attachment":"scroll","background-type":"","background-media":"","overlay-type":"","overlay-color":"","overlay-opacity":"","overlay-gradient":""}},"footnotes":""},"class_list":["post-28","page","type-page","status-publish","hentry"],"post_mailing_queue_ids":[],"_links":{"self":[{"href":"https:\/\/agora.xtec.cat\/escolarosacampa\/wp-json\/wp\/v2\/pages\/28","targetHints":{"allow":["GET"]}}],"collection":[{"href":"https:\/\/agora.xtec.cat\/escolarosacampa\/wp-json\/wp\/v2\/pages"}],"about":[{"href":"https:\/\/agora.xtec.cat\/escolarosacampa\/wp-json\/wp\/v2\/types\/page"}],"author":[{"embeddable":true,"href":"https:\/\/agora.xtec.cat\/escolarosacampa\/wp-json\/wp\/v2\/users\/3"}],"replies":[{"embeddable":true,"href":"https:\/\/agora.xtec.cat\/escolarosacampa\/wp-json\/wp\/v2\/comments?post=28"}],"version-history":[{"count":3,"href":"https:\/\/agora.xtec.cat\/escolarosacampa\/wp-json\/wp\/v2\/pages\/28\/revisions"}],"predecessor-version":[{"id":806,"href":"https:\/\/agora.xtec.cat\/escolarosacampa\/wp-json\/wp\/v2\/pages\/28\/revisions\/806"}],"up":[{"embeddable":true,"href":"https:\/\/agora.xtec.cat\/escolarosacampa\/wp-json\/wp\/v2\/pages\/22"}],"wp:attachment":[{"href":"https:\/\/agora.xtec.cat\/escolarosacampa\/wp-json\/wp\/v2\/media?parent=28"}],"curies":[{"name":"wp","href":"https:\/\/api.w.org\/{rel}","templated":true}]}}