{"id":80,"date":"2014-09-18T14:09:48","date_gmt":"2014-09-18T12:09:48","guid":{"rendered":"http:\/\/agora.xtec.cat\/escolaroncana\/?page_id=80"},"modified":"2024-07-15T08:45:56","modified_gmt":"2024-07-15T06:45:56","slug":"transport-escolar","status":"publish","type":"page","link":"https:\/\/agora.xtec.cat\/escolaroncana\/serveis\/transport-escolar\/","title":{"rendered":"Transport Escolar"},"content":{"rendered":"<p>El transport escolar \u00e9s un servei que gestiona el Consell Comarcal per facilitar la vida familiar, per\u00f2 no \u00e9s un servei obligatori.<\/p>\n<p>En el document seg\u00fcent podeu consultar tota la informaci\u00f3 sobre el transport, normatives, protocols&#8230;<\/p>\n<p><a href=\"https:\/\/drive.google.com\/file\/d\/1iV9V9TEJ-NHNxwoWV3JAmbNM-eKDx7PQ\/view?usp=sharing\" target=\"_blank\" rel=\"noopener\">TRANSPORT ESCOLAR<\/a><\/p>\n<p>Aquesta \u00e9s la ruta.<\/p>\n<p><a href=\"https:\/\/agora.xtec.cat\/escolaroncana\/wp-content\/uploads\/usu1437\/2024\/07\/transport.png\"><img loading=\"lazy\" decoding=\"async\" class=\"alignnone size-full wp-image-5245\" src=\"https:\/\/agora.xtec.cat\/escolaroncana\/wp-content\/uploads\/usu1437\/2024\/07\/transport.png\" alt=\"\" width=\"313\" height=\"773\" srcset=\"https:\/\/agora.xtec.cat\/escolaroncana\/wp-content\/uploads\/usu1437\/2024\/07\/transport.png 313w, https:\/\/agora.xtec.cat\/escolaroncana\/wp-content\/uploads\/usu1437\/2024\/07\/transport-121x300.png 121w\" sizes=\"auto, (max-width: 313px) 100vw, 313px\" \/><\/a><\/p>\n<p>&nbsp;<\/p>\n","protected":false},"excerpt":{"rendered":"<p>El transport escolar \u00e9s un servei que gestiona el Consell Comarcal per facilitar la vida familiar, per\u00f2 no \u00e9s un servei obligatori. En el document seg\u00fcent podeu consultar tota la informaci\u00f3 sobre el transport, normatives, protocols&#8230; TRANSPORT ESCOLAR Aquesta \u00e9s la ruta. &nbsp;<\/p>\n","protected":false},"author":1,"featured_media":0,"parent":570,"menu_order":40,"comment_status":"closed","ping_status":"closed","template":"page-templates\/side-menu.php","meta":{"_bbp_topic_count":0,"_bbp_reply_count":0,"_bbp_total_topic_count":0,"_bbp_total_reply_count":0,"_bbp_voice_count":0,"_bbp_anonymous_reply_count":0,"_bbp_topic_count_hidden":0,"_bbp_reply_count_hidden":0,"_bbp_forum_subforum_count":0,"site-sidebar-layout":"default","site-content-layout":"","ast-site-content-layout":"","site-content-style":"default","site-sidebar-style":"default","ast-global-header-display":"","ast-banner-title-visibility":"","ast-main-header-display":"","ast-hfb-above-header-display":"","ast-hfb-below-header-display":"","ast-hfb-mobile-header-display":"","site-post-title":"","ast-breadcrumbs-content":"","ast-featured-img":"","footer-sml-layout":"","theme-transparent-header-meta":"","adv-header-id-meta":"","stick-header-meta":"","header-above-stick-meta":"","header-main-stick-meta":"","header-below-stick-meta":"","astra-migrate-meta-layouts":"default","ast-page-background-enabled":"default","ast-page-background-meta":{"desktop":{"background-color":"var(--ast-global-color-4)","background-image":"","background-repeat":"repeat","background-position":"center center","background-size":"auto","background-attachment":"scroll","background-type":"","background-media":"","overlay-type":"","overlay-color":"","overlay-opacity":"","overlay-gradient":""},"tablet":{"background-color":"","background-image":"","background-repeat":"repeat","background-position":"center center","background-size":"auto","background-attachment":"scroll","background-type":"","background-media":"","overlay-type":"","overlay-color":"","overlay-opacity":"","overlay-gradient":""},"mobile":{"background-color":"","background-image":"","background-repeat":"repeat","background-position":"center center","background-size":"auto","background-attachment":"scroll","background-type":"","background-media":"","overlay-type":"","overlay-color":"","overlay-opacity":"","overlay-gradient":""}},"ast-content-background-meta":{"desktop":{"background-color":"var(--ast-global-color-5)","background-image":"","background-repeat":"repeat","background-position":"center center","background-size":"auto","background-attachment":"scroll","background-type":"","background-media":"","overlay-type":"","overlay-color":"","overlay-opacity":"","overlay-gradient":""},"tablet":{"background-color":"var(--ast-global-color-5)","background-image":"","background-repeat":"repeat","background-position":"center center","background-size":"auto","background-attachment":"scroll","background-type":"","background-media":"","overlay-type":"","overlay-color":"","overlay-opacity":"","overlay-gradient":""},"mobile":{"background-color":"var(--ast-global-color-5)","background-image":"","background-repeat":"repeat","background-position":"center center","background-size":"auto","background-attachment":"scroll","background-type":"","background-media":"","overlay-type":"","overlay-color":"","overlay-opacity":"","overlay-gradient":""}},"footnotes":""},"class_list":["post-80","page","type-page","status-publish","hentry"],"post_mailing_queue_ids":[],"_links":{"self":[{"href":"https:\/\/agora.xtec.cat\/escolaroncana\/wp-json\/wp\/v2\/pages\/80","targetHints":{"allow":["GET"]}}],"collection":[{"href":"https:\/\/agora.xtec.cat\/escolaroncana\/wp-json\/wp\/v2\/pages"}],"about":[{"href":"https:\/\/agora.xtec.cat\/escolaroncana\/wp-json\/wp\/v2\/types\/page"}],"author":[{"embeddable":true,"href":"https:\/\/agora.xtec.cat\/escolaroncana\/wp-json\/wp\/v2\/users\/1"}],"replies":[{"embeddable":true,"href":"https:\/\/agora.xtec.cat\/escolaroncana\/wp-json\/wp\/v2\/comments?post=80"}],"version-history":[{"count":6,"href":"https:\/\/agora.xtec.cat\/escolaroncana\/wp-json\/wp\/v2\/pages\/80\/revisions"}],"predecessor-version":[{"id":1899,"href":"https:\/\/agora.xtec.cat\/escolaroncana\/wp-json\/wp\/v2\/pages\/80\/revisions\/1899"}],"up":[{"embeddable":true,"href":"https:\/\/agora.xtec.cat\/escolaroncana\/wp-json\/wp\/v2\/pages\/570"}],"wp:attachment":[{"href":"https:\/\/agora.xtec.cat\/escolaroncana\/wp-json\/wp\/v2\/media?parent=80"}],"curies":[{"name":"wp","href":"https:\/\/api.w.org\/{rel}","templated":true}]}}