{"id":690,"date":"2016-10-11T10:56:34","date_gmt":"2016-10-11T08:56:34","guid":{"rendered":"http:\/\/agora.xtec.cat\/escolaroncana\/?page_id=690"},"modified":"2020-05-08T18:17:23","modified_gmt":"2020-05-08T16:17:23","slug":"projecte-gabarro-a-quart","status":"publish","type":"page","link":"https:\/\/agora.xtec.cat\/escolaroncana\/projectes-pedagogics\/projecte-gabarro-a-quart\/","title":{"rendered":"Projecte Gabarr\u00f3 a Quart"},"content":{"rendered":"<p>El m\u00e8tode Gabarr\u00f3 \u00e9s una proposta basada en la programaci\u00f3 neurolig\u00fc\u00edstica (PNL) que es fonamenta en exercitar la MEM\u00d2RIA VISUAL per dominar l\u2019ortografia i reduir les errades entre un 50% i un 80%. Es porta a terme seguint una s\u00e8rie de passos senzills i sistem\u00e0tics a fi d\u2019aconseguir uns bons resultals en finalitzar el proc\u00e9s.<\/p>\n<p>Portar a terme aquest m\u00e8tode suposa:<\/p>\n<p>\uf0b7 MOTIVAR l\u2019alumnat perqu\u00e8 estigui disposat a millorar i a recon\u00e8ixer els propis errors.<br \/>\n\uf0b7 AVALUACI\u00d3 INICIAL OBJECTIVA per saber en quin % de paraules cometen errors partint del seu vocabulari habitual ( redacci\u00f3, dictat).<br \/>\n\uf0b7 EXPLICAR que \u00e9s la mem\u00f2ria visual i demostrar que la fem servir sovint en la vida quotidiana sense adonar-nos-en per dibuixar el logotip d\u2019una marca, el personatge d\u2019un conte\u2026<br \/>\n\uf0b7 UTILITZAR i ENFORTIR la mem\u00f2ria visual de manera conscient per tal de millorar l\u2019ortografia per mitj\u00e0 d\u2019imatges. L\u2019alumnat ha de ser capa\u00e7 de recordar fins a sis imatges i contestar a diferents preguntes sobre aquestes.<br \/>\n\uf0b7 UNIR la mem\u00f2ria visual a l\u2019ortografia utilitzant targetes de paraules amb lletres de diferent color fins a ser capa\u00e7os de recordar paraules de quatre lletres.<br \/>\n\uf0b7 DOMINAR el vocabulari b\u00e0sic amb l\u2019ajut de targetes on es van repetint les paraules que provoquen m\u00e9s faltes ortogr\u00e0fiques. \u00c9s un exercici autocorrectiu on l\u2019alumnat visualitza paraules en les que hi falta la lletra o les lletres m\u00e9s complicades, les escriu en un full i despr\u00e9s comprova com ho ha fet. S\u2019anir\u00e0 repetint fins aconseguir escriure-les correctament.<br \/>\n\uf0b7 LLETREJAR les paraules del vocabulari ortogr\u00e0fic que els resultin m\u00e9s complicades i en les que sovint cometen errors.<br \/>\n\uf0b7 EXERCICIS DE CONSOLIDACI\u00d3.<br \/>\n\uf0b7 AVALUACI\u00d3 FINAL OBJECTIVA comprovant el % d\u2019errades inicial i el % final.<\/p>\n<p>&nbsp;<\/p>\n<p>En el seg\u00fcent video podreu veure uns alumnes en una sessi\u00f3 del m\u00e8tode Gabarr\u00f3.<\/p>\n<p><iframe loading=\"lazy\" src=\"https:\/\/drive.google.com\/file\/d\/1Nbuo9rq-LYjwJzxHFRo6soDFXxRnjELY\/preview\" width=\"640\" height=\"480\"><\/iframe><\/p>\n","protected":false},"excerpt":{"rendered":"<p>El m\u00e8tode Gabarr\u00f3 \u00e9s una proposta basada en la programaci\u00f3 neurolig\u00fc\u00edstica (PNL) que es fonamenta en exercitar la MEM\u00d2RIA VISUAL per dominar l\u2019ortografia i reduir les errades entre un 50% i un 80%. Es porta a terme seguint una s\u00e8rie de passos senzills i sistem\u00e0tics a fi d\u2019aconseguir uns bons resultals en finalitzar el proc\u00e9s. [&hellip;]<\/p>\n","protected":false},"author":3,"featured_media":0,"parent":64,"menu_order":10,"comment_status":"closed","ping_status":"closed","template":"page-templates\/side-menu.php","meta":{"_bbp_topic_count":0,"_bbp_reply_count":0,"_bbp_total_topic_count":0,"_bbp_total_reply_count":0,"_bbp_voice_count":0,"_bbp_anonymous_reply_count":0,"_bbp_topic_count_hidden":0,"_bbp_reply_count_hidden":0,"_bbp_forum_subforum_count":0,"site-sidebar-layout":"default","site-content-layout":"","ast-site-content-layout":"","site-content-style":"default","site-sidebar-style":"default","ast-global-header-display":"","ast-banner-title-visibility":"","ast-main-header-display":"","ast-hfb-above-header-display":"","ast-hfb-below-header-display":"","ast-hfb-mobile-header-display":"","site-post-title":"","ast-breadcrumbs-content":"","ast-featured-img":"","footer-sml-layout":"","theme-transparent-header-meta":"","adv-header-id-meta":"","stick-header-meta":"","header-above-stick-meta":"","header-main-stick-meta":"","header-below-stick-meta":"","astra-migrate-meta-layouts":"default","ast-page-background-enabled":"default","ast-page-background-meta":{"desktop":{"background-color":"var(--ast-global-color-4)","background-image":"","background-repeat":"repeat","background-position":"center center","background-size":"auto","background-attachment":"scroll","background-type":"","background-media":"","overlay-type":"","overlay-color":"","overlay-opacity":"","overlay-gradient":""},"tablet":{"background-color":"","background-image":"","background-repeat":"repeat","background-position":"center center","background-size":"auto","background-attachment":"scroll","background-type":"","background-media":"","overlay-type":"","overlay-color":"","overlay-opacity":"","overlay-gradient":""},"mobile":{"background-color":"","background-image":"","background-repeat":"repeat","background-position":"center center","background-size":"auto","background-attachment":"scroll","background-type":"","background-media":"","overlay-type":"","overlay-color":"","overlay-opacity":"","overlay-gradient":""}},"ast-content-background-meta":{"desktop":{"background-color":"var(--ast-global-color-5)","background-image":"","background-repeat":"repeat","background-position":"center center","background-size":"auto","background-attachment":"scroll","background-type":"","background-media":"","overlay-type":"","overlay-color":"","overlay-opacity":"","overlay-gradient":""},"tablet":{"background-color":"var(--ast-global-color-5)","background-image":"","background-repeat":"repeat","background-position":"center center","background-size":"auto","background-attachment":"scroll","background-type":"","background-media":"","overlay-type":"","overlay-color":"","overlay-opacity":"","overlay-gradient":""},"mobile":{"background-color":"var(--ast-global-color-5)","background-image":"","background-repeat":"repeat","background-position":"center center","background-size":"auto","background-attachment":"scroll","background-type":"","background-media":"","overlay-type":"","overlay-color":"","overlay-opacity":"","overlay-gradient":""}},"footnotes":""},"class_list":["post-690","page","type-page","status-publish","hentry"],"post_mailing_queue_ids":[],"_links":{"self":[{"href":"https:\/\/agora.xtec.cat\/escolaroncana\/wp-json\/wp\/v2\/pages\/690","targetHints":{"allow":["GET"]}}],"collection":[{"href":"https:\/\/agora.xtec.cat\/escolaroncana\/wp-json\/wp\/v2\/pages"}],"about":[{"href":"https:\/\/agora.xtec.cat\/escolaroncana\/wp-json\/wp\/v2\/types\/page"}],"author":[{"embeddable":true,"href":"https:\/\/agora.xtec.cat\/escolaroncana\/wp-json\/wp\/v2\/users\/3"}],"replies":[{"embeddable":true,"href":"https:\/\/agora.xtec.cat\/escolaroncana\/wp-json\/wp\/v2\/comments?post=690"}],"version-history":[{"count":3,"href":"https:\/\/agora.xtec.cat\/escolaroncana\/wp-json\/wp\/v2\/pages\/690\/revisions"}],"predecessor-version":[{"id":3590,"href":"https:\/\/agora.xtec.cat\/escolaroncana\/wp-json\/wp\/v2\/pages\/690\/revisions\/3590"}],"up":[{"embeddable":true,"href":"https:\/\/agora.xtec.cat\/escolaroncana\/wp-json\/wp\/v2\/pages\/64"}],"wp:attachment":[{"href":"https:\/\/agora.xtec.cat\/escolaroncana\/wp-json\/wp\/v2\/media?parent=690"}],"curies":[{"name":"wp","href":"https:\/\/api.w.org\/{rel}","templated":true}]}}