{"id":688,"date":"2016-10-11T10:55:39","date_gmt":"2016-10-11T08:55:39","guid":{"rendered":"http:\/\/agora.xtec.cat\/escolaroncana\/?page_id=688"},"modified":"2020-05-11T02:21:21","modified_gmt":"2020-05-11T00:21:21","slug":"escacs","status":"publish","type":"page","link":"https:\/\/agora.xtec.cat\/escolaroncana\/projectes-pedagogics\/escacs\/","title":{"rendered":"Escacs"},"content":{"rendered":"<p>Aprendre a jugar a escacs millora la capacitat de memoritzar, s\u00b4assimilen m\u00e9s f\u00e0cilment els conceptes num\u00e8rics, els nens i nenes aprenen geometria i orientaci\u00f3 espacial i, de passada, reforcen la comprensi\u00f3 lectora.<br \/>\nAquest projecte ha estat impulsat pel senyor Joan Tur\u00f3n del Club d\u00b4Escacs de Sant Eul\u00e0lia de Ron\u00e7ana i es duu a terme a 1r des de fa ja uns anys.<\/p>\n<p><a href=\"https:\/\/agora.xtec.cat\/escolaroncana\/wp-content\/uploads\/usu1437\/2020\/05\/Imagen2.jpg\"><img loading=\"lazy\" decoding=\"async\" class=\"alignnone size-large wp-image-3621\" src=\"https:\/\/agora.xtec.cat\/escolaroncana\/wp-content\/uploads\/usu1437\/2020\/05\/Imagen2-1024x768.jpg\" alt=\"\" width=\"1024\" height=\"768\" srcset=\"https:\/\/agora.xtec.cat\/escolaroncana\/wp-content\/uploads\/usu1437\/2020\/05\/Imagen2-1024x768.jpg 1024w, https:\/\/agora.xtec.cat\/escolaroncana\/wp-content\/uploads\/usu1437\/2020\/05\/Imagen2-300x225.jpg 300w, https:\/\/agora.xtec.cat\/escolaroncana\/wp-content\/uploads\/usu1437\/2020\/05\/Imagen2-768x576.jpg 768w, https:\/\/agora.xtec.cat\/escolaroncana\/wp-content\/uploads\/usu1437\/2020\/05\/Imagen2-200x150.jpg 200w, https:\/\/agora.xtec.cat\/escolaroncana\/wp-content\/uploads\/usu1437\/2020\/05\/Imagen2.jpg 1500w\" sizes=\"auto, (max-width: 1024px) 100vw, 1024px\" \/><\/a> <a href=\"https:\/\/agora.xtec.cat\/escolaroncana\/wp-content\/uploads\/usu1437\/2020\/05\/Imagen1.jpg\"><img loading=\"lazy\" decoding=\"async\" class=\"alignnone size-large wp-image-3622\" src=\"https:\/\/agora.xtec.cat\/escolaroncana\/wp-content\/uploads\/usu1437\/2020\/05\/Imagen1-1024x768.jpg\" alt=\"\" width=\"1024\" height=\"768\" srcset=\"https:\/\/agora.xtec.cat\/escolaroncana\/wp-content\/uploads\/usu1437\/2020\/05\/Imagen1-1024x768.jpg 1024w, https:\/\/agora.xtec.cat\/escolaroncana\/wp-content\/uploads\/usu1437\/2020\/05\/Imagen1-300x225.jpg 300w, https:\/\/agora.xtec.cat\/escolaroncana\/wp-content\/uploads\/usu1437\/2020\/05\/Imagen1-768x576.jpg 768w, https:\/\/agora.xtec.cat\/escolaroncana\/wp-content\/uploads\/usu1437\/2020\/05\/Imagen1-200x150.jpg 200w, https:\/\/agora.xtec.cat\/escolaroncana\/wp-content\/uploads\/usu1437\/2020\/05\/Imagen1.jpg 1500w\" sizes=\"auto, (max-width: 1024px) 100vw, 1024px\" \/><\/a><\/p>\n<p>Aprendre a jugar a escacs i jugar-hi aporta molts beneficis: millora la concentraci\u00f3, potencia la mem\u00f2ria, ajuden en la resoluci\u00f3 de problemes, millora la crativitat, augmenta el poder de presa de decicions, ensenya a planificar. millora el pensament cr\u00edtic&#8230;<\/p>\n<p>Us enlla\u00e7em un article on explica les grans qualitats d&#8217;aprendre a jugar a escacs.<\/p>\n<p><a href=\"https:\/\/www.josepoms.com\/wp-content\/uploads\/2014\/10\/els_beneficis_dels_escacs.pdf\" target=\"_blank\" rel=\"noopener noreferrer\">https:\/\/www.josepoms.com\/wp-content\/uploads\/2014\/10\/els_beneficis_dels_escacs.pdf<\/a><\/p>\n","protected":false},"excerpt":{"rendered":"<p>Aprendre a jugar a escacs millora la capacitat de memoritzar, s\u00b4assimilen m\u00e9s f\u00e0cilment els conceptes num\u00e8rics, els nens i nenes aprenen geometria i orientaci\u00f3 espacial i, de passada, reforcen la comprensi\u00f3 lectora. Aquest projecte ha estat impulsat pel senyor Joan Tur\u00f3n del Club d\u00b4Escacs de Sant Eul\u00e0lia de Ron\u00e7ana i es duu a terme a [&hellip;]<\/p>\n","protected":false},"author":3,"featured_media":0,"parent":64,"menu_order":10,"comment_status":"closed","ping_status":"closed","template":"page-templates\/side-menu.php","meta":{"_bbp_topic_count":0,"_bbp_reply_count":0,"_bbp_total_topic_count":0,"_bbp_total_reply_count":0,"_bbp_voice_count":0,"_bbp_anonymous_reply_count":0,"_bbp_topic_count_hidden":0,"_bbp_reply_count_hidden":0,"_bbp_forum_subforum_count":0,"site-sidebar-layout":"default","site-content-layout":"","ast-site-content-layout":"","site-content-style":"default","site-sidebar-style":"default","ast-global-header-display":"","ast-banner-title-visibility":"","ast-main-header-display":"","ast-hfb-above-header-display":"","ast-hfb-below-header-display":"","ast-hfb-mobile-header-display":"","site-post-title":"","ast-breadcrumbs-content":"","ast-featured-img":"","footer-sml-layout":"","theme-transparent-header-meta":"","adv-header-id-meta":"","stick-header-meta":"","header-above-stick-meta":"","header-main-stick-meta":"","header-below-stick-meta":"","astra-migrate-meta-layouts":"default","ast-page-background-enabled":"default","ast-page-background-meta":{"desktop":{"background-color":"var(--ast-global-color-4)","background-image":"","background-repeat":"repeat","background-position":"center center","background-size":"auto","background-attachment":"scroll","background-type":"","background-media":"","overlay-type":"","overlay-color":"","overlay-opacity":"","overlay-gradient":""},"tablet":{"background-color":"","background-image":"","background-repeat":"repeat","background-position":"center center","background-size":"auto","background-attachment":"scroll","background-type":"","background-media":"","overlay-type":"","overlay-color":"","overlay-opacity":"","overlay-gradient":""},"mobile":{"background-color":"","background-image":"","background-repeat":"repeat","background-position":"center center","background-size":"auto","background-attachment":"scroll","background-type":"","background-media":"","overlay-type":"","overlay-color":"","overlay-opacity":"","overlay-gradient":""}},"ast-content-background-meta":{"desktop":{"background-color":"var(--ast-global-color-5)","background-image":"","background-repeat":"repeat","background-position":"center center","background-size":"auto","background-attachment":"scroll","background-type":"","background-media":"","overlay-type":"","overlay-color":"","overlay-opacity":"","overlay-gradient":""},"tablet":{"background-color":"var(--ast-global-color-5)","background-image":"","background-repeat":"repeat","background-position":"center center","background-size":"auto","background-attachment":"scroll","background-type":"","background-media":"","overlay-type":"","overlay-color":"","overlay-opacity":"","overlay-gradient":""},"mobile":{"background-color":"var(--ast-global-color-5)","background-image":"","background-repeat":"repeat","background-position":"center center","background-size":"auto","background-attachment":"scroll","background-type":"","background-media":"","overlay-type":"","overlay-color":"","overlay-opacity":"","overlay-gradient":""}},"footnotes":""},"class_list":["post-688","page","type-page","status-publish","hentry"],"post_mailing_queue_ids":[],"_links":{"self":[{"href":"https:\/\/agora.xtec.cat\/escolaroncana\/wp-json\/wp\/v2\/pages\/688","targetHints":{"allow":["GET"]}}],"collection":[{"href":"https:\/\/agora.xtec.cat\/escolaroncana\/wp-json\/wp\/v2\/pages"}],"about":[{"href":"https:\/\/agora.xtec.cat\/escolaroncana\/wp-json\/wp\/v2\/types\/page"}],"author":[{"embeddable":true,"href":"https:\/\/agora.xtec.cat\/escolaroncana\/wp-json\/wp\/v2\/users\/3"}],"replies":[{"embeddable":true,"href":"https:\/\/agora.xtec.cat\/escolaroncana\/wp-json\/wp\/v2\/comments?post=688"}],"version-history":[{"count":3,"href":"https:\/\/agora.xtec.cat\/escolaroncana\/wp-json\/wp\/v2\/pages\/688\/revisions"}],"predecessor-version":[{"id":3623,"href":"https:\/\/agora.xtec.cat\/escolaroncana\/wp-json\/wp\/v2\/pages\/688\/revisions\/3623"}],"up":[{"embeddable":true,"href":"https:\/\/agora.xtec.cat\/escolaroncana\/wp-json\/wp\/v2\/pages\/64"}],"wp:attachment":[{"href":"https:\/\/agora.xtec.cat\/escolaroncana\/wp-json\/wp\/v2\/media?parent=688"}],"curies":[{"name":"wp","href":"https:\/\/api.w.org\/{rel}","templated":true}]}}