{"id":541,"date":"2016-09-21T10:54:47","date_gmt":"2016-09-21T08:54:47","guid":{"rendered":"http:\/\/agora.xtec.cat\/escolaroncana\/?page_id=541"},"modified":"2025-10-23T15:56:00","modified_gmt":"2025-10-23T13:56:00","slug":"full-groc","status":"publish","type":"page","link":"https:\/\/agora.xtec.cat\/escolaroncana\/normativa\/full-groc\/","title":{"rendered":"Informacions del curs"},"content":{"rendered":"<p align=\"center\"><span style=\"font-size: medium;\"><b>HORARI I CALENDARI ESCOLAR<\/b><\/span><\/p>\n<p align=\"center\"><span style=\"font-size: medium;\"><b>CURS 2025-2026<\/b><\/span><\/p>\n<p align=\"center\"><b>HORARI LECTIU<\/b><\/p>\n<p align=\"center\">De dilluns a divendres: de 9h a 12.30h i de 15h a 16:30h<\/p>\n<p align=\"center\">excepte els dies de jornada intensiva que ser\u00e0 de 9h a 13h<\/p>\n<p><center><\/p>\n<table width=\"650\" cellspacing=\"0\" cellpadding=\"7\">\n<tbody>\n<tr valign=\"top\">\n<td width=\"285\">\n<p align=\"left\"><b>Dia de Portes Obertes<\/b><\/p>\n<\/td>\n<td width=\"335\">\n<p align=\"center\">Divendres 5 de setembre de 2025<span style=\"font-size: small;\"><i> de 13:30h a 14:30h<\/i><\/span><\/p>\n<\/td>\n<\/tr>\n<tr valign=\"top\">\n<td width=\"285\">\n<p align=\"left\"><b>Primer dia d\u2019escola<\/b><\/p>\n<\/td>\n<td width=\"335\">\n<p align=\"center\">Dilluns 8 de setembre de 2025<\/p>\n<\/td>\n<\/tr>\n<tr valign=\"top\">\n<td width=\"285\">\n<p align=\"left\"><b>Entrada progressiva dels alumnes de I3<\/b><\/p>\n<\/td>\n<td width=\"335\">\n<p align=\"center\">Del 8 al 10 de setembre de 2025<\/p>\n<\/td>\n<\/tr>\n<tr valign=\"top\">\n<td width=\"285\">\n<p align=\"left\"><b>Darrer dia de curs<\/b><\/p>\n<\/td>\n<td width=\"335\">\n<p align=\"center\">Divendres 19 de juny de 2026<\/p>\n<\/td>\n<\/tr>\n<tr>\n<td colspan=\"2\" valign=\"top\" width=\"634\" height=\"13\">\n<p align=\"center\"><span style=\"font-size: small;\">El servei de transport, menjador i acollida (matinal i de tarda) funcionaran des del primer dia d\u2019escola per a les fam\u00edlies que ho hagin sol\u00b7licitat.<\/span><\/p>\n<\/td>\n<\/tr>\n<\/tbody>\n<\/table>\n<p><\/center><\/p>\n<p align=\"center\"><b>VACANCES DE NADAL (ambd\u00f3s dies inclosos)<\/b><\/p>\n<p><center><\/p>\n<table width=\"634\" cellspacing=\"0\" cellpadding=\"7\">\n<tbody>\n<tr valign=\"top\">\n<td width=\"285\">\n<p align=\"center\"><span style=\"font-size: xx-small;\">DEL<\/span><\/p>\n<\/td>\n<td width=\"319\">\n<p align=\"center\"><span style=\"font-size: xx-small;\">AL<\/span><\/p>\n<\/td>\n<\/tr>\n<tr valign=\"top\">\n<td width=\"285\">\n<p align=\"center\">22 de desembre de 2025<\/p>\n<\/td>\n<td width=\"319\">\n<p align=\"center\">7 de gener de 2026<\/p>\n<\/td>\n<\/tr>\n<\/tbody>\n<\/table>\n<p><\/center><\/p>\n<p align=\"center\"><b>VACANCES DE SETMANA SANTA (ambd\u00f3s dies inclosos)<\/b><\/p>\n<p><center><\/p>\n<table width=\"632\" cellspacing=\"0\" cellpadding=\"7\">\n<tbody>\n<tr valign=\"top\">\n<td width=\"285\">\n<p align=\"center\"><span style=\"font-size: xx-small;\">DEL<\/span><\/p>\n<\/td>\n<td width=\"317\">\n<p align=\"center\"><span style=\"font-size: xx-small;\">AL<\/span><\/p>\n<\/td>\n<\/tr>\n<tr valign=\"top\">\n<td width=\"285\">\n<p align=\"center\">30 de mar\u00e7 de 2026<\/p>\n<\/td>\n<td width=\"317\">\n<p align=\"center\">6 d\u2019abril de 2026<\/p>\n<\/td>\n<\/tr>\n<\/tbody>\n<\/table>\n<p><\/center><\/p>\n<p align=\"center\"><b>LLIURE DISPOSICI\u00d3 I\/O MUNICIPALS<\/b><\/p>\n<p><center><\/p>\n<table width=\"251\" cellspacing=\"0\" cellpadding=\"7\">\n<tbody>\n<tr>\n<td valign=\"top\" width=\"235\">\n<p align=\"center\">31 d\u2019octubre de 2025<\/p>\n<\/td>\n<\/tr>\n<tr>\n<td valign=\"top\" width=\"235\">\n<p align=\"center\">9 de desembre de 2025<\/p>\n<\/td>\n<\/tr>\n<tr>\n<td valign=\"top\" width=\"235\">\n<p align=\"center\">10 de desembre de 2025<\/p>\n<\/td>\n<\/tr>\n<tr>\n<td valign=\"top\" width=\"235\">\n<p align=\"center\">16 de febrer de 2026<\/p>\n<\/td>\n<\/tr>\n<tr>\n<td valign=\"top\" width=\"235\">\n<p align=\"center\">30 d\u2019abril de 2026<\/p>\n<\/td>\n<\/tr>\n<tr>\n<td valign=\"top\" width=\"235\">\n<p align=\"center\">15 de maig de 2026<\/p>\n<\/td>\n<\/tr>\n<\/tbody>\n<\/table>\n<p><\/center>Durant la jornada intensiva, el transport escolar recollir\u00e0 als infants a les 13h.<\/p>\n<p>El servei de menjador, en jornada intensiva, el servei finalitzar\u00e0 a les 15:30h<\/p>\n<p>&nbsp;<\/p>\n<h1>INFORMACI\u00d3 GENERAL<\/h1>\n<p><strong>\u00a0<\/strong><strong><u>MATERIAL ESCOLAR<\/u><\/strong><\/p>\n<p>El material escolar s\u2019organitza col\u00b7lectivament. Volem fomentar un consum sostenible i h\u00e0bits de treball i de conviv\u00e8ncia responsable per part dels infants.<\/p>\n<p>Al final d\u2019aquest full teniu una llista amb tot el material que s\u2019utilitza durant el curs escolar. En els cursos de Prim\u00e0ria s\u2019inclou l\u2019agenda o llibreta viatgera i la carpeta de gomes.<\/p>\n<p>&nbsp;<\/p>\n<h2><u>SORTIDES<\/u><\/h2>\n<p>Durant el curs es faran tres sortides pedag\u00f2giques (una per trimestre), excepte I5, 2n, 4t i 6\u00e8 que en fan dues i les col\u00f2nies a final de curs.<\/p>\n<p>La primera sortida es planifica a final del curs anterior, que ser\u00e0 l\u2019inici de la situaci\u00f3 d\u2019aprenentatge del grup. La resta de sortides es planificaran segons necessitats i interessos dels infants o projectes.<\/p>\n<p>Durant el curs, farem arribar les autoritzacions respectives a cada sortida, aix\u00ed com l\u2019import exacte per a cada nivell. Aquest pagament i autoritzaci\u00f3 es realitzar\u00e0 mitjan\u00e7ant l\u2019aplicaci\u00f3 TPVEscola, activa des del curs 23-24.<\/p>\n<p>&nbsp;<\/p>\n<h2><u>ACTIVITATS CULTURALS<\/u><\/h2>\n<p>S\u00f3n espectacles educatius de m\u00fasica, titelles i angl\u00e8s en directe. Estan organitzades per l\u2019Associaci\u00f3 Cultural de Granollers i s\u2019en fan tres durant tot el curs (una per trimestre), al Centre Cultural la F\u00e0brica o al TAP de Bigues i Riells.<\/p>\n<p>&nbsp;<\/p>\n<h2><u>LLIBRES DE TEXT<\/u><\/h2>\n<p>Les llistes de llibres de text i els quaderns de treball per al seg\u00fcent curs, es fan arribar durant les entrevistes de final de curs amb les fam\u00edlies i tamb\u00e9 es pengen a la web de l\u2019escola.<\/p>\n<p>Ja sabeu que l\u2019AFA va iniciar el Pla de Socialitzaci\u00f3 i Reciclatge de llibres fa uns quants cursos escolars i est\u00e0 funcionant molt b\u00e9: gaireb\u00e9 el 90% de les fam\u00edlies s\u2019hi han adherit. Les fam\u00edlies nom\u00e9s heu de comprar els quaderns en qualsevol llibreria i portar-los el primer dia d\u2019escola.<\/p>\n<p>&nbsp;<\/p>\n<h2><u>DATES DE PAGAMENT:<\/u><\/h2>\n<p>La forma de pagament de la nostra escola, a partir del curs 23-24, \u00e9s mitjan\u00e7ant l\u2019aplicaci\u00f3 TPVEscola. No es poden fer en efectiu. Aquests pagaments es faran durant les seg\u00fcents dates:<\/p>\n<p>Material:\u00a0\u00a0\u00a0\u00a0\u00a0\u00a0\u00a0\u00a0\u00a0\u00a0\u00a0\u00a0\u00a0\u00a0\u00a0\u00a0\u00a0\u00a0\u00a0\u00a0\u00a0 1a quota durant el mes de juliol<\/p>\n<p>2a quota durant el mes de setembre<\/p>\n<p>Activitats Culturals:\u00a0 \u00a0 \u00a0 Durant el mes de setembre<\/p>\n<p>Sortides:\u00a0 \u00a0 \u00a0 \u00a0 \u00a0 \u00a0 \u00a0 \u00a0 \u00a0M\u00ednim amb un mes d&#8217;antelaci\u00f3 a la data de la sortida Col\u00f2nies (1a quota al mes de desembre)\u00a0\u00a02a quota al mes de mar\u00e7.<\/p>\n<p>Per poder assistir a les sortides i a les activitats culturals, \u00e9s imprescindible estar al corrent dels pagaments de la quota de material. En cas de no justificar l\u2019assist\u00e8ncia a una sortida pedag\u00f2gica, es tornar\u00e0 el 75% de l\u2019import. En el cas de les Activitats Culturals, no es torna cap import.<\/p>\n<p>&nbsp;<\/p>\n<h2><strong>MATERIAL QUE S\u2019UTILITZA HABITUALMENT A LES AULES DURANT TOT EL CURS<\/strong><\/h2>\n<h5>L\u2019aportaci\u00f3 de material inclou tots els materials que l\u2019alumnat requerir\u00e0 al llarg del curs:<\/h5>\n<ul>\n<li><strong>Fotoc\u00f2pies <\/strong>(paper, t\u00f2ner i tinta de les impressions).<\/li>\n<li><strong>Material d\u2019escriptura <\/strong>(llapis, bol\u00edgrafs, regle, llapis de colors, retoladors\u2026).<\/li>\n<li><strong>Material d\u2019educaci\u00f3 pl\u00e0stica <\/strong>(cartolines, pintures, papers de colors, papers especials, pasta de modelar\u2026).<\/li>\n<li><strong style=\"font-family: inherit; font-size: 1em;\">Material fungible <\/strong><span style=\"font-family: inherit; font-size: 1em;\">d\u2019aula (paper d\u2019embalar, gomets, ceres, pintures, clips, tisores, coles, carpetes\u2026) entre d\u2019altres materials que durant el curs cal anar adquirint per a les diferents activitats d\u2019aprenentatge que realitzaran els vostres fills i filles.<\/span><\/li>\n<\/ul>\n<p>&nbsp;<\/p>\n<p>&nbsp;<\/p>\n","protected":false},"excerpt":{"rendered":"<p>HORARI I CALENDARI ESCOLAR CURS 2025-2026 HORARI LECTIU De dilluns a divendres: de 9h a 12.30h i de 15h a 16:30h excepte els dies de jornada intensiva que ser\u00e0 de 9h a 13h Dia de Portes Obertes Divendres 5 de setembre de 2025 de 13:30h a 14:30h Primer dia d\u2019escola Dilluns 8 de setembre de [&hellip;]<\/p>\n","protected":false},"author":3,"featured_media":0,"parent":464,"menu_order":1,"comment_status":"closed","ping_status":"closed","template":"","meta":{"_bbp_topic_count":0,"_bbp_reply_count":0,"_bbp_total_topic_count":0,"_bbp_total_reply_count":0,"_bbp_voice_count":0,"_bbp_anonymous_reply_count":0,"_bbp_topic_count_hidden":0,"_bbp_reply_count_hidden":0,"_bbp_forum_subforum_count":0,"site-sidebar-layout":"default","site-content-layout":"","ast-site-content-layout":"default","site-content-style":"default","site-sidebar-style":"default","ast-global-header-display":"","ast-banner-title-visibility":"","ast-main-header-display":"","ast-hfb-above-header-display":"","ast-hfb-below-header-display":"","ast-hfb-mobile-header-display":"","site-post-title":"","ast-breadcrumbs-content":"","ast-featured-img":"","footer-sml-layout":"","theme-transparent-header-meta":"default","adv-header-id-meta":"","stick-header-meta":"","header-above-stick-meta":"","header-main-stick-meta":"","header-below-stick-meta":"","astra-migrate-meta-layouts":"set","ast-page-background-enabled":"default","ast-page-background-meta":{"desktop":{"background-color":"var(--ast-global-color-4)","background-image":"","background-repeat":"repeat","background-position":"center center","background-size":"auto","background-attachment":"scroll","background-type":"","background-media":"","overlay-type":"","overlay-color":"","overlay-opacity":"","overlay-gradient":""},"tablet":{"background-color":"","background-image":"","background-repeat":"repeat","background-position":"center center","background-size":"auto","background-attachment":"scroll","background-type":"","background-media":"","overlay-type":"","overlay-color":"","overlay-opacity":"","overlay-gradient":""},"mobile":{"background-color":"","background-image":"","background-repeat":"repeat","background-position":"center center","background-size":"auto","background-attachment":"scroll","background-type":"","background-media":"","overlay-type":"","overlay-color":"","overlay-opacity":"","overlay-gradient":""}},"ast-content-background-meta":{"desktop":{"background-color":"var(--ast-global-color-5)","background-image":"","background-repeat":"repeat","background-position":"center center","background-size":"auto","background-attachment":"scroll","background-type":"","background-media":"","overlay-type":"","overlay-color":"","overlay-opacity":"","overlay-gradient":""},"tablet":{"background-color":"var(--ast-global-color-5)","background-image":"","background-repeat":"repeat","background-position":"center center","background-size":"auto","background-attachment":"scroll","background-type":"","background-media":"","overlay-type":"","overlay-color":"","overlay-opacity":"","overlay-gradient":""},"mobile":{"background-color":"var(--ast-global-color-5)","background-image":"","background-repeat":"repeat","background-position":"center center","background-size":"auto","background-attachment":"scroll","background-type":"","background-media":"","overlay-type":"","overlay-color":"","overlay-opacity":"","overlay-gradient":""}},"footnotes":""},"class_list":["post-541","page","type-page","status-publish","hentry"],"post_mailing_queue_ids":[],"_links":{"self":[{"href":"https:\/\/agora.xtec.cat\/escolaroncana\/wp-json\/wp\/v2\/pages\/541","targetHints":{"allow":["GET"]}}],"collection":[{"href":"https:\/\/agora.xtec.cat\/escolaroncana\/wp-json\/wp\/v2\/pages"}],"about":[{"href":"https:\/\/agora.xtec.cat\/escolaroncana\/wp-json\/wp\/v2\/types\/page"}],"author":[{"embeddable":true,"href":"https:\/\/agora.xtec.cat\/escolaroncana\/wp-json\/wp\/v2\/users\/3"}],"replies":[{"embeddable":true,"href":"https:\/\/agora.xtec.cat\/escolaroncana\/wp-json\/wp\/v2\/comments?post=541"}],"version-history":[{"count":5,"href":"https:\/\/agora.xtec.cat\/escolaroncana\/wp-json\/wp\/v2\/pages\/541\/revisions"}],"predecessor-version":[{"id":5405,"href":"https:\/\/agora.xtec.cat\/escolaroncana\/wp-json\/wp\/v2\/pages\/541\/revisions\/5405"}],"up":[{"embeddable":true,"href":"https:\/\/agora.xtec.cat\/escolaroncana\/wp-json\/wp\/v2\/pages\/464"}],"wp:attachment":[{"href":"https:\/\/agora.xtec.cat\/escolaroncana\/wp-json\/wp\/v2\/media?parent=541"}],"curies":[{"name":"wp","href":"https:\/\/api.w.org\/{rel}","templated":true}]}}