{"id":521,"date":"2016-09-21T10:46:32","date_gmt":"2016-09-21T08:46:32","guid":{"rendered":"http:\/\/agora.xtec.cat\/escolaroncana\/?page_id=521"},"modified":"2025-10-23T16:17:03","modified_gmt":"2025-10-23T14:17:03","slug":"documents","status":"publish","type":"page","link":"https:\/\/agora.xtec.cat\/escolaroncana\/normativa\/documents\/","title":{"rendered":"Reuni\u00f3 fam\u00edlies inici de curs"},"content":{"rendered":"<p>&nbsp;<\/p>\n<p>Dossier de la reuni\u00f3 de pares d&#8217;<a href=\"https:\/\/drive.google.com\/file\/d\/1kEXr2seUR1tt0byBajlOEP-lvCXxU1K1\/view?usp=drive_link\" target=\"_blank\" rel=\"noopener\">EDUCACI\u00d3 INFANTIL<\/a> (I3 I4 i I5)<\/p>\n<p>Dossier de la reuni\u00f3 de pares de <a href=\"https:\/\/drive.google.com\/file\/d\/1AGZ3fosyeE5_ybLBIPwsevQCLMuN2_ML\/view?usp=drive_link\" target=\"_blank\" rel=\"noopener\">CICLE MITJANS<\/a> (1r 2n I 3r)<\/p>\n<p>Dossier de la reuni\u00f3 de pares de <a href=\"https:\/\/drive.google.com\/file\/d\/1NV55Z8tJ_yxYG7XNJV1Pizw0ZvNAnuy_\/view?usp=drive_link\" target=\"_blank\" rel=\"noopener\">CICLE DELS GRANS<\/a> (4t 5\u00e8 i 6\u00e8)<\/p>\n","protected":false},"excerpt":{"rendered":"<p>&nbsp; Dossier de la reuni\u00f3 de pares d&#8217;EDUCACI\u00d3 INFANTIL (I3 I4 i I5) Dossier de la reuni\u00f3 de pares de CICLE MITJANS (1r 2n I 3r) Dossier de la reuni\u00f3 de pares de CICLE DELS GRANS (4t 5\u00e8 i 6\u00e8)<\/p>\n","protected":false},"author":3,"featured_media":0,"parent":464,"menu_order":2,"comment_status":"closed","ping_status":"closed","template":"","meta":{"_bbp_topic_count":0,"_bbp_reply_count":0,"_bbp_total_topic_count":0,"_bbp_total_reply_count":0,"_bbp_voice_count":0,"_bbp_anonymous_reply_count":0,"_bbp_topic_count_hidden":0,"_bbp_reply_count_hidden":0,"_bbp_forum_subforum_count":0,"site-sidebar-layout":"default","site-content-layout":"","ast-site-content-layout":"default","site-content-style":"default","site-sidebar-style":"default","ast-global-header-display":"","ast-banner-title-visibility":"","ast-main-header-display":"","ast-hfb-above-header-display":"","ast-hfb-below-header-display":"","ast-hfb-mobile-header-display":"","site-post-title":"","ast-breadcrumbs-content":"","ast-featured-img":"","footer-sml-layout":"","theme-transparent-header-meta":"default","adv-header-id-meta":"","stick-header-meta":"","header-above-stick-meta":"","header-main-stick-meta":"","header-below-stick-meta":"","astra-migrate-meta-layouts":"set","ast-page-background-enabled":"default","ast-page-background-meta":{"desktop":{"background-color":"var(--ast-global-color-4)","background-image":"","background-repeat":"repeat","background-position":"center center","background-size":"auto","background-attachment":"scroll","background-type":"","background-media":"","overlay-type":"","overlay-color":"","overlay-opacity":"","overlay-gradient":""},"tablet":{"background-color":"","background-image":"","background-repeat":"repeat","background-position":"center center","background-size":"auto","background-attachment":"scroll","background-type":"","background-media":"","overlay-type":"","overlay-color":"","overlay-opacity":"","overlay-gradient":""},"mobile":{"background-color":"","background-image":"","background-repeat":"repeat","background-position":"center center","background-size":"auto","background-attachment":"scroll","background-type":"","background-media":"","overlay-type":"","overlay-color":"","overlay-opacity":"","overlay-gradient":""}},"ast-content-background-meta":{"desktop":{"background-color":"var(--ast-global-color-5)","background-image":"","background-repeat":"repeat","background-position":"center center","background-size":"auto","background-attachment":"scroll","background-type":"","background-media":"","overlay-type":"","overlay-color":"","overlay-opacity":"","overlay-gradient":""},"tablet":{"background-color":"var(--ast-global-color-5)","background-image":"","background-repeat":"repeat","background-position":"center center","background-size":"auto","background-attachment":"scroll","background-type":"","background-media":"","overlay-type":"","overlay-color":"","overlay-opacity":"","overlay-gradient":""},"mobile":{"background-color":"var(--ast-global-color-5)","background-image":"","background-repeat":"repeat","background-position":"center center","background-size":"auto","background-attachment":"scroll","background-type":"","background-media":"","overlay-type":"","overlay-color":"","overlay-opacity":"","overlay-gradient":""}},"footnotes":""},"class_list":["post-521","page","type-page","status-publish","hentry"],"post_mailing_queue_ids":[],"_links":{"self":[{"href":"https:\/\/agora.xtec.cat\/escolaroncana\/wp-json\/wp\/v2\/pages\/521","targetHints":{"allow":["GET"]}}],"collection":[{"href":"https:\/\/agora.xtec.cat\/escolaroncana\/wp-json\/wp\/v2\/pages"}],"about":[{"href":"https:\/\/agora.xtec.cat\/escolaroncana\/wp-json\/wp\/v2\/types\/page"}],"author":[{"embeddable":true,"href":"https:\/\/agora.xtec.cat\/escolaroncana\/wp-json\/wp\/v2\/users\/3"}],"replies":[{"embeddable":true,"href":"https:\/\/agora.xtec.cat\/escolaroncana\/wp-json\/wp\/v2\/comments?post=521"}],"version-history":[{"count":5,"href":"https:\/\/agora.xtec.cat\/escolaroncana\/wp-json\/wp\/v2\/pages\/521\/revisions"}],"predecessor-version":[{"id":5406,"href":"https:\/\/agora.xtec.cat\/escolaroncana\/wp-json\/wp\/v2\/pages\/521\/revisions\/5406"}],"up":[{"embeddable":true,"href":"https:\/\/agora.xtec.cat\/escolaroncana\/wp-json\/wp\/v2\/pages\/464"}],"wp:attachment":[{"href":"https:\/\/agora.xtec.cat\/escolaroncana\/wp-json\/wp\/v2\/media?parent=521"}],"curies":[{"name":"wp","href":"https:\/\/api.w.org\/{rel}","templated":true}]}}