{"id":497,"date":"2016-09-21T10:34:28","date_gmt":"2016-09-21T08:34:28","guid":{"rendered":"http:\/\/agora.xtec.cat\/escolaroncana\/?page_id=497"},"modified":"2020-05-11T02:45:16","modified_gmt":"2020-05-11T00:45:16","slug":"teatre","status":"publish","type":"page","link":"https:\/\/agora.xtec.cat\/escolaroncana\/projectes-pedagogics\/teatre\/","title":{"rendered":"Teatre a sis\u00e8 de Prim\u00e0ria"},"content":{"rendered":"<p>El teatre \u00e9s un mitj\u00e0 per\u00a0<strong>expressar<\/strong>\u00a0sentiments, per\u00a0<strong>explicar<\/strong>\u00a0hist\u00f2ries i per connectar amb altres persones. El teatre \u00e9s una activitat que\u00a0<strong>potencia\u00a0<\/strong>les capacitats comunicatives i\u00a0<strong>contribueix<\/strong>\u00a0de manera molt efica\u00e7 en l\u2019ensenyant del\u00a0<strong>llenguatge<\/strong>,\u00a0sobretot\u00a0<strong>l\u2019expressi\u00f3 oral<\/strong><strong>\u00a0<\/strong>dels infants, aix\u00ed com la\u00a0<strong>part art\u00edstica<\/strong>\u00a0i m\u00e9s pl\u00e0stica.<\/p>\n<p>\u00c9s un <strong>projecte<\/strong> que es treballa dins l\u00b4horari lectiu, divendres a la tarda, i l\u00b4objectiu es representar una obra de teatre a final de curs per a tot l\u2019alumnat de l\u00b4escola i per a les fam\u00edlies de sis\u00e8.<\/p>\n<p>Els nens i nenes amb l\u2019ajuda de les mestres creen tota l\u2019obra de teatre. Comen\u00e7ant per la <strong>preparaci\u00f3<\/strong> del moviment del cos i la impostaci\u00f3 de la veu, fins els treballs d\u2019expressi\u00f3 corporal i la relaci\u00f3 de l\u2019espai amb els iguals. Seguidament, es realitza un <strong>c\u00e0sting<\/strong> on cada alumne\/a t\u00e9 l\u2019opci\u00f3 d\u2019interpretar el personatge m\u00e9s fidel a la seva creativitat. I finalment, hi ha el proc\u00e9s de <strong>treball <\/strong>sobre el text, escenes, m\u00fasiques, balls, decorats, <em>attrezzo <\/em>i interpretaci\u00f3.<\/p>\n<p>Per aconseguir-ho es fan unes activitats pr\u00e8vies, a continuaci\u00f3 en mostrem algunes:<\/p>\n<p>Activitats d&#8217;espai i moviment<\/p>\n<p><a href=\"https:\/\/agora.xtec.cat\/escolaroncana\/wp-content\/uploads\/usu1437\/2020\/05\/12.png\"><img loading=\"lazy\" decoding=\"async\" class=\"alignnone size-large wp-image-3584\" src=\"https:\/\/agora.xtec.cat\/escolaroncana\/wp-content\/uploads\/usu1437\/2020\/05\/12.png\" alt=\"\" width=\"784\" height=\"331\" srcset=\"https:\/\/agora.xtec.cat\/escolaroncana\/wp-content\/uploads\/usu1437\/2020\/05\/12.png 784w, https:\/\/agora.xtec.cat\/escolaroncana\/wp-content\/uploads\/usu1437\/2020\/05\/12-300x127.png 300w, https:\/\/agora.xtec.cat\/escolaroncana\/wp-content\/uploads\/usu1437\/2020\/05\/12-768x324.png 768w\" sizes=\"auto, (max-width: 784px) 100vw, 784px\" \/><\/a><\/p>\n<p>&nbsp;<\/p>\n<p>Activitats de respiraci\u00f3 i relaxaci\u00f3<\/p>\n<p><a href=\"https:\/\/agora.xtec.cat\/escolaroncana\/wp-content\/uploads\/usu1437\/2020\/05\/3.jpg\"><img loading=\"lazy\" decoding=\"async\" class=\"alignnone size-large wp-image-3583\" src=\"https:\/\/agora.xtec.cat\/escolaroncana\/wp-content\/uploads\/usu1437\/2020\/05\/3.jpg\" alt=\"\" width=\"855\" height=\"641\" srcset=\"https:\/\/agora.xtec.cat\/escolaroncana\/wp-content\/uploads\/usu1437\/2020\/05\/3.jpg 855w, https:\/\/agora.xtec.cat\/escolaroncana\/wp-content\/uploads\/usu1437\/2020\/05\/3-300x225.jpg 300w, https:\/\/agora.xtec.cat\/escolaroncana\/wp-content\/uploads\/usu1437\/2020\/05\/3-768x576.jpg 768w, https:\/\/agora.xtec.cat\/escolaroncana\/wp-content\/uploads\/usu1437\/2020\/05\/3-200x150.jpg 200w\" sizes=\"auto, (max-width: 855px) 100vw, 855px\" \/><\/a><\/p>\n<p>&nbsp;<\/p>\n<p>C\u00e0sting oficial per adjudicar els personatges de la pe\u00e7a teatral.<\/p>\n<p><a style=\"font-family: inherit; font-size: 1em;\" href=\"https:\/\/agora.xtec.cat\/escolaroncana\/wp-content\/uploads\/usu1437\/2020\/05\/1-1.jpg\"><img loading=\"lazy\" decoding=\"async\" class=\"alignnone size-full wp-image-3581\" src=\"https:\/\/agora.xtec.cat\/escolaroncana\/wp-content\/uploads\/usu1437\/2020\/05\/1-1.jpg\" alt=\"\" width=\"832\" height=\"832\" srcset=\"https:\/\/agora.xtec.cat\/escolaroncana\/wp-content\/uploads\/usu1437\/2020\/05\/1-1.jpg 832w, https:\/\/agora.xtec.cat\/escolaroncana\/wp-content\/uploads\/usu1437\/2020\/05\/1-1-150x150.jpg 150w, https:\/\/agora.xtec.cat\/escolaroncana\/wp-content\/uploads\/usu1437\/2020\/05\/1-1-300x300.jpg 300w, https:\/\/agora.xtec.cat\/escolaroncana\/wp-content\/uploads\/usu1437\/2020\/05\/1-1-768x768.jpg 768w\" sizes=\"auto, (max-width: 832px) 100vw, 832px\" \/><\/a> <a style=\"font-family: inherit; font-size: 1em;\" href=\"https:\/\/agora.xtec.cat\/escolaroncana\/wp-content\/uploads\/usu1437\/2020\/05\/2.jpg\"><img loading=\"lazy\" decoding=\"async\" class=\"alignnone size-large wp-image-3582\" src=\"https:\/\/agora.xtec.cat\/escolaroncana\/wp-content\/uploads\/usu1437\/2020\/05\/2.jpg\" alt=\"\" width=\"412\" height=\"825\" srcset=\"https:\/\/agora.xtec.cat\/escolaroncana\/wp-content\/uploads\/usu1437\/2020\/05\/2.jpg 412w, https:\/\/agora.xtec.cat\/escolaroncana\/wp-content\/uploads\/usu1437\/2020\/05\/2-150x300.jpg 150w\" sizes=\"auto, (max-width: 412px) 100vw, 412px\" \/><\/a><\/p>\n","protected":false},"excerpt":{"rendered":"<p>El teatre \u00e9s un mitj\u00e0 per\u00a0expressar\u00a0sentiments, per\u00a0explicar\u00a0hist\u00f2ries i per connectar amb altres persones. El teatre \u00e9s una activitat que\u00a0potencia\u00a0les capacitats comunicatives i\u00a0contribueix\u00a0de manera molt efica\u00e7 en l\u2019ensenyant del\u00a0llenguatge,\u00a0sobretot\u00a0l\u2019expressi\u00f3 oral\u00a0dels infants, aix\u00ed com la\u00a0part art\u00edstica\u00a0i m\u00e9s pl\u00e0stica. \u00c9s un projecte que es treballa dins l\u00b4horari lectiu, divendres a la tarda, i l\u00b4objectiu es representar una obra [&hellip;]<\/p>\n","protected":false},"author":3,"featured_media":0,"parent":64,"menu_order":13,"comment_status":"closed","ping_status":"closed","template":"page-templates\/side-menu.php","meta":{"_bbp_topic_count":0,"_bbp_reply_count":0,"_bbp_total_topic_count":0,"_bbp_total_reply_count":0,"_bbp_voice_count":0,"_bbp_anonymous_reply_count":0,"_bbp_topic_count_hidden":0,"_bbp_reply_count_hidden":0,"_bbp_forum_subforum_count":0,"site-sidebar-layout":"default","site-content-layout":"","ast-site-content-layout":"","site-content-style":"default","site-sidebar-style":"default","ast-global-header-display":"","ast-banner-title-visibility":"","ast-main-header-display":"","ast-hfb-above-header-display":"","ast-hfb-below-header-display":"","ast-hfb-mobile-header-display":"","site-post-title":"","ast-breadcrumbs-content":"","ast-featured-img":"","footer-sml-layout":"","theme-transparent-header-meta":"","adv-header-id-meta":"","stick-header-meta":"","header-above-stick-meta":"","header-main-stick-meta":"","header-below-stick-meta":"","astra-migrate-meta-layouts":"default","ast-page-background-enabled":"default","ast-page-background-meta":{"desktop":{"background-color":"var(--ast-global-color-4)","background-image":"","background-repeat":"repeat","background-position":"center center","background-size":"auto","background-attachment":"scroll","background-type":"","background-media":"","overlay-type":"","overlay-color":"","overlay-opacity":"","overlay-gradient":""},"tablet":{"background-color":"","background-image":"","background-repeat":"repeat","background-position":"center center","background-size":"auto","background-attachment":"scroll","background-type":"","background-media":"","overlay-type":"","overlay-color":"","overlay-opacity":"","overlay-gradient":""},"mobile":{"background-color":"","background-image":"","background-repeat":"repeat","background-position":"center center","background-size":"auto","background-attachment":"scroll","background-type":"","background-media":"","overlay-type":"","overlay-color":"","overlay-opacity":"","overlay-gradient":""}},"ast-content-background-meta":{"desktop":{"background-color":"var(--ast-global-color-5)","background-image":"","background-repeat":"repeat","background-position":"center center","background-size":"auto","background-attachment":"scroll","background-type":"","background-media":"","overlay-type":"","overlay-color":"","overlay-opacity":"","overlay-gradient":""},"tablet":{"background-color":"var(--ast-global-color-5)","background-image":"","background-repeat":"repeat","background-position":"center center","background-size":"auto","background-attachment":"scroll","background-type":"","background-media":"","overlay-type":"","overlay-color":"","overlay-opacity":"","overlay-gradient":""},"mobile":{"background-color":"var(--ast-global-color-5)","background-image":"","background-repeat":"repeat","background-position":"center center","background-size":"auto","background-attachment":"scroll","background-type":"","background-media":"","overlay-type":"","overlay-color":"","overlay-opacity":"","overlay-gradient":""}},"footnotes":""},"class_list":["post-497","page","type-page","status-publish","hentry"],"post_mailing_queue_ids":[],"_links":{"self":[{"href":"https:\/\/agora.xtec.cat\/escolaroncana\/wp-json\/wp\/v2\/pages\/497","targetHints":{"allow":["GET"]}}],"collection":[{"href":"https:\/\/agora.xtec.cat\/escolaroncana\/wp-json\/wp\/v2\/pages"}],"about":[{"href":"https:\/\/agora.xtec.cat\/escolaroncana\/wp-json\/wp\/v2\/types\/page"}],"author":[{"embeddable":true,"href":"https:\/\/agora.xtec.cat\/escolaroncana\/wp-json\/wp\/v2\/users\/3"}],"replies":[{"embeddable":true,"href":"https:\/\/agora.xtec.cat\/escolaroncana\/wp-json\/wp\/v2\/comments?post=497"}],"version-history":[{"count":4,"href":"https:\/\/agora.xtec.cat\/escolaroncana\/wp-json\/wp\/v2\/pages\/497\/revisions"}],"predecessor-version":[{"id":3631,"href":"https:\/\/agora.xtec.cat\/escolaroncana\/wp-json\/wp\/v2\/pages\/497\/revisions\/3631"}],"up":[{"embeddable":true,"href":"https:\/\/agora.xtec.cat\/escolaroncana\/wp-json\/wp\/v2\/pages\/64"}],"wp:attachment":[{"href":"https:\/\/agora.xtec.cat\/escolaroncana\/wp-json\/wp\/v2\/media?parent=497"}],"curies":[{"name":"wp","href":"https:\/\/api.w.org\/{rel}","templated":true}]}}