{"id":480,"date":"2016-09-20T10:57:54","date_gmt":"2016-09-20T08:57:54","guid":{"rendered":"http:\/\/agora.xtec.cat\/escolaroncana\/?page_id=480"},"modified":"2022-02-09T12:29:45","modified_gmt":"2022-02-09T11:29:45","slug":"angles","status":"publish","type":"page","link":"https:\/\/agora.xtec.cat\/escolaroncana\/projectes-pedagogics\/angles\/","title":{"rendered":"Angl\u00e8s: AICLE, eTwinning i Erasmus+"},"content":{"rendered":"<p style=\"text-align: justify;\">Els nens i nenes de l&#8217;escola Ron\u00e7ana tenen contacte amb la llengua anglesa des de P3 fins a 6\u00e8 de prim\u00e0ria.<\/p>\n<p style=\"text-align: justify;\">Les <strong>sessions d&#8217;angl\u00e8s a infantil<\/strong> estan pensades per tal que sigui una estona agradable i de contacte amb la llengua anglesa on els alumnes es sentin a gust i aix\u00ed es motivin a aprendre aquesta 3a llengua.\u00a0Es realitzen dues sessions setmanals. I sempre s&#8217;intenta que es segueixi el mateix patr\u00f3 d&#8217;inici, desenvolupament i final de la sessi\u00f3 per donar seguretat i autonomia als infants.<\/p>\n<p>Els nens i nenes de <strong>6\u00e8<\/strong> participen en el pla d&#8217;acompanyament d&#8217;angl\u00e8s de l&#8217;Ajuntament de Santa Eul\u00e0lia de Ron\u00e7ana. Es tracta d&#8217;una sessi\u00f3 en grup redu\u00eft enfocada principalment a desenvolupar i millorar la llengua oral en angl\u00e8s.<\/p>\n<p>Les sessions de prim\u00e0ria es porten a terme a l&#8217;aula d&#8217;angl\u00e8s on tota ella est\u00e0 ambientada i preparada per desenvolupar activitats variades.<\/p>\n<div class=\"adL\">\n<p>I enguany, la nostra escola participar\u00e0 en el projecte <span style=\"color: #333300;\"><strong>Erasmus+<\/strong><\/span> promogut per la Comissi\u00f3 Europea per tal de millorar el nivell de compet\u00e8ncies b\u00e0siques, incrementar les possibilitats de mobilitat i millorar la qualitat de la tasca docent i del treball cooperatiu.<\/p>\n<p>Aquest projecte s\u2019anomena\u00a0<strong>TOGETHER<\/strong>\u00a0(<strong>T<\/strong>eachers\u00a0<strong>O<\/strong>n a\u00a0<strong>G<\/strong>reat\u00a0<strong>E<\/strong>xperience\u00a0<strong>TH<\/strong>roughout\u00a0<strong>E<\/strong>u<strong>R<\/strong>ope) i est\u00e0 format per 8 escoles de la zona: Escola el Tur\u00f3, Escola Els Cingles, Escola Les Llisses, Escola Ron\u00e7ana, Escola Els Pinetons, Escola El Farell, Escola Bert\u00ed i Escola La Sagrera. TOGETHER est\u00e0 coordinat i dirigit pel CRP del Servei Educatiu del Vall\u00e8s Oriental IV i cofinan\u00e7at pel programa Erasmus+ de la Uni\u00f3 Europea.<\/p>\n<p>El projecte t\u00e9 una durada de 18 mesos. A trav\u00e9s de la dotaci\u00f3 econ\u00f2mica rebuda, mestres representants de cada escola seran els encarregats de realitzar diversos cursos de formaci\u00f3 i visites a centres educatius pioners d\u2019arreu de la Uni\u00f3 Europea, aix\u00ed com assistir a diferents jornades pedag\u00f2giques organitzades per experts en la mat\u00e8ria.<\/p>\n<p>Els objectius del programa s\u00f3n:<\/p>\n<ol>\n<li>\u00a0\u00a0Millorar la compet\u00e8ncia digital docent.<\/li>\n<li>\u00a0\u00a0Promoure i integrar metodologies innovadores en l\u2019\u00e0rea de llengua anglesa.<\/li>\n<li>\u00a0\u00a0Promoure la internacionalitzaci\u00f3 dels centres educatius de la zona.<\/li>\n<\/ol>\n<p>La finalitat \u00e9s formar-nos a nivell de centre i fer-ne difusi\u00f3 a tota la comunitat educativa de la zona.<\/p>\n<p>We are looking forward to starting this new adventure TOGETHER!<\/p>\n<p><a href=\"https:\/\/agora.xtec.cat\/escolaroncana\/wp-content\/uploads\/usu1437\/2021\/11\/Imatge-pel-redactat-espai-web-escoles.jpg\"><img loading=\"lazy\" decoding=\"async\" class=\"alignnone size-large wp-image-4509\" src=\"https:\/\/agora.xtec.cat\/escolaroncana\/wp-content\/uploads\/usu1437\/2021\/11\/Imatge-pel-redactat-espai-web-escoles-1024x724.jpg\" sizes=\"auto, (max-width: 1024px) 100vw, 1024px\" srcset=\"https:\/\/agora.xtec.cat\/escolaroncana\/wp-content\/uploads\/usu1437\/2021\/11\/Imatge-pel-redactat-espai-web-escoles-1024x724.jpg 1024w, https:\/\/agora.xtec.cat\/escolaroncana\/wp-content\/uploads\/usu1437\/2021\/11\/Imatge-pel-redactat-espai-web-escoles-300x212.jpg 300w, https:\/\/agora.xtec.cat\/escolaroncana\/wp-content\/uploads\/usu1437\/2021\/11\/Imatge-pel-redactat-espai-web-escoles-768x543.jpg 768w, https:\/\/agora.xtec.cat\/escolaroncana\/wp-content\/uploads\/usu1437\/2021\/11\/Imatge-pel-redactat-espai-web-escoles-1536x1086.jpg 1536w, https:\/\/agora.xtec.cat\/escolaroncana\/wp-content\/uploads\/usu1437\/2021\/11\/Imatge-pel-redactat-espai-web-escoles-2048x1448.jpg 2048w\" alt=\"\" width=\"1024\" height=\"724\" \/><\/a><\/p>\n<\/div>\n","protected":false},"excerpt":{"rendered":"<p>Els nens i nenes de l&#8217;escola Ron\u00e7ana tenen contacte amb la llengua anglesa des de P3 fins a 6\u00e8 de prim\u00e0ria. Les sessions d&#8217;angl\u00e8s a infantil estan pensades per tal que sigui una estona agradable i de contacte amb la llengua anglesa on els alumnes es sentin a gust i aix\u00ed es motivin a aprendre [&hellip;]<\/p>\n","protected":false},"author":3,"featured_media":0,"parent":64,"menu_order":4,"comment_status":"closed","ping_status":"closed","template":"page-templates\/side-menu.php","meta":{"_bbp_topic_count":0,"_bbp_reply_count":0,"_bbp_total_topic_count":0,"_bbp_total_reply_count":0,"_bbp_voice_count":0,"_bbp_anonymous_reply_count":0,"_bbp_topic_count_hidden":0,"_bbp_reply_count_hidden":0,"_bbp_forum_subforum_count":0,"site-sidebar-layout":"default","site-content-layout":"","ast-site-content-layout":"","site-content-style":"default","site-sidebar-style":"default","ast-global-header-display":"","ast-banner-title-visibility":"","ast-main-header-display":"","ast-hfb-above-header-display":"","ast-hfb-below-header-display":"","ast-hfb-mobile-header-display":"","site-post-title":"","ast-breadcrumbs-content":"","ast-featured-img":"","footer-sml-layout":"","theme-transparent-header-meta":"","adv-header-id-meta":"","stick-header-meta":"","header-above-stick-meta":"","header-main-stick-meta":"","header-below-stick-meta":"","astra-migrate-meta-layouts":"default","ast-page-background-enabled":"default","ast-page-background-meta":{"desktop":{"background-color":"var(--ast-global-color-4)","background-image":"","background-repeat":"repeat","background-position":"center center","background-size":"auto","background-attachment":"scroll","background-type":"","background-media":"","overlay-type":"","overlay-color":"","overlay-opacity":"","overlay-gradient":""},"tablet":{"background-color":"","background-image":"","background-repeat":"repeat","background-position":"center center","background-size":"auto","background-attachment":"scroll","background-type":"","background-media":"","overlay-type":"","overlay-color":"","overlay-opacity":"","overlay-gradient":""},"mobile":{"background-color":"","background-image":"","background-repeat":"repeat","background-position":"center center","background-size":"auto","background-attachment":"scroll","background-type":"","background-media":"","overlay-type":"","overlay-color":"","overlay-opacity":"","overlay-gradient":""}},"ast-content-background-meta":{"desktop":{"background-color":"var(--ast-global-color-5)","background-image":"","background-repeat":"repeat","background-position":"center center","background-size":"auto","background-attachment":"scroll","background-type":"","background-media":"","overlay-type":"","overlay-color":"","overlay-opacity":"","overlay-gradient":""},"tablet":{"background-color":"var(--ast-global-color-5)","background-image":"","background-repeat":"repeat","background-position":"center center","background-size":"auto","background-attachment":"scroll","background-type":"","background-media":"","overlay-type":"","overlay-color":"","overlay-opacity":"","overlay-gradient":""},"mobile":{"background-color":"var(--ast-global-color-5)","background-image":"","background-repeat":"repeat","background-position":"center center","background-size":"auto","background-attachment":"scroll","background-type":"","background-media":"","overlay-type":"","overlay-color":"","overlay-opacity":"","overlay-gradient":""}},"footnotes":""},"class_list":["post-480","page","type-page","status-publish","hentry"],"post_mailing_queue_ids":[],"_links":{"self":[{"href":"https:\/\/agora.xtec.cat\/escolaroncana\/wp-json\/wp\/v2\/pages\/480","targetHints":{"allow":["GET"]}}],"collection":[{"href":"https:\/\/agora.xtec.cat\/escolaroncana\/wp-json\/wp\/v2\/pages"}],"about":[{"href":"https:\/\/agora.xtec.cat\/escolaroncana\/wp-json\/wp\/v2\/types\/page"}],"author":[{"embeddable":true,"href":"https:\/\/agora.xtec.cat\/escolaroncana\/wp-json\/wp\/v2\/users\/3"}],"replies":[{"embeddable":true,"href":"https:\/\/agora.xtec.cat\/escolaroncana\/wp-json\/wp\/v2\/comments?post=480"}],"version-history":[{"count":4,"href":"https:\/\/agora.xtec.cat\/escolaroncana\/wp-json\/wp\/v2\/pages\/480\/revisions"}],"predecessor-version":[{"id":4661,"href":"https:\/\/agora.xtec.cat\/escolaroncana\/wp-json\/wp\/v2\/pages\/480\/revisions\/4661"}],"up":[{"embeddable":true,"href":"https:\/\/agora.xtec.cat\/escolaroncana\/wp-json\/wp\/v2\/pages\/64"}],"wp:attachment":[{"href":"https:\/\/agora.xtec.cat\/escolaroncana\/wp-json\/wp\/v2\/media?parent=480"}],"curies":[{"name":"wp","href":"https:\/\/api.w.org\/{rel}","templated":true}]}}