{"id":472,"date":"2016-09-20T10:45:57","date_gmt":"2016-09-20T08:45:57","guid":{"rendered":"http:\/\/agora.xtec.cat\/escolaroncana\/?page_id=472"},"modified":"2022-03-16T11:19:48","modified_gmt":"2022-03-16T10:19:48","slug":"mostra-literaria","status":"publish","type":"page","link":"https:\/\/agora.xtec.cat\/escolaroncana\/projectes-pedagogics\/mostra-literaria\/","title":{"rendered":"Gust per la lectura"},"content":{"rendered":"<table style=\"border-style: groove; border-color: #57ab43; background-color: #14380c;\">\n<tbody>\n<tr>\n<td style=\"text-align: center;\"><span style=\"color: #ffffff;\">Des de l\u2019escola portem a terme varies activitats per promoure i motivar als alumnes en aquesta tasca tant important per ells com aprendre a llegir.<\/span><\/td>\n<\/tr>\n<\/tbody>\n<\/table>\n<p>&nbsp;<\/p>\n<h1><strong>Mostra liter\u00e0ria\u00a0\u00a0<\/strong><\/h1>\n<p><sup><span style=\"font-family: Verdana;\">La mostra liter\u00e0ria \u00e9s tota una tradici\u00f3 a l&#8217;escola, a l&#8217;any 2020 anem per l&#8217;edici\u00f3 XXXIII. Tot i que amb els anys ha anat variant una mica, conserva totalment la seva ess\u00e8ncia, \u00e9s un projecte de llengua Catalana. Cada any es tria un tema i sobre aquest es fa un treball de llengua. L&#8217;objectiu \u00e9s elaborar un llibre de classe i potenciar l&#8217;expressi\u00f3 oral i escrita de forma competencial. La presentaci\u00f3 dels llibres es fa el dia de Sant Jordi en l&#8217;acte festiu que es celebra a l&#8217;escola. Posteriorment els llibres estan a disposici\u00f3 de les fam\u00edlies. Per exemple podeu veure l&#8217;acte de Sant Jordi <a href=\"http:\/\/agora.xtec.cat\/escolaroncana\/general\/sant-jordi-i-setmana-cultural\/\">2017<\/a> o la mostra XXXI del <a href=\"https:\/\/agora.xtec.cat\/escolaroncana\/infantil\/xxxi-mostra-literaria\/\" target=\"_blank\" rel=\"noopener noreferrer\">2018.<\/a><\/span><\/sup><\/p>\n<p>&nbsp;<\/p>\n<h1><strong>Biblioteca<\/strong><\/h1>\n<p><sup>A l&#8217;escola disposem d&#8217;una biblioteca escolar molt ben equipada. Els alumnes gaudeixen de pr\u00e9stec per a poder-se endur els llibres a casa. Not\u00edcies de la <a href=\"https:\/\/agora.xtec.cat\/escolaroncana\/projectes-pedagogics\/biblioteca\/\" target=\"_blank\" rel=\"noopener\">biblioteca i<\/a>\u00a0l&#8217;hora del<a href=\"https:\/\/agora.xtec.cat\/escolaroncana\/promocio2014\/contes-a-la-biblioteca\/\" target=\"_blank\" rel=\"noopener\"> conte<\/a>.\u00a0<\/sup><\/p>\n<p>&nbsp;<\/p>\n<h1><strong>Apadrinament lector<\/strong><\/h1>\n<p><sup>Des de l\u2019any 2012 a l\u2019escola fem una activitat d\u2019<strong>impuls de la lectura <\/strong>que anomenem apadrinament lector. El portem a terme amb els alumnes de <strong>5\u00e8,<\/strong> que fan de <strong>padrins<\/strong>, i els de <strong>1r ,<\/strong> que s\u00f3n els seus <strong>fillols.<\/strong> En comen\u00e7ar el curs, s\u2019estableixen les parelles i en un acte de presentaci\u00f3 signen entre ells un contracte de comprom\u00eds. Al llarg del curs setmanalment es troben per llegir junts. De mica en mica es va creant un vincle entre padr\u00ed i fillol que va m\u00e9s enll\u00e0 de la lectura. <span style=\"font-family: inherit;\">L\u2019objectiu de l&#8217;apadrinament lector \u00e9s desenvolupar en els nens i nenes el gust per la lectura i el coneixement. <\/span><span style=\"font-family: inherit;\">El fet que un company m\u00e9s gran llegeixi un conte a un de m\u00e9s petit que encara no t\u00e9 gaire habilitat lectora, obre per aquest darrer tot un m\u00f3n per descobrir i ajuda a despertar les seves ganes de llegir. Amb els contes, a m\u00e9s de gaudir tot escoltant-los, es transmeten valors, models i estrat\u00e8gies per progressar en la pr\u00f2pia autonomia i en el coneixement de l\u2019entorn. Per als nois i noies de 5\u00e8 \u00e9s un al\u00b7licient llegir per a un company m\u00e9s petit, fent servir estrat\u00e8gies per captar la seva atenci\u00f3 i la comprensi\u00f3 de la hist\u00f2ria que s\u2019explica.\u00a0<\/span><\/sup><\/p>\n<p><sub>Not\u00edcies apadrinament lector <a href=\"https:\/\/agora.xtec.cat\/escolaroncana\/portada\/lapadrinament-lector\/\" target=\"_blank\" rel=\"noopener\">2017<\/a>, <a href=\"https:\/\/agora.xtec.cat\/escolaroncana\/portada\/taller-de-lectura-apadrinament-lector-sant-jordi19\/\">2018<\/a>, <a href=\"https:\/\/agora.xtec.cat\/escolaroncana\/general\/iniciem-lapadrinament-lector\/\" target=\"_blank\" rel=\"noopener\">2019 i<\/a>\u00a0<a href=\"https:\/\/agora.xtec.cat\/escolaroncana\/general\/2020-1r-apadrinament-lector\/\" target=\"_blank\" rel=\"noopener\">2020<\/a>. Amb el Covid-19 aquesta activitat s&#8217;ha hagut de pausar.\u00a0<\/sub><\/p>\n<p>&nbsp;<\/p>\n<h1><strong>LEXCIT<\/strong><\/h1>\n<p><sup><strong>LECXIT<\/strong>\u00a0\u00e9s un programa que t\u00e9 per objectiu incrementar l&#8217;\u00e8xit educatiu dels infants a trav\u00e9s del treball per la millora de la seva comprensi\u00f3 lectora.<a href=\"https:\/\/agora.xtec.cat\/escolaroncana\/wp-content\/uploads\/usu1437\/2020\/05\/1.jpg\"><img loading=\"lazy\" decoding=\"async\" class=\"size-full wp-image-3573 alignright\" src=\"https:\/\/agora.xtec.cat\/escolaroncana\/wp-content\/uploads\/usu1437\/2020\/05\/1.jpg\" alt=\"\" width=\"220\" height=\"220\" srcset=\"https:\/\/agora.xtec.cat\/escolaroncana\/wp-content\/uploads\/usu1437\/2020\/05\/1.jpg 220w, https:\/\/agora.xtec.cat\/escolaroncana\/wp-content\/uploads\/usu1437\/2020\/05\/1-150x150.jpg 150w\" sizes=\"auto, (max-width: 220px) 100vw, 220px\" \/><\/a> <\/sup><sup>La clau de LECXIT est\u00e0 en treballar de forma l\u00fadica i amena gr\u00e0cies al\u00a0<strong>voluntariat<\/strong>, escoles, alumnat, fam\u00edlia, Biblioteca i Ajuntament i est\u00e0 promogut per la Fundaci\u00f3 Jaume Bofill. <\/sup><sup>A la nostra escola participen alumnes de 4t, 5\u00e8 i 6\u00e8 i s\u00f3n acompanyats per un voluntari\/a amb una tutoria individual per setmana. Tamb\u00e9 durant el curs es porten a terme activitats en grup, Nadal, Sant Jordi&#8230;, on l\u2019aprenentatge compartit \u00e9s clau. <\/sup><sup>Les tutories individuals parteixen dels interessos dels nens i nenes per estimular la lectura. Les persones volunt\u00e0ries reben una formaci\u00f3 abans d&#8217;iniciar les sessions de lectura, per\u00f2 adapten les activitats als interessos de cada infant, per tal de fer de la lectura una experi\u00e8ncia positiva i establir una relaci\u00f3 de confian\u00e7a.<\/sup><\/p>\n<p><sub>En aquest <a href=\"https:\/\/www.youtube.com\/watch?v=I-2CE5-SYcs\" target=\"_blank\" rel=\"noopener\">v\u00eddeo<\/a> podeu veure el resum del Projecte LECXIT del curs 18-19<\/sub><\/p>\n<p>&nbsp;<\/p>\n<h1><strong>Murris<\/strong><\/h1>\n<p><sup>Des d&#8217;Educaci\u00f3 Infantil a P4 amb els sons voc\u00e0lics fins a Cicle Inicial a 2n treballem el projecte \u201c ELS MURRIS\u201d en l&#8217;aprenentatge de la lect<a href=\"https:\/\/agora.xtec.cat\/escolaroncana\/wp-content\/uploads\/usu1437\/2020\/05\/murris-e1644405773370.jpg\"><img loading=\"lazy\" decoding=\"async\" class=\"wp-image-3618 alignright\" src=\"https:\/\/agora.xtec.cat\/escolaroncana\/wp-content\/uploads\/usu1437\/2020\/05\/murris-1024x576.jpg\" alt=\"\" width=\"286\" height=\"161\" \/><\/a>ura i escriptura.<\/sup><\/p>\n<p><sup>Els Murris \u00e9s un material did\u00e0ctic que treballa la consci\u00e8ncia fonol\u00f2gica a trav\u00e9s de l\u00b4aprenentatge de la lectura i l&#8217;escriptura. Permet als infants anar investigant en la lectura i en l\u00b4escriptura per progressar cadasc\u00fa al seu ritme i imaginar i crear els seus propis textos. Aquest material tamb\u00e9 t\u00e9 en compte un aprenentatge gradual del proc\u00e9s de la lectoescriptura dels nens i nenes i fa de pont entre els coneixements que s\u00b4han adquirit al final de l\u2019educaci\u00f3 infantil i els del primer cicle de l\u00b4educaci\u00f3 prim\u00e0ria.<\/sup><\/p>\n<p>&nbsp;<\/p>\n<p>&nbsp;<\/p>\n<h1><strong>Maletes viatgeres<\/strong><\/h1>\n<p><sup>La Biblioteca del poble ens ofereix unes maletes de pr\u00e9stec des de P3 fins a 2n. A dins de les maletes hi ha tot de contes variats, alguns relacionats amb el nom de la classe. La maleta es queda una setmana a casa de cada nen i nena i poden escriure en una llibreta quines sensacions han tingut, quin llibre els hi ha agradat m\u00e9s&#8230;<\/sup><\/p>\n<p><a href=\"https:\/\/agora.xtec.cat\/escolaroncana\/wp-content\/uploads\/usu1437\/2022\/03\/20211102_151828.jpg\"><img loading=\"lazy\" decoding=\"async\" class=\"alignnone wp-image-4729\" src=\"https:\/\/agora.xtec.cat\/escolaroncana\/wp-content\/uploads\/usu1437\/2022\/03\/20211102_151828-1024x768.jpg\" alt=\"\" width=\"327\" height=\"245\" srcset=\"https:\/\/agora.xtec.cat\/escolaroncana\/wp-content\/uploads\/usu1437\/2022\/03\/20211102_151828-1024x768.jpg 1024w, https:\/\/agora.xtec.cat\/escolaroncana\/wp-content\/uploads\/usu1437\/2022\/03\/20211102_151828-300x225.jpg 300w, https:\/\/agora.xtec.cat\/escolaroncana\/wp-content\/uploads\/usu1437\/2022\/03\/20211102_151828-768x576.jpg 768w, https:\/\/agora.xtec.cat\/escolaroncana\/wp-content\/uploads\/usu1437\/2022\/03\/20211102_151828-1536x1152.jpg 1536w, https:\/\/agora.xtec.cat\/escolaroncana\/wp-content\/uploads\/usu1437\/2022\/03\/20211102_151828-200x150.jpg 200w, https:\/\/agora.xtec.cat\/escolaroncana\/wp-content\/uploads\/usu1437\/2022\/03\/20211102_151828.jpg 2000w\" sizes=\"auto, (max-width: 327px) 100vw, 327px\" \/><\/a><\/p>\n<p>&nbsp;<\/p>\n<h1><strong>Programa de lectura en veu alta a 4t<\/strong><\/h1>\n<p><sup>L&#8217;escola participa en el certamen de lectura en veu<a href=\"https:\/\/agora.xtec.cat\/escolaroncana\/wp-content\/uploads\/usu1437\/2022\/03\/baixa.jpg\"><img loading=\"lazy\" decoding=\"async\" class=\"size-full wp-image-4738 alignright\" src=\"https:\/\/agora.xtec.cat\/escolaroncana\/wp-content\/uploads\/usu1437\/2022\/03\/baixa.jpg\" alt=\"\" width=\"340\" height=\"148\" srcset=\"https:\/\/agora.xtec.cat\/escolaroncana\/wp-content\/uploads\/usu1437\/2022\/03\/baixa.jpg 340w, https:\/\/agora.xtec.cat\/escolaroncana\/wp-content\/uploads\/usu1437\/2022\/03\/baixa-300x131.jpg 300w\" sizes=\"auto, (max-width: 340px) 100vw, 340px\" \/><\/a> alta.\u00a0<a style=\"color: #2795b6;\" href=\"https:\/\/www.lecturaenveualta.cat\/\" target=\"_blank\" rel=\"noopener\">https:\/\/www.lecturaenveualta.cat\/\u00a0\u00a0\u00a0<\/a><\/sup><\/p>\n<p><sup>Els alumnes realitzen unes jornades on s&#8217;escull a trav\u00e9s d&#8217;un jurat els finalistes per participar en aquest certamen.<\/sup><\/p>\n<p>&nbsp;<\/p>\n","protected":false},"excerpt":{"rendered":"<p>Des de l\u2019escola portem a terme varies activitats per promoure i motivar als alumnes en aquesta tasca tant important per ells com aprendre a llegir. &nbsp; Mostra liter\u00e0ria\u00a0\u00a0 La mostra liter\u00e0ria \u00e9s tota una tradici\u00f3 a l&#8217;escola, a l&#8217;any 2020 anem per l&#8217;edici\u00f3 XXXIII. Tot i que amb els anys ha anat variant una mica, [&hellip;]<\/p>\n","protected":false},"author":3,"featured_media":0,"parent":64,"menu_order":1,"comment_status":"closed","ping_status":"closed","template":"page-templates\/side-menu.php","meta":{"_bbp_topic_count":0,"_bbp_reply_count":0,"_bbp_total_topic_count":0,"_bbp_total_reply_count":0,"_bbp_voice_count":0,"_bbp_anonymous_reply_count":0,"_bbp_topic_count_hidden":0,"_bbp_reply_count_hidden":0,"_bbp_forum_subforum_count":0,"site-sidebar-layout":"default","site-content-layout":"","ast-site-content-layout":"","site-content-style":"default","site-sidebar-style":"default","ast-global-header-display":"","ast-banner-title-visibility":"","ast-main-header-display":"","ast-hfb-above-header-display":"","ast-hfb-below-header-display":"","ast-hfb-mobile-header-display":"","site-post-title":"","ast-breadcrumbs-content":"","ast-featured-img":"","footer-sml-layout":"","theme-transparent-header-meta":"","adv-header-id-meta":"","stick-header-meta":"","header-above-stick-meta":"","header-main-stick-meta":"","header-below-stick-meta":"","astra-migrate-meta-layouts":"default","ast-page-background-enabled":"default","ast-page-background-meta":{"desktop":{"background-color":"var(--ast-global-color-4)","background-image":"","background-repeat":"repeat","background-position":"center center","background-size":"auto","background-attachment":"scroll","background-type":"","background-media":"","overlay-type":"","overlay-color":"","overlay-opacity":"","overlay-gradient":""},"tablet":{"background-color":"","background-image":"","background-repeat":"repeat","background-position":"center center","background-size":"auto","background-attachment":"scroll","background-type":"","background-media":"","overlay-type":"","overlay-color":"","overlay-opacity":"","overlay-gradient":""},"mobile":{"background-color":"","background-image":"","background-repeat":"repeat","background-position":"center center","background-size":"auto","background-attachment":"scroll","background-type":"","background-media":"","overlay-type":"","overlay-color":"","overlay-opacity":"","overlay-gradient":""}},"ast-content-background-meta":{"desktop":{"background-color":"var(--ast-global-color-5)","background-image":"","background-repeat":"repeat","background-position":"center center","background-size":"auto","background-attachment":"scroll","background-type":"","background-media":"","overlay-type":"","overlay-color":"","overlay-opacity":"","overlay-gradient":""},"tablet":{"background-color":"var(--ast-global-color-5)","background-image":"","background-repeat":"repeat","background-position":"center center","background-size":"auto","background-attachment":"scroll","background-type":"","background-media":"","overlay-type":"","overlay-color":"","overlay-opacity":"","overlay-gradient":""},"mobile":{"background-color":"var(--ast-global-color-5)","background-image":"","background-repeat":"repeat","background-position":"center center","background-size":"auto","background-attachment":"scroll","background-type":"","background-media":"","overlay-type":"","overlay-color":"","overlay-opacity":"","overlay-gradient":""}},"footnotes":""},"class_list":["post-472","page","type-page","status-publish","hentry"],"post_mailing_queue_ids":[],"_links":{"self":[{"href":"https:\/\/agora.xtec.cat\/escolaroncana\/wp-json\/wp\/v2\/pages\/472","targetHints":{"allow":["GET"]}}],"collection":[{"href":"https:\/\/agora.xtec.cat\/escolaroncana\/wp-json\/wp\/v2\/pages"}],"about":[{"href":"https:\/\/agora.xtec.cat\/escolaroncana\/wp-json\/wp\/v2\/types\/page"}],"author":[{"embeddable":true,"href":"https:\/\/agora.xtec.cat\/escolaroncana\/wp-json\/wp\/v2\/users\/3"}],"replies":[{"embeddable":true,"href":"https:\/\/agora.xtec.cat\/escolaroncana\/wp-json\/wp\/v2\/comments?post=472"}],"version-history":[{"count":3,"href":"https:\/\/agora.xtec.cat\/escolaroncana\/wp-json\/wp\/v2\/pages\/472\/revisions"}],"predecessor-version":[{"id":4745,"href":"https:\/\/agora.xtec.cat\/escolaroncana\/wp-json\/wp\/v2\/pages\/472\/revisions\/4745"}],"up":[{"embeddable":true,"href":"https:\/\/agora.xtec.cat\/escolaroncana\/wp-json\/wp\/v2\/pages\/64"}],"wp:attachment":[{"href":"https:\/\/agora.xtec.cat\/escolaroncana\/wp-json\/wp\/v2\/media?parent=472"}],"curies":[{"name":"wp","href":"https:\/\/api.w.org\/{rel}","templated":true}]}}