{"id":470,"date":"2016-09-20T10:45:25","date_gmt":"2016-09-20T08:45:25","guid":{"rendered":"http:\/\/agora.xtec.cat\/escolaroncana\/?page_id=470"},"modified":"2020-05-08T13:15:07","modified_gmt":"2020-05-08T11:15:07","slug":"aula-de-ciencies","status":"publish","type":"page","link":"https:\/\/agora.xtec.cat\/escolaroncana\/projectes-pedagogics\/aula-de-ciencies\/","title":{"rendered":"Aula de ci\u00e8ncies i l&#8217;hort"},"content":{"rendered":"<p>L&#8217;escola disposa d&#8217;una aula de ci\u00e8ncies molt ben dotada i un hort escolar que permet treballar les ci\u00e8ncies des d&#8217;una perspectiva \u00a0procedimental i experimental. L\u2019objectiu \u00e9s potenciar el treball per models cient\u00edfics: un model de mat\u00e8ria, un model d&#8217;\u00e9sser viu, un model del planeta Terra i de l\u2019Univers i un model per explicar regularitats en els sistemes f\u00edsics .<\/p>\n<p>La finalitat \u00e9s educar en relaci\u00f3 amb les tem\u00e0tiques transversals, per tal que els nois i les noies siguin capa\u00e7os d\u2019actuar de forma aut\u00f2noma, conscient i responsable. L&#8217;ensenyament de les ci\u00e8ncies s&#8217;orienta en el desenvolupament de la capacitat dels escolars per utilitzar el coneixement cient\u00edfic per identificar preguntes i obtenir conclusions a partir de proves, amb la finalitat de comprendre i ajudar a prendre decisions sobre el m\u00f3n natural i els canvis que l\u2019activitat humana hi produeix .<\/p>\n<p>L&#8217;aula de ci\u00e8ncies:<\/p>\n<p><iframe loading=\"lazy\" src=\"https:\/\/drive.google.com\/file\/d\/1cxwHy5XOwyBrX8Gg8y81nTgv-Ss3Y0Kw\/preview\" width=\"640\" height=\"480\"><\/iframe><\/p>\n<p>i l&#8217;hort escolar<\/p>\n<p><iframe loading=\"lazy\" src=\"https:\/\/drive.google.com\/file\/d\/16BS1SneHgWik-5tSTyhpGQQaQzKfX-_X\/preview\" width=\"640\" height=\"480\"><\/iframe><\/p>\n","protected":false},"excerpt":{"rendered":"<p>L&#8217;escola disposa d&#8217;una aula de ci\u00e8ncies molt ben dotada i un hort escolar que permet treballar les ci\u00e8ncies des d&#8217;una perspectiva \u00a0procedimental i experimental. L\u2019objectiu \u00e9s potenciar el treball per models cient\u00edfics: un model de mat\u00e8ria, un model d&#8217;\u00e9sser viu, un model del planeta Terra i de l\u2019Univers i un model per explicar regularitats en [&hellip;]<\/p>\n","protected":false},"author":3,"featured_media":0,"parent":64,"menu_order":3,"comment_status":"closed","ping_status":"closed","template":"page-templates\/side-menu.php","meta":{"_bbp_topic_count":0,"_bbp_reply_count":0,"_bbp_total_topic_count":0,"_bbp_total_reply_count":0,"_bbp_voice_count":0,"_bbp_anonymous_reply_count":0,"_bbp_topic_count_hidden":0,"_bbp_reply_count_hidden":0,"_bbp_forum_subforum_count":0,"site-sidebar-layout":"default","site-content-layout":"","ast-site-content-layout":"","site-content-style":"default","site-sidebar-style":"default","ast-global-header-display":"","ast-banner-title-visibility":"","ast-main-header-display":"","ast-hfb-above-header-display":"","ast-hfb-below-header-display":"","ast-hfb-mobile-header-display":"","site-post-title":"","ast-breadcrumbs-content":"","ast-featured-img":"","footer-sml-layout":"","theme-transparent-header-meta":"","adv-header-id-meta":"","stick-header-meta":"","header-above-stick-meta":"","header-main-stick-meta":"","header-below-stick-meta":"","astra-migrate-meta-layouts":"default","ast-page-background-enabled":"default","ast-page-background-meta":{"desktop":{"background-color":"var(--ast-global-color-4)","background-image":"","background-repeat":"repeat","background-position":"center center","background-size":"auto","background-attachment":"scroll","background-type":"","background-media":"","overlay-type":"","overlay-color":"","overlay-opacity":"","overlay-gradient":""},"tablet":{"background-color":"","background-image":"","background-repeat":"repeat","background-position":"center center","background-size":"auto","background-attachment":"scroll","background-type":"","background-media":"","overlay-type":"","overlay-color":"","overlay-opacity":"","overlay-gradient":""},"mobile":{"background-color":"","background-image":"","background-repeat":"repeat","background-position":"center center","background-size":"auto","background-attachment":"scroll","background-type":"","background-media":"","overlay-type":"","overlay-color":"","overlay-opacity":"","overlay-gradient":""}},"ast-content-background-meta":{"desktop":{"background-color":"var(--ast-global-color-5)","background-image":"","background-repeat":"repeat","background-position":"center center","background-size":"auto","background-attachment":"scroll","background-type":"","background-media":"","overlay-type":"","overlay-color":"","overlay-opacity":"","overlay-gradient":""},"tablet":{"background-color":"var(--ast-global-color-5)","background-image":"","background-repeat":"repeat","background-position":"center center","background-size":"auto","background-attachment":"scroll","background-type":"","background-media":"","overlay-type":"","overlay-color":"","overlay-opacity":"","overlay-gradient":""},"mobile":{"background-color":"var(--ast-global-color-5)","background-image":"","background-repeat":"repeat","background-position":"center center","background-size":"auto","background-attachment":"scroll","background-type":"","background-media":"","overlay-type":"","overlay-color":"","overlay-opacity":"","overlay-gradient":""}},"footnotes":""},"class_list":["post-470","page","type-page","status-publish","hentry"],"post_mailing_queue_ids":[],"_links":{"self":[{"href":"https:\/\/agora.xtec.cat\/escolaroncana\/wp-json\/wp\/v2\/pages\/470","targetHints":{"allow":["GET"]}}],"collection":[{"href":"https:\/\/agora.xtec.cat\/escolaroncana\/wp-json\/wp\/v2\/pages"}],"about":[{"href":"https:\/\/agora.xtec.cat\/escolaroncana\/wp-json\/wp\/v2\/types\/page"}],"author":[{"embeddable":true,"href":"https:\/\/agora.xtec.cat\/escolaroncana\/wp-json\/wp\/v2\/users\/3"}],"replies":[{"embeddable":true,"href":"https:\/\/agora.xtec.cat\/escolaroncana\/wp-json\/wp\/v2\/comments?post=470"}],"version-history":[{"count":3,"href":"https:\/\/agora.xtec.cat\/escolaroncana\/wp-json\/wp\/v2\/pages\/470\/revisions"}],"predecessor-version":[{"id":3562,"href":"https:\/\/agora.xtec.cat\/escolaroncana\/wp-json\/wp\/v2\/pages\/470\/revisions\/3562"}],"up":[{"embeddable":true,"href":"https:\/\/agora.xtec.cat\/escolaroncana\/wp-json\/wp\/v2\/pages\/64"}],"wp:attachment":[{"href":"https:\/\/agora.xtec.cat\/escolaroncana\/wp-json\/wp\/v2\/media?parent=470"}],"curies":[{"name":"wp","href":"https:\/\/api.w.org\/{rel}","templated":true}]}}