{"id":468,"date":"2016-09-21T10:50:23","date_gmt":"2016-09-21T08:50:23","guid":{"rendered":"http:\/\/agora.xtec.cat\/escolaroncana\/?page_id=468"},"modified":"2022-05-11T12:08:30","modified_gmt":"2022-05-11T10:08:30","slug":"cargol-noticiari","status":"publish","type":"page","link":"https:\/\/agora.xtec.cat\/escolaroncana\/projectes-pedagogics\/cargol-noticiari\/","title":{"rendered":"Cargol Noticiari"},"content":{"rendered":"<p>El Cargol Noticiari \u00e9s una projecte que es porta a terme a l&#8217;Escola Ron\u00e7ana des del 1992. El Cargol Noticiari \u00e9s un full informatiu impr\u00e8s i un programa de televisi\u00f3 en col\u00b7laboraci\u00f3 amb la televisi\u00f3 local de Santa Eul\u00e0lia: <strong>Canal SET<\/strong>.<\/p>\n<p>Per a poder portar a terme el projecte cal fer els passos seg\u00fcents:<\/p>\n<table width=\"100%\" cellpadding=\"0\">\n<tbody>\n<tr>\n<td valign=\"top\">\n<ul type=\"disc\">\n<li>Buidatge de not\u00edcies del nostre entorn m\u00e9s immediat. Tria de les m\u00e9s interessants.<\/li>\n<li>Expressi\u00f3 de cada not\u00edcia oralment, afegint, entre tots, els detalls que coneguem.<\/li>\n<li>A partir d&#8217;aqu\u00ed es treballa per parelles o grups petits.<\/li>\n<li>Intentar donar resposta, per escrit a les preguntes: QUI, QU\u00c8, QUAN, ON, PER QU\u00c8 i COM.<\/li>\n<li>Si no es coneix la resposta per a algun dels apartats, buscar-la. Cal intentar trobar fonts directes: de vegades dins de l&#8217;escola; altres, trucant a l&#8217;Ajuntament, a alguna entitat, publicacions&#8230;<\/li>\n<li>Assegurar-nos si totes les afirmacions que fem s\u00f3n certes i citar la font d&#8217;on s&#8217;han tret.<\/li>\n<li>Valoraci\u00f3 de l&#8217;ordre d&#8217;exposici\u00f3 dels fets que s&#8217;escau millor, depenent de la import\u00e0ncia que hi vulguem donar. Observaci\u00f3 de com canvia la noticia.<\/li>\n<li>Redacci\u00f3 de la not\u00edcia de forma entenedora, amb les paraules m\u00e9s adequades segons la situaci\u00f3 de comunicaci\u00f3 i complementant els aspectes que cal destacar.<\/li>\n<li>Resum del text en poques frases perqu\u00e8 el conductor de l&#8217;informatiu pugui presentar-la.<\/li>\n<li>Resum de la not\u00edcia en unes paraules (t\u00edtol).<\/li>\n<li>Correcci\u00f3 final dels textos (coher\u00e8ncia, cohesi\u00f3, sintaxi, ortografia).<\/li>\n<li>Escriptura a l&#8217;ordinador en el programa Word. Els mestres despr\u00e9s fem el format en dues columnes.<\/li>\n<li>Preparaci\u00f3 de la lectura de les not\u00edcies en veu alta.<\/li>\n<li>En grup altre cop, s&#8217;ordenen les not\u00edcies, es busquen o preparen il\u00b7lustracions i es composa el full. Se&#8217;n fan c\u00f2pies i es distribueix per a tota l&#8217;escola.<\/li>\n<\/ul>\n<\/td>\n<\/tr>\n<\/tbody>\n<\/table>\n<p>A continuaci\u00f3 podeu consultar l&#8217; <a href=\"https:\/\/sites.google.com\/xtec.cat\/cargolnotciari\/p%C3%A0gina-principal\" target=\"_blank\" rel=\"noopener\">HISTORIAL DE PUBLICACIONS<\/a><\/p>\n<p>&nbsp;<\/p>\n<p>I l&#8217;<a href=\"https:\/\/www.youtube.com\/playlist?list=PLaQCWVTIYYrkaUUB4KZqWEh7RaNG0D8jd\" target=\"_blank\" rel=\"noopener\">HISTORIAL DE CARGOLS NOTICIARIS<\/a> (per q\u00fcestions t\u00e8cniques de moment nom\u00e9s disposem des del febrer del febrer del 2019)<\/p>\n<p>Aqu\u00ed us deixem amb una mostra de Cargol Noticiari, el del mes de febrer de 2020:<\/p>\n<p><iframe loading=\"lazy\" src=\"\/\/www.youtube.com\/embed\/l-wYfxB0OjE\" width=\"1195\" height=\"672\" frameborder=\"0\"><\/iframe><\/p>\n","protected":false},"excerpt":{"rendered":"<p>El Cargol Noticiari \u00e9s una projecte que es porta a terme a l&#8217;Escola Ron\u00e7ana des del 1992. El Cargol Noticiari \u00e9s un full informatiu impr\u00e8s i un programa de televisi\u00f3 en col\u00b7laboraci\u00f3 amb la televisi\u00f3 local de Santa Eul\u00e0lia: Canal SET. Per a poder portar a terme el projecte cal fer els passos seg\u00fcents: Buidatge [&hellip;]<\/p>\n","protected":false},"author":3,"featured_media":0,"parent":64,"menu_order":12,"comment_status":"closed","ping_status":"closed","template":"page-templates\/side-menu.php","meta":{"_bbp_topic_count":0,"_bbp_reply_count":0,"_bbp_total_topic_count":0,"_bbp_total_reply_count":0,"_bbp_voice_count":0,"_bbp_anonymous_reply_count":0,"_bbp_topic_count_hidden":0,"_bbp_reply_count_hidden":0,"_bbp_forum_subforum_count":0,"site-sidebar-layout":"default","site-content-layout":"","ast-site-content-layout":"","site-content-style":"default","site-sidebar-style":"default","ast-global-header-display":"","ast-banner-title-visibility":"","ast-main-header-display":"","ast-hfb-above-header-display":"","ast-hfb-below-header-display":"","ast-hfb-mobile-header-display":"","site-post-title":"","ast-breadcrumbs-content":"","ast-featured-img":"","footer-sml-layout":"","theme-transparent-header-meta":"","adv-header-id-meta":"","stick-header-meta":"","header-above-stick-meta":"","header-main-stick-meta":"","header-below-stick-meta":"","astra-migrate-meta-layouts":"default","ast-page-background-enabled":"default","ast-page-background-meta":{"desktop":{"background-color":"var(--ast-global-color-4)","background-image":"","background-repeat":"repeat","background-position":"center center","background-size":"auto","background-attachment":"scroll","background-type":"","background-media":"","overlay-type":"","overlay-color":"","overlay-opacity":"","overlay-gradient":""},"tablet":{"background-color":"","background-image":"","background-repeat":"repeat","background-position":"center center","background-size":"auto","background-attachment":"scroll","background-type":"","background-media":"","overlay-type":"","overlay-color":"","overlay-opacity":"","overlay-gradient":""},"mobile":{"background-color":"","background-image":"","background-repeat":"repeat","background-position":"center center","background-size":"auto","background-attachment":"scroll","background-type":"","background-media":"","overlay-type":"","overlay-color":"","overlay-opacity":"","overlay-gradient":""}},"ast-content-background-meta":{"desktop":{"background-color":"var(--ast-global-color-5)","background-image":"","background-repeat":"repeat","background-position":"center center","background-size":"auto","background-attachment":"scroll","background-type":"","background-media":"","overlay-type":"","overlay-color":"","overlay-opacity":"","overlay-gradient":""},"tablet":{"background-color":"var(--ast-global-color-5)","background-image":"","background-repeat":"repeat","background-position":"center center","background-size":"auto","background-attachment":"scroll","background-type":"","background-media":"","overlay-type":"","overlay-color":"","overlay-opacity":"","overlay-gradient":""},"mobile":{"background-color":"var(--ast-global-color-5)","background-image":"","background-repeat":"repeat","background-position":"center center","background-size":"auto","background-attachment":"scroll","background-type":"","background-media":"","overlay-type":"","overlay-color":"","overlay-opacity":"","overlay-gradient":""}},"footnotes":""},"class_list":["post-468","page","type-page","status-publish","hentry"],"post_mailing_queue_ids":[],"_links":{"self":[{"href":"https:\/\/agora.xtec.cat\/escolaroncana\/wp-json\/wp\/v2\/pages\/468","targetHints":{"allow":["GET"]}}],"collection":[{"href":"https:\/\/agora.xtec.cat\/escolaroncana\/wp-json\/wp\/v2\/pages"}],"about":[{"href":"https:\/\/agora.xtec.cat\/escolaroncana\/wp-json\/wp\/v2\/types\/page"}],"author":[{"embeddable":true,"href":"https:\/\/agora.xtec.cat\/escolaroncana\/wp-json\/wp\/v2\/users\/3"}],"replies":[{"embeddable":true,"href":"https:\/\/agora.xtec.cat\/escolaroncana\/wp-json\/wp\/v2\/comments?post=468"}],"version-history":[{"count":3,"href":"https:\/\/agora.xtec.cat\/escolaroncana\/wp-json\/wp\/v2\/pages\/468\/revisions"}],"predecessor-version":[{"id":4791,"href":"https:\/\/agora.xtec.cat\/escolaroncana\/wp-json\/wp\/v2\/pages\/468\/revisions\/4791"}],"up":[{"embeddable":true,"href":"https:\/\/agora.xtec.cat\/escolaroncana\/wp-json\/wp\/v2\/pages\/64"}],"wp:attachment":[{"href":"https:\/\/agora.xtec.cat\/escolaroncana\/wp-json\/wp\/v2\/media?parent=468"}],"curies":[{"name":"wp","href":"https:\/\/api.w.org\/{rel}","templated":true}]}}