{"id":464,"date":"2016-09-21T12:17:11","date_gmt":"2016-09-21T10:17:11","guid":{"rendered":"http:\/\/agora.xtec.cat\/escolaroncana\/?page_id=464"},"modified":"2026-01-16T11:34:12","modified_gmt":"2026-01-16T10:34:12","slug":"normativa","status":"publish","type":"page","link":"https:\/\/agora.xtec.cat\/escolaroncana\/normativa\/","title":{"rendered":"Documents"},"content":{"rendered":"<p>&nbsp;<\/p>\n<table style=\"width: 101.212%; border-collapse: collapse; border-color: #0a1f4d; height: 352px;\">\n<tbody>\n<tr style=\"height: 176px;\">\n<td style=\"width: 20%; height: 176px;\"><a href=\"https:\/\/agora.xtec.cat\/escolaroncana\/wp-content\/uploads\/usu1437\/2024\/03\/DOCUMENTS-NODES-1.png\"><img loading=\"lazy\" decoding=\"async\" class=\"alignnone size-large wp-image-5185\" src=\"https:\/\/agora.xtec.cat\/escolaroncana\/wp-content\/uploads\/usu1437\/2024\/03\/DOCUMENTS-NODES-1-1024x1024.png\" alt=\"\" width=\"1024\" height=\"1024\" srcset=\"https:\/\/agora.xtec.cat\/escolaroncana\/wp-content\/uploads\/usu1437\/2024\/03\/DOCUMENTS-NODES-1-1024x1024.png 1024w, https:\/\/agora.xtec.cat\/escolaroncana\/wp-content\/uploads\/usu1437\/2024\/03\/DOCUMENTS-NODES-1-300x300.png 300w, https:\/\/agora.xtec.cat\/escolaroncana\/wp-content\/uploads\/usu1437\/2024\/03\/DOCUMENTS-NODES-1-150x150.png 150w, https:\/\/agora.xtec.cat\/escolaroncana\/wp-content\/uploads\/usu1437\/2024\/03\/DOCUMENTS-NODES-1-768x768.png 768w, https:\/\/agora.xtec.cat\/escolaroncana\/wp-content\/uploads\/usu1437\/2024\/03\/DOCUMENTS-NODES-1.png 1080w\" sizes=\"auto, (max-width: 1024px) 100vw, 1024px\" \/><\/a><\/td>\n<td style=\"width: 20%; height: 176px;\"><a href=\"https:\/\/agora.xtec.cat\/escolaroncana\/wp-content\/uploads\/usu1437\/2023\/11\/2-e1709638619419.jpg\"><img loading=\"lazy\" decoding=\"async\" class=\"wp-image-5132 alignnone\" src=\"https:\/\/agora.xtec.cat\/escolaroncana\/wp-content\/uploads\/usu1437\/2023\/11\/2-e1709638619419-851x1024.jpg\" alt=\"\" width=\"175\" height=\"211\" srcset=\"https:\/\/agora.xtec.cat\/escolaroncana\/wp-content\/uploads\/usu1437\/2023\/11\/2-e1709638619419-851x1024.jpg 851w, https:\/\/agora.xtec.cat\/escolaroncana\/wp-content\/uploads\/usu1437\/2023\/11\/2-e1709638619419-249x300.jpg 249w, https:\/\/agora.xtec.cat\/escolaroncana\/wp-content\/uploads\/usu1437\/2023\/11\/2-e1709638619419-768x924.jpg 768w, https:\/\/agora.xtec.cat\/escolaroncana\/wp-content\/uploads\/usu1437\/2023\/11\/2-e1709638619419.jpg 879w\" sizes=\"auto, (max-width: 175px) 100vw, 175px\" \/><\/a><\/td>\n<td style=\"width: 20%; height: 176px;\"><a href=\"https:\/\/agora.xtec.cat\/escolaroncana\/wp-content\/uploads\/usu1437\/2025\/10\/DOCUMENTS-NODES-1.png\"><img loading=\"lazy\" decoding=\"async\" class=\"alignnone size-large wp-image-5407\" src=\"https:\/\/agora.xtec.cat\/escolaroncana\/wp-content\/uploads\/usu1437\/2025\/10\/DOCUMENTS-NODES-1-1024x1024.png\" alt=\"\" width=\"1024\" height=\"1024\" srcset=\"https:\/\/agora.xtec.cat\/escolaroncana\/wp-content\/uploads\/usu1437\/2025\/10\/DOCUMENTS-NODES-1-1024x1024.png 1024w, https:\/\/agora.xtec.cat\/escolaroncana\/wp-content\/uploads\/usu1437\/2025\/10\/DOCUMENTS-NODES-1-300x300.png 300w, https:\/\/agora.xtec.cat\/escolaroncana\/wp-content\/uploads\/usu1437\/2025\/10\/DOCUMENTS-NODES-1-150x150.png 150w, https:\/\/agora.xtec.cat\/escolaroncana\/wp-content\/uploads\/usu1437\/2025\/10\/DOCUMENTS-NODES-1-768x768.png 768w, https:\/\/agora.xtec.cat\/escolaroncana\/wp-content\/uploads\/usu1437\/2025\/10\/DOCUMENTS-NODES-1.png 1080w\" sizes=\"auto, (max-width: 1024px) 100vw, 1024px\" \/><\/a><\/td>\n<td style=\"width: 21.2882%; height: 176px;\"><a href=\"https:\/\/agora.xtec.cat\/escolaroncana\/wp-content\/uploads\/usu1437\/2024\/03\/DOCUMENTS-NODES-1-1.png\"><img loading=\"lazy\" decoding=\"async\" class=\"alignnone size-large wp-image-5186\" src=\"https:\/\/agora.xtec.cat\/escolaroncana\/wp-content\/uploads\/usu1437\/2024\/03\/DOCUMENTS-NODES-1-1-1024x1024.png\" alt=\"\" width=\"1024\" height=\"1024\" srcset=\"https:\/\/agora.xtec.cat\/escolaroncana\/wp-content\/uploads\/usu1437\/2024\/03\/DOCUMENTS-NODES-1-1-1024x1024.png 1024w, https:\/\/agora.xtec.cat\/escolaroncana\/wp-content\/uploads\/usu1437\/2024\/03\/DOCUMENTS-NODES-1-1-300x300.png 300w, https:\/\/agora.xtec.cat\/escolaroncana\/wp-content\/uploads\/usu1437\/2024\/03\/DOCUMENTS-NODES-1-1-150x150.png 150w, https:\/\/agora.xtec.cat\/escolaroncana\/wp-content\/uploads\/usu1437\/2024\/03\/DOCUMENTS-NODES-1-1-768x768.png 768w, https:\/\/agora.xtec.cat\/escolaroncana\/wp-content\/uploads\/usu1437\/2024\/03\/DOCUMENTS-NODES-1-1.png 1080w\" sizes=\"auto, (max-width: 1024px) 100vw, 1024px\" \/><\/a><\/td>\n<\/tr>\n<tr style=\"height: 48px;\">\n<td style=\"width: 20%; height: 48px;\"><a href=\"https:\/\/agora.xtec.cat\/escolaroncana\/normativa\/full-groc\/\" target=\"_blank\" rel=\"noopener\">Informacions del curs<\/a><\/td>\n<td style=\"width: 20%; height: 48px;\"><a href=\"https:\/\/agora.xtec.cat\/escolaroncana\/normativa\/documents\/\" target=\"_blank\" rel=\"noopener\">Dossiers inici de curs<\/a><\/td>\n<td style=\"width: 20%; height: 48px;\"><a href=\"https:\/\/agora.xtec.cat\/escolaroncana\/normativa\/documents\/autoritzacions\/\" target=\"_blank\" rel=\"noopener\">Autoritzaci\u00f3 medicamen<\/a><a href=\"https:\/\/agora.xtec.cat\/escolaroncana\/normativa\/documents\/autoritzacions\/\" target=\"_blank\" rel=\"noopener\">t<\/a><\/td>\n<td style=\"width: 21.2882%; height: 48px;\"><a href=\"https:\/\/agora.xtec.cat\/escolaroncana\/portada\/festa-de-la-castanyada-2\/\" target=\"_blank\" rel=\"noopener\">Economia &#8211; pagaments<\/a><\/td>\n<\/tr>\n<tr style=\"height: 32px;\">\n<td style=\"width: 20%; height: 32px;\"><a href=\"https:\/\/agora.xtec.cat\/escolaroncana\/wp-content\/uploads\/usu1437\/2025\/10\/DOCUMENTS-NODES.png\"><img loading=\"lazy\" decoding=\"async\" class=\"size-large wp-image-5408 alignnone\" src=\"https:\/\/agora.xtec.cat\/escolaroncana\/wp-content\/uploads\/usu1437\/2025\/10\/DOCUMENTS-NODES-1024x1024.png\" alt=\"\" width=\"1024\" height=\"1024\" srcset=\"https:\/\/agora.xtec.cat\/escolaroncana\/wp-content\/uploads\/usu1437\/2025\/10\/DOCUMENTS-NODES-1024x1024.png 1024w, https:\/\/agora.xtec.cat\/escolaroncana\/wp-content\/uploads\/usu1437\/2025\/10\/DOCUMENTS-NODES-300x300.png 300w, https:\/\/agora.xtec.cat\/escolaroncana\/wp-content\/uploads\/usu1437\/2025\/10\/DOCUMENTS-NODES-150x150.png 150w, https:\/\/agora.xtec.cat\/escolaroncana\/wp-content\/uploads\/usu1437\/2025\/10\/DOCUMENTS-NODES-768x768.png 768w, https:\/\/agora.xtec.cat\/escolaroncana\/wp-content\/uploads\/usu1437\/2025\/10\/DOCUMENTS-NODES.png 1080w\" sizes=\"auto, (max-width: 1024px) 100vw, 1024px\" \/><\/a><\/td>\n<td style=\"width: 20%; height: 32px;\"><a href=\"https:\/\/agora.xtec.cat\/escolaroncana\/wp-content\/uploads\/usu1437\/2023\/11\/3.jpg\"><img loading=\"lazy\" decoding=\"async\" class=\"wp-image-5133 alignright\" src=\"https:\/\/agora.xtec.cat\/escolaroncana\/wp-content\/uploads\/usu1437\/2023\/11\/3-1024x1024.jpg\" alt=\"\" width=\"276\" height=\"276\" srcset=\"https:\/\/agora.xtec.cat\/escolaroncana\/wp-content\/uploads\/usu1437\/2023\/11\/3-1024x1024.jpg 1024w, https:\/\/agora.xtec.cat\/escolaroncana\/wp-content\/uploads\/usu1437\/2023\/11\/3-300x300.jpg 300w, https:\/\/agora.xtec.cat\/escolaroncana\/wp-content\/uploads\/usu1437\/2023\/11\/3-150x150.jpg 150w, https:\/\/agora.xtec.cat\/escolaroncana\/wp-content\/uploads\/usu1437\/2023\/11\/3-768x768.jpg 768w, https:\/\/agora.xtec.cat\/escolaroncana\/wp-content\/uploads\/usu1437\/2023\/11\/3.jpg 1080w\" sizes=\"auto, (max-width: 276px) 100vw, 276px\" \/><\/a><\/td>\n<td style=\"width: 20%; height: 32px;\"><a href=\"https:\/\/agora.xtec.cat\/escolaroncana\/wp-content\/uploads\/usu1437\/2023\/10\/4.jpg\"><img loading=\"lazy\" decoding=\"async\" class=\"wp-image-5106 aligncenter\" src=\"https:\/\/agora.xtec.cat\/escolaroncana\/wp-content\/uploads\/usu1437\/2023\/10\/4-1024x1024.jpg\" alt=\"\" width=\"254\" height=\"254\" srcset=\"https:\/\/agora.xtec.cat\/escolaroncana\/wp-content\/uploads\/usu1437\/2023\/10\/4-1024x1024.jpg 1024w, https:\/\/agora.xtec.cat\/escolaroncana\/wp-content\/uploads\/usu1437\/2023\/10\/4-300x300.jpg 300w, https:\/\/agora.xtec.cat\/escolaroncana\/wp-content\/uploads\/usu1437\/2023\/10\/4-150x150.jpg 150w, https:\/\/agora.xtec.cat\/escolaroncana\/wp-content\/uploads\/usu1437\/2023\/10\/4-768x768.jpg 768w, https:\/\/agora.xtec.cat\/escolaroncana\/wp-content\/uploads\/usu1437\/2023\/10\/4.jpg 1080w\" sizes=\"auto, (max-width: 254px) 100vw, 254px\" \/><\/a><\/td>\n<td style=\"width: 21.2882%; height: 32px;\"><a href=\"https:\/\/agora.xtec.cat\/escolaroncana\/wp-content\/uploads\/usu1437\/2023\/11\/4.jpg\"><img loading=\"lazy\" decoding=\"async\" class=\"size-large wp-image-5134 alignnone\" src=\"https:\/\/agora.xtec.cat\/escolaroncana\/wp-content\/uploads\/usu1437\/2023\/11\/4-1024x1024.jpg\" alt=\"\" width=\"1024\" height=\"1024\" srcset=\"https:\/\/agora.xtec.cat\/escolaroncana\/wp-content\/uploads\/usu1437\/2023\/11\/4-1024x1024.jpg 1024w, https:\/\/agora.xtec.cat\/escolaroncana\/wp-content\/uploads\/usu1437\/2023\/11\/4-300x300.jpg 300w, https:\/\/agora.xtec.cat\/escolaroncana\/wp-content\/uploads\/usu1437\/2023\/11\/4-150x150.jpg 150w, https:\/\/agora.xtec.cat\/escolaroncana\/wp-content\/uploads\/usu1437\/2023\/11\/4-768x768.jpg 768w, https:\/\/agora.xtec.cat\/escolaroncana\/wp-content\/uploads\/usu1437\/2023\/11\/4.jpg 1080w\" sizes=\"auto, (max-width: 1024px) 100vw, 1024px\" \/><\/a><\/td>\n<\/tr>\n<tr style=\"height: 32px;\">\n<td style=\"width: 20%; height: 32px;\"><a href=\"https:\/\/agora.xtec.cat\/escolaroncana\/normativa\/documents\/llibres-de-text\/\" target=\"_blank\" rel=\"noopener\">Llibres de text<\/a><\/td>\n<td style=\"width: 20%; height: 32px;\">(NOFC) <a href=\"https:\/\/drive.google.com\/file\/d\/1jwkgcnrfzccZr20qWLbfkA5CAg2sm9eq\/view?usp=drive_link\" target=\"_blank\" rel=\"noopener\">NORMATIVA D&#8217;ORGANITZACI\u00d3 I FUNCIONAMENT<\/a><\/td>\n<td style=\"width: 20%; height: 32px;\"><a href=\"https:\/\/drive.google.com\/file\/d\/1DfA1cu_s6vnLgC1tBMd-PlFIyP-_OXY0\/view\" target=\"_blank\" rel=\"noopener\">PROJECTE LING\u00dc\u00cdSTIC<\/a><\/td>\n<td style=\"width: 21.2882%; height: 32px;\"><a href=\"https:\/\/sites.google.com\/xtec.cat\/escolaroncana\/inici\" target=\"_blank\" rel=\"noopener\">ESTRAT\u00c8GIA DIGITAL DE CENTRE<\/a><\/td>\n<\/tr>\n<tr style=\"height: 32px;\">\n<td style=\"width: 20%; height: 32px;\"><a href=\"https:\/\/agora.xtec.cat\/escolaroncana\/wp-content\/uploads\/usu1437\/2023\/10\/6.jpg\"><img loading=\"lazy\" decoding=\"async\" class=\" wp-image-5105 aligncenter\" src=\"https:\/\/agora.xtec.cat\/escolaroncana\/wp-content\/uploads\/usu1437\/2023\/10\/6-1024x1024.jpg\" alt=\"\" width=\"293\" height=\"293\" srcset=\"https:\/\/agora.xtec.cat\/escolaroncana\/wp-content\/uploads\/usu1437\/2023\/10\/6-1024x1024.jpg 1024w, https:\/\/agora.xtec.cat\/escolaroncana\/wp-content\/uploads\/usu1437\/2023\/10\/6-300x300.jpg 300w, https:\/\/agora.xtec.cat\/escolaroncana\/wp-content\/uploads\/usu1437\/2023\/10\/6-150x150.jpg 150w, https:\/\/agora.xtec.cat\/escolaroncana\/wp-content\/uploads\/usu1437\/2023\/10\/6-768x768.jpg 768w, https:\/\/agora.xtec.cat\/escolaroncana\/wp-content\/uploads\/usu1437\/2023\/10\/6.jpg 1080w\" sizes=\"auto, (max-width: 293px) 100vw, 293px\" \/><\/a><\/td>\n<td style=\"width: 20%; height: 32px;\"><a href=\"https:\/\/agora.xtec.cat\/escolaroncana\/wp-content\/uploads\/usu1437\/2023\/11\/6.jpg\"><img loading=\"lazy\" decoding=\"async\" class=\"wp-image-5136 aligncenter\" src=\"https:\/\/agora.xtec.cat\/escolaroncana\/wp-content\/uploads\/usu1437\/2023\/11\/6-1024x1024.jpg\" alt=\"\" width=\"290\" height=\"290\" srcset=\"https:\/\/agora.xtec.cat\/escolaroncana\/wp-content\/uploads\/usu1437\/2023\/11\/6-1024x1024.jpg 1024w, https:\/\/agora.xtec.cat\/escolaroncana\/wp-content\/uploads\/usu1437\/2023\/11\/6-300x300.jpg 300w, https:\/\/agora.xtec.cat\/escolaroncana\/wp-content\/uploads\/usu1437\/2023\/11\/6-150x150.jpg 150w, https:\/\/agora.xtec.cat\/escolaroncana\/wp-content\/uploads\/usu1437\/2023\/11\/6-768x768.jpg 768w, https:\/\/agora.xtec.cat\/escolaroncana\/wp-content\/uploads\/usu1437\/2023\/11\/6.jpg 1080w\" sizes=\"auto, (max-width: 290px) 100vw, 290px\" \/><\/a><\/td>\n<td style=\"width: 20%; height: 32px;\">\n<pre><a href=\"https:\/\/agora.xtec.cat\/escolaroncana\/wp-content\/uploads\/usu1437\/2023\/11\/2-e1709638619419.jpg\"><img loading=\"lazy\" decoding=\"async\" class=\"wp-image-5132 aligncenter\" src=\"https:\/\/agora.xtec.cat\/escolaroncana\/wp-content\/uploads\/usu1437\/2023\/11\/2-e1709638619419-851x1024.jpg\" alt=\"\" width=\"175\" height=\"211\" srcset=\"https:\/\/agora.xtec.cat\/escolaroncana\/wp-content\/uploads\/usu1437\/2023\/11\/2-e1709638619419-851x1024.jpg 851w, https:\/\/agora.xtec.cat\/escolaroncana\/wp-content\/uploads\/usu1437\/2023\/11\/2-e1709638619419-249x300.jpg 249w, https:\/\/agora.xtec.cat\/escolaroncana\/wp-content\/uploads\/usu1437\/2023\/11\/2-e1709638619419-768x924.jpg 768w, https:\/\/agora.xtec.cat\/escolaroncana\/wp-content\/uploads\/usu1437\/2023\/11\/2-e1709638619419.jpg 879w\" sizes=\"auto, (max-width: 175px) 100vw, 175px\" \/><\/a><\/pre>\n<\/td>\n<td style=\"width: 21.2882%; height: 32px;\"><a href=\"https:\/\/agora.xtec.cat\/escolaroncana\/wp-content\/uploads\/usu1437\/2023\/11\/5.jpg\"><img loading=\"lazy\" decoding=\"async\" class=\"alignnone size-large wp-image-5135\" src=\"https:\/\/agora.xtec.cat\/escolaroncana\/wp-content\/uploads\/usu1437\/2023\/11\/5-1024x1024.jpg\" alt=\"\" width=\"1024\" height=\"1024\" srcset=\"https:\/\/agora.xtec.cat\/escolaroncana\/wp-content\/uploads\/usu1437\/2023\/11\/5-1024x1024.jpg 1024w, https:\/\/agora.xtec.cat\/escolaroncana\/wp-content\/uploads\/usu1437\/2023\/11\/5-300x300.jpg 300w, https:\/\/agora.xtec.cat\/escolaroncana\/wp-content\/uploads\/usu1437\/2023\/11\/5-150x150.jpg 150w, https:\/\/agora.xtec.cat\/escolaroncana\/wp-content\/uploads\/usu1437\/2023\/11\/5-768x768.jpg 768w, https:\/\/agora.xtec.cat\/escolaroncana\/wp-content\/uploads\/usu1437\/2023\/11\/5.jpg 1080w\" sizes=\"auto, (max-width: 1024px) 100vw, 1024px\" \/><\/a><\/td>\n<\/tr>\n<tr style=\"height: 32px;\">\n<td style=\"width: 20%; height: 32px;\"><a href=\"https:\/\/agora.xtec.cat\/escolaroncana\/atencio-a-les-families\/documents-2\/carta-de-compromis-educatiu\/\">CARTA DE COMPROM\u00cdS EDUCATIU<\/a><\/td>\n<td style=\"width: 20%; height: 32px;\"><a href=\"https:\/\/drive.google.com\/file\/d\/1mFy-6l-JUbPJBnKWw9EenbxefI-v3p_Y\/view?usp=sharing\">PROJECTE DE CONVIV\u00c8NCIA<\/a><\/td>\n<td style=\"width: 20%; height: 32px;\"><a href=\"https:\/\/drive.google.com\/file\/d\/1-clDsKR5VIbHjrD9I6B4uCgxugpBVN39\/view\" target=\"_blank\" rel=\"noopener\">PROJECTE EDUCATIU DE CENTRE (<span style=\"color: #993300;\">en revisi\u00f3<\/span>)<\/a><\/td>\n<td style=\"width: 21.2882%; height: 32px;\">PROJECTE DE DIRECCI\u00d3<\/td>\n<\/tr>\n<\/tbody>\n<\/table>\n<p>&nbsp;<\/p>\n<p>&nbsp;<\/p>\n","protected":false},"excerpt":{"rendered":"<p>&nbsp; Informacions del curs Dossiers inici de curs Autoritzaci\u00f3 medicament Economia &#8211; pagaments Llibres de text (NOFC) NORMATIVA D&#8217;ORGANITZACI\u00d3 I FUNCIONAMENT PROJECTE LING\u00dc\u00cdSTIC ESTRAT\u00c8GIA DIGITAL DE CENTRE CARTA DE COMPROM\u00cdS EDUCATIU PROJECTE DE CONVIV\u00c8NCIA PROJECTE EDUCATIU DE CENTRE (en revisi\u00f3) PROJECTE DE DIRECCI\u00d3 &nbsp; &nbsp;<\/p>\n","protected":false},"author":1,"featured_media":0,"parent":0,"menu_order":1,"comment_status":"closed","ping_status":"closed","template":"","meta":{"_bbp_topic_count":0,"_bbp_reply_count":0,"_bbp_total_topic_count":0,"_bbp_total_reply_count":0,"_bbp_voice_count":0,"_bbp_anonymous_reply_count":0,"_bbp_topic_count_hidden":0,"_bbp_reply_count_hidden":0,"_bbp_forum_subforum_count":0,"site-sidebar-layout":"no-sidebar","site-content-layout":"","ast-site-content-layout":"default","site-content-style":"default","site-sidebar-style":"default","ast-global-header-display":"","ast-banner-title-visibility":"","ast-main-header-display":"","ast-hfb-above-header-display":"","ast-hfb-below-header-display":"","ast-hfb-mobile-header-display":"","site-post-title":"","ast-breadcrumbs-content":"","ast-featured-img":"","footer-sml-layout":"","theme-transparent-header-meta":"default","adv-header-id-meta":"","stick-header-meta":"","header-above-stick-meta":"","header-main-stick-meta":"","header-below-stick-meta":"","astra-migrate-meta-layouts":"set","ast-page-background-enabled":"default","ast-page-background-meta":{"desktop":{"background-color":"var(--ast-global-color-4)","background-image":"","background-repeat":"repeat","background-position":"center center","background-size":"auto","background-attachment":"scroll","background-type":"","background-media":"","overlay-type":"","overlay-color":"","overlay-opacity":"","overlay-gradient":""},"tablet":{"background-color":"","background-image":"","background-repeat":"repeat","background-position":"center center","background-size":"auto","background-attachment":"scroll","background-type":"","background-media":"","overlay-type":"","overlay-color":"","overlay-opacity":"","overlay-gradient":""},"mobile":{"background-color":"","background-image":"","background-repeat":"repeat","background-position":"center center","background-size":"auto","background-attachment":"scroll","background-type":"","background-media":"","overlay-type":"","overlay-color":"","overlay-opacity":"","overlay-gradient":""}},"ast-content-background-meta":{"desktop":{"background-color":"var(--ast-global-color-5)","background-image":"","background-repeat":"repeat","background-position":"center center","background-size":"auto","background-attachment":"scroll","background-type":"","background-media":"","overlay-type":"","overlay-color":"","overlay-opacity":"","overlay-gradient":""},"tablet":{"background-color":"var(--ast-global-color-5)","background-image":"","background-repeat":"repeat","background-position":"center center","background-size":"auto","background-attachment":"scroll","background-type":"","background-media":"","overlay-type":"","overlay-color":"","overlay-opacity":"","overlay-gradient":""},"mobile":{"background-color":"var(--ast-global-color-5)","background-image":"","background-repeat":"repeat","background-position":"center center","background-size":"auto","background-attachment":"scroll","background-type":"","background-media":"","overlay-type":"","overlay-color":"","overlay-opacity":"","overlay-gradient":""}},"footnotes":""},"class_list":["post-464","page","type-page","status-publish","hentry"],"post_mailing_queue_ids":[],"_links":{"self":[{"href":"https:\/\/agora.xtec.cat\/escolaroncana\/wp-json\/wp\/v2\/pages\/464","targetHints":{"allow":["GET"]}}],"collection":[{"href":"https:\/\/agora.xtec.cat\/escolaroncana\/wp-json\/wp\/v2\/pages"}],"about":[{"href":"https:\/\/agora.xtec.cat\/escolaroncana\/wp-json\/wp\/v2\/types\/page"}],"author":[{"embeddable":true,"href":"https:\/\/agora.xtec.cat\/escolaroncana\/wp-json\/wp\/v2\/users\/1"}],"replies":[{"embeddable":true,"href":"https:\/\/agora.xtec.cat\/escolaroncana\/wp-json\/wp\/v2\/comments?post=464"}],"version-history":[{"count":7,"href":"https:\/\/agora.xtec.cat\/escolaroncana\/wp-json\/wp\/v2\/pages\/464\/revisions"}],"predecessor-version":[{"id":5482,"href":"https:\/\/agora.xtec.cat\/escolaroncana\/wp-json\/wp\/v2\/pages\/464\/revisions\/5482"}],"wp:attachment":[{"href":"https:\/\/agora.xtec.cat\/escolaroncana\/wp-json\/wp\/v2\/media?parent=464"}],"curies":[{"name":"wp","href":"https:\/\/api.w.org\/{rel}","templated":true}]}}