{"id":3674,"date":"2020-05-15T11:25:15","date_gmt":"2020-05-15T09:25:15","guid":{"rendered":"http:\/\/agora.xtec.cat\/escolaroncana\/?page_id=3674"},"modified":"2026-02-02T09:35:17","modified_gmt":"2026-02-02T08:35:17","slug":"acords-consell-escolar","status":"publish","type":"page","link":"https:\/\/agora.xtec.cat\/escolaroncana\/lescola\/consell-escolar\/acords-consell-escolar\/","title":{"rendered":"Acords Consell Escolar"},"content":{"rendered":"<p>A continuaci\u00f3 podreu trobar la llista del m\u00e9s nou al m\u00e9s antic dels acords que s&#8217;han pres en el consell escolar.<\/p>\n<p><a href=\"https:\/\/drive.google.com\/file\/d\/1JvmPfeNCuFQbW-Btto41BrvEuWXXO-mm\/view?usp=sharing\">Acords consell escolar gener 26<\/a><\/p>\n<p><a href=\"https:\/\/drive.google.com\/file\/d\/1Yl0iLeICMrT10HBmE98aQBoJfgUofdiJ\/view?usp=sharing\">Acords consell escolar\u00a0 desembre 25<\/a><\/p>\n<p><a href=\"https:\/\/drive.google.com\/file\/d\/1t1bOztW6cgOFWYNmfI_T_vMF5cavbLrJ\/view?usp=sharing\" target=\"_blank\" rel=\"noopener\">Acord consell escolar novembre -25<\/a><\/p>\n<p><a href=\"https:\/\/drive.google.com\/file\/d\/1iBWqIRyezN6UTdQDDafYZ-CVm12zQAaR\/view?usp=sharing\" target=\"_blank\" rel=\"noopener\">Acord consell escolar juliol -25<\/a><\/p>\n<p><a href=\"https:\/\/drive.google.com\/file\/d\/11ZsjokAHNOIf8IGGXAZZE2bMjEwQY5gt\/view?usp=sharing\" target=\"_blank\" rel=\"noopener\"> Acord consell escolar gener &#8211; 25<\/a><\/p>\n<p><a href=\"https:\/\/drive.google.com\/file\/d\/17XlSEQb_mJPZA3WepRO87yCZE_Dlcf0i\/view?usp=drive_link\" target=\"_blank\" rel=\"noopener\">Acord consell escolar octubre &#8211; 24<\/a><\/p>\n<p>Acord consell escolar <a href=\"https:\/\/drive.google.com\/file\/d\/1MvNuZHlRzWCtuLHt6I4CMxiALKjYYs3y\/view?usp=sharing\" target=\"_blank\" rel=\"noopener\">juliol-24<\/a><\/p>\n<p><a href=\"https:\/\/drive.google.com\/file\/d\/1Og_pByZMaZwXKLtZXHyimUB3DIE6Vthd\/view?usp=sharing\" target=\"_blank\" rel=\"noopener\">Acords consell escolar gener-24<\/a><\/p>\n<p><a href=\"https:\/\/drive.google.com\/file\/d\/1ESCeVWaXtxQGKqFtADvbDLmn7G5gu4eN\/view?usp=sharing\" target=\"_blank\" rel=\"noopener\">Acords consell escolar desembre-23<\/a><\/p>\n<p><a href=\"https:\/\/drive.google.com\/file\/d\/1D8Tb0B-Cpg66hc0fQ6s4A5pDVnz5NbxQ\/view?usp=sharing\" target=\"_blank\" rel=\"noopener\">Acords consell escolar 21-11-23<\/a><\/p>\n","protected":false},"excerpt":{"rendered":"<p>A continuaci\u00f3 podreu trobar la llista del m\u00e9s nou al m\u00e9s antic dels acords que s&#8217;han pres en el consell escolar. Acords consell escolar gener 26 Acords consell escolar\u00a0 desembre 25 Acord consell escolar novembre -25 Acord consell escolar juliol -25 Acord consell escolar gener &#8211; 25 Acord consell escolar octubre &#8211; 24 Acord consell [&hellip;]<\/p>\n","protected":false},"author":3,"featured_media":0,"parent":28,"menu_order":0,"comment_status":"closed","ping_status":"closed","template":"","meta":{"_bbp_topic_count":0,"_bbp_reply_count":0,"_bbp_total_topic_count":0,"_bbp_total_reply_count":0,"_bbp_voice_count":0,"_bbp_anonymous_reply_count":0,"_bbp_topic_count_hidden":0,"_bbp_reply_count_hidden":0,"_bbp_forum_subforum_count":0,"site-sidebar-layout":"default","site-content-layout":"","ast-site-content-layout":"default","site-content-style":"default","site-sidebar-style":"default","ast-global-header-display":"","ast-banner-title-visibility":"","ast-main-header-display":"","ast-hfb-above-header-display":"","ast-hfb-below-header-display":"","ast-hfb-mobile-header-display":"","site-post-title":"","ast-breadcrumbs-content":"","ast-featured-img":"","footer-sml-layout":"","theme-transparent-header-meta":"default","adv-header-id-meta":"","stick-header-meta":"","header-above-stick-meta":"","header-main-stick-meta":"","header-below-stick-meta":"","astra-migrate-meta-layouts":"set","ast-page-background-enabled":"default","ast-page-background-meta":{"desktop":{"background-color":"var(--ast-global-color-4)","background-image":"","background-repeat":"repeat","background-position":"center center","background-size":"auto","background-attachment":"scroll","background-type":"","background-media":"","overlay-type":"","overlay-color":"","overlay-opacity":"","overlay-gradient":""},"tablet":{"background-color":"","background-image":"","background-repeat":"repeat","background-position":"center center","background-size":"auto","background-attachment":"scroll","background-type":"","background-media":"","overlay-type":"","overlay-color":"","overlay-opacity":"","overlay-gradient":""},"mobile":{"background-color":"","background-image":"","background-repeat":"repeat","background-position":"center center","background-size":"auto","background-attachment":"scroll","background-type":"","background-media":"","overlay-type":"","overlay-color":"","overlay-opacity":"","overlay-gradient":""}},"ast-content-background-meta":{"desktop":{"background-color":"var(--ast-global-color-5)","background-image":"","background-repeat":"repeat","background-position":"center center","background-size":"auto","background-attachment":"scroll","background-type":"","background-media":"","overlay-type":"","overlay-color":"","overlay-opacity":"","overlay-gradient":""},"tablet":{"background-color":"var(--ast-global-color-5)","background-image":"","background-repeat":"repeat","background-position":"center center","background-size":"auto","background-attachment":"scroll","background-type":"","background-media":"","overlay-type":"","overlay-color":"","overlay-opacity":"","overlay-gradient":""},"mobile":{"background-color":"var(--ast-global-color-5)","background-image":"","background-repeat":"repeat","background-position":"center center","background-size":"auto","background-attachment":"scroll","background-type":"","background-media":"","overlay-type":"","overlay-color":"","overlay-opacity":"","overlay-gradient":""}},"footnotes":""},"class_list":["post-3674","page","type-page","status-publish","hentry"],"post_mailing_queue_ids":[],"_links":{"self":[{"href":"https:\/\/agora.xtec.cat\/escolaroncana\/wp-json\/wp\/v2\/pages\/3674","targetHints":{"allow":["GET"]}}],"collection":[{"href":"https:\/\/agora.xtec.cat\/escolaroncana\/wp-json\/wp\/v2\/pages"}],"about":[{"href":"https:\/\/agora.xtec.cat\/escolaroncana\/wp-json\/wp\/v2\/types\/page"}],"author":[{"embeddable":true,"href":"https:\/\/agora.xtec.cat\/escolaroncana\/wp-json\/wp\/v2\/users\/3"}],"replies":[{"embeddable":true,"href":"https:\/\/agora.xtec.cat\/escolaroncana\/wp-json\/wp\/v2\/comments?post=3674"}],"version-history":[{"count":7,"href":"https:\/\/agora.xtec.cat\/escolaroncana\/wp-json\/wp\/v2\/pages\/3674\/revisions"}],"predecessor-version":[{"id":5498,"href":"https:\/\/agora.xtec.cat\/escolaroncana\/wp-json\/wp\/v2\/pages\/3674\/revisions\/5498"}],"up":[{"embeddable":true,"href":"https:\/\/agora.xtec.cat\/escolaroncana\/wp-json\/wp\/v2\/pages\/28"}],"wp:attachment":[{"href":"https:\/\/agora.xtec.cat\/escolaroncana\/wp-json\/wp\/v2\/media?parent=3674"}],"curies":[{"name":"wp","href":"https:\/\/api.w.org\/{rel}","templated":true}]}}