{"id":3634,"date":"2020-05-11T12:42:07","date_gmt":"2020-05-11T10:42:07","guid":{"rendered":"http:\/\/agora.xtec.cat\/escolaroncana\/?page_id=3634"},"modified":"2020-05-11T13:04:14","modified_gmt":"2020-05-11T11:04:14","slug":"berenars-pedagogics","status":"publish","type":"page","link":"https:\/\/agora.xtec.cat\/escolaroncana\/projectes-pedagogics\/berenars-pedagogics\/","title":{"rendered":"Berenars pedag\u00f2gics"},"content":{"rendered":"<p>Els bereners pedag\u00f2gics \u00e9s un projecte engegat el curs 2019-20 des de la direcci\u00f3 de l\u2019escola. L\u2019objectiu \u00e9s que les fam\u00edlies coneguin de m\u00e9s a prop el treball que es fa a les aules amb els infants. Les trobades s\u00f3n un divendres per curs de dos quarts de quatre a dos quarts de cinc i amb l\u2019acompanyament de caf\u00e8 i pastes. Durant la trobada els tutors\/es fan un taller d\u2019un tema pedag\u00f2gic d\u2019inter\u00e8s i d&#8217;aqu\u00ed s&#8217;estableix una xerrada i un di\u00e0leg amb les fam\u00edlies. Aix\u00ed doncs, d\u2019una manera distesa es busca l\u2019apropament de l\u2019escola amb les fam\u00edlies i de les fam\u00edlies cap a l&#8217;escola. El projecte ha tingut molt bona acollida com aix\u00ed ho demostren les enquestes que despr\u00e9s de les sessions passem per tal de fer una valoraci\u00f3 de cada berenar amb l\u2019objectiu de millorar.<\/p>\n<p><a href=\"https:\/\/agora.xtec.cat\/escolaroncana\/wp-content\/uploads\/usu1437\/2020\/05\/a7f25281-d53d-490d-8bd9-148b99539302-1.jpg\"><img loading=\"lazy\" decoding=\"async\" class=\"alignnone wp-image-3635\" src=\"https:\/\/agora.xtec.cat\/escolaroncana\/wp-content\/uploads\/usu1437\/2020\/05\/a7f25281-d53d-490d-8bd9-148b99539302-1-1024x768.jpg\" alt=\"\" width=\"736\" height=\"552\" srcset=\"https:\/\/agora.xtec.cat\/escolaroncana\/wp-content\/uploads\/usu1437\/2020\/05\/a7f25281-d53d-490d-8bd9-148b99539302-1-1024x768.jpg 1024w, https:\/\/agora.xtec.cat\/escolaroncana\/wp-content\/uploads\/usu1437\/2020\/05\/a7f25281-d53d-490d-8bd9-148b99539302-1-300x225.jpg 300w, https:\/\/agora.xtec.cat\/escolaroncana\/wp-content\/uploads\/usu1437\/2020\/05\/a7f25281-d53d-490d-8bd9-148b99539302-1-768x576.jpg 768w, https:\/\/agora.xtec.cat\/escolaroncana\/wp-content\/uploads\/usu1437\/2020\/05\/a7f25281-d53d-490d-8bd9-148b99539302-1-200x150.jpg 200w, https:\/\/agora.xtec.cat\/escolaroncana\/wp-content\/uploads\/usu1437\/2020\/05\/a7f25281-d53d-490d-8bd9-148b99539302-1.jpg 1600w\" sizes=\"auto, (max-width: 736px) 100vw, 736px\" \/><\/a><\/p>\n<p><a href=\"https:\/\/agora.xtec.cat\/escolaroncana\/wp-content\/uploads\/usu1437\/2020\/05\/BeFunky-Collage.jpg\"><img loading=\"lazy\" decoding=\"async\" class=\"alignnone wp-image-3637\" src=\"https:\/\/agora.xtec.cat\/escolaroncana\/wp-content\/uploads\/usu1437\/2020\/05\/BeFunky-Collage-1024x1024.jpg\" alt=\"\" width=\"739\" height=\"739\" srcset=\"https:\/\/agora.xtec.cat\/escolaroncana\/wp-content\/uploads\/usu1437\/2020\/05\/BeFunky-Collage-1024x1024.jpg 1024w, https:\/\/agora.xtec.cat\/escolaroncana\/wp-content\/uploads\/usu1437\/2020\/05\/BeFunky-Collage-150x150.jpg 150w, https:\/\/agora.xtec.cat\/escolaroncana\/wp-content\/uploads\/usu1437\/2020\/05\/BeFunky-Collage-300x300.jpg 300w, https:\/\/agora.xtec.cat\/escolaroncana\/wp-content\/uploads\/usu1437\/2020\/05\/BeFunky-Collage-768x768.jpg 768w\" sizes=\"auto, (max-width: 739px) 100vw, 739px\" \/><\/a><\/p>\n","protected":false},"excerpt":{"rendered":"<p>Els bereners pedag\u00f2gics \u00e9s un projecte engegat el curs 2019-20 des de la direcci\u00f3 de l\u2019escola. L\u2019objectiu \u00e9s que les fam\u00edlies coneguin de m\u00e9s a prop el treball que es fa a les aules amb els infants. Les trobades s\u00f3n un divendres per curs de dos quarts de quatre a dos quarts de cinc i [&hellip;]<\/p>\n","protected":false},"author":3,"featured_media":0,"parent":64,"menu_order":17,"comment_status":"closed","ping_status":"closed","template":"page-templates\/side-menu.php","meta":{"_bbp_topic_count":0,"_bbp_reply_count":0,"_bbp_total_topic_count":0,"_bbp_total_reply_count":0,"_bbp_voice_count":0,"_bbp_anonymous_reply_count":0,"_bbp_topic_count_hidden":0,"_bbp_reply_count_hidden":0,"_bbp_forum_subforum_count":0,"site-sidebar-layout":"default","site-content-layout":"","ast-site-content-layout":"","site-content-style":"default","site-sidebar-style":"default","ast-global-header-display":"","ast-banner-title-visibility":"","ast-main-header-display":"","ast-hfb-above-header-display":"","ast-hfb-below-header-display":"","ast-hfb-mobile-header-display":"","site-post-title":"","ast-breadcrumbs-content":"","ast-featured-img":"","footer-sml-layout":"","theme-transparent-header-meta":"","adv-header-id-meta":"","stick-header-meta":"","header-above-stick-meta":"","header-main-stick-meta":"","header-below-stick-meta":"","astra-migrate-meta-layouts":"default","ast-page-background-enabled":"default","ast-page-background-meta":{"desktop":{"background-color":"var(--ast-global-color-4)","background-image":"","background-repeat":"repeat","background-position":"center center","background-size":"auto","background-attachment":"scroll","background-type":"","background-media":"","overlay-type":"","overlay-color":"","overlay-opacity":"","overlay-gradient":""},"tablet":{"background-color":"","background-image":"","background-repeat":"repeat","background-position":"center center","background-size":"auto","background-attachment":"scroll","background-type":"","background-media":"","overlay-type":"","overlay-color":"","overlay-opacity":"","overlay-gradient":""},"mobile":{"background-color":"","background-image":"","background-repeat":"repeat","background-position":"center center","background-size":"auto","background-attachment":"scroll","background-type":"","background-media":"","overlay-type":"","overlay-color":"","overlay-opacity":"","overlay-gradient":""}},"ast-content-background-meta":{"desktop":{"background-color":"var(--ast-global-color-5)","background-image":"","background-repeat":"repeat","background-position":"center center","background-size":"auto","background-attachment":"scroll","background-type":"","background-media":"","overlay-type":"","overlay-color":"","overlay-opacity":"","overlay-gradient":""},"tablet":{"background-color":"var(--ast-global-color-5)","background-image":"","background-repeat":"repeat","background-position":"center center","background-size":"auto","background-attachment":"scroll","background-type":"","background-media":"","overlay-type":"","overlay-color":"","overlay-opacity":"","overlay-gradient":""},"mobile":{"background-color":"var(--ast-global-color-5)","background-image":"","background-repeat":"repeat","background-position":"center center","background-size":"auto","background-attachment":"scroll","background-type":"","background-media":"","overlay-type":"","overlay-color":"","overlay-opacity":"","overlay-gradient":""}},"footnotes":""},"class_list":["post-3634","page","type-page","status-publish","hentry"],"post_mailing_queue_ids":[],"_links":{"self":[{"href":"https:\/\/agora.xtec.cat\/escolaroncana\/wp-json\/wp\/v2\/pages\/3634","targetHints":{"allow":["GET"]}}],"collection":[{"href":"https:\/\/agora.xtec.cat\/escolaroncana\/wp-json\/wp\/v2\/pages"}],"about":[{"href":"https:\/\/agora.xtec.cat\/escolaroncana\/wp-json\/wp\/v2\/types\/page"}],"author":[{"embeddable":true,"href":"https:\/\/agora.xtec.cat\/escolaroncana\/wp-json\/wp\/v2\/users\/3"}],"replies":[{"embeddable":true,"href":"https:\/\/agora.xtec.cat\/escolaroncana\/wp-json\/wp\/v2\/comments?post=3634"}],"version-history":[{"count":1,"href":"https:\/\/agora.xtec.cat\/escolaroncana\/wp-json\/wp\/v2\/pages\/3634\/revisions"}],"predecessor-version":[{"id":3639,"href":"https:\/\/agora.xtec.cat\/escolaroncana\/wp-json\/wp\/v2\/pages\/3634\/revisions\/3639"}],"up":[{"embeddable":true,"href":"https:\/\/agora.xtec.cat\/escolaroncana\/wp-json\/wp\/v2\/pages\/64"}],"wp:attachment":[{"href":"https:\/\/agora.xtec.cat\/escolaroncana\/wp-json\/wp\/v2\/media?parent=3634"}],"curies":[{"name":"wp","href":"https:\/\/api.w.org\/{rel}","templated":true}]}}