{"id":3624,"date":"2020-05-11T02:39:21","date_gmt":"2020-05-11T00:39:21","guid":{"rendered":"http:\/\/agora.xtec.cat\/escolaroncana\/?page_id=3624"},"modified":"2022-02-14T16:18:25","modified_gmt":"2022-02-14T15:18:25","slug":"projectes-en-xarxa","status":"publish","type":"page","link":"https:\/\/agora.xtec.cat\/escolaroncana\/projectes-pedagogics\/projectes-en-xarxa\/","title":{"rendered":"Projectes en XARXA"},"content":{"rendered":"<p>Els projectes en xarxa permeten treballar amb els alumnes les compet\u00e8ncies del segle XXI com el pensament cr\u00edtic, la col\u00b7laboraci\u00f3, la comunicaci\u00f3 i la creativitat. Hi ha activitats plantejades per a treballar amb els alumnes a dins de l\u2019aula amb les eines TIC, i tamb\u00e9 activitats de col\u00b7laboraci\u00f3 amb altres centres d\u2019\u00e0mbit nacional o internacional.<\/p>\n<p>L\u2019Escola Ron\u00e7ana porta des del curs 2015-16 involucrada en la realitzaci\u00f3 de projectes et<em>winning<\/em> i continua apostant per l\u2019\u00fas d\u2019<em>etwinning<\/em> a l\u2019aula perqu\u00e8 permet al docent ensenyar i a l\u2019alumnat aprendre d\u2019una manera innovadora i col\u00b7laborativa, utilitzant les TIC. Aquest tipus de treball s&#8217;ha anat ampliant amb els Projectes amb espurna de l&#8217;UB: els cadaves exquisits i divermath i a Educaci\u00f3 F\u00edsica es fan les formigues cooperatives. Tamb\u00e9 vol\u00edem fer el projecte Fem Dansa.<\/p>\n<p>Un <span style=\"color: #008000;\">projecte eTwinning<\/span> (\u00c0ngl\u00e8s) \u00e9s un treball de col\u00b7laboraci\u00f3 entre dos o m\u00e9s centres escolars europeus de pa\u00efsos diferents sobre un tema acordat pr\u00e8viament. Els mestres que hi participen acorden la tem\u00e0tica, durada, alumnat que hi participar\u00e0, qu\u00e8 volen aconseguir, l\u2019idioma i les eines que s\u2019utilitzaran. La col\u00b7laboraci\u00f3 es porta a terme a trav\u00e9s d&#8217;una plataforma virtual creada nom\u00e9s per a mestres i de l&#8217;\u00fas de diferents eines web. Els projectes s\u00f3n supervisats pels departaments d\u2019educaci\u00f3 dels pa\u00efsos que hi participen.<\/p>\n<p>L\u2019escola ja ha portat a terme els seg\u00fcents projectes:<\/p>\n<p>Curs 2015-16: My city and me (alumnes de 6\u00e8)<\/p>\n<p>Curs 2016-17: Be my pet-friend (alumnes de 6\u00e8)<\/p>\n<p>Curs 2017-18:<\/p>\n<ul>\n<li>Discover my school, my country, my daily life through an exchange (alumnes de 4t)<\/li>\n<li>My country in a lapbook (alumnes de 5\u00e8)<\/li>\n<li>Postcards from Europe _ Let\u2019s create a living map ( alumnes de 6\u00e8)<\/li>\n<\/ul>\n<p>Curs 2018-19:<\/p>\n<ul>\n<li>Little Dreamers (alumnes de 5\u00e8)<\/li>\n<li>Cool School Box (alumnes de 6\u00e8)<\/li>\n<\/ul>\n<p>Curs 2019-20:<\/p>\n<ul>\n<li>Rights of the Child (alumnes de 5\u00e8)<\/li>\n<li>Heads Together (alumnes de 6\u00e8)<\/li>\n<\/ul>\n<p>I hem obtingut 3 segells nacionals i 3 segells europeus que reconeixen l\u2019esfor\u00e7 i treball de qualitat de l\u2019alumnat.<\/p>\n<p>&nbsp;<\/p>\n<p>L&#8217;escola ha participat en altres projectes en xarxa com els <a href=\"https:\/\/agora.xtec.cat\/escolaroncana\/?s=cadavers\" target=\"_blank\" rel=\"noopener\"><span style=\"color: #008000;\">cad\u00e0vers exquisits<\/span><\/a> i el projecte de <a href=\"https:\/\/agora.xtec.cat\/escolaroncana\/general\/divermath\/\" target=\"_blank\" rel=\"noopener\"><span style=\"color: #008000;\">divermath.<\/span><\/a><span style=\"color: #000000;\"> Tamb\u00e9 vam iniciar-nos el projecte de Fem Dansa, per\u00f2, degut al Covid-19 no s&#8217;ha pogut continuar.\u00a0<\/span><\/p>\n<p>El \u00a0projecte\u00a0<span style=\"color: #008000;\">Fem Dansa<\/span> \u00e9s un projecte que pret\u00e9n potenciar la dansa a l\u2019escola treballant l\u2019expressi\u00f3 corporal i la m\u00fasica. Consisteix en una trobada d\u2019alumnes de diferents escoles del Vall\u00e8s Oriental, per tal d\u2019exposar conjuntament un treball de dansa com\u00fa. Les mestres tutores, la especialista de m\u00fasica i la especialista d&#8217;educaci\u00f3 f\u00edsica reben una formaci\u00f3 amb la finalitat d\u2019aprendre 6 danses, les quals despr\u00e9s les ensenyem a l&#8217;alumnat amb el prop\u00f2sit de fer un espectacle de dansa on es barreja la tradici\u00f3 i la contemporane\u00eftat.\u00a0Aquest projecte el portem a terme amb l&#8217;alumnat de P5 i 2n.<\/p>\n<p><span class=\"il\">Les <span style=\"color: #008000;\">Formigues<\/span><\/span><span style=\"color: #008000;\">\u00a0<span class=\"il\">cooperatives<\/span><\/span> \u00e9s un projecte en xarxa cooperatiu d\u2019\u00e0mbit educatiu, on alumnes de diferents escoles de Catalunya despr\u00e9s d\u2019experimentar reptes cooperatius a la classe d\u2019eduaci\u00f3 f\u00edsica n\u2019inventen de nous, els comparteixen amb altres escoles, els proven, els milloren i en fan una valoraci\u00f3. El projecte es desenvolupa des de l\u2019\u00e0rea d\u2019educaci\u00f3 f\u00edsica, per\u00f2 tamb\u00e9 es treballa des d&#8217;inform\u00e0tica (fer les presentacions amb les altres escoles, redactar els reptes i cercar imatges) i llengua (comprensi\u00f3 lectora, expressi\u00f3 escrita i vocabulari).\u00a0\u00c9s molt important que l&#8217;alumnat aprengui a que per superar aquests reptes es necess\u00e0ria la participaci\u00f3 de cadascun dels membres de l&#8217;equip. Cadasc\u00fa \u00e9s important dins del grup.\u00a0Aquest projecte el portem a terme amb l&#8217;alumnat de 4t. En vam publicar una not\u00edcia: <a href=\"https:\/\/agora.xtec.cat\/escolaroncana\/portada\/ef-4t-projecte-formigues-cooperatives\/\" target=\"_blank\" rel=\"noopener noreferrer\"><span style=\"color: #008000;\">https:\/\/agora.xtec.cat\/escolaroncana\/portada\/ef-4t-projecte-formigues-cooperatives\/<\/span><\/a><\/p>\n<h4 dir=\"ltr\"><\/h4>\n","protected":false},"excerpt":{"rendered":"<p>Els projectes en xarxa permeten treballar amb els alumnes les compet\u00e8ncies del segle XXI com el pensament cr\u00edtic, la col\u00b7laboraci\u00f3, la comunicaci\u00f3 i la creativitat. Hi ha activitats plantejades per a treballar amb els alumnes a dins de l\u2019aula amb les eines TIC, i tamb\u00e9 activitats de col\u00b7laboraci\u00f3 amb altres centres d\u2019\u00e0mbit nacional o internacional. [&hellip;]<\/p>\n","protected":false},"author":3,"featured_media":0,"parent":64,"menu_order":16,"comment_status":"closed","ping_status":"closed","template":"","meta":{"_bbp_topic_count":0,"_bbp_reply_count":0,"_bbp_total_topic_count":0,"_bbp_total_reply_count":0,"_bbp_voice_count":0,"_bbp_anonymous_reply_count":0,"_bbp_topic_count_hidden":0,"_bbp_reply_count_hidden":0,"_bbp_forum_subforum_count":0,"site-sidebar-layout":"default","site-content-layout":"","ast-site-content-layout":"","site-content-style":"default","site-sidebar-style":"default","ast-global-header-display":"","ast-banner-title-visibility":"","ast-main-header-display":"","ast-hfb-above-header-display":"","ast-hfb-below-header-display":"","ast-hfb-mobile-header-display":"","site-post-title":"","ast-breadcrumbs-content":"","ast-featured-img":"","footer-sml-layout":"","theme-transparent-header-meta":"","adv-header-id-meta":"","stick-header-meta":"","header-above-stick-meta":"","header-main-stick-meta":"","header-below-stick-meta":"","astra-migrate-meta-layouts":"default","ast-page-background-enabled":"default","ast-page-background-meta":{"desktop":{"background-color":"var(--ast-global-color-4)","background-image":"","background-repeat":"repeat","background-position":"center center","background-size":"auto","background-attachment":"scroll","background-type":"","background-media":"","overlay-type":"","overlay-color":"","overlay-opacity":"","overlay-gradient":""},"tablet":{"background-color":"","background-image":"","background-repeat":"repeat","background-position":"center center","background-size":"auto","background-attachment":"scroll","background-type":"","background-media":"","overlay-type":"","overlay-color":"","overlay-opacity":"","overlay-gradient":""},"mobile":{"background-color":"","background-image":"","background-repeat":"repeat","background-position":"center center","background-size":"auto","background-attachment":"scroll","background-type":"","background-media":"","overlay-type":"","overlay-color":"","overlay-opacity":"","overlay-gradient":""}},"ast-content-background-meta":{"desktop":{"background-color":"var(--ast-global-color-5)","background-image":"","background-repeat":"repeat","background-position":"center center","background-size":"auto","background-attachment":"scroll","background-type":"","background-media":"","overlay-type":"","overlay-color":"","overlay-opacity":"","overlay-gradient":""},"tablet":{"background-color":"var(--ast-global-color-5)","background-image":"","background-repeat":"repeat","background-position":"center center","background-size":"auto","background-attachment":"scroll","background-type":"","background-media":"","overlay-type":"","overlay-color":"","overlay-opacity":"","overlay-gradient":""},"mobile":{"background-color":"var(--ast-global-color-5)","background-image":"","background-repeat":"repeat","background-position":"center center","background-size":"auto","background-attachment":"scroll","background-type":"","background-media":"","overlay-type":"","overlay-color":"","overlay-opacity":"","overlay-gradient":""}},"footnotes":""},"class_list":["post-3624","page","type-page","status-publish","hentry"],"post_mailing_queue_ids":[],"_links":{"self":[{"href":"https:\/\/agora.xtec.cat\/escolaroncana\/wp-json\/wp\/v2\/pages\/3624","targetHints":{"allow":["GET"]}}],"collection":[{"href":"https:\/\/agora.xtec.cat\/escolaroncana\/wp-json\/wp\/v2\/pages"}],"about":[{"href":"https:\/\/agora.xtec.cat\/escolaroncana\/wp-json\/wp\/v2\/types\/page"}],"author":[{"embeddable":true,"href":"https:\/\/agora.xtec.cat\/escolaroncana\/wp-json\/wp\/v2\/users\/3"}],"replies":[{"embeddable":true,"href":"https:\/\/agora.xtec.cat\/escolaroncana\/wp-json\/wp\/v2\/comments?post=3624"}],"version-history":[{"count":3,"href":"https:\/\/agora.xtec.cat\/escolaroncana\/wp-json\/wp\/v2\/pages\/3624\/revisions"}],"predecessor-version":[{"id":4672,"href":"https:\/\/agora.xtec.cat\/escolaroncana\/wp-json\/wp\/v2\/pages\/3624\/revisions\/4672"}],"up":[{"embeddable":true,"href":"https:\/\/agora.xtec.cat\/escolaroncana\/wp-json\/wp\/v2\/pages\/64"}],"wp:attachment":[{"href":"https:\/\/agora.xtec.cat\/escolaroncana\/wp-json\/wp\/v2\/media?parent=3624"}],"curies":[{"name":"wp","href":"https:\/\/api.w.org\/{rel}","templated":true}]}}